{"id":715,"date":"2023-02-20T13:58:19","date_gmt":"2023-02-20T12:58:19","guid":{"rendered":"https:\/\/www.hsu-hh.de\/reiner\/?page_id=715"},"modified":"2026-02-26T08:57:16","modified_gmt":"2026-02-26T07:57:16","slug":"lehre-lectures-neu","status":"publish","type":"page","link":"https:\/\/www.hsu-hh.de\/reiner\/lehre-lectures-neu","title":{"rendered":"Lehre\/Lectures"},"content":{"rendered":"\n<p><strong>Fr\u00fchjahrstrimester 2026\/Spring term 2026<\/strong><\/p>\n\n\n\n<p><strong>Aktien-, Konzern- und Umwandlungsrecht II<\/strong><br>Montag\/Monday, 15.45-17.15 Uhr, Geb. H1, SR 0301 (bis 15.6.26)<br><br><strong>Arbeits- und Gesellschaftsrecht:Gesellschaftsrecht<\/strong><br>Montag\/Monday, 17.30-19.00 Uhr, Geb. H1, SR 0401 (bis 15.6.26)<\/p>\n\n\n\n<p><strong>Hinweise zu Hilfsmitteln in Klausuren\/Information on authorised materials in examinations<\/strong>:<br>Erlaubte Hilfsmittel sind unkommentierte Rechtsnormen. Als \u201eunkommentiert\u201c gelten Rechtsnormen grunds\u00e4tzlich in der vom Normgeber oder vom Verlag ver\u00f6ffentlichten Textfassung. Zul\u00e4ssig ist nur das Anbringen von Verweisungen auf andere Normen (Nummern) am Rand eines Normtextes, ferner das Unterstreichen oder Markieren von Text im Sinne einer Lesehilfe. Keinesfalls d\u00fcrfen diese Hinzuf\u00fcgungen einem System folgen; insbesondere darf sich aus ihnen keine bestimmte Pr\u00fcfungsreihenfolge ergeben.<\/p>\n\n\n\n<p>Unter Ber\u00fccksichtigung dieser Vorgaben sind auch am Rand befestigte Reiter zul\u00e4ssig, etwa um in Gesetzessammlungen den Anfang eines Gesetzes zu markieren.<\/p>\n\n\n\n<p>Bitte beachten Sie, dass nicht der Pr\u00fcfer, sondern allein der Pr\u00fcfungsausschuss zu entscheiden hat, ob ein T\u00e4uschungsversuch vorliegt. Daher k\u00f6nnen wir nur den allgemeinen Rat geben, zur\u00fcckhaltend zu markieren, um im Zweifel auf der sicheren Seite zu sein.&#8220;<\/p>\n\n\n\n<p>E-Lernplattform &nbsp; <a href=\"http:\/\/www.hsu-hh.de\/ilias\/\">http:\/\/www.hsu-hh.de\/ilias\/&nbsp;<\/a><br><\/p>\n\n\n\n<p><strong>Wintertrimester 2026\/Winter term 2026<\/strong><\/p>\n\n\n\n<p><strong>Aktien-, Konzern- und Umwandlungsrecht<\/strong><br>Montag\/Monday, 9.45-11.15 Uhr, Geb. H1, SR 401\/402 (bis 16.3.2026)<\/p>\n\n\n\n<p><strong>Wirtschaftsrecht: Handelsrecht \/ R\u00d6V Handelsrecht<br><\/strong>Montag\/Monday, 14.00-15.30 Uhr, Geb. H1, HS 2 (bis 16.3.2026<strong>)<\/strong><\/p>\n\n\n\n<p><strong>Rechtstheorie\/Methodenlehre<\/strong><br>Dienstag\/Tuesday, 11.30-13.00 Uhr, Geb. H1, SR 401\/402 (bis 17.3.2026)<\/p>\n\n\n\n<p>Seminar<br><strong>Einf\u00fchrung in den Begriff des Risikos,<br><\/strong>n. V.<br>gemeinsam mit <abbr title=\"Professor\">Prof.<\/abbr> G. Frahm, <abbr title=\"Professor\">Prof.<\/abbr> T. Scheytt,<abbr title=\"Professor\">Prof.<\/abbr> G. Schreiber, <abbr title=\"Professor\">Prof.<\/abbr> A. von Weschpfennig<\/p>\n\n\n\n<p><strong>Master-Thesis\/Master Kolloquium ABT &amp; RM<\/strong><br>n. V.<\/p>\n\n\n\n<p><strong>Hinweise zu Hilfsmitteln in Klausuren\/Information on authorised materials in examinations<\/strong>:<br>Erlaubte Hilfsmittel sind unkommentierte Rechtsnormen. Als \u201eunkommentiert\u201c gelten Rechtsnormen grunds\u00e4tzlich in der vom Normgeber oder vom Verlag ver\u00f6ffentlichten Textfassung. Zul\u00e4ssig ist nur das Anbringen von Verweisungen auf andere Normen (Nummern) am Rand eines Normtextes, ferner das Unterstreichen oder Markieren von Text im Sinne einer Lesehilfe. Keinesfalls d\u00fcrfen diese Hinzuf\u00fcgungen einem System folgen; insbesondere darf sich aus ihnen keine bestimmte Pr\u00fcfungsreihenfolge ergeben.<\/p>\n\n\n\n<p>Unter Ber\u00fccksichtigung dieser Vorgaben sind auch am Rand befestigte Reiter zul\u00e4ssig, etwa um in Gesetzessammlungen den Anfang eines Gesetzes zu markieren.<\/p>\n\n\n\n<p>Bitte beachten Sie, dass nicht der Pr\u00fcfer, sondern allein der Pr\u00fcfungsausschuss zu entscheiden hat, ob ein T\u00e4uschungsversuch vorliegt. Daher k\u00f6nnen wir nur den allgemeinen Rat geben, zur\u00fcckhaltend zu markieren, um im Zweifel auf der sicheren Seite zu sein.&#8220;<\/p>\n\n\n\n<p>E-Lernplattform &nbsp; <a href=\"http:\/\/www.hsu-hh.de\/ilias\/\">http:\/\/www.hsu-hh.de\/ilias\/&nbsp;<\/a><\/p>\n\n\n\n<hr class=\"wp-block-separator has-alpha-channel-opacity\" \/>\n\n\n\n<p><strong>Herbsttrimester 2025\/Autumn term 2025<\/strong><\/p>\n\n\n\n<p><strong>Au\u00dfervertragliches Schuldrecht: Bereicherungsrecht<\/strong><br>Montag\/Monday, 11.30 &#8211; 13.00 Uhr, H1, SR 301\/303 (bis 8.12.25)<\/p>\n\n\n\n<p><strong>Recht der Technik: Deliktsrecht am Bsp. des Produkthaftungsrechts: <\/strong><br><strong>Au\u00dfervertragliches Schuldrecht: Deliktsrecht<\/strong><br>Montag\/Monday, 15.45-17.15 Uhr, H1, SR 301\/303 (bis 8.12.25)<\/p>\n\n\n\n<p><strong>Juristisches Seminar: Privatrecht<\/strong><br>Dienstag\/Tuesday, 28.10.2025, 14.00 \u2013 17.15 Uhr,<br>G<strong>e<\/strong>b. M 01, Mensa, Rm. 0001 sowie<br>Mittwoch\/Wednesday, 29.10.2025, 14.00 \u2013 17.15 Uhr,<br>Containerdorf C2\/S2, Rm. 113-115<br><\/p>\n\n\n\n<p><strong>Hinweise zu Hilfsmitteln in Klausuren\/Information on authorised materials in examinations<\/strong>:<br>Erlaubte Hilfsmittel sind unkommentierte Rechtsnormen. Als \u201eunkommentiert\u201c gelten Rechtsnormen grunds\u00e4tzlich in der vom Normgeber oder vom Verlag ver\u00f6ffentlichten Textfassung. Zul\u00e4ssig ist nur das Anbringen von Verweisungen auf andere Normen (Nummern) am Rand eines Normtextes, ferner das Unterstreichen oder Markieren von Text im Sinne einer Lesehilfe. Keinesfalls d\u00fcrfen diese Hinzuf\u00fcgungen einem System folgen; insbesondere darf sich aus ihnen keine bestimmte Pr\u00fcfungsreihenfolge ergeben.<\/p>\n\n\n\n<p>Unter Ber\u00fccksichtigung dieser Vorgaben sind auch am Rand befestigte Reiter zul\u00e4ssig, etwa um in Gesetzessammlungen den Anfang eines Gesetzes zu markieren.<\/p>\n\n\n\n<p>Bitte beachten Sie, dass nicht der Pr\u00fcfer, sondern allein der Pr\u00fcfungsausschuss zu entscheiden hat, ob ein T\u00e4uschungsversuch vorliegt. Daher k\u00f6nnen wir nur den allgemeinen Rat geben, zur\u00fcckhaltend zu markieren, um im Zweifel auf der sicheren Seite zu sein.&#8220;<\/p>\n\n\n\n<p>E-Lernplattform &nbsp; <a href=\"http:\/\/www.hsu-hh.de\/ilias\/\">http:\/\/www.hsu-hh.de\/ilias\/&nbsp;<\/a><\/p>\n\n\n\n<hr class=\"wp-block-separator has-alpha-channel-opacity\" \/>\n\n\n\n<p><strong>Fr\u00fchjahrstrimester 2025\/Spring term 2025<\/strong><\/p>\n\n\n\n<p><strong>Aktien-, Konzern- und Umwandlungsrecht II<\/strong><br>Montag\/Monday, 15.45-17.15 Uhr, Geb. H1, SR 0301 (bis 16.6.25)<br>Am 26.5.25 findet die Lehre digital statt.<\/p>\n\n\n\n<p>Arbeits- und Gesellschaftsrecht:<strong> Gesellschaftsrecht<\/strong><br>Montag\/Monday, 17.30-19.00 Uhr, Geb. H1, SR 0401 (bis 16.6.25)<br>Am 26.5.25 findet die Lehre digital statt.<\/p>\n\n\n\n<p><strong>Seminar Arbeitsrecht und Gesellschaftsrecht: Gesellschaftsrecht<\/strong><br>n. V.<\/p>\n\n\n\n<p><strong>Begleitkurs Aktien-, Konzern- und Umwandlungsrecht<\/strong>                          <br>n. V.                                                                                         <br> Kseniia Tatarkina<\/p>\n\n\n\n<p><strong>Hinweise zu Hilfsmitteln in Klausuren\/Information on authorised materials in examinations<\/strong>:<br>Erlaubte Hilfsmittel sind unkommentierte Rechtsnormen. Als \u201eunkommentiert\u201c gelten Rechtsnormen grunds\u00e4tzlich in der vom Normgeber oder vom Verlag ver\u00f6ffentlichten Textfassung. Zul\u00e4ssig ist nur das Anbringen von Verweisungen auf andere Normen (Nummern) am Rand eines Normtextes, ferner das Unterstreichen oder Markieren von Text im Sinne einer Lesehilfe. Keinesfalls d\u00fcrfen diese Hinzuf\u00fcgungen einem System folgen; insbesondere darf sich aus ihnen keine bestimmte Pr\u00fcfungsreihenfolge ergeben.<\/p>\n\n\n\n<p>Unter Ber\u00fccksichtigung dieser Vorgaben sind auch am Rand befestigte Reiter zul\u00e4ssig, etwa um in Gesetzessammlungen den Anfang eines Gesetzes zu markieren.<\/p>\n\n\n\n<p>Bitte beachten Sie, dass nicht der Pr\u00fcfer, sondern allein der Pr\u00fcfungsausschuss zu entscheiden hat, ob ein T\u00e4uschungsversuch vorliegt. Daher k\u00f6nnen wir nur den allgemeinen Rat geben, zur\u00fcckhaltend zu markieren, um im Zweifel auf der sicheren Seite zu sein.&#8220;<\/p>\n\n\n\n<p>E-Lernplattform &nbsp; <a href=\"http:\/\/www.hsu-hh.de\/ilias\/\">http:\/\/www.hsu-hh.de\/ilias\/&nbsp;<\/a><\/p>\n\n\n\n<hr class=\"wp-block-separator has-alpha-channel-opacity\" \/>\n\n\n\n<p><strong>Wintertrimester 2025\/Winter term 2025<\/strong><\/p>\n\n\n\n<p><strong>Wirtschaftsrecht: Handelsrecht \/ R\u00d6V Handelsrecht<\/strong><strong><br><\/strong>Montag\/Monday, 14.00-15.30 Uhr, Geb. H1, HS 2 (bis 17.3.2025<strong>)<\/strong><\/p>\n\n\n\n<p><strong>Aktien-, Konzern- und Umwandlungsrecht<\/strong><br>Montag\/Monday, 9.45-11.15 Uhr, Geb. H1, SR 401\/402 (bis 17.3.2025)<\/p>\n\n\n\n<p><strong>Rechtstheorie\/Methodenlehre<\/strong><br>Dienstag\/Tuesday, 11.30-13.00 Uhr, Geb. H1, SR 401\/402 (bis 18.3.2025)<\/p>\n\n\n\n<p>Seminar<br><strong>Einf\u00fchrung in den Begriff des Risikos,<br><\/strong>n. V.<br>gemeinsam mit <abbr title=\"Professor\">Prof.<\/abbr> G. Frahm, <abbr title=\"Professor\">Prof.<\/abbr> T. Scheytt,<abbr title=\"Professor\">Prof.<\/abbr> G. Schreiber, <abbr title=\"Professor\">Prof.<\/abbr> M. Schuler-Harms<\/p>\n\n\n\n<p><strong>Hinweise zu Hilfsmitteln in Klausuren\/Information on authorised materials in examinations<\/strong>:<br>Erlaubte Hilfsmittel sind unkommentierte Rechtsnormen. Als \u201eunkommentiert\u201c gelten Rechtsnormen grunds\u00e4tzlich in der vom Normgeber oder vom Verlag ver\u00f6ffentlichten Textfassung. Zul\u00e4ssig ist nur das Anbringen von Verweisungen auf andere Normen (Nummern) am Rand eines Normtextes, ferner das Unterstreichen oder Markieren von Text im Sinne einer Lesehilfe. Keinesfalls d\u00fcrfen diese Hinzuf\u00fcgungen einem System folgen; insbesondere darf sich aus ihnen keine bestimmte Pr\u00fcfungsreihenfolge ergeben.<\/p>\n\n\n\n<p>Unter Ber\u00fccksichtigung dieser Vorgaben sind auch am Rand befestigte Reiter zul\u00e4ssig, etwa um in Gesetzessammlungen den Anfang eines Gesetzes zu markieren.<\/p>\n\n\n\n<p>Bitte beachten Sie, dass nicht der Pr\u00fcfer, sondern allein der Pr\u00fcfungsausschuss zu entscheiden hat, ob ein T\u00e4uschungsversuch vorliegt. Daher k\u00f6nnen wir nur den allgemeinen Rat geben, zur\u00fcckhaltend zu markieren, um im Zweifel auf der sicheren Seite zu sein.&#8220;<\/p>\n\n\n\n<p>E-Lernplattform &nbsp; <a href=\"http:\/\/www.hsu-hh.de\/ilias\/\">http:\/\/www.hsu-hh.de\/ilias\/&nbsp;<\/a><\/p>\n\n\n\n<hr class=\"wp-block-separator has-alpha-channel-opacity\" \/>\n\n\n\n<p><strong>Herbsttrimester 2024\/Autumn term 2024<\/strong><\/p>\n\n\n\n<p><strong>Recht der Technik: Deliktsrecht am Bsp. des Produkthaftungsrechts<\/strong><br>Montag\/Monday, 15.45-17.15 Uhr, Geb. H1, SR 301 (bis 9.12.2024)<\/p>\n\n\n\n<p><strong>Au\u00dfervertragliches Schuldrecht: Bereicherungsrecht<\/strong><br>Montag\/Monday, 17.30-19.00 Uhr, Geb. H1, SR 405 (bis 9.12.2024)<\/p>\n\n\n\n<p><strong>Master-Seminar: Gesellschaftsrecht: Bereicherungsrecht<\/strong><br>n. V., verblockt<\/p>\n\n\n\n<p><strong>Hinweise zu Hilfsmitteln in Klausuren\/Information on authorised materials in examinations<\/strong>:<br>Erlaubte Hilfsmittel sind unkommentierte Rechtsnormen. Als \u201eunkommentiert\u201c gelten Rechtsnormen grunds\u00e4tzlich in der vom Normgeber oder vom Verlag ver\u00f6ffentlichten Textfassung. Zul\u00e4ssig ist nur das Anbringen von Verweisungen auf andere Normen (Nummern) am Rand eines Normtextes, ferner das Unterstreichen oder Markieren von Text im Sinne einer Lesehilfe. Keinesfalls d\u00fcrfen diese Hinzuf\u00fcgungen einem System folgen; insbesondere darf sich aus ihnen keine bestimmte Pr\u00fcfungsreihenfolge ergeben.<\/p>\n\n\n\n<p>Unter Ber\u00fccksichtigung dieser Vorgaben sind auch am Rand befestigte Reiter zul\u00e4ssig, etwa um in Gesetzessammlungen den Anfang eines Gesetzes zu markieren.<\/p>\n\n\n\n<p>Bitte beachten Sie, dass nicht der Pr\u00fcfer, sondern allein der Pr\u00fcfungsausschuss zu entscheiden hat, ob ein T\u00e4uschungsversuch vorliegt. Daher k\u00f6nnen wir nur den allgemeinen Rat geben, zur\u00fcckhaltend zu markieren, um im Zweifel auf der sicheren Seite zu sein.&#8220;<\/p>\n\n\n\n<p>E-Lernplattform &nbsp; <a href=\"http:\/\/www.hsu-hh.de\/ilias\/\">http:\/\/www.hsu-hh.de\/ilias\/&nbsp;<\/a><\/p>\n\n\n\n<hr class=\"wp-block-separator has-alpha-channel-opacity\" \/>\n\n\n\n<p><strong>Fr\u00fchjahrstrimester 2024\/Spring term 2024<\/strong><\/p>\n\n\n\n<p><strong>Aktien-, Konzern- und Umwandlungsrecht II<\/strong><br>Montag\/Monday, 15.45-17.15 Uhr, Geb. H1, SR 0301 (bis 17.6.24)<\/p>\n\n\n\n<p><strong>Arbeits- und Gesellschaftsrecht: Gesellschaftsrecht<\/strong><br>Montag\/Monday, 17.30-19.00 Uhr, Geb. H1, SR 0401 (bis 17.6.24)<\/p>\n\n\n\n<p><strong>Hinweise zu Hilfsmitteln in Klausuren\/Information on authorised materials in examinations<\/strong>:<br>Erlaubte Hilfsmittel sind unkommentierte Rechtsnormen. Als \u201eunkommentiert\u201c gelten Rechtsnormen grunds\u00e4tzlich in der vom Normgeber oder vom Verlag ver\u00f6ffentlichten Textfassung. Zul\u00e4ssig ist nur das Anbringen von Verweisungen auf andere Normen (Nummern) am Rand eines Normtextes, ferner das Unterstreichen oder Markieren von Text im Sinne einer Lesehilfe. Keinesfalls d\u00fcrfen diese Hinzuf\u00fcgungen einem System folgen; insbesondere darf sich aus ihnen keine bestimmte Pr\u00fcfungsreihenfolge ergeben.<\/p>\n\n\n\n<p>Unter Ber\u00fccksichtigung dieser Vorgaben sind auch am Rand befestigte Reiter zul\u00e4ssig, etwa um in Gesetzessammlungen den Anfang eines Gesetzes zu markieren.<\/p>\n\n\n\n<p>Bitte beachten Sie, dass nicht der Pr\u00fcfer, sondern allein der Pr\u00fcfungsausschuss zu entscheiden hat, ob ein T\u00e4uschungsversuch vorliegt. Daher k\u00f6nnen wir nur den allgemeinen Rat geben, zur\u00fcckhaltend zu markieren, um im Zweifel auf der sicheren Seite zu sein.&#8220;<\/p>\n\n\n\n<p>E-Lernplattform &nbsp; <a href=\"http:\/\/www.hsu-hh.de\/ilias\/\">http:\/\/www.hsu-hh.de\/ilias\/&nbsp;<\/a><\/p>\n\n\n\n<hr class=\"wp-block-separator has-alpha-channel-opacity\" \/>\n\n\n\n<p><strong>Wintertrimester 2024\/Winter term 2024<\/strong><\/p>\n\n\n\n<p><strong>Wirtschaftsrecht: Handelsrecht \/ R\u00d6V Handelsrecht<\/strong> <strong>(WS15J02\/WS11J07)<\/strong><br>Montag\/Monday, 14.00-15.30 Uhr, Geb. H1, HS 2 (bis 18.3.2024)<\/p>\n\n\n\n<p><strong>Aktien-, Konzern- und Umwandlungsrecht (WS21J11)<\/strong><br>Montag\/Monday, 9.45-11.15 Uhr, Geb. H1, SR 401\/402 (bis 18.3.2024)<\/p>\n\n\n\n<p><strong>Rechtstheorie\/Methodenlehre (WS16J01)<\/strong><br>Dienstag\/Tuesday, 11.30-13.00 Uhr, Geb. H1, SR 105 (bis 19.3.2024)<\/p>\n\n\n\n<p><strong>Seminar<br>Einf\u00fchrung in den Begriff des Risikos (WS21B02)<\/strong><br>Gemeinsam mit <abbr title=\"Professor\">Prof.<\/abbr> G. Frahm, <abbr title=\"Professor\">Prof.<\/abbr> T. Scheytt, <abbr title=\"Professor\">Prof.<\/abbr> M. Schuler-Harms<br>n. V.<\/p>\n\n\n\n<p><strong>Hinweise zu Hilfsmitteln in Klausuren\/Information on authorised materials in examinations<\/strong>:<br>Erlaubte Hilfsmittel sind unkommentierte Rechtsnormen. Als \u201eunkommentiert\u201c gelten Rechtsnormen grunds\u00e4tzlich in der vom Normgeber oder vom Verlag ver\u00f6ffentlichten Textfassung. Zul\u00e4ssig ist nur das Anbringen von Verweisungen auf andere Normen (Nummern) am Rand eines Normtextes, ferner das Unterstreichen oder Markieren von Text im Sinne einer Lesehilfe. Keinesfalls d\u00fcrfen diese Hinzuf\u00fcgungen einem System folgen; insbesondere darf sich aus ihnen keine bestimmte Pr\u00fcfungsreihenfolge ergeben.<\/p>\n\n\n\n<p>Unter Ber\u00fccksichtigung dieser Vorgaben sind auch am Rand befestigte Reiter zul\u00e4ssig, etwa um in Gesetzessammlungen den Anfang eines Gesetzes zu markieren.<\/p>\n\n\n\n<p>Bitte beachten Sie, dass nicht der Pr\u00fcfer, sondern allein der Pr\u00fcfungsausschuss zu entscheiden hat, ob ein T\u00e4uschungsversuch vorliegt. Daher k\u00f6nnen wir nur den allgemeinen Rat geben, zur\u00fcckhaltend zu markieren, um im Zweifel auf der sicheren Seite zu sein.&#8220;<\/p>\n\n\n\n<p>E-Lernplattform &nbsp; <a href=\"http:\/\/www.hsu-hh.de\/ilias\/\">http:\/\/www.hsu-hh.de\/ilias\/&nbsp;<\/a><\/p>\n\n\n\n<hr class=\"wp-block-separator has-alpha-channel-opacity\" \/>\n\n\n\n<p><strong>Herbsttrimester 2023\/Autumn term 2023<\/strong><\/p>\n\n\n\n<p><strong>Deliktsrecht am Bsp. des Produkthaftungsrechts (WS23J25\/WS11J09)<\/strong><br>(Modul Recht der Technik)<br>(Modul Au\u00dfervertragliches Schuldrecht)<br>Montag\/Monday, 15.45-17.15 Uhr, Geb. H 1, SR 301\/303 (9.10.23 bis 11.12.23)<\/p>\n\n\n\n<p><strong>Au\u00dfervertragliches Schuldrecht: Bereicherungsrecht (WS11J09)<\/strong><br>Dienstag\/Tuesday, 9.45-11.15 Uhr, Geb. H1, SR 110 (9.10.23 bis 12.12.23)<br>Einzel: Donnerstag, 19.10.23, 15.45-17.15 Uhr, Geb. H1, SR 401\/402<\/p>\n\n\n\n<p><strong>Grundkurs BGB (WS11J02)<\/strong><br>Montag\/Monday, 17.30-19.00 Uhr, Geb. H1, SR 401\/402 (9.10.23 bis 11.12.23)<br>Dienstag\/Tuesday, 17.30-19.00 Uhr, Geb. H1, SR 401\/402 (9.10.23 bis 12.12.23)<br>Einzel: Freitag\/Friday, 20.10.23, 8.00-11.15 Uhr, H1, SR 405\/406<\/p>\n\n\n\n<p><strong>B\u00fcrgerliches Recht f\u00fcr Wirtschaftswissenschaftler (WS14J01)<\/strong><br>Montag\/Monday, 11.30-13.00 Uhr, Geb. H1, HS 1 (2.10.23 bis 11.12.23)<br>Freitag\/Friday, 8.00-9.30 Uhr, Geb. H1, HS 1 (2.10.23 bis 15.12.23)<br><strong>Leonard S\u00fclwald<\/strong><\/p>\n\n\n\n<p><strong>\u00dcbung Grundkurs BGB (WS11J02)<\/strong><br>Dienstag\/Tuesday, 15.45-17.15 Uhr, Aula-Geb\u00e4ude, Aula Raum 2 (9.10.23 bis 12.12.23)<br><strong>Kseniia Tatarkina<\/strong><\/p>\n\n\n\n<p><strong>\u00dcbung Grundkurs BGB (WS11J02)<\/strong><br>Donnerstag\/Thursday, 15.45-17.15 Uhr, Geb. H1, SR 109 (9.10.23 bis 14.12.23)<br><strong>Raum\u00e4nderung am Donnerstag, den 19.10.23: Geb. H1, SR 310<\/strong><br><strong>Raum\u00e4nderung am Donnerstag, den 02.11.23: Geb. Mensa, Raum 0001<\/strong><br><strong>Melanie Manow<\/strong><br><\/p>\n\n\n\n<p><strong>Hinweise zu Hilfsmitteln in Klausuren\/Information on authorised materials in examinations<\/strong>:<br>Erlaubte Hilfsmittel sind unkommentierte Rechtsnormen. Als \u201eunkommentiert\u201c gelten Rechtsnormen grunds\u00e4tzlich in der vom Normgeber oder vom Verlag ver\u00f6ffentlichten Textfassung. Zul\u00e4ssig ist nur das Anbringen von Verweisungen auf andere Normen (Nummern) am Rand eines Normtextes, ferner das Unterstreichen oder Markieren von Text im Sinne einer Lesehilfe. Keinesfalls d\u00fcrfen diese Hinzuf\u00fcgungen einem System folgen; insbesondere darf sich aus ihnen keine bestimmte Pr\u00fcfungsreihenfolge ergeben.<\/p>\n\n\n\n<p>Unter Ber\u00fccksichtigung dieser Vorgaben sind auch am Rand befestigte Reiter zul\u00e4ssig, etwa um in Gesetzessammlungen den Anfang eines Gesetzes zu markieren.<\/p>\n\n\n\n<p>Bitte beachten Sie, dass nicht der Pr\u00fcfer, sondern allein der Pr\u00fcfungsausschuss zu entscheiden hat, ob ein T\u00e4uschungsversuch vorliegt. Daher k\u00f6nnen wir nur den allgemeinen Rat geben, zur\u00fcckhaltend zu markieren, um im Zweifel auf der sicheren Seite zu sein.&#8220;<\/p>\n\n\n\n<p>E-Lernplattform &nbsp; <a href=\"http:\/\/www.hsu-hh.de\/ilias\/\">http:\/\/www.hsu-hh.de\/ilias\/&nbsp;<\/a><\/p>\n\n\n\n<p><\/p>\n\n\n\n<hr class=\"wp-block-separator has-alpha-channel-opacity\" \/>\n\n\n\n<p><strong>Fr\u00fchjahrstrimester 2023\/Spring term 2023<\/strong><\/p>\n\n\n\n<p><strong>Aktien-, Konzern und Umwandlungsrecht II (WS21J11)<\/strong><br>Montag\/Monday, 15.45-17.15 Uhr, Geb. H 1, SR 405\/406 (bis 19.6.23)<br>Dienstag\/Tuesday, Einzel 15.45-17.15 Uhr, 2.5.23, H 1, SR 405\/406<\/p>\n\n\n\n<p><strong>Arbeits- und Gesellschaftsrecht: Gesellschaftsrecht (WS 15J04)<\/strong><br>Montag\/Monday, 11.30-13.00 Uhr, Geb. H 1, H\u00f6rsaal 2 (bis 19.6.23)<br>Dienstag\/Tuesday, Einzel, 11.30-13.00 Uhr, 2.5.23, Geb. H 1, H\u00f6rsaal 2<\/p>\n\n\n\n<p><strong>Seminar Arbeitsrecht und Gesellschaftsrecht: Gesellschaftsrecht (WS16J07)<\/strong><br>n. V.<\/p>\n\n\n\n<p><\/p>\n\n\n\n<hr class=\"wp-block-separator has-alpha-channel-opacity is-style-wide\" \/>\n\n\n\n<p><strong>Wintertrimester 2023\/Winter term 2023<\/strong><\/p>\n\n\n\n<p><strong>Wirtschaftsrecht: Handelsrecht <\/strong>(WS15J02)<br><strong>R\u00d6V Handelsrecht<\/strong> (WS11J07)<br>Montag\/Monday, 14.00-15.30 Uhr, Geb. H01, HS 2 (bis 20.3.2023)<\/p>\n\n\n\n<p><strong>Aktien-, Konzern- und Umwandlungsrecht<\/strong> (WS21J11)<br>Montag\/Monday, 9.45-11.15 Uhr, Geb. H1, SR 0401\/0402 (bis 20.3.2023)<\/p>\n\n\n\n<p><strong>Rechtstheorie\/Methodenlehre <\/strong>(WS16J01)<br>Dienstag\/Tuesday, 17.30-19.00 Uhr, Geb. H1, SR 0105 (bis 21.3.2023)<\/p>\n\n\n\n<p><strong>Einf\u00fchrung in den Begriff des Risikos<\/strong> (WS21B02)<br>(Gemeinsam mit <abbr title=\"Professor\">Prof.<\/abbr> G. Frahm, <abbr title=\"Professor\">Prof.<\/abbr> T. Scheytt, <abbr title=\"Professor\">Prof.<\/abbr> M. Schuler-Harms, <abbr title=\"Professor\">Prof.<\/abbr> E. St\u00fcbinger)<br>n. V.<\/p>\n\n\n\n<p><\/p>\n\n\n\n<hr class=\"wp-block-separator has-alpha-channel-opacity is-style-wide\" \/>\n\n\n\n<p><strong>Herbsttrimester 2022\/Autumn term 2022<\/strong><\/p>\n\n\n\n<p><strong>Seminar ABT &amp; RM: Gesellschaftsrecht<\/strong> (WS23B39\/WS23B85)<br>n. V.<\/p>\n\n\n\n<p><strong>Recht der Technik: Deliktsrecht am Bsp. des Produkthaftungsrechts<\/strong> (WS23J25)<br><strong>Au\u00dfervertragliches Schuldrecht: Deliktsrecht<\/strong> (WS11J06)<br>Montag, 15.45-17.15 Uhr, Geb. H1, SR 0301\/0303 (bis 12.12.2022)<\/p>\n\n\n\n<p><strong>Au\u00dfervertragliches Schuldrecht: Bereicherungsrecht <\/strong>(WS11J06)<br>Montag, 14.00-15.30 Uhr, Geb. H1, SR 0305<br>(7.11. bis 12.12.2022)<\/p>\n\n\n\n<hr class=\"wp-block-separator has-alpha-channel-opacity is-style-wide\" \/>\n\n\n\n<p><strong>Fr\u00fchjahrstrimester 2022\/Spring term 2022<\/strong><\/p>\n\n\n\n<p><strong>Arbeits- und Gesellschaftsrecht: Gesellschaftsrecht<\/strong> (WS15J04)<br>Montag, 12-13.30 Uhr, H\u00f6rsaal 6 (bis 20.6.2022)<br><strong>(Beginn: 11.4.2022)<\/strong><\/p>\n\n\n\n<p><strong>Aktien-, Konzern- und Umwandlungsrecht II<\/strong> (WS21J11)<br>Montag, 16-17.30 Uhr, Geb. H1, SR 0301 (bis 20.6.2022)<br><strong>(Beginn: 11.4.2022)<\/strong><\/p>\n\n\n\n<p><strong>Vorbesprechung Seminar <abbr title=\"Herbsttrimester\">HT<\/abbr> zum Gesellschaftsrecht (ABT &amp; RM)<\/strong><strong><br>(WS23B39\/WS23B85)<\/strong><br><strong>Ein Termin n.V.<\/strong><\/p>\n\n\n\n<p><strong>Begleitkurs Aktien-, Konzern- und Umwandlungsrecht<\/strong> (WS21J11) (F. Arlt)<br><strong>n.V.<\/strong><\/p>\n\n\n\n<p>E-Lernplattform &nbsp; <a href=\"http:\/\/www.hsu-hh.de\/ilias\/\">http:\/\/www.hsu-hh.de\/ilias\/&nbsp;<\/a><\/p>\n\n\n\n<hr class=\"wp-block-separator has-alpha-channel-opacity\" \/>\n\n\n\n<h2 class=\"wp-block-heading\"><\/h2>\n","protected":false},"excerpt":{"rendered":"<p>Fr\u00fchjahrstrimester 2026\/Spring term 2026 Aktien-, Konzern- und Umwandlungsrecht IIMontag\/Monday, 15.45-17.15 Uhr, Geb. H1, SR 0301 (bis 15.6.26) Arbeits- und Gesellschaftsrecht:GesellschaftsrechtMontag\/Monday, 17.30-19.00 Uhr, Geb. H1, SR 0401 (bis 15.6.26) Hinweise zu [&hellip;]<\/p>\n","protected":false},"author":3383,"featured_media":0,"parent":0,"menu_order":0,"comment_status":"closed","ping_status":"closed","template":"","meta":{"footnotes":""},"categories":[4],"tags":[],"class_list":["post-715","page","type-page","status-publish","hentry","category-forschung"],"_links":{"self":[{"href":"https:\/\/www.hsu-hh.de\/reiner\/wp-json\/wp\/v2\/pages\/715","targetHints":{"allow":["GET"]}}],"collection":[{"href":"https:\/\/www.hsu-hh.de\/reiner\/wp-json\/wp\/v2\/pages"}],"about":[{"href":"https:\/\/www.hsu-hh.de\/reiner\/wp-json\/wp\/v2\/types\/page"}],"author":[{"embeddable":true,"href":"https:\/\/www.hsu-hh.de\/reiner\/wp-json\/wp\/v2\/users\/3383"}],"replies":[{"embeddable":true,"href":"https:\/\/www.hsu-hh.de\/reiner\/wp-json\/wp\/v2\/comments?post=715"}],"version-history":[{"count":34,"href":"https:\/\/www.hsu-hh.de\/reiner\/wp-json\/wp\/v2\/pages\/715\/revisions"}],"predecessor-version":[{"id":906,"href":"https:\/\/www.hsu-hh.de\/reiner\/wp-json\/wp\/v2\/pages\/715\/revisions\/906"}],"wp:attachment":[{"href":"https:\/\/www.hsu-hh.de\/reiner\/wp-json\/wp\/v2\/media?parent=715"}],"wp:term":[{"taxonomy":"category","embeddable":true,"href":"https:\/\/www.hsu-hh.de\/reiner\/wp-json\/wp\/v2\/categories?post=715"},{"taxonomy":"post_tag","embeddable":true,"href":"https:\/\/www.hsu-hh.de\/reiner\/wp-json\/wp\/v2\/tags?post=715"}],"curies":[{"name":"wp","href":"https:\/\/api.w.org\/{rel}","templated":true}]}}