{"id":406,"date":"2019-02-01T12:37:12","date_gmt":"2019-02-01T11:37:12","guid":{"rendered":"https:\/\/www.hsu-hh.de\/reiner\/?page_id=406"},"modified":"2024-12-02T10:03:17","modified_gmt":"2024-12-02T09:03:17","slug":"aktuelles","status":"publish","type":"page","link":"https:\/\/www.hsu-hh.de\/reiner\/aktuelles","title":{"rendered":"Aktuelles\/News"},"content":{"rendered":"\n<h3 class=\"wp-block-heading\">&nbsp;<\/h3>\n\n\n\n<p><strong>Stellenangebot\/Job offer: Wissenschaftlicher Mitarbeiter (m\/w\/d), baldm\u00f6glichst.<br><\/strong><strong>N\u00e4heres <a href=\"https:\/\/www.hsu-hh.de\/reiner\/wp-content\/uploads\/sites\/668\/2023\/02\/WiSo-0523_Prof-Reiner.pdf\">hier&nbsp;<\/a><\/strong><\/p>\n\n\n\n<p><strong>Neuauflage der Brosch\u00fcre zum <abbr title=\"Betriebswirtschaftslehre\">BWL<\/abbr>-Master-Studienschwerpunkt &#8222;Risikomanagement&#8220; erschienen.<\/strong><\/p>\n\n\n\n<p><strong>New edition of the broschure on the business administration master&#8217;s program &#8222;Risikomanagement&#8220; published.<\/strong><\/p>\n\n\n\n<p><strong><a href=\"https:\/\/www.hsu-hh.de\/reiner\/wp-content\/uploads\/sites\/668\/2024\/12\/rm-broschuere_2025-2026_17._auflage_2.12.24.pdf\" target=\"_blank\" rel=\"noreferrer noopener\">Hier<\/a>!<\/strong><\/p>\n\n\n\n<h3 class=\"wp-block-heading\">&nbsp;<\/h3>\n","protected":false},"excerpt":{"rendered":"<p>&nbsp; Stellenangebot\/Job offer: Wissenschaftlicher Mitarbeiter (m\/w\/d), baldm\u00f6glichst.N\u00e4heres hier&nbsp; Neuauflage der Brosch\u00fcre zum BWL-Master-Studienschwerpunkt &#8222;Risikomanagement&#8220; erschienen. New edition of the broschure on the business administration master&#8217;s program &#8222;Risikomanagement&#8220; published. Hier! &nbsp;<\/p>\n","protected":false},"author":64,"featured_media":0,"parent":0,"menu_order":0,"comment_status":"closed","ping_status":"closed","template":"","meta":{"footnotes":""},"categories":[4],"tags":[],"class_list":["post-406","page","type-page","status-publish","hentry","category-forschung"],"_links":{"self":[{"href":"https:\/\/www.hsu-hh.de\/reiner\/wp-json\/wp\/v2\/pages\/406","targetHints":{"allow":["GET"]}}],"collection":[{"href":"https:\/\/www.hsu-hh.de\/reiner\/wp-json\/wp\/v2\/pages"}],"about":[{"href":"https:\/\/www.hsu-hh.de\/reiner\/wp-json\/wp\/v2\/types\/page"}],"author":[{"embeddable":true,"href":"https:\/\/www.hsu-hh.de\/reiner\/wp-json\/wp\/v2\/users\/64"}],"replies":[{"embeddable":true,"href":"https:\/\/www.hsu-hh.de\/reiner\/wp-json\/wp\/v2\/comments?post=406"}],"version-history":[{"count":39,"href":"https:\/\/www.hsu-hh.de\/reiner\/wp-json\/wp\/v2\/pages\/406\/revisions"}],"predecessor-version":[{"id":860,"href":"https:\/\/www.hsu-hh.de\/reiner\/wp-json\/wp\/v2\/pages\/406\/revisions\/860"}],"wp:attachment":[{"href":"https:\/\/www.hsu-hh.de\/reiner\/wp-json\/wp\/v2\/media?parent=406"}],"wp:term":[{"taxonomy":"category","embeddable":true,"href":"https:\/\/www.hsu-hh.de\/reiner\/wp-json\/wp\/v2\/categories?post=406"},{"taxonomy":"post_tag","embeddable":true,"href":"https:\/\/www.hsu-hh.de\/reiner\/wp-json\/wp\/v2\/tags?post=406"}],"curies":[{"name":"wp","href":"https:\/\/api.w.org\/{rel}","templated":true}]}}