{"id":798,"date":"2026-05-11T17:08:54","date_gmt":"2026-05-11T15:08:54","guid":{"rendered":"https:\/\/www.hsu-hh.de\/rdt\/?page_id=798"},"modified":"2026-05-11T17:08:54","modified_gmt":"2026-05-11T15:08:54","slug":"gina-marie-brose","status":"publish","type":"page","link":"https:\/\/www.hsu-hh.de\/rdt\/de\/mitarbeiter\/gina-marie-brose\/","title":{"rendered":"Gina-Marie Brose"},"content":{"rendered":"\n<p class=\"has-small-font-size\">wissenschaftliche Mitarbeiterin<\/p>\n\n\n\n<div style=\"height:33px\" aria-hidden=\"true\" class=\"wp-block-spacer\"><\/div>\n\n\n\n<div class=\"wp-block-columns is-layout-flex wp-container-core-columns-is-layout-9d6595d7 wp-block-columns-is-layout-flex\">\n<div class=\"wp-block-column is-layout-flow wp-block-column-is-layout-flow\">\n<p><strong> Anschrift<\/strong><br \/>Helmut-Schmidt-Universit\u00e4t<br \/>Fakult\u00e4t f\u00fcr Wirtschafts- und Sozialwissenschaften<br \/>Holstenhofweg 85<br \/>22043 Hamburg<br \/>\u2014<br \/>Postfach 70 08 22<br \/>22008 Hamburg<\/p>\n<\/div>\n\n\n\n<div class=\"wp-block-column is-layout-flow wp-block-column-is-layout-flow\">\n<p><strong>Raum<\/strong>: H1, 2119<\/p>\n<p><strong>Telefon<\/strong>: +49 40 6541 2397<\/p>\n<p><strong>E-Mail<\/strong>: <a href=\"mailto:ginamarie.brose@hsu.hamburg\" rel='nofollow'>ginamarie.brose@hsu.hamburg<\/a>\u00a0<\/p>\n<\/div>\n\n\n\n<div class=\"wp-block-column is-layout-flow wp-block-column-is-layout-flow\">\n<figure class=\"wp-block-image size-large\"><img loading=\"lazy\" decoding=\"async\" width=\"1024\" height=\"819\" src=\"https:\/\/www.hsu-hh.de\/rdt\/wp-content\/uploads\/sites\/940\/2026\/05\/Gina-Website-1024x819.jpeg\" data-credit=\"Gelhausen\/HSU\/UniBwH\" alt=\"\" class=\"wp-image-800\" srcset=\"https:\/\/www.hsu-hh.de\/rdt\/wp-content\/uploads\/sites\/940\/2026\/05\/Gina-Website-1024x819.jpeg 1024w, https:\/\/www.hsu-hh.de\/rdt\/wp-content\/uploads\/sites\/940\/2026\/05\/Gina-Website-300x240.jpeg 300w, https:\/\/www.hsu-hh.de\/rdt\/wp-content\/uploads\/sites\/940\/2026\/05\/Gina-Website-768x614.jpeg 768w, https:\/\/www.hsu-hh.de\/rdt\/wp-content\/uploads\/sites\/940\/2026\/05\/Gina-Website-1536x1229.jpeg 1536w, https:\/\/www.hsu-hh.de\/rdt\/wp-content\/uploads\/sites\/940\/2026\/05\/Gina-Website-2048x1638.jpeg 2048w, https:\/\/www.hsu-hh.de\/rdt\/wp-content\/uploads\/sites\/940\/2026\/05\/Gina-Website-1100x880.jpeg 1100w\" sizes=\"auto, (max-width: 1024px) 100vw, 1024px\" \/><\/figure>\n<\/div>\n<\/div>\n\n\n\n<hr class=\"wp-block-separator has-alpha-channel-opacity\" \/>\n\n\n<p><strong>CV<\/strong><\/p>\n<p>Gina Brose studierte an der Universit\u00e4t Rostock, wo sie im Jahr 2024 den Bachelorstudiengang \u201eGood Governance \u2013 Wirtschaft, Gesellschaft, Recht\u201c (LL.B.) erfolgreich abschloss. Darauf aufbauend erlangte sie 2025 den Abschluss des Masterstudiengangs \u201eGood Governance \u2013 Rechtsgestaltung\u201c (LL.M.) und wurde als Jahrgangsbeste ausgezeichnet. Erg\u00e4nzend hierzu absolvierte sie in den Jahren 2023 bis 2024 eine Zusatzausbildung an der Universit\u00e4t M\u00fcnster mit Schwerpunkt im Informations-, Telekommunikations- und Medienrecht.<\/p>\n<p>Seit Mai 2026 ist sie wissenschaftliche Mitarbeiterin an der Professur f\u00fcr \u00d6ffentliches Recht mit einem Schwerpunkt im \u00f6ffentlichen Wirtschaftsrecht und Recht der Transformation von <abbr title=\"Professor\">Prof.<\/abbr> <abbr title=\"Doktor\">Dr.<\/abbr> Dana-Sophia Valentiner. In diesem Rahmen \u00fcbernimmt sie die Assistenz f\u00fcr den <a href=\"https:\/\/www.bmbfsfj.bund.de\/bmbfsfj\/ministerium\/behoerden-beauftragte-beiraete-gremien\/beirat-familienfragen\" rel='nofollow'>Wissenschaftlichen Beirat f\u00fcr Familienfragen beim Bundesministerium f\u00fcr Bildung, Familie, Senioren, Frauen und Jugend<\/a>.<\/p>\n<p>Daneben engagiert sie sich im Bereich der Medienpr\u00e4vention: Seit 2022 ist sie Organisationsmitglied der BundesJugendKonferenz Medien (BJKM).<\/p>\n\n\n<hr class=\"wp-block-separator has-alpha-channel-opacity\" \/>\n\n\n<p><strong>Interessenschwerpunkte<\/strong><\/p>\n<ul>\n<li>Medien- und Plattformregulierung<\/li>\n<li>Verfassungsrecht<\/li>\n<li>Pers\u00f6nlichkeitsschutz im digitalen Raum<\/li>\n<\/ul>\n\n\n<div style=\"height:30px\" aria-hidden=\"true\" class=\"wp-block-spacer\"><\/div>\n","protected":false},"excerpt":{"rendered":"<p>wissenschaftliche Mitarbeiterin AnschriftHelmut-Schmidt-Universit\u00e4tFakult\u00e4t f\u00fcr Wirtschafts- und SozialwissenschaftenHolstenhofweg 8522043 Hamburg\u2014Postfach 70 08 2222008 Hamburg Raum: H1, 2119 Telefon: +49 40 6541 2397 E-Mail: ginamarie.brose@hsu.hamburg\u00a0 CV Gina Brose studierte an der Universit\u00e4t [&hellip;]<\/p>\n","protected":false},"author":4175,"featured_media":0,"parent":106,"menu_order":0,"comment_status":"closed","ping_status":"closed","template":"","meta":{"_EventAllDay":false,"_EventTimezone":"","_EventStartDate":"","_EventEndDate":"","_EventStartDateUTC":"","_EventEndDateUTC":"","_EventShowMap":false,"_EventShowMapLink":false,"_EventURL":"","_EventCost":"","_EventCostDescription":"","_EventCurrencySymbol":"","_EventCurrencyCode":"","_EventCurrencyPosition":"","_EventDateTimeSeparator":"","_EventTimeRangeSeparator":"","_EventOrganizerID":[],"_EventVenueID":[],"_OrganizerEmail":"","_OrganizerPhone":"","_OrganizerWebsite":"","_VenueAddress":"","_VenueCity":"","_VenueCountry":"","_VenueProvince":"","_VenueState":"","_VenueZip":"","_VenuePhone":"","_VenueURL":"","_VenueStateProvince":"","_VenueLat":"","_VenueLng":"","_VenueShowMap":false,"_VenueShowMapLink":false,"footnotes":""},"categories":[8],"tags":[],"class_list":["post-798","page","type-page","status-publish","hentry","category-team"],"_links":{"self":[{"href":"https:\/\/www.hsu-hh.de\/rdt\/wp-json\/wp\/v2\/pages\/798","targetHints":{"allow":["GET"]}}],"collection":[{"href":"https:\/\/www.hsu-hh.de\/rdt\/wp-json\/wp\/v2\/pages"}],"about":[{"href":"https:\/\/www.hsu-hh.de\/rdt\/wp-json\/wp\/v2\/types\/page"}],"author":[{"embeddable":true,"href":"https:\/\/www.hsu-hh.de\/rdt\/wp-json\/wp\/v2\/users\/4175"}],"replies":[{"embeddable":true,"href":"https:\/\/www.hsu-hh.de\/rdt\/wp-json\/wp\/v2\/comments?post=798"}],"version-history":[{"count":5,"href":"https:\/\/www.hsu-hh.de\/rdt\/wp-json\/wp\/v2\/pages\/798\/revisions"}],"predecessor-version":[{"id":915,"href":"https:\/\/www.hsu-hh.de\/rdt\/wp-json\/wp\/v2\/pages\/798\/revisions\/915"}],"up":[{"embeddable":true,"href":"https:\/\/www.hsu-hh.de\/rdt\/wp-json\/wp\/v2\/pages\/106"}],"wp:attachment":[{"href":"https:\/\/www.hsu-hh.de\/rdt\/wp-json\/wp\/v2\/media?parent=798"}],"wp:term":[{"taxonomy":"category","embeddable":true,"href":"https:\/\/www.hsu-hh.de\/rdt\/wp-json\/wp\/v2\/categories?post=798"},{"taxonomy":"post_tag","embeddable":true,"href":"https:\/\/www.hsu-hh.de\/rdt\/wp-json\/wp\/v2\/tags?post=798"}],"curies":[{"name":"wp","href":"https:\/\/api.w.org\/{rel}","templated":true}]}}