{"id":610,"date":"2026-01-16T13:28:38","date_gmt":"2026-01-16T12:28:38","guid":{"rendered":"https:\/\/www.hsu-hh.de\/rdt\/?page_id=610"},"modified":"2026-02-02T11:42:26","modified_gmt":"2026-02-02T10:42:26","slug":"merle-rickert","status":"publish","type":"page","link":"https:\/\/www.hsu-hh.de\/rdt\/de\/mitarbeiter\/merle-rickert\/","title":{"rendered":"Merle Rickert"},"content":{"rendered":"\n<p class=\"has-small-font-size\">wissenschaftliche Mitarbeiterin<\/p>\n\n\n\n<div style=\"height:33px\" aria-hidden=\"true\" class=\"wp-block-spacer\"><\/div>\n\n\n\n<div class=\"wp-block-columns is-layout-flex wp-container-core-columns-is-layout-9d6595d7 wp-block-columns-is-layout-flex\">\n<div class=\"wp-block-column is-layout-flow wp-block-column-is-layout-flow\">\n<p><strong>Anschrift<\/strong><br \/>Helmut-Schmidt-Universit\u00e4t<br \/>Fakult\u00e4t f\u00fcr Wirtschafts- und Sozialwissenschaften<br \/>Holstenhofweg 85<br \/>22043 Hamburg<br \/>\u2014<br \/>Postfach 70 08 22<br \/>22008 Hamburg<\/p>\n<\/div>\n\n\n\n<div class=\"wp-block-column is-layout-flow wp-block-column-is-layout-flow\">\n<p><strong>Raum<\/strong>: H1, 2117<\/p>\n<p><strong>Telefon<\/strong>: +49 40 6541 2412<\/p>\n<p><strong>E-Mail<\/strong>: <a href=\"mailto:merle.rickert@hsu.hamburg\" rel='nofollow'>merle.rickert@hsu.hamburg<\/a><\/p>\n<\/div>\n\n\n\n<div class=\"wp-block-column is-layout-flow wp-block-column-is-layout-flow\"><div class=\"wp-block-image\">\n<figure class=\"alignleft size-large is-resized\"><img loading=\"lazy\" decoding=\"async\" width=\"754\" height=\"1024\" src=\"https:\/\/www.hsu-hh.de\/rdt\/wp-content\/uploads\/sites\/940\/2026\/02\/IMG_20240320_175454-754x1024.jpg\" data-credit=\"Privat\" alt=\"\" class=\"wp-image-632\" style=\"width:180px;height:auto\" srcset=\"https:\/\/www.hsu-hh.de\/rdt\/wp-content\/uploads\/sites\/940\/2026\/02\/IMG_20240320_175454-754x1024.jpg 754w, https:\/\/www.hsu-hh.de\/rdt\/wp-content\/uploads\/sites\/940\/2026\/02\/IMG_20240320_175454-221x300.jpg 221w, https:\/\/www.hsu-hh.de\/rdt\/wp-content\/uploads\/sites\/940\/2026\/02\/IMG_20240320_175454-768x1044.jpg 768w, https:\/\/www.hsu-hh.de\/rdt\/wp-content\/uploads\/sites\/940\/2026\/02\/IMG_20240320_175454-1130x1536.jpg 1130w, https:\/\/www.hsu-hh.de\/rdt\/wp-content\/uploads\/sites\/940\/2026\/02\/IMG_20240320_175454-1507x2048.jpg 1507w, https:\/\/www.hsu-hh.de\/rdt\/wp-content\/uploads\/sites\/940\/2026\/02\/IMG_20240320_175454-1100x1495.jpg 1100w, https:\/\/www.hsu-hh.de\/rdt\/wp-content\/uploads\/sites\/940\/2026\/02\/IMG_20240320_175454.jpg 1756w\" sizes=\"auto, (max-width: 754px) 100vw, 754px\" \/><\/figure>\n<\/div><\/div>\n<\/div>\n\n\n\n<hr class=\"wp-block-separator has-alpha-channel-opacity\" \/>\n\n\n<p><strong>CV<\/strong><\/p>\n<p>Merle Rickert studierte an der Universit\u00e4t M\u00fcnster Rechtswissenschaften sowie die Zertifikatsstudieng\u00e4nge \u201eCommon Law\u201c und \u201eIslamisches Recht\u201c. Neben dem Studium engagierte sie sich bei der Initiative Weitblick M\u00fcnster e.V. f\u00fcr gerechtere Zug\u00e4nge zu Bildung. Ihr Referendariat absolvierte sie in Hamburg u. a. mit Stationen in der Justizbeh\u00f6rde, dem Sozialgericht und einer umweltrechtlich ausgerichteten Kanzlei sowie in Berlin beim Ausw\u00e4rtigen Amt und der NGO JUMEN e. V.. Danach war sie zwei Jahre lang Referentin f\u00fcr Klimaschutz- und Energierecht in der Beh\u00f6rde f\u00fcr Umwelt, Klima, Energie und Agrarwirtschaft Hamburg.<\/p>\n<p>Seit Januar 2026 ist sie wissenschaftliche Mitarbeiterin an der Professur f\u00fcr \u00d6ffentliches Recht mit einem Schwerpunkt im \u00f6ffentlichen Wirtschaftsrecht und Recht der Transformation bei\u00a0<abbr title=\"Professor\">Prof.<\/abbr>\u00a0<abbr title=\"Doktor\">Dr.<\/abbr>\u00a0Dana-Sophia Valentiner.<\/p>\n\n\n<hr class=\"wp-block-separator has-alpha-channel-opacity\" \/>\n\n\n<p><strong> Interessenschwerpunkte<\/strong><\/p>\n<ul>\n<li>Verfassungsrecht und Grundlagen des \u00f6ffentlichen Rechts<\/li>\n<li>Recht der sozial\u00f6kologischen Transformation <abbr title=\"inclusive\">inkl.<\/abbr> Klimaschutzrecht und Recht der Energiewende<\/li>\n<li>Rechtssoziologie und kritische Rechtsforschung<\/li>\n<\/ul>\n\n\n<div style=\"height:30px\" aria-hidden=\"true\" class=\"wp-block-spacer\"><\/div>\n","protected":false},"excerpt":{"rendered":"<p>wissenschaftliche Mitarbeiterin AnschriftHelmut-Schmidt-Universit\u00e4tFakult\u00e4t f\u00fcr Wirtschafts- und SozialwissenschaftenHolstenhofweg 8522043 Hamburg\u2014Postfach 70 08 2222008 Hamburg Raum: H1, 2117 Telefon: +49 40 6541 2412 E-Mail: merle.rickert@hsu.hamburg CV Merle Rickert studierte an der Universit\u00e4t [&hellip;]<\/p>\n","protected":false},"author":4175,"featured_media":0,"parent":106,"menu_order":0,"comment_status":"closed","ping_status":"closed","template":"","meta":{"_EventAllDay":false,"_EventTimezone":"","_EventStartDate":"","_EventEndDate":"","_EventStartDateUTC":"","_EventEndDateUTC":"","_EventShowMap":false,"_EventShowMapLink":false,"_EventURL":"","_EventCost":"","_EventCostDescription":"","_EventCurrencySymbol":"","_EventCurrencyCode":"","_EventCurrencyPosition":"","_EventDateTimeSeparator":"","_EventTimeRangeSeparator":"","_EventOrganizerID":[],"_EventVenueID":[],"_OrganizerEmail":"","_OrganizerPhone":"","_OrganizerWebsite":"","_VenueAddress":"","_VenueCity":"","_VenueCountry":"","_VenueProvince":"","_VenueState":"","_VenueZip":"","_VenuePhone":"","_VenueURL":"","_VenueStateProvince":"","_VenueLat":"","_VenueLng":"","_VenueShowMap":false,"_VenueShowMapLink":false,"footnotes":""},"categories":[8],"tags":[],"class_list":["post-610","page","type-page","status-publish","hentry","category-team"],"_links":{"self":[{"href":"https:\/\/www.hsu-hh.de\/rdt\/wp-json\/wp\/v2\/pages\/610","targetHints":{"allow":["GET"]}}],"collection":[{"href":"https:\/\/www.hsu-hh.de\/rdt\/wp-json\/wp\/v2\/pages"}],"about":[{"href":"https:\/\/www.hsu-hh.de\/rdt\/wp-json\/wp\/v2\/types\/page"}],"author":[{"embeddable":true,"href":"https:\/\/www.hsu-hh.de\/rdt\/wp-json\/wp\/v2\/users\/4175"}],"replies":[{"embeddable":true,"href":"https:\/\/www.hsu-hh.de\/rdt\/wp-json\/wp\/v2\/comments?post=610"}],"version-history":[{"count":11,"href":"https:\/\/www.hsu-hh.de\/rdt\/wp-json\/wp\/v2\/pages\/610\/revisions"}],"predecessor-version":[{"id":639,"href":"https:\/\/www.hsu-hh.de\/rdt\/wp-json\/wp\/v2\/pages\/610\/revisions\/639"}],"up":[{"embeddable":true,"href":"https:\/\/www.hsu-hh.de\/rdt\/wp-json\/wp\/v2\/pages\/106"}],"wp:attachment":[{"href":"https:\/\/www.hsu-hh.de\/rdt\/wp-json\/wp\/v2\/media?parent=610"}],"wp:term":[{"taxonomy":"category","embeddable":true,"href":"https:\/\/www.hsu-hh.de\/rdt\/wp-json\/wp\/v2\/categories?post=610"},{"taxonomy":"post_tag","embeddable":true,"href":"https:\/\/www.hsu-hh.de\/rdt\/wp-json\/wp\/v2\/tags?post=610"}],"curies":[{"name":"wp","href":"https:\/\/api.w.org\/{rel}","templated":true}]}}