{"id":560,"date":"2025-12-10T17:15:42","date_gmt":"2025-12-10T16:15:42","guid":{"rendered":"https:\/\/www.hsu-hh.de\/rdt\/?page_id=560"},"modified":"2025-12-10T17:32:14","modified_gmt":"2025-12-10T16:32:14","slug":"kira-kock","status":"publish","type":"page","link":"https:\/\/www.hsu-hh.de\/rdt\/de\/mitarbeiter\/kira-kock\/","title":{"rendered":"Kira Kock"},"content":{"rendered":"\n<p class=\"has-small-font-size\">wissenschaftliche Mitarbeiterin<\/p>\n\n\n\n<div style=\"height:33px\" aria-hidden=\"true\" class=\"wp-block-spacer\"><\/div>\n\n\n\n<div class=\"wp-block-columns is-layout-flex wp-container-core-columns-is-layout-9d6595d7 wp-block-columns-is-layout-flex\">\n<div class=\"wp-block-column is-layout-flow wp-block-column-is-layout-flow\">\n<p><strong> Anschrift<\/strong><br \/>Helmut-Schmidt-Universit\u00e4t<br \/>Fakult\u00e4t f\u00fcr Wirtschafts- und Sozialwissenschaften<br \/>Holstenhofweg 85<br \/>22043 Hamburg<br \/>\u2014<br \/>Postfach 70 08 22<br \/>22008 Hamburg<\/p>\n<\/div>\n\n\n\n<div class=\"wp-block-column is-layout-flow wp-block-column-is-layout-flow\">\n<p><strong>Raum<\/strong>: H1, 2119<\/p>\n<p><strong>Telefon<\/strong>: +49 40 6541 2655<\/p>\n<p><strong>E-Mail<\/strong>: <a href=\"mailto:kockk@hsu.hamburg\" rel='nofollow'>kockk@hsu.hamburg<\/a><\/p>\n<\/div>\n\n\n\n<div class=\"wp-block-column is-layout-flow wp-block-column-is-layout-flow\">\n<figure class=\"wp-block-image size-full\"><img loading=\"lazy\" decoding=\"async\" width=\"1010\" height=\"674\" src=\"https:\/\/www.hsu-hh.de\/rdt\/wp-content\/uploads\/sites\/940\/2025\/12\/Bild_oroginal.jpg\" data-credit=\"Privat\" alt=\"\" class=\"wp-image-561\" srcset=\"https:\/\/www.hsu-hh.de\/rdt\/wp-content\/uploads\/sites\/940\/2025\/12\/Bild_oroginal.jpg 1010w, https:\/\/www.hsu-hh.de\/rdt\/wp-content\/uploads\/sites\/940\/2025\/12\/Bild_oroginal-300x200.jpg 300w, https:\/\/www.hsu-hh.de\/rdt\/wp-content\/uploads\/sites\/940\/2025\/12\/Bild_oroginal-768x513.jpg 768w\" sizes=\"auto, (max-width: 1010px) 100vw, 1010px\" \/><\/figure>\n<\/div>\n<\/div>\n\n\n\n<hr class=\"wp-block-separator has-alpha-channel-opacity\" \/>\n\n\n<p><strong>CV<\/strong><\/p>\n<p>Kira Kock hat von 2019\u20132025 Rechtswissenschaften an der Universit\u00e4t M\u00fcnster und University of Helsinki, Finnland, mit dem Schwerpunkt \u201eRechtswissenschaften in Europa\u201c sowie den Zusatzstudiengang \u201eInternational Law\u201c studiert. Von 2022\u20132023 absolvierte sie einen Master of Laws (LL.M.) in \u201eHuman Rights and Social Justice\u201c an der University of Connecticut, USA. Sie war Studienstipendiatin bei der Heinrich-B\u00f6ll-Stiftung.<\/p>\n<p>Seit Dezember 2025 ist sie als Wissenschaftliche Mitarbeiterin an der Professur f\u00fcr \u00d6ffentliches Recht mit einem Schwerpunkt im \u00f6ffentlichen Wirtschaftsrecht und Recht der Transformation von <abbr title=\"Professor\">Prof.<\/abbr> <abbr title=\"Doktor\">Dr.<\/abbr> Dana-Sophia Valentiner (<abbr title=\"Helmut Schmidt Universit\u00e4t\">HSU<\/abbr>\/UniBw H) t\u00e4tig und arbeitet dort in einem Projekt zu rechtlichen Fragen reproduktiver Gerechtigkeit.<\/p>\n<p>Sie engagiert sich f\u00fcr eine bessere (juristische) Ausbildung sowie als studentische Gutachterin in Akkreditierungsverfahren im In- und Ausland.<\/p>\n\n\n<hr class=\"wp-block-separator has-alpha-channel-opacity\" \/>\n\n\n<p><strong>Interessenschwerpunkte<\/strong><\/p>\n<ul>\n<li>Verfassungsrecht<\/li>\n<li>V\u00f6lker(straf)recht<\/li>\n<li>Menschenrechte<\/li>\n<li>Reproduktive Rechte und Legal Gender Studies<\/li>\n<\/ul>\n\n\n<div style=\"height:30px\" aria-hidden=\"true\" class=\"wp-block-spacer\"><\/div>\n","protected":false},"excerpt":{"rendered":"<p>wissenschaftliche Mitarbeiterin AnschriftHelmut-Schmidt-Universit\u00e4tFakult\u00e4t f\u00fcr Wirtschafts- und SozialwissenschaftenHolstenhofweg 8522043 Hamburg\u2014Postfach 70 08 2222008 Hamburg Raum: H1, 2119 Telefon: +49 40 6541 2655 E-Mail: kockk@hsu.hamburg CV Kira Kock hat von 2019\u20132025 Rechtswissenschaften [&hellip;]<\/p>\n","protected":false},"author":4175,"featured_media":0,"parent":106,"menu_order":0,"comment_status":"closed","ping_status":"closed","template":"","meta":{"_EventAllDay":false,"_EventTimezone":"","_EventStartDate":"","_EventEndDate":"","_EventStartDateUTC":"","_EventEndDateUTC":"","_EventShowMap":false,"_EventShowMapLink":false,"_EventURL":"","_EventCost":"","_EventCostDescription":"","_EventCurrencySymbol":"","_EventCurrencyCode":"","_EventCurrencyPosition":"","_EventDateTimeSeparator":"","_EventTimeRangeSeparator":"","_EventOrganizerID":[],"_EventVenueID":[],"_OrganizerEmail":"","_OrganizerPhone":"","_OrganizerWebsite":"","_VenueAddress":"","_VenueCity":"","_VenueCountry":"","_VenueProvince":"","_VenueState":"","_VenueZip":"","_VenuePhone":"","_VenueURL":"","_VenueStateProvince":"","_VenueLat":"","_VenueLng":"","_VenueShowMap":false,"_VenueShowMapLink":false,"footnotes":""},"categories":[8],"tags":[],"class_list":["post-560","page","type-page","status-publish","hentry","category-team"],"_links":{"self":[{"href":"https:\/\/www.hsu-hh.de\/rdt\/wp-json\/wp\/v2\/pages\/560","targetHints":{"allow":["GET"]}}],"collection":[{"href":"https:\/\/www.hsu-hh.de\/rdt\/wp-json\/wp\/v2\/pages"}],"about":[{"href":"https:\/\/www.hsu-hh.de\/rdt\/wp-json\/wp\/v2\/types\/page"}],"author":[{"embeddable":true,"href":"https:\/\/www.hsu-hh.de\/rdt\/wp-json\/wp\/v2\/users\/4175"}],"replies":[{"embeddable":true,"href":"https:\/\/www.hsu-hh.de\/rdt\/wp-json\/wp\/v2\/comments?post=560"}],"version-history":[{"count":4,"href":"https:\/\/www.hsu-hh.de\/rdt\/wp-json\/wp\/v2\/pages\/560\/revisions"}],"predecessor-version":[{"id":574,"href":"https:\/\/www.hsu-hh.de\/rdt\/wp-json\/wp\/v2\/pages\/560\/revisions\/574"}],"up":[{"embeddable":true,"href":"https:\/\/www.hsu-hh.de\/rdt\/wp-json\/wp\/v2\/pages\/106"}],"wp:attachment":[{"href":"https:\/\/www.hsu-hh.de\/rdt\/wp-json\/wp\/v2\/media?parent=560"}],"wp:term":[{"taxonomy":"category","embeddable":true,"href":"https:\/\/www.hsu-hh.de\/rdt\/wp-json\/wp\/v2\/categories?post=560"},{"taxonomy":"post_tag","embeddable":true,"href":"https:\/\/www.hsu-hh.de\/rdt\/wp-json\/wp\/v2\/tags?post=560"}],"curies":[{"name":"wp","href":"https:\/\/api.w.org\/{rel}","templated":true}]}}