{"id":446,"date":"2025-10-02T13:17:06","date_gmt":"2025-10-02T11:17:06","guid":{"rendered":"https:\/\/www.hsu-hh.de\/rdt\/?page_id=446"},"modified":"2026-02-02T14:17:11","modified_gmt":"2026-02-02T13:17:11","slug":"lilian-langer","status":"publish","type":"page","link":"https:\/\/www.hsu-hh.de\/rdt\/de\/mitarbeiter\/lilian-langer\/","title":{"rendered":"Lilian Langer"},"content":{"rendered":"\n<p class=\"has-small-font-size\">wissenschaftliche Mitarbeiterin<\/p>\n\n\n\n<div style=\"height:33px\" aria-hidden=\"true\" class=\"wp-block-spacer\"><\/div>\n\n\n\n<div class=\"wp-block-columns is-layout-flex wp-container-core-columns-is-layout-9d6595d7 wp-block-columns-is-layout-flex\">\n<div class=\"wp-block-column is-layout-flow wp-block-column-is-layout-flow\">\n<p><strong> Anschrift<\/strong><br \/>Helmut-Schmidt-Universit\u00e4t<br \/>Fakult\u00e4t f\u00fcr Wirtschafts- und Sozialwissenschaften<br \/>Holstenhofweg 85<br \/>22043 Hamburg<br \/>\u2014<br \/>Postfach 70 08 22<br \/>22008 Hamburg<\/p>\n<\/div>\n\n\n\n<div class=\"wp-block-column is-layout-flow wp-block-column-is-layout-flow\">\n<p><strong>Raum<\/strong>: H1, 2119<\/p>\n<p><strong>Telefon<\/strong>: +49 40 6541 2354<\/p>\n<p><strong>E-Mail<\/strong>: <a href=\"mailto:lilian.langer@hsu.hamburg\" rel='nofollow'>lilian.langer@hsu.hamburg<\/a><\/p>\n<\/div>\n\n\n\n<div class=\"wp-block-column is-layout-flow wp-block-column-is-layout-flow\">\n<figure class=\"wp-block-image size-large\"><img loading=\"lazy\" decoding=\"async\" width=\"1024\" height=\"683\" src=\"https:\/\/www.hsu-hh.de\/rdt\/wp-content\/uploads\/sites\/940\/2025\/10\/Liilian_Langer-1024x683.jpeg\" data-credit=\"Ulrike Schr\u00f6der\" alt=\"\" class=\"wp-image-448\" srcset=\"https:\/\/www.hsu-hh.de\/rdt\/wp-content\/uploads\/sites\/940\/2025\/10\/Liilian_Langer-1024x683.jpeg 1024w, https:\/\/www.hsu-hh.de\/rdt\/wp-content\/uploads\/sites\/940\/2025\/10\/Liilian_Langer-300x200.jpeg 300w, https:\/\/www.hsu-hh.de\/rdt\/wp-content\/uploads\/sites\/940\/2025\/10\/Liilian_Langer-768x512.jpeg 768w, https:\/\/www.hsu-hh.de\/rdt\/wp-content\/uploads\/sites\/940\/2025\/10\/Liilian_Langer-1536x1024.jpeg 1536w, https:\/\/www.hsu-hh.de\/rdt\/wp-content\/uploads\/sites\/940\/2025\/10\/Liilian_Langer-2048x1365.jpeg 2048w, https:\/\/www.hsu-hh.de\/rdt\/wp-content\/uploads\/sites\/940\/2025\/10\/Liilian_Langer-1100x733.jpeg 1100w\" sizes=\"auto, (max-width: 1024px) 100vw, 1024px\" \/><\/figure>\n<\/div>\n<\/div>\n\n\n\n<hr class=\"wp-block-separator has-alpha-channel-opacity\" \/>\n\n\n<p><strong>CV<\/strong><\/p>\n<p>Lilian Langer hat Rechtswissenschaft an der Universit\u00e4t Hamburg und Genderkompetenz am Zentrum Gender &amp; Diversity in Hamburg studiert. W\u00e4hrend des Studiums hat sie als Studentische Hilfskraft im Gleichstellungsreferat der Fakult\u00e4t f\u00fcr Rechtswissenschaft (UHH), im Projekt \u201eOutstanding Women of International, European and Constitutional Law\u201c am Lehrstuhl f\u00fcr Europa- und V\u00f6lkerrecht von <abbr title=\"Professor\">Prof.<\/abbr> <abbr title=\"Doktor\">Dr.<\/abbr> Markus Kotzur (UHH), und an der Professur f\u00fcr \u00d6ffentliches Recht, insbes. \u00d6ffentliches Wirtschafts- und Umweltrecht, von <abbr title=\"Professor\">Prof.<\/abbr> <abbr title=\"Doktor\">Dr.<\/abbr> Margarete Schuler-Harms (<abbr title=\"Helmut Schmidt Universit\u00e4t\">HSU<\/abbr>\/UniBw H) gearbeitet. Seit Oktober 2025 ist sie als Wissenschaftliche Mitarbeiterin an der Professur f\u00fcr \u00d6ffentliches Recht mit einem Schwerpunkt im \u00f6ffentlichen Wirtschaftsrecht und Recht der Transformation von <abbr title=\"Professor\">Prof.<\/abbr> <abbr title=\"Doktor\">Dr.<\/abbr> Dana-Sophia Valentiner (<abbr title=\"Helmut Schmidt Universit\u00e4t\">HSU<\/abbr>\/UniBw H) t\u00e4tig. Sie engagiert sich ehrenamtlich im Deutschen Juristinnenbund e.V. (djb) als Ansprechpartnerin f\u00fcr Junge Juristinnen im Landesverband Hamburg und als stellvertretende Vorsitzende des Arbeitsstabs Ausbildung und Beruf.<\/p>\n\n\n<hr class=\"wp-block-separator has-alpha-channel-opacity\" \/>\n\n\n<p><strong>Publikationen<\/strong><\/p>\n<ul>\n<li>Meldung stereotyper Fallbeschreibungen in der juristischen Ausbildung, CEWSjournal Nr.126, 19.03.2021, 28\u201331<\/li>\n<li>Bericht aus dem Arbeitsstab Ausbildung und Beruf: Workshops zu Feministischer Rechtswissenschaft, Zeitschrift des Deutschen Juristinnenbundes 2023, 146\u2013147 (mit Mia Marie Kundy, Susanna Ro\u00dfbach und Laura Wittmann)<\/li>\n<li>Mitgliederversammlung mit Sommerfest des djb-Landesverbandes Hamburg am 11. Juli 2024, Zeitschrift des Deutschen Juristinnenbundes 2024, 161\u2013162<\/li>\n<li>Familie und Sozialversicherung &#8211; eine Zwischenbilanz, Tagungsbericht zur Tagung des Sozialrechtsverbundes Norddeutschland, in: Familie und Sozialversicherung &#8211; eine Zwischenbilanz 2024 (mit Shari Gaffron)<\/li>\n<li>Lore Maria Peschel-Gutzeit: A life devoted to gender equality, <a href=\"https:\/\/verfassungsblog.de\/lore-maria-peschel-gutzeit\/\" rel='nofollow'>Verfassungsblog<\/a>, 2024\/10\/06<\/li>\n<li>Margarette May Macaulay: Outspoken Advocate for the Marginalized, <a href=\"https:\/\/verfassungsblog.de\/outstanding-women-10-25\/\" rel='nofollow'>Verfassungsblog<\/a>, 2025\/10\/01<\/li>\n<li>Rosa Luxemburg: A Woman of Dissent, <a href=\"https:\/\/verfassungsblog.de\/outstanding-women-02-26\/\" rel='nofollow'>Verfassungsblog<\/a>, 2026\/2\/02<\/li>\n<\/ul>\n\n\n<hr class=\"wp-block-separator has-alpha-channel-opacity\" \/>\n\n\n<p><strong>Interessenschwerpunkte<\/strong><\/p>\n<ul>\n<li>Verfassungsrecht<\/li>\n<li>Verwaltungsrecht<\/li>\n<li>Sozialrecht<\/li>\n<li>Schulrecht<\/li>\n<li>Legal Gender Studies<\/li>\n<\/ul>\n\n\n<div style=\"height:50px\" aria-hidden=\"true\" class=\"wp-block-spacer\"><\/div>\n","protected":false},"excerpt":{"rendered":"<p>wissenschaftliche Mitarbeiterin AnschriftHelmut-Schmidt-Universit\u00e4tFakult\u00e4t f\u00fcr Wirtschafts- und SozialwissenschaftenHolstenhofweg 8522043 Hamburg\u2014Postfach 70 08 2222008 Hamburg Raum: H1, 2119 Telefon: +49 40 6541 2354 E-Mail: lilian.langer@hsu.hamburg CV Lilian Langer hat Rechtswissenschaft an der [&hellip;]<\/p>\n","protected":false},"author":4175,"featured_media":0,"parent":106,"menu_order":0,"comment_status":"closed","ping_status":"closed","template":"","meta":{"_EventAllDay":false,"_EventTimezone":"","_EventStartDate":"","_EventEndDate":"","_EventStartDateUTC":"","_EventEndDateUTC":"","_EventShowMap":false,"_EventShowMapLink":false,"_EventURL":"","_EventCost":"","_EventCostDescription":"","_EventCurrencySymbol":"","_EventCurrencyCode":"","_EventCurrencyPosition":"","_EventDateTimeSeparator":"","_EventTimeRangeSeparator":"","_EventOrganizerID":[],"_EventVenueID":[],"_OrganizerEmail":"","_OrganizerPhone":"","_OrganizerWebsite":"","_VenueAddress":"","_VenueCity":"","_VenueCountry":"","_VenueProvince":"","_VenueState":"","_VenueZip":"","_VenuePhone":"","_VenueURL":"","_VenueStateProvince":"","_VenueLat":"","_VenueLng":"","_VenueShowMap":false,"_VenueShowMapLink":false,"footnotes":""},"categories":[8],"tags":[],"class_list":["post-446","page","type-page","status-publish","hentry","category-team"],"_links":{"self":[{"href":"https:\/\/www.hsu-hh.de\/rdt\/wp-json\/wp\/v2\/pages\/446","targetHints":{"allow":["GET"]}}],"collection":[{"href":"https:\/\/www.hsu-hh.de\/rdt\/wp-json\/wp\/v2\/pages"}],"about":[{"href":"https:\/\/www.hsu-hh.de\/rdt\/wp-json\/wp\/v2\/types\/page"}],"author":[{"embeddable":true,"href":"https:\/\/www.hsu-hh.de\/rdt\/wp-json\/wp\/v2\/users\/4175"}],"replies":[{"embeddable":true,"href":"https:\/\/www.hsu-hh.de\/rdt\/wp-json\/wp\/v2\/comments?post=446"}],"version-history":[{"count":8,"href":"https:\/\/www.hsu-hh.de\/rdt\/wp-json\/wp\/v2\/pages\/446\/revisions"}],"predecessor-version":[{"id":649,"href":"https:\/\/www.hsu-hh.de\/rdt\/wp-json\/wp\/v2\/pages\/446\/revisions\/649"}],"up":[{"embeddable":true,"href":"https:\/\/www.hsu-hh.de\/rdt\/wp-json\/wp\/v2\/pages\/106"}],"wp:attachment":[{"href":"https:\/\/www.hsu-hh.de\/rdt\/wp-json\/wp\/v2\/media?parent=446"}],"wp:term":[{"taxonomy":"category","embeddable":true,"href":"https:\/\/www.hsu-hh.de\/rdt\/wp-json\/wp\/v2\/categories?post=446"},{"taxonomy":"post_tag","embeddable":true,"href":"https:\/\/www.hsu-hh.de\/rdt\/wp-json\/wp\/v2\/tags?post=446"}],"curies":[{"name":"wp","href":"https:\/\/api.w.org\/{rel}","templated":true}]}}