{"id":321,"date":"2025-09-10T19:33:43","date_gmt":"2025-09-10T17:33:43","guid":{"rendered":"https:\/\/www.hsu-hh.de\/rdt\/?page_id=321"},"modified":"2025-10-05T15:28:59","modified_gmt":"2025-10-05T13:28:59","slug":"univ-prof-dr-jur-margarete-schuler-harms","status":"publish","type":"page","link":"https:\/\/www.hsu-hh.de\/rdt\/de\/mitarbeiter\/univ-prof-dr-jur-margarete-schuler-harms\/","title":{"rendered":"Univ.-Prof. Dr. Margarete Schuler-Harms"},"content":{"rendered":"\n<p class=\"has-small-font-size\">ehemals Professurinhaberin der Professur f\u00fcr \u00d6ffentliches Recht, insbes. \u00d6ffentliches Wirtschafts- und Umweltrecht<\/p>\n\n\n\n<div style=\"height:34px\" aria-hidden=\"true\" class=\"wp-block-spacer\"><\/div>\n\n\n\n<div class=\"wp-block-columns is-layout-flex wp-container-core-columns-is-layout-9d6595d7 wp-block-columns-is-layout-flex\">\n<div class=\"wp-block-column is-layout-flow wp-block-column-is-layout-flow\">\n<p><strong> Anschrift<\/strong><br \/>Helmut-Schmidt-Universit\u00e4t<br \/>Fakult\u00e4t f\u00fcr Wirtschafts- und Sozialwissenschaften<br \/>Holstenhofweg 85<br \/>22043 Hamburg<br \/>\u2014<br \/>Postfach 70 08 22 <br \/>22008 Hamburg<\/p>\n<\/div>\n\n\n\n<div class=\"wp-block-column is-layout-flow wp-block-column-is-layout-flow\">\n<p><strong>Raum<\/strong>: H1, 2118<\/p>\n<p><strong>Telefon<\/strong>: +4940 6541-2782<br \/><strong>Fax<\/strong>: +4940 6541-2087<\/p>\n<p><strong>E-Mail<\/strong>: <a href=\"mailto:schuler-harms@hsu-hh.de\" rel='nofollow'>schuler-harms@hsu-hh.de<\/a><\/p>\n<p><strong>Sekretariat<\/strong>: Anja Lahann<br \/><strong>Telefon<\/strong>: +4940 6541-2621<\/p>\n<\/div>\n\n\n\n<div class=\"wp-block-column is-layout-flow wp-block-column-is-layout-flow\">\n<figure class=\"wp-block-image size-full is-resized\"><img loading=\"lazy\" decoding=\"async\" width=\"768\" height=\"960\" src=\"https:\/\/www.hsu-hh.de\/rdt\/wp-content\/uploads\/sites\/940\/2025\/09\/021_3476-kurz-768x960-1.jpg\" data-credit=\"Ulrike Schr\u00f6der\" alt=\"\" class=\"wp-image-322\" style=\"width:221px;height:auto\" srcset=\"https:\/\/www.hsu-hh.de\/rdt\/wp-content\/uploads\/sites\/940\/2025\/09\/021_3476-kurz-768x960-1.jpg 768w, https:\/\/www.hsu-hh.de\/rdt\/wp-content\/uploads\/sites\/940\/2025\/09\/021_3476-kurz-768x960-1-240x300.jpg 240w\" sizes=\"auto, (max-width: 768px) 100vw, 768px\" \/><\/figure>\n<\/div>\n<\/div>\n\n\n<p><strong>Sprechstunde<\/strong><\/p>\n<p>nach Vereinbarung<\/p>\n\n\n<hr class=\"wp-block-separator has-alpha-channel-opacity\" \/>\n\n\n\n<h4 class=\"wp-block-heading\">CV<\/h4>\n\n\n\n<p>Margarete Schuler-Harms studierte Rechtswissenschaft in Freiburg im Breisgau und legte auch das Zweite juristische Staatsexamen in Baden-W\u00fcrttemberg ab. Von 1986 bis 1989 war sie als Rechtsreferentin und Justitiarin der Anstalt f\u00fcr Kabelkommunikation (einer Vorg\u00e4ngerin der Medienanstalt Berlin-Brandenburg) t\u00e4tig. An der Fakult\u00e4t f\u00fcr Rechtswissenschaft der Universit\u00e4t Hamburg wurde sie 1995 promoviert und 2004 habilitiert. Nach Lehrstuhlvertretungen an der Universit\u00e4t Hamburg, der Goethe-Universit\u00e4t Frankfurt\/Main und der Helmut-Schmidt-Universit\u00e4t\/Universit\u00e4t der Bundeswehr wurde sie 2006 auf die Professur f\u00fcr \u00d6ffentliches Recht, insbesondere \u00d6ffentliches Wirtschafts- und Umweltrecht an der\u00a0<abbr title=\"Helmut Schmidt Universit\u00e4t\">HSU<\/abbr>\/UniBw H ernannt. 2015\/2016 war sie Dekanin der Fakult\u00e4t f\u00fcr Wirtschafts- und Sozialwissenschaften. Seit 1. Januar 2022 ist sie\u00a0<a href=\"https:\/\/www.hsu-hh.de\/universitaet\/universitatsleitung\">Vizepr\u00e4sidentin\u00a0<\/a>f\u00fcr Forschung.<\/p>\n\n\n\n<hr class=\"wp-block-separator has-alpha-channel-opacity\" \/>\n\n\n<p><strong>Publikationen<\/strong><\/p>\n<p><a href=\"https:\/\/www.hsu-hh.de\/rdt\/wp-content\/uploads\/sites\/940\/2025\/09\/Publikationsverzeichnis-Schuler-Harms.pdf\">Publikationsverzeichnis<\/a><\/p>\n\n\n<hr class=\"wp-block-separator has-alpha-channel-opacity\" \/>\n\n\n<p><strong>Forschungsschwerpunkte<\/strong><\/p>\n<ul>\n<li>Medienrecht: Medienverfassungsrecht, Medienregulierungsrecht, Medienaufsicht<\/li>\n<li>\u00d6ffentliches Familienrecht, insbes. Verfassungsrecht, Sozial- und Steuerrecht, Aufenthaltsrecht der Familie<\/li>\n<li>Sozialversicherungsrecht, Gesundheitsrecht<\/li>\n<li>Forschungsschwerpunkt der Professur: Rechtsfragen autonomer Mobilit\u00e4t<\/li>\n<\/ul>\n\n\n<hr class=\"wp-block-separator has-alpha-channel-opacity\" \/>\n\n\n<p>Mitgliedschaften (Auswahl)<\/p>\n<ul>\n<li>Stellvertretendes Mitglied des Hamburgischen Verfassungsgerichts<\/li>\n<li>Mitglied und stellvertretende Vorsitzende des <a href=\"https:\/\/www.bmbfsfj.bund.de\/bmbfsfj\/ministerium\/behoerden-beauftragte-beiraete-gremien\/beirat-familienfragen\/wissenschaftlicher-beirat-fuer-familienfragen-74184\" rel='nofollow'>Wissenschaftlichen Beirats f\u00fcr Familienfragen beim Bundesministerium f\u00fcr Familie, Senioren, Frauen und Jugend<\/a><\/li>\n<li>Sprecherin des <a href=\"https:\/\/www.sozialrechtsverbund.de\" rel='nofollow'>Sozialrechtsverbundes Norddeutschland SVN<\/a><\/li>\n<li>Mitglied im Ethikkomitee des Bundeswehrkrankenhauses Hamburg<\/li>\n<\/ul>\n<p>\u00a0<\/p>\n<p><a href=\"https:\/\/www.hsu-hh.de\/rdt\/wp-content\/uploads\/sites\/940\/2025\/09\/Mitgliedschaften-und-Aemter-Schuler-Harms.pdf\">Verzeichnis der Mitgliedschaften<\/a><\/p>\n\n\n<div style=\"height:25px\" aria-hidden=\"true\" class=\"wp-block-spacer\"><\/div>\n\n\n\n<p><\/p>\n","protected":false},"excerpt":{"rendered":"<p>ehemals Professurinhaberin der Professur f\u00fcr \u00d6ffentliches Recht, insbes. \u00d6ffentliches Wirtschafts- und Umweltrecht AnschriftHelmut-Schmidt-Universit\u00e4tFakult\u00e4t f\u00fcr Wirtschafts- und SozialwissenschaftenHolstenhofweg 8522043 Hamburg\u2014Postfach 70 08 22 22008 Hamburg Raum: H1, 2118 Telefon: +4940 6541-2782Fax: [&hellip;]<\/p>\n","protected":false},"author":4175,"featured_media":0,"parent":106,"menu_order":0,"comment_status":"closed","ping_status":"closed","template":"","meta":{"_EventAllDay":false,"_EventTimezone":"","_EventStartDate":"","_EventEndDate":"","_EventStartDateUTC":"","_EventEndDateUTC":"","_EventShowMap":false,"_EventShowMapLink":false,"_EventURL":"","_EventCost":"","_EventCostDescription":"","_EventCurrencySymbol":"","_EventCurrencyCode":"","_EventCurrencyPosition":"","_EventDateTimeSeparator":"","_EventTimeRangeSeparator":"","_EventOrganizerID":[],"_EventVenueID":[],"_OrganizerEmail":"","_OrganizerPhone":"","_OrganizerWebsite":"","_VenueAddress":"","_VenueCity":"","_VenueCountry":"","_VenueProvince":"","_VenueState":"","_VenueZip":"","_VenuePhone":"","_VenueURL":"","_VenueStateProvince":"","_VenueLat":"","_VenueLng":"","_VenueShowMap":false,"_VenueShowMapLink":false,"footnotes":""},"categories":[8],"tags":[],"class_list":["post-321","page","type-page","status-publish","hentry","category-team"],"_links":{"self":[{"href":"https:\/\/www.hsu-hh.de\/rdt\/wp-json\/wp\/v2\/pages\/321","targetHints":{"allow":["GET"]}}],"collection":[{"href":"https:\/\/www.hsu-hh.de\/rdt\/wp-json\/wp\/v2\/pages"}],"about":[{"href":"https:\/\/www.hsu-hh.de\/rdt\/wp-json\/wp\/v2\/types\/page"}],"author":[{"embeddable":true,"href":"https:\/\/www.hsu-hh.de\/rdt\/wp-json\/wp\/v2\/users\/4175"}],"replies":[{"embeddable":true,"href":"https:\/\/www.hsu-hh.de\/rdt\/wp-json\/wp\/v2\/comments?post=321"}],"version-history":[{"count":5,"href":"https:\/\/www.hsu-hh.de\/rdt\/wp-json\/wp\/v2\/pages\/321\/revisions"}],"predecessor-version":[{"id":458,"href":"https:\/\/www.hsu-hh.de\/rdt\/wp-json\/wp\/v2\/pages\/321\/revisions\/458"}],"up":[{"embeddable":true,"href":"https:\/\/www.hsu-hh.de\/rdt\/wp-json\/wp\/v2\/pages\/106"}],"wp:attachment":[{"href":"https:\/\/www.hsu-hh.de\/rdt\/wp-json\/wp\/v2\/media?parent=321"}],"wp:term":[{"taxonomy":"category","embeddable":true,"href":"https:\/\/www.hsu-hh.de\/rdt\/wp-json\/wp\/v2\/categories?post=321"},{"taxonomy":"post_tag","embeddable":true,"href":"https:\/\/www.hsu-hh.de\/rdt\/wp-json\/wp\/v2\/tags?post=321"}],"curies":[{"name":"wp","href":"https:\/\/api.w.org\/{rel}","templated":true}]}}