{"id":305,"date":"2025-09-10T16:17:12","date_gmt":"2025-09-10T14:17:12","guid":{"rendered":"https:\/\/www.hsu-hh.de\/rdt\/?page_id=305"},"modified":"2026-03-22T19:33:56","modified_gmt":"2026-03-22T18:33:56","slug":"hilfskraefte","status":"publish","type":"page","link":"https:\/\/www.hsu-hh.de\/rdt\/de\/mitarbeiter\/hilfskraefte\/","title":{"rendered":"Hilfskr\u00e4fte"},"content":{"rendered":"\n<div style=\"height:35px\" aria-hidden=\"true\" class=\"wp-block-spacer\"><\/div>\n\n\n<h2><strong>Studentische Hilfskr\u00e4fte<\/strong><\/h2>\n\n\n<div style=\"height:35px\" aria-hidden=\"true\" class=\"wp-block-spacer\"><\/div>\n\n\n\n<div class=\"wp-block-columns is-layout-flex wp-container-core-columns-is-layout-9d6595d7 wp-block-columns-is-layout-flex\">\n<div class=\"wp-block-column is-layout-flow wp-block-column-is-layout-flow\">\n<p><strong> Zahra-Melodie Bayatpoor<\/strong><\/p>\n<p>Zahra-Melodie Bayatpoor studiert Rechtswissenschaft an der Universit\u00e4t Hamburg. Derzeit befindet sie sich im 8. Fachsemester und absolviert ihren universit\u00e4ren Schwerpunkt im Sozialrecht mit arbeitsrechtlichen Bez\u00fcgen. Ihr besonderes wissenschaftliches Interesse gilt dem \u00d6ffentlichen Recht sowie den rechtlichen Fragestellungen im Bereich des gesellschaftlichen Wandels.\u00a0<\/p>\n<p>Seit Februar 2026 unterst\u00fctzt Zahra-Melodie Bayatpoor die Professur als studentische Hilfskraft. Zu ihren Schwerpunkten geh\u00f6rt die Unterst\u00fctzung bei der Recherche zu aktuellen Forschungs- und Lehrprojekten.<\/p>\n<p>E-Mail: <a href=\"mailto:bayatpoz@hsu.hamburg\" rel='nofollow'>bayatpoz@hsu.hamburg<\/a><\/p>\n<\/div>\n\n\n\n<div class=\"wp-block-column is-layout-flow wp-block-column-is-layout-flow\"><\/div>\n<\/div>\n\n\n\n<div style=\"height:50px\" aria-hidden=\"true\" class=\"wp-block-spacer\"><\/div>\n\n\n\n<div class=\"wp-block-columns is-layout-flex wp-container-core-columns-is-layout-9d6595d7 wp-block-columns-is-layout-flex\">\n<div class=\"wp-block-column is-layout-flow wp-block-column-is-layout-flow\">\n<p><strong>Mina Bruhn<\/strong><\/p>\n<p>Mina Bruhn studiert seit 2022 Rechtswissenschaften an der Universit\u00e4t Hamburg. Derzeit absolviert sie ihren Schwerpunkt in Law and Economics. Sie interessiert sich insbesondere f\u00fcr wirtschaftsrechtliche Fragestellungen.<\/p>\n<p>Seit M\u00e4rz 2026 unterst\u00fctzt Mina Bruhn die Professur als studentische Hilfskraft.<\/p>\n<p>E-Mail: <a href=\"mailto:bruhnm@hsu.hamburg\" rel='nofollow'>bruhnm@hsu.hamburg<\/a><\/p>\n<\/div>\n\n\n\n<div class=\"wp-block-column is-layout-flow wp-block-column-is-layout-flow\"><\/div>\n<\/div>\n\n\n\n<div style=\"height:50px\" aria-hidden=\"true\" class=\"wp-block-spacer\"><\/div>\n\n\n\n<div class=\"wp-block-columns is-layout-flex wp-container-core-columns-is-layout-9d6595d7 wp-block-columns-is-layout-flex\">\n<div class=\"wp-block-column is-layout-flow wp-block-column-is-layout-flow\">\n<p><strong>Reyhan Cinar<\/strong><\/p>\n<p>Reyhan Cinar studiert seit 2025 Rechtswissenschaften an der Universit\u00e4t Hamburg. Derzeit befindet sie sich in der Grundphase des Studiums und interessiert sich vor allem f\u00fcr das Zivil- und \u00d6ffentliche Recht.<br \/>In ihrer Freizeit liest sie gerne.<\/p>\n<p>E-Mail: <a href=\"mailto:cinarr@hsu.hamburg\" rel='nofollow'>cinarr@hsu.hamburg<\/a><\/p>\n<\/div>\n\n\n\n<div class=\"wp-block-column is-layout-flow wp-block-column-is-layout-flow\"><\/div>\n<\/div>\n\n\n\n<div style=\"height:50px\" aria-hidden=\"true\" class=\"wp-block-spacer\"><\/div>\n\n\n\n<div class=\"wp-block-columns is-layout-flex wp-container-core-columns-is-layout-9d6595d7 wp-block-columns-is-layout-flex\">\n<div class=\"wp-block-column is-layout-flow wp-block-column-is-layout-flow\">\n<p><strong>Hannes Goerke<\/strong><\/p>\n<p>Hannes Goerke studiert Good Governance \u2013 Rechtsgestaltung (LL.M.) an der Universit\u00e4t Rostock. 2025 schloss er dort sein Bachelorstudium Good Governance &#8211; Wirtschaft, Gesellschaft, Recht (LL.B.) ab. An der Professur f\u00fcr \u00d6ffentliches Recht mit einem Schwerpunkt im \u00f6ffentlichen Wirtschaftsrecht und Recht der Transformation arbeitet er aktuell unter anderem im Projekt &#8222;M\u00fctter des Grundgesetzes&#8220; (gef\u00f6rdert von der Fritz Thyssen Stiftung).<\/p>\n<p>Hannes Goerke ist seit Oktober 2024 Stipendiat bei der Stiftung der Deutschen Wirtschaft. Neben dem Studium engagiert er sich im Fachschaftsrat der Juristischen Fakult\u00e4t der Universit\u00e4t Rostock. Au\u00dferdem arbeitet er als studentische Hilfskraft am Lehrstuhl f\u00fcr \u00d6ffentliches Recht, Wirtschafts- und Medienrecht, Rechtstheorie und Rechts\u00f6konomik von <abbr title=\"Professor\">Prof.<\/abbr> <abbr title=\"Doktor\">Dr.<\/abbr> J\u00f6rn L\u00fcdemann (Universit\u00e4t Rostock).<\/p>\n<p>E-Mail: <a href=\"mailto:goerkeh@hsu.hamburg\" rel='nofollow'>goerkeh@hsu.hamburg<\/a><\/p>\n<\/div>\n\n\n\n<div class=\"wp-block-column is-layout-flow wp-block-column-is-layout-flow\">\n<figure class=\"wp-block-image size-large is-resized\"><img loading=\"lazy\" decoding=\"async\" width=\"768\" height=\"1024\" src=\"https:\/\/www.hsu-hh.de\/rdt\/wp-content\/uploads\/sites\/940\/2025\/09\/goerke-768x1024.jpg\" data-credit=\"Privat\" alt=\"\" class=\"wp-image-307\" style=\"aspect-ratio:0.7500187504687618;width:290px;height:auto\" srcset=\"https:\/\/www.hsu-hh.de\/rdt\/wp-content\/uploads\/sites\/940\/2025\/09\/goerke-768x1024.jpg 768w, https:\/\/www.hsu-hh.de\/rdt\/wp-content\/uploads\/sites\/940\/2025\/09\/goerke-225x300.jpg 225w, https:\/\/www.hsu-hh.de\/rdt\/wp-content\/uploads\/sites\/940\/2025\/09\/goerke-1152x1536.jpg 1152w, https:\/\/www.hsu-hh.de\/rdt\/wp-content\/uploads\/sites\/940\/2025\/09\/goerke-1100x1467.jpg 1100w, https:\/\/www.hsu-hh.de\/rdt\/wp-content\/uploads\/sites\/940\/2025\/09\/goerke.jpg 1200w\" sizes=\"auto, (max-width: 768px) 100vw, 768px\" \/><\/figure>\n<\/div>\n<\/div>\n\n\n\n<div style=\"height:50px\" aria-hidden=\"true\" class=\"wp-block-spacer\"><\/div>\n\n\n\n<div class=\"wp-block-columns is-layout-flex wp-container-core-columns-is-layout-9d6595d7 wp-block-columns-is-layout-flex\">\n<div class=\"wp-block-column is-layout-flow wp-block-column-is-layout-flow\">\n<p><strong>Fiona Kalberg<\/strong><\/p>\n<p>Fiona Kalberg studiert Rechtswissenschaft (Staatsexamen) an der Universit\u00e4t M\u00fcnster. 2023 hat sie dort ihr Zusatzstudium der Fachspezifischen Fremdsprachenausbildung (FFA) Franz\u00f6sisch abgeschlossen und 2022\/23 ein Auslandssemester an der Universit\u00e9 de Strasbourg absolviert. An der Professur wirkt sie <abbr title=\"unter anderem\">u.a.<\/abbr> bei der Lehrvorbereitung sowie bei den Forschungsaktivit\u00e4ten im Bereich der Legal Gender Studies mit. Neben dem Studium hat sie sich <abbr title=\"unter anderem\">u.a.<\/abbr> im studentischen Planungsteam der Ringvorlesung &#8222;Recht kritisch denken&#8220; (SoSe 2024, Universit\u00e4t M\u00fcnster) und von 2021 bis 2024 im Vorstand der Hochschulgruppe ELSA M\u00fcnster engagiert. Seit 2022 betreut und moderiert sie den Podcast der Hochschulgruppe, den <abbr title=\"sogenannt\">sog.<\/abbr> ELSAcast.<\/p>\n<p>E-Mail: <a href=\"mailto:kalbergf@hsu.hamburg\" rel='nofollow'>kalbergf@hsu.hamburg<\/a><\/p>\n<\/div>\n\n\n\n<div class=\"wp-block-column is-layout-flow wp-block-column-is-layout-flow\">\n<figure class=\"wp-block-image size-large is-resized\"><img loading=\"lazy\" decoding=\"async\" width=\"863\" height=\"1024\" src=\"https:\/\/www.hsu-hh.de\/rdt\/wp-content\/uploads\/sites\/940\/2025\/10\/csm_Fiona_alternativ_9430dc12bb-863x1024.png\" data-credit=\"Privat\" alt=\"\" class=\"wp-image-437\" style=\"aspect-ratio:0.8427876823338736;width:302px;height:auto\" srcset=\"https:\/\/www.hsu-hh.de\/rdt\/wp-content\/uploads\/sites\/940\/2025\/10\/csm_Fiona_alternativ_9430dc12bb-863x1024.png 863w, https:\/\/www.hsu-hh.de\/rdt\/wp-content\/uploads\/sites\/940\/2025\/10\/csm_Fiona_alternativ_9430dc12bb-253x300.png 253w, https:\/\/www.hsu-hh.de\/rdt\/wp-content\/uploads\/sites\/940\/2025\/10\/csm_Fiona_alternativ_9430dc12bb-768x911.png 768w, https:\/\/www.hsu-hh.de\/rdt\/wp-content\/uploads\/sites\/940\/2025\/10\/csm_Fiona_alternativ_9430dc12bb.png 908w\" sizes=\"auto, (max-width: 863px) 100vw, 863px\" \/><\/figure>\n<\/div>\n<\/div>\n\n\n\n<div style=\"height:50px\" aria-hidden=\"true\" class=\"wp-block-spacer\"><\/div>\n\n\n\n<div class=\"wp-block-columns is-layout-flex wp-container-core-columns-is-layout-9d6595d7 wp-block-columns-is-layout-flex\">\n<div class=\"wp-block-column is-layout-flow wp-block-column-is-layout-flow\">\n<p><strong>Alexander Kidon<\/strong><\/p>\n<p>Alexander Kidon studiert Rechtswissenschaft an der Universit\u00e4t Hamburg und bereitet sich derzeit auf das Erste Juristische Staatsexamen vor. Er absolvierte seinen universit\u00e4ren Schwerpunkt im Europa- und V\u00f6lkerrecht und verbrachte ein Auslandssemester am Trinity College Dublin.<\/p>\n<p>Praktische Erfahrungen hat er am Max-Planck-Institut f\u00fcr ausl\u00e4ndisches und internationales Privatrecht, im Bundeswirtschaftsministerium (Abteilung Europapolitik) sowie in Wirtschaftskanzleien gesammelt. Seit August 2024 ist er als studentische Hilfskraft an der <abbr title=\"Helmut Schmidt Universit\u00e4t\">HSU<\/abbr> t\u00e4tig.<\/p>\n<p>E-Mail: <a href=\"mailto:kidona@hsu-hh.de\" rel='nofollow'>kidona@hsu-hh.de<\/a><\/p>\n<\/div>\n\n\n\n<div class=\"wp-block-column is-layout-flow wp-block-column-is-layout-flow\">\n<figure class=\"wp-block-image size-large is-resized\"><img loading=\"lazy\" decoding=\"async\" width=\"732\" height=\"1024\" src=\"https:\/\/www.hsu-hh.de\/rdt\/wp-content\/uploads\/sites\/940\/2025\/11\/WhatsApp-Image-2025-11-20-at-13.49.25-732x1024.jpeg\" data-credit=\"Privat\" alt=\"\" class=\"wp-image-520\" style=\"aspect-ratio:0.7148499210110585;width:244px;height:auto\" srcset=\"https:\/\/www.hsu-hh.de\/rdt\/wp-content\/uploads\/sites\/940\/2025\/11\/WhatsApp-Image-2025-11-20-at-13.49.25-732x1024.jpeg 732w, https:\/\/www.hsu-hh.de\/rdt\/wp-content\/uploads\/sites\/940\/2025\/11\/WhatsApp-Image-2025-11-20-at-13.49.25-214x300.jpeg 214w, https:\/\/www.hsu-hh.de\/rdt\/wp-content\/uploads\/sites\/940\/2025\/11\/WhatsApp-Image-2025-11-20-at-13.49.25-768x1075.jpeg 768w, https:\/\/www.hsu-hh.de\/rdt\/wp-content\/uploads\/sites\/940\/2025\/11\/WhatsApp-Image-2025-11-20-at-13.49.25-1097x1536.jpeg 1097w, https:\/\/www.hsu-hh.de\/rdt\/wp-content\/uploads\/sites\/940\/2025\/11\/WhatsApp-Image-2025-11-20-at-13.49.25-1100x1540.jpeg 1100w, https:\/\/www.hsu-hh.de\/rdt\/wp-content\/uploads\/sites\/940\/2025\/11\/WhatsApp-Image-2025-11-20-at-13.49.25.jpeg 1341w\" sizes=\"auto, (max-width: 732px) 100vw, 732px\" \/><\/figure>\n<\/div>\n<\/div>\n\n\n\n<div style=\"height:35px\" aria-hidden=\"true\" class=\"wp-block-spacer\"><\/div>\n\n\n<h2><strong>Soldatische Hilfskr\u00e4fte<\/strong><\/h2>\n\n\n<div style=\"height:35px\" aria-hidden=\"true\" class=\"wp-block-spacer\"><\/div>\n\n\n\n<div class=\"wp-block-columns is-layout-flex wp-container-core-columns-is-layout-9d6595d7 wp-block-columns-is-layout-flex\">\n<div class=\"wp-block-column is-layout-flow wp-block-column-is-layout-flow\">\n<p><strong>Miguel Liakidis Alves<\/strong><\/p>\n<p><span style=\"font-size: revert\">Miguel Liakidis Alves studiert Volkswirtschaftslehre an der Helmut-Schmidt-Universit\u00e4t\/Universit\u00e4t der Bundeswehr Hamburg. Sein Bachelorstudium schloss er dort im Jahr 2025 ab. Parallel zu seinem Studium ist er Offizier der Bundeswehr im Dienstgrad Leutnant.<\/span><\/p>\n<p>Im Rahmen seines Masterstudiums arbeitet er an wissenschaftlichen Projekten mit Bezug zur europ\u00e4ischen Wirtschafts- und W\u00e4hrungspolitik und plant seine Abschlussarbeiten im Bereich der Geldpolitik, insbesondere zu Anleihekaufprogrammen der Europ\u00e4ischen Zentralbank. Neben dem Studium engagiert er sich stark im kulturellen Bereich der Universit\u00e4t, unter anderem in der Organisation und Moderation klassischer Konzertformate.<\/p>\n<\/div>\n\n\n\n<div class=\"wp-block-column is-layout-flow wp-block-column-is-layout-flow\">\n<figure class=\"wp-block-image size-large is-resized\"><img loading=\"lazy\" decoding=\"async\" width=\"683\" height=\"1024\" src=\"https:\/\/www.hsu-hh.de\/rdt\/wp-content\/uploads\/sites\/940\/2026\/01\/Miguel_Bild_HSU-683x1024.jpg\" data-credit=\"Privat\" alt=\"\" class=\"wp-image-585\" style=\"width:294px;height:auto\" srcset=\"https:\/\/www.hsu-hh.de\/rdt\/wp-content\/uploads\/sites\/940\/2026\/01\/Miguel_Bild_HSU-683x1024.jpg 683w, https:\/\/www.hsu-hh.de\/rdt\/wp-content\/uploads\/sites\/940\/2026\/01\/Miguel_Bild_HSU-200x300.jpg 200w, https:\/\/www.hsu-hh.de\/rdt\/wp-content\/uploads\/sites\/940\/2026\/01\/Miguel_Bild_HSU-768x1152.jpg 768w, https:\/\/www.hsu-hh.de\/rdt\/wp-content\/uploads\/sites\/940\/2026\/01\/Miguel_Bild_HSU-1024x1536.jpg 1024w, https:\/\/www.hsu-hh.de\/rdt\/wp-content\/uploads\/sites\/940\/2026\/01\/Miguel_Bild_HSU-1365x2048.jpg 1365w, https:\/\/www.hsu-hh.de\/rdt\/wp-content\/uploads\/sites\/940\/2026\/01\/Miguel_Bild_HSU-1100x1650.jpg 1100w, https:\/\/www.hsu-hh.de\/rdt\/wp-content\/uploads\/sites\/940\/2026\/01\/Miguel_Bild_HSU-scaled.jpg 1707w\" sizes=\"auto, (max-width: 683px) 100vw, 683px\" \/><\/figure>\n<\/div>\n<\/div>\n\n\n\n<div style=\"height:35px\" aria-hidden=\"true\" class=\"wp-block-spacer\"><\/div>\n\n\n\n<div class=\"wp-block-columns is-layout-flex wp-container-core-columns-is-layout-9d6595d7 wp-block-columns-is-layout-flex\">\n<div class=\"wp-block-column is-layout-flow wp-block-column-is-layout-flow\">\n<p><strong>Kajetan M\u00fcller<\/strong><\/p>\n<p>Kajetan M\u00fcller studiert Politikwissenschaft an der Helmut-Schmidt-Universit\u00e4t\/Universit\u00e4t der Bundeswehr Hamburg. Parallel dazu absolviert er ein Studium der Rechtswissenschaften (LL.B.) an der FernUniversit\u00e4t in Hagen. Neben seinem Studium ist er Offizieranw\u00e4rter der Bundeswehr im Dienstgrad Oberf\u00e4hnrich.<\/p>\n<p>Sein wissenschaftliches Interesse gilt insbesondere der Sicherheits- und Verteidigungspolitik. In seinem Studium befasst er sich mit sicherheitspolitischen Fragestellungen auf nationaler und internationaler Ebene und verbindet politikwissenschaftliche Ans\u00e4tze mit rechtswissenschaftlichen Perspektiven. Seit Januar 2026 ist er als soldatische Hilfskraft an der Professur t\u00e4tig.<\/p>\n<\/div>\n\n\n\n<div class=\"wp-block-column is-layout-flow wp-block-column-is-layout-flow\"><\/div>\n<\/div>\n\n\n\n<p><\/p>\n","protected":false},"excerpt":{"rendered":"<p>Studentische Hilfskr\u00e4fte Zahra-Melodie Bayatpoor Zahra-Melodie Bayatpoor studiert Rechtswissenschaft an der Universit\u00e4t Hamburg. Derzeit befindet sie sich im 8. Fachsemester und absolviert ihren universit\u00e4ren Schwerpunkt im Sozialrecht mit arbeitsrechtlichen Bez\u00fcgen. Ihr [&hellip;]<\/p>\n","protected":false},"author":4175,"featured_media":0,"parent":106,"menu_order":0,"comment_status":"closed","ping_status":"closed","template":"","meta":{"_EventAllDay":false,"_EventTimezone":"","_EventStartDate":"","_EventEndDate":"","_EventStartDateUTC":"","_EventEndDateUTC":"","_EventShowMap":false,"_EventShowMapLink":false,"_EventURL":"","_EventCost":"","_EventCostDescription":"","_EventCurrencySymbol":"","_EventCurrencyCode":"","_EventCurrencyPosition":"","_EventDateTimeSeparator":"","_EventTimeRangeSeparator":"","_EventOrganizerID":[],"_EventVenueID":[],"_OrganizerEmail":"","_OrganizerPhone":"","_OrganizerWebsite":"","_VenueAddress":"","_VenueCity":"","_VenueCountry":"","_VenueProvince":"","_VenueState":"","_VenueZip":"","_VenuePhone":"","_VenueURL":"","_VenueStateProvince":"","_VenueLat":"","_VenueLng":"","_VenueShowMap":false,"_VenueShowMapLink":false,"footnotes":""},"categories":[8],"tags":[],"class_list":["post-305","page","type-page","status-publish","hentry","category-team"],"_links":{"self":[{"href":"https:\/\/www.hsu-hh.de\/rdt\/wp-json\/wp\/v2\/pages\/305","targetHints":{"allow":["GET"]}}],"collection":[{"href":"https:\/\/www.hsu-hh.de\/rdt\/wp-json\/wp\/v2\/pages"}],"about":[{"href":"https:\/\/www.hsu-hh.de\/rdt\/wp-json\/wp\/v2\/types\/page"}],"author":[{"embeddable":true,"href":"https:\/\/www.hsu-hh.de\/rdt\/wp-json\/wp\/v2\/users\/4175"}],"replies":[{"embeddable":true,"href":"https:\/\/www.hsu-hh.de\/rdt\/wp-json\/wp\/v2\/comments?post=305"}],"version-history":[{"count":67,"href":"https:\/\/www.hsu-hh.de\/rdt\/wp-json\/wp\/v2\/pages\/305\/revisions"}],"predecessor-version":[{"id":705,"href":"https:\/\/www.hsu-hh.de\/rdt\/wp-json\/wp\/v2\/pages\/305\/revisions\/705"}],"up":[{"embeddable":true,"href":"https:\/\/www.hsu-hh.de\/rdt\/wp-json\/wp\/v2\/pages\/106"}],"wp:attachment":[{"href":"https:\/\/www.hsu-hh.de\/rdt\/wp-json\/wp\/v2\/media?parent=305"}],"wp:term":[{"taxonomy":"category","embeddable":true,"href":"https:\/\/www.hsu-hh.de\/rdt\/wp-json\/wp\/v2\/categories?post=305"},{"taxonomy":"post_tag","embeddable":true,"href":"https:\/\/www.hsu-hh.de\/rdt\/wp-json\/wp\/v2\/tags?post=305"}],"curies":[{"name":"wp","href":"https:\/\/api.w.org\/{rel}","templated":true}]}}