{"id":112,"date":"2018-01-17T14:06:36","date_gmt":"2018-01-17T13:06:36","guid":{"rendered":"https:\/\/www.hsu-hh.de\/rdt\/?page_id=112"},"modified":"2025-09-16T13:08:10","modified_gmt":"2025-09-16T11:08:10","slug":"forschung","status":"publish","type":"page","link":"https:\/\/www.hsu-hh.de\/rdt\/de\/forschung\/","title":{"rendered":"Forschung"},"content":{"rendered":"<h2><strong>Forschungsprofil<\/strong><\/h2>\n<p>Die Professur f\u00fcr \u00d6ffentliches Recht mit einem Schwerpunkt im \u00f6ffentlichen Wirtschaftsrecht und Recht der Transformation besch\u00e4ftigt sich mit den rechtlichen Dimensionen sozialer, technologischer und \u00f6kologischer Transformationsprozesse. Im Zentrum stehen zwei Schwerpunkte: das <strong>Recht der sozial-\u00f6kologischen Transformation<\/strong> sowie die <strong>Legal Gender Studies<\/strong>.\u00a0<\/p>\n<p>Das <strong>Recht der sozial-\u00f6kologischen Transformation<\/strong> verbindet verfassungs- und verwaltungsrechtliche Fragen im Zusammenhang mit der Steuerung zentraler Wenden wie der Energie-, W\u00e4rme- und Verkehrswende. Neben der verfassungsrechtlichen Fundierung staatlicher Transformationsauftr\u00e4ge geht es auch um die Frage, mit welchen verwaltungs- und regulierungsrechtlichen Instrumenten die notwendigen Transformationsprozesse gestaltet werden k\u00f6nnen. Untersucht wird zudem die Rolle des Rechts f\u00fcr die Gew\u00e4hrleistung sicherer und nachhaltiger Infrastrukturen.\u00a0<\/p>\n<p>Im Bereich der <strong>Legal Gender Studies<\/strong> liegt der Schwerpunkt auf gesellschaftlichem Wandel in den Bereichen Familie, Reproduktion und Sexualit\u00e4t. Untersucht wird, inwiefern gesellschaftliche (Ungleichheits-)Verh\u00e4ltnisse durch rechtliche Regelungen festgeschrieben und perpetuiert werden, aber auch, welche M\u00f6glichkeiten bestehen, mit den Mitteln des Rechts Transformationen sozial, diskriminierungsfrei und gerecht zu gestalten. Ein besonderer Fokus liegt auf Fragen reproduktiver Rechte und reproduktiver Gerechtigkeit, die auch im Rahmen des Forschungsprojekts <a href=\"https:\/\/www.reprogerecht.de\" rel='nofollow'>ReproGerecht<\/a> behandelt werden.\u00a0<\/p>\n<p>Die Forschungsthemen werden rechtsdogmatisch, aber auch in ihren Bez\u00fcgen zu Grundlagenfragen der Rechtssoziologie, der Rechtsphilosophie und der (kritischen) Rechtstheorie sowie unter interdisziplin\u00e4ren Gesichtspunkten bearbeitet. Ziel ist es, gesellschaftlich dr\u00e4ngende Zukunftsfragen rechtswissenschaftlich fundiert und interdisziplin\u00e4r informiert zu bearbeiten.<\/p>\n\n\n<hr class=\"wp-block-separator has-alpha-channel-opacity\" \/>\n\n\n<h2>Aktuelle Forschungsprojekte<\/h2>\n<ul>\n<li>Recht der Verkehrswende: Verkehrsregulierungsrecht und nachhaltige multimodale Mobilit\u00e4t (gef\u00f6rdert durch die Akademie der Wissenschaften in Hamburg)<\/li>\n<li><a href=\"https:\/\/www.reprogerecht.de\" rel='nofollow'>ReproGerecht<\/a> (mit <abbr title=\"Professor\">Prof.<\/abbr> <abbr title=\"Doktor\">Dr.<\/abbr> Anne-Kristin Kuhnt\/Universit\u00e4t Rostock &amp; <abbr title=\"Professor\">Prof.<\/abbr> <abbr title=\"Doktor\">Dr.<\/abbr> Henrike von Scheliha\/Bucerius Law School, gef\u00f6rdert durch die Interdisziplin\u00e4re Fakult\u00e4t der Universit\u00e4t Rostock, ausgezeichnet mit dem Norddeutschen Wissenschaftspreis 2024)<\/li>\n<\/ul>\n\n\n<hr class=\"wp-block-separator has-alpha-channel-opacity\" \/>\n\n\n<h2>Schriften- und Vortragsverzeichnis<\/h2>\n<p><a href=\"https:\/\/www.hsu-hh.de\/rdt\/wp-content\/uploads\/sites\/940\/2025\/09\/Schriften-_und_Vortragsverzeichnis_8_2023.pdf\">Schriften- und Vortragsverzeichnis<\/a><\/p>\n\n\n<div style=\"height:30px\" aria-hidden=\"true\" class=\"wp-block-spacer\"><\/div>\n","protected":false},"excerpt":{"rendered":"<p>Forschungsprofil Die Professur f\u00fcr \u00d6ffentliches Recht mit einem Schwerpunkt im \u00f6ffentlichen Wirtschaftsrecht und Recht der Transformation besch\u00e4ftigt sich mit den rechtlichen Dimensionen sozialer, technologischer und \u00f6kologischer Transformationsprozesse. Im Zentrum stehen [&hellip;]<\/p>\n","protected":false},"author":26,"featured_media":0,"parent":0,"menu_order":0,"comment_status":"closed","ping_status":"closed","template":"","meta":{"_EventAllDay":false,"_EventTimezone":"","_EventStartDate":"","_EventEndDate":"","_EventStartDateUTC":"","_EventEndDateUTC":"","_EventShowMap":false,"_EventShowMapLink":false,"_EventURL":"","_EventCost":"","_EventCostDescription":"","_EventCurrencySymbol":"","_EventCurrencyCode":"","_EventCurrencyPosition":"","_EventDateTimeSeparator":"","_EventTimeRangeSeparator":"","_EventOrganizerID":[],"_EventVenueID":[],"_OrganizerEmail":"","_OrganizerPhone":"","_OrganizerWebsite":"","_VenueAddress":"","_VenueCity":"","_VenueCountry":"","_VenueProvince":"","_VenueState":"","_VenueZip":"","_VenuePhone":"","_VenueURL":"","_VenueStateProvince":"","_VenueLat":"","_VenueLng":"","_VenueShowMap":false,"_VenueShowMapLink":false,"footnotes":""},"categories":[4],"tags":[],"class_list":["post-112","page","type-page","status-publish","hentry","category-forschung"],"_links":{"self":[{"href":"https:\/\/www.hsu-hh.de\/rdt\/wp-json\/wp\/v2\/pages\/112","targetHints":{"allow":["GET"]}}],"collection":[{"href":"https:\/\/www.hsu-hh.de\/rdt\/wp-json\/wp\/v2\/pages"}],"about":[{"href":"https:\/\/www.hsu-hh.de\/rdt\/wp-json\/wp\/v2\/types\/page"}],"author":[{"embeddable":true,"href":"https:\/\/www.hsu-hh.de\/rdt\/wp-json\/wp\/v2\/users\/26"}],"replies":[{"embeddable":true,"href":"https:\/\/www.hsu-hh.de\/rdt\/wp-json\/wp\/v2\/comments?post=112"}],"version-history":[{"count":7,"href":"https:\/\/www.hsu-hh.de\/rdt\/wp-json\/wp\/v2\/pages\/112\/revisions"}],"predecessor-version":[{"id":382,"href":"https:\/\/www.hsu-hh.de\/rdt\/wp-json\/wp\/v2\/pages\/112\/revisions\/382"}],"wp:attachment":[{"href":"https:\/\/www.hsu-hh.de\/rdt\/wp-json\/wp\/v2\/media?parent=112"}],"wp:term":[{"taxonomy":"category","embeddable":true,"href":"https:\/\/www.hsu-hh.de\/rdt\/wp-json\/wp\/v2\/categories?post=112"},{"taxonomy":"post_tag","embeddable":true,"href":"https:\/\/www.hsu-hh.de\/rdt\/wp-json\/wp\/v2\/tags?post=112"}],"curies":[{"name":"wp","href":"https:\/\/api.w.org\/{rel}","templated":true}]}}