{"id":73,"date":"2017-07-03T15:52:08","date_gmt":"2017-07-03T13:52:08","guid":{"rendered":"https:\/\/www.hsu-hh.de\/vorlage\/?page_id=73"},"modified":"2026-04-15T14:14:12","modified_gmt":"2026-04-15T12:14:12","slug":"startseite","status":"publish","type":"page","link":"https:\/\/www.hsu-hh.de\/qe\/","title":{"rendered":"Qualit\u00e4tssicherung und -entwicklung im Studium"},"content":{"rendered":"\n<p>Die Helmut-Schmidt-Universit\u00e4t \/ Universit\u00e4t der Bundeswehr Hamburg (<abbr title=\"Helmut Schmidt Universit\u00e4t\">HSU<\/abbr>\/UniBw H) verf\u00fcgt \u00fcber umfangreiche und etablierte Prozesse der Qualit\u00e4tssicherung, die fest in den zentralen und dezentralen Gremien verankert sind. Die Qualit\u00e4t der Lehre und die Studienbedingungen werden also regelm\u00e4\u00dfig \u00fcberpr\u00fcft und von externen Gutachtergremien, Lehrenden, Mitarbeitenden und Studierenden gemeinsam weiterentwickelt.<\/p>\n\n\n\n<p>Die Studieng\u00e4nge liegen in der Verantwortung der <a href=\"https:\/\/www.hsu-hh.de\/einrichtungen#fakultaeten\">Fakult\u00e4ten<\/a>, die somit auch prim\u00e4r f\u00fcr die Qualit\u00e4tssicherung und -entwicklung in Studium und Lehre zust\u00e4ndig sind. Sie werden durch das <a href=\"https:\/\/www.hsu-hh.de\/qe\/kontakt_\" data-type=\"page\" data-id=\"336\">Team Lehre und Studium<\/a> der Pr\u00e4sidialabteilung unterst\u00fctzt. Hier werden alle fakult\u00e4ts\u00fcbergreifenden Prozesse rund um das Studium zusammengef\u00fchrt.<\/p>\n\n\n\n<ul class=\"wp-block-list\">\n<li>In der Qualit\u00e4tssicherung stellt das Team Studium und Lehre den Gremien und insbesondere den Fakult\u00e4ten und der Vizepr\u00e4sidentin f\u00fcr Lehre und Studium umfangreiche Daten \u00fcber Studium und Lehre bereit.<\/li>\n\n\n\n<li>In der Qualit\u00e4tsentwicklung unterst\u00fctzt das Team Studium und Lehre die Fakult\u00e4ten und Lehrenden in deren Bem\u00fchungen, allen Studierenden ein optimales Studium anzubieten.<\/li>\n<\/ul>\n","protected":false},"excerpt":{"rendered":"<p>Die Helmut-Schmidt-Universit\u00e4t \/ Universit\u00e4t der Bundeswehr Hamburg (HSU\/UniBw H) verf\u00fcgt \u00fcber umfangreiche und etablierte Prozesse der Qualit\u00e4tssicherung, die fest in den zentralen und dezentralen Gremien verankert sind. Die Qualit\u00e4t der [&hellip;]<\/p>\n","protected":false},"author":1,"featured_media":0,"parent":0,"menu_order":0,"comment_status":"closed","ping_status":"closed","template":"","meta":{"footnotes":""},"categories":[6],"tags":[],"class_list":["post-73","page","type-page","status-publish","hentry","category-lehre"],"_links":{"self":[{"href":"https:\/\/www.hsu-hh.de\/qe\/wp-json\/wp\/v2\/pages\/73","targetHints":{"allow":["GET"]}}],"collection":[{"href":"https:\/\/www.hsu-hh.de\/qe\/wp-json\/wp\/v2\/pages"}],"about":[{"href":"https:\/\/www.hsu-hh.de\/qe\/wp-json\/wp\/v2\/types\/page"}],"author":[{"embeddable":true,"href":"https:\/\/www.hsu-hh.de\/qe\/wp-json\/wp\/v2\/users\/1"}],"replies":[{"embeddable":true,"href":"https:\/\/www.hsu-hh.de\/qe\/wp-json\/wp\/v2\/comments?post=73"}],"version-history":[{"count":21,"href":"https:\/\/www.hsu-hh.de\/qe\/wp-json\/wp\/v2\/pages\/73\/revisions"}],"predecessor-version":[{"id":1010,"href":"https:\/\/www.hsu-hh.de\/qe\/wp-json\/wp\/v2\/pages\/73\/revisions\/1010"}],"wp:attachment":[{"href":"https:\/\/www.hsu-hh.de\/qe\/wp-json\/wp\/v2\/media?parent=73"}],"wp:term":[{"taxonomy":"category","embeddable":true,"href":"https:\/\/www.hsu-hh.de\/qe\/wp-json\/wp\/v2\/categories?post=73"},{"taxonomy":"post_tag","embeddable":true,"href":"https:\/\/www.hsu-hh.de\/qe\/wp-json\/wp\/v2\/tags?post=73"}],"curies":[{"name":"wp","href":"https:\/\/api.w.org\/{rel}","templated":true}]}}