{"id":653,"date":"2022-11-17T15:34:02","date_gmt":"2022-11-17T14:34:02","guid":{"rendered":"https:\/\/www.hsu-hh.de\/qe\/?page_id=653"},"modified":"2026-01-19T12:01:36","modified_gmt":"2026-01-19T11:01:36","slug":"evaexam","status":"publish","type":"page","link":"https:\/\/www.hsu-hh.de\/qe\/evaexam","title":{"rendered":"Multiple-Choice-Klausuren EvaExam"},"content":{"rendered":"\n<p>Pr\u00fcfende k\u00f6nnen ein System-Login erhalten, um eigenst\u00e4ndig papiergebundene Multiple-Choice-Klausuren erstellen und durchf\u00fchren zu k\u00f6nnen. Sollten Sie ein Login w\u00fcnschen, wenden Sie sich bitte per E-Mail an studium@hsu.hamburg. Wissenschaftliche Mitarbeitende schreiben bei dieser E-Mail bitte die eigene Professurinhaberin <abbr title=\"beziehungsweise\">bzw.<\/abbr> den eigenen Professurinhaber mit in die Kopie.<\/p>\n","protected":false},"excerpt":{"rendered":"<p>Pr\u00fcfende k\u00f6nnen ein System-Login erhalten, um eigenst\u00e4ndig papiergebundene Multiple-Choice-Klausuren erstellen und durchf\u00fchren zu k\u00f6nnen. Sollten Sie ein Login w\u00fcnschen, wenden Sie sich bitte per E-Mail an studium@hsu.hamburg. Wissenschaftliche Mitarbeitende schreiben [&hellip;]<\/p>\n","protected":false},"author":179,"featured_media":0,"parent":0,"menu_order":0,"comment_status":"closed","ping_status":"closed","template":"","meta":{"footnotes":""},"categories":[6],"tags":[],"class_list":["post-653","page","type-page","status-publish","hentry","category-lehre"],"_links":{"self":[{"href":"https:\/\/www.hsu-hh.de\/qe\/wp-json\/wp\/v2\/pages\/653","targetHints":{"allow":["GET"]}}],"collection":[{"href":"https:\/\/www.hsu-hh.de\/qe\/wp-json\/wp\/v2\/pages"}],"about":[{"href":"https:\/\/www.hsu-hh.de\/qe\/wp-json\/wp\/v2\/types\/page"}],"author":[{"embeddable":true,"href":"https:\/\/www.hsu-hh.de\/qe\/wp-json\/wp\/v2\/users\/179"}],"replies":[{"embeddable":true,"href":"https:\/\/www.hsu-hh.de\/qe\/wp-json\/wp\/v2\/comments?post=653"}],"version-history":[{"count":2,"href":"https:\/\/www.hsu-hh.de\/qe\/wp-json\/wp\/v2\/pages\/653\/revisions"}],"predecessor-version":[{"id":939,"href":"https:\/\/www.hsu-hh.de\/qe\/wp-json\/wp\/v2\/pages\/653\/revisions\/939"}],"wp:attachment":[{"href":"https:\/\/www.hsu-hh.de\/qe\/wp-json\/wp\/v2\/media?parent=653"}],"wp:term":[{"taxonomy":"category","embeddable":true,"href":"https:\/\/www.hsu-hh.de\/qe\/wp-json\/wp\/v2\/categories?post=653"},{"taxonomy":"post_tag","embeddable":true,"href":"https:\/\/www.hsu-hh.de\/qe\/wp-json\/wp\/v2\/tags?post=653"}],"curies":[{"name":"wp","href":"https:\/\/api.w.org\/{rel}","templated":true}]}}