{"id":528,"date":"2020-11-15T12:04:20","date_gmt":"2020-11-15T11:04:20","guid":{"rendered":"https:\/\/www.hsu-hh.de\/controlling\/?page_id=528"},"modified":"2026-01-23T19:07:14","modified_gmt":"2026-01-23T18:07:14","slug":"befragungen-an-der-hsu","status":"publish","type":"page","link":"https:\/\/www.hsu-hh.de\/qe\/befragungen-an-der-hsu","title":{"rendered":"Befragungen an der HSU\/UniBw H"},"content":{"rendered":"<p>Grunds\u00e4tzlich m\u00fcssen Befragungen in der Bundeswehr durch jene Referate im BMVg bewilligt werden, die in der Vorschrift A-2710\/1 festgelegt wurden. Weil es oftmals sinnvoll ist, eine im Studium erlernte Befragungsmethode auch auszuprobieren, darf die Universit\u00e4t Befragungen, die im Rahmen von Haus-, Bachelor- oder Masterarbeiten unter den Studierenden durchgef\u00fchrt werden sollen, selbst bewilligen. Das erm\u00f6glicht die Vorschrift A-1345\/11.<\/p>\n<p>Studierende, die im Rahmen ihres Studiums eine Befragung durchf\u00fchren wollen, wenden Sie sich bitte mit Ihrem Befragungskonzept, dem Fragebogen und einer Stellungnahme der Datenschutzbeauftragten (jeweils als PDF) an studium@hsu.hamburg.<\/p>\n\n\n<p><\/p>\n","protected":false},"excerpt":{"rendered":"<p>Grunds\u00e4tzlich m\u00fcssen Befragungen in der Bundeswehr durch jene Referate im BMVg bewilligt werden, die in der Vorschrift A-2710\/1 festgelegt wurden. Weil es oftmals sinnvoll ist, eine im Studium erlernte Befragungsmethode [&hellip;]<\/p>\n","protected":false},"author":179,"featured_media":0,"parent":0,"menu_order":0,"comment_status":"closed","ping_status":"closed","template":"","meta":{"footnotes":""},"categories":[6],"tags":[],"class_list":["post-528","page","type-page","status-publish","hentry","category-lehre"],"_links":{"self":[{"href":"https:\/\/www.hsu-hh.de\/qe\/wp-json\/wp\/v2\/pages\/528","targetHints":{"allow":["GET"]}}],"collection":[{"href":"https:\/\/www.hsu-hh.de\/qe\/wp-json\/wp\/v2\/pages"}],"about":[{"href":"https:\/\/www.hsu-hh.de\/qe\/wp-json\/wp\/v2\/types\/page"}],"author":[{"embeddable":true,"href":"https:\/\/www.hsu-hh.de\/qe\/wp-json\/wp\/v2\/users\/179"}],"replies":[{"embeddable":true,"href":"https:\/\/www.hsu-hh.de\/qe\/wp-json\/wp\/v2\/comments?post=528"}],"version-history":[{"count":7,"href":"https:\/\/www.hsu-hh.de\/qe\/wp-json\/wp\/v2\/pages\/528\/revisions"}],"predecessor-version":[{"id":953,"href":"https:\/\/www.hsu-hh.de\/qe\/wp-json\/wp\/v2\/pages\/528\/revisions\/953"}],"wp:attachment":[{"href":"https:\/\/www.hsu-hh.de\/qe\/wp-json\/wp\/v2\/media?parent=528"}],"wp:term":[{"taxonomy":"category","embeddable":true,"href":"https:\/\/www.hsu-hh.de\/qe\/wp-json\/wp\/v2\/categories?post=528"},{"taxonomy":"post_tag","embeddable":true,"href":"https:\/\/www.hsu-hh.de\/qe\/wp-json\/wp\/v2\/tags?post=528"}],"curies":[{"name":"wp","href":"https:\/\/api.w.org\/{rel}","templated":true}]}}