{"id":487,"date":"2020-11-08T16:18:43","date_gmt":"2020-11-08T15:18:43","guid":{"rendered":"https:\/\/www.hsu-hh.de\/controlling\/?page_id=487"},"modified":"2026-01-23T19:10:44","modified_gmt":"2026-01-23T18:10:44","slug":"studiengangsakkreditierungen","status":"publish","type":"page","link":"https:\/\/www.hsu-hh.de\/qe\/startseite\/studiengangsakkreditierungen","title":{"rendered":"Studiengangsakkreditierungen"},"content":{"rendered":"\n<p>Die <abbr title=\"Helmut Schmidt Universit\u00e4t\">HSU<\/abbr>\/UniBw H unterliegt in akademischen Angelegenheiten den Vorgaben des Bundeslandes Hamburg, das uns die Akkreditierung aller Studieng\u00e4nge vorschreibt und dem wir hierzu berichtspflichtig sind. Die Studiengangsakkreditierung hat sich nach der Hamburger Studienakkreditierungsverordnung (StudakkVO vom 06.12.2018) zu richten [<a href=\"http:\/\/www.landesrecht-hamburg.de\/jportal\/portal\/page\/bshaprod.psml?showdoccase=1&amp;st=lr&amp;doc.id=jlr-HSchulQSAkkrVHArahmen\" rel='nofollow'>Link<\/a>]. Die akkreditierten Studieng\u00e4nge werden nach dem Verfahrensabschluss in der entsprechenden Datenbank des Akkreditierungsrats ver\u00f6ffentlicht [<a href=\"https:\/\/akkreditierungsrat.de\/de\/akkreditierte-studiengaenge-hochschulen\/akkreditierte-studiengaenge-hochschulen\" rel='nofollow'>Link<\/a>].<\/p>\n\n\n\n<p>Die Selbstberichte der Programmakkreditierung werden federf\u00fchrend durch die Studiendekanin <abbr title=\"beziehungsweise\">bzw.<\/abbr> den Studiendekan in Abstimmung mit der zugeh\u00f6rigen Fakult\u00e4t erstellt. Das Team Studium und Lehre unterst\u00fctzt bei der Erstellung und begleitet den gesamten (Re)Akkreditierungsprozess.<\/p>\n","protected":false},"excerpt":{"rendered":"<p>Die HSU\/UniBw H unterliegt in akademischen Angelegenheiten den Vorgaben des Bundeslandes Hamburg, das uns die Akkreditierung aller Studieng\u00e4nge vorschreibt und dem wir hierzu berichtspflichtig sind. Die Studiengangsakkreditierung hat sich nach [&hellip;]<\/p>\n","protected":false},"author":179,"featured_media":0,"parent":73,"menu_order":0,"comment_status":"closed","ping_status":"closed","template":"","meta":{"footnotes":""},"categories":[6],"tags":[],"class_list":["post-487","page","type-page","status-publish","hentry","category-lehre"],"_links":{"self":[{"href":"https:\/\/www.hsu-hh.de\/qe\/wp-json\/wp\/v2\/pages\/487","targetHints":{"allow":["GET"]}}],"collection":[{"href":"https:\/\/www.hsu-hh.de\/qe\/wp-json\/wp\/v2\/pages"}],"about":[{"href":"https:\/\/www.hsu-hh.de\/qe\/wp-json\/wp\/v2\/types\/page"}],"author":[{"embeddable":true,"href":"https:\/\/www.hsu-hh.de\/qe\/wp-json\/wp\/v2\/users\/179"}],"replies":[{"embeddable":true,"href":"https:\/\/www.hsu-hh.de\/qe\/wp-json\/wp\/v2\/comments?post=487"}],"version-history":[{"count":2,"href":"https:\/\/www.hsu-hh.de\/qe\/wp-json\/wp\/v2\/pages\/487\/revisions"}],"predecessor-version":[{"id":955,"href":"https:\/\/www.hsu-hh.de\/qe\/wp-json\/wp\/v2\/pages\/487\/revisions\/955"}],"up":[{"embeddable":true,"href":"https:\/\/www.hsu-hh.de\/qe\/wp-json\/wp\/v2\/pages\/73"}],"wp:attachment":[{"href":"https:\/\/www.hsu-hh.de\/qe\/wp-json\/wp\/v2\/media?parent=487"}],"wp:term":[{"taxonomy":"category","embeddable":true,"href":"https:\/\/www.hsu-hh.de\/qe\/wp-json\/wp\/v2\/categories?post=487"},{"taxonomy":"post_tag","embeddable":true,"href":"https:\/\/www.hsu-hh.de\/qe\/wp-json\/wp\/v2\/tags?post=487"}],"curies":[{"name":"wp","href":"https:\/\/api.w.org\/{rel}","templated":true}]}}