{"id":485,"date":"2020-11-08T16:18:12","date_gmt":"2020-11-08T15:18:12","guid":{"rendered":"https:\/\/www.hsu-hh.de\/controlling\/?page_id=485"},"modified":"2026-01-05T14:06:25","modified_gmt":"2026-01-05T13:06:25","slug":"leitbild-lehre","status":"publish","type":"page","link":"https:\/\/www.hsu-hh.de\/qe\/startseite\/leitbild-lehre","title":{"rendered":"Leitbild Lehre"},"content":{"rendered":"<p>Die Universit\u00e4t hat von Februar 2020 an in zun\u00e4chst acht Arbeitsgruppen an der Erstellung eines Leitbildes f\u00fcr die Lehre gearbeitet. Im Dezember 2020 hat der Akademischen Senat das Leitbild abschlie\u00dfend diskutiert und verabschiedet. Anschlie\u00dfend wurde damit begonnen, das Leitbild in Leitlinien und Ma\u00dfnahmen f\u00fcr die Studieng\u00e4nge der Universit\u00e4t umzusetzen.<\/p>\n\n\n<div class=\"wp-block-hsu-downloadblock\"><div class=\"thumbnail-area\"><img decoding=\"async\" src=\"\/wp-content\/themes\/hsu\/img\/dummy\/downloads_dummy.png\" alt=\"Download Symbol-Icon\" \/><\/div><div class=\"text-area\"><strong>Leitbild Lehre der <abbr title=\"Helmut Schmidt Universit\u00e4t\">HSU<\/abbr>\/UniBw H vom 10.12.2020<\/strong><\/div><div class=\"download-area\"><a class=\"download-link\" href=\"https:\/\/www.hsu-hh.de\/qe\/wp-content\/uploads\/sites\/704\/2026\/01\/Leitbild_Lehre_HSU_UniBw_H_26-01-05.pdf\"><span class=\"download-name\">pdf laden<\/span><span class=\"download-icon\"><img decoding=\"async\" class=\"download-icon\" alt=\"download icon\" src=\"\/wp-content\/themes\/hsu\/img\/icons\/download_icon.png\" \/><\/span><span class=\"download-size\">274 kB<\/span><\/a><\/div><\/div>\n","protected":false},"excerpt":{"rendered":"<p>Die Universit\u00e4t hat von Februar 2020 an in zun\u00e4chst acht Arbeitsgruppen an der Erstellung eines Leitbildes f\u00fcr die Lehre gearbeitet. Im Dezember 2020 hat der Akademischen Senat das Leitbild abschlie\u00dfend [&hellip;]<\/p>\n","protected":false},"author":179,"featured_media":0,"parent":73,"menu_order":0,"comment_status":"closed","ping_status":"closed","template":"","meta":{"footnotes":""},"categories":[6],"tags":[],"class_list":["post-485","page","type-page","status-publish","hentry","category-lehre"],"_links":{"self":[{"href":"https:\/\/www.hsu-hh.de\/qe\/wp-json\/wp\/v2\/pages\/485","targetHints":{"allow":["GET"]}}],"collection":[{"href":"https:\/\/www.hsu-hh.de\/qe\/wp-json\/wp\/v2\/pages"}],"about":[{"href":"https:\/\/www.hsu-hh.de\/qe\/wp-json\/wp\/v2\/types\/page"}],"author":[{"embeddable":true,"href":"https:\/\/www.hsu-hh.de\/qe\/wp-json\/wp\/v2\/users\/179"}],"replies":[{"embeddable":true,"href":"https:\/\/www.hsu-hh.de\/qe\/wp-json\/wp\/v2\/comments?post=485"}],"version-history":[{"count":4,"href":"https:\/\/www.hsu-hh.de\/qe\/wp-json\/wp\/v2\/pages\/485\/revisions"}],"predecessor-version":[{"id":925,"href":"https:\/\/www.hsu-hh.de\/qe\/wp-json\/wp\/v2\/pages\/485\/revisions\/925"}],"up":[{"embeddable":true,"href":"https:\/\/www.hsu-hh.de\/qe\/wp-json\/wp\/v2\/pages\/73"}],"wp:attachment":[{"href":"https:\/\/www.hsu-hh.de\/qe\/wp-json\/wp\/v2\/media?parent=485"}],"wp:term":[{"taxonomy":"category","embeddable":true,"href":"https:\/\/www.hsu-hh.de\/qe\/wp-json\/wp\/v2\/categories?post=485"},{"taxonomy":"post_tag","embeddable":true,"href":"https:\/\/www.hsu-hh.de\/qe\/wp-json\/wp\/v2\/tags?post=485"}],"curies":[{"name":"wp","href":"https:\/\/api.w.org\/{rel}","templated":true}]}}