{"id":483,"date":"2020-11-08T16:19:18","date_gmt":"2020-11-08T15:19:18","guid":{"rendered":"https:\/\/www.hsu-hh.de\/controlling\/?page_id=483"},"modified":"2023-11-29T15:00:45","modified_gmt":"2023-11-29T14:00:45","slug":"studienvorbereitung","status":"publish","type":"page","link":"https:\/\/www.hsu-hh.de\/qe\/startseite\/studienvorbereitung","title":{"rendered":"Studienvorbereitende und -begleitende Ma\u00dfnahmen"},"content":{"rendered":"<p>In den mathematisch besonders herausfordernden Studieng\u00e4ngen erhalten die zuk\u00fcnftigen Studierenden bereits in den Offiziersschulen und in Abstimmung mit den Fakult\u00e4ten der <abbr title=\"Helmut Schmidt Universit\u00e4t\">HSU<\/abbr>\/UniBw H ein Unterst\u00fctzungsangebot. Diesen vorbereitenden Ma\u00dfnahmen schlie\u00dft sich im ersten Studienjahr ein Mentorenprogramm an, in dem Studierende in den MINT-F\u00e4chern gezielt unterst\u00fctzt werden. Das Projekt soll nicht nur fachliche, sondern auch \u00fcberfachliche Kompetenzen wie die F\u00e4higkeit zur Selbstorganisation, Motivation <abbr title=\"et cetera\">etc.<\/abbr> bef\u00f6rdern. Hierzu werden Studienanf\u00e4ngerinnen und -anf\u00e4nger zum einen durch \u00e4ltere Studierende ihres Faches (fachliche Tutorinnen und Tutoren), zum anderen durch Studierende der Bildungs- und Erziehungswissenschaften und der Psychologie (methodische Tutorinnen und Tutoren) begleitet. Sowohl die vorbereitenden als auch die begleitenden Ma\u00dfnahmen werden parallel evaluiert.<\/p>\n","protected":false},"excerpt":{"rendered":"<p>In den mathematisch besonders herausfordernden Studieng\u00e4ngen erhalten die zuk\u00fcnftigen Studierenden bereits in den Offiziersschulen und in Abstimmung mit den Fakult\u00e4ten der HSU\/UniBw H ein Unterst\u00fctzungsangebot. Diesen vorbereitenden Ma\u00dfnahmen schlie\u00dft sich [&hellip;]<\/p>\n","protected":false},"author":179,"featured_media":0,"parent":73,"menu_order":0,"comment_status":"closed","ping_status":"closed","template":"","meta":{"footnotes":""},"categories":[6],"tags":[],"class_list":["post-483","page","type-page","status-publish","hentry","category-lehre"],"_links":{"self":[{"href":"https:\/\/www.hsu-hh.de\/qe\/wp-json\/wp\/v2\/pages\/483","targetHints":{"allow":["GET"]}}],"collection":[{"href":"https:\/\/www.hsu-hh.de\/qe\/wp-json\/wp\/v2\/pages"}],"about":[{"href":"https:\/\/www.hsu-hh.de\/qe\/wp-json\/wp\/v2\/types\/page"}],"author":[{"embeddable":true,"href":"https:\/\/www.hsu-hh.de\/qe\/wp-json\/wp\/v2\/users\/179"}],"replies":[{"embeddable":true,"href":"https:\/\/www.hsu-hh.de\/qe\/wp-json\/wp\/v2\/comments?post=483"}],"version-history":[{"count":2,"href":"https:\/\/www.hsu-hh.de\/qe\/wp-json\/wp\/v2\/pages\/483\/revisions"}],"predecessor-version":[{"id":681,"href":"https:\/\/www.hsu-hh.de\/qe\/wp-json\/wp\/v2\/pages\/483\/revisions\/681"}],"up":[{"embeddable":true,"href":"https:\/\/www.hsu-hh.de\/qe\/wp-json\/wp\/v2\/pages\/73"}],"wp:attachment":[{"href":"https:\/\/www.hsu-hh.de\/qe\/wp-json\/wp\/v2\/media?parent=483"}],"wp:term":[{"taxonomy":"category","embeddable":true,"href":"https:\/\/www.hsu-hh.de\/qe\/wp-json\/wp\/v2\/categories?post=483"},{"taxonomy":"post_tag","embeddable":true,"href":"https:\/\/www.hsu-hh.de\/qe\/wp-json\/wp\/v2\/tags?post=483"}],"curies":[{"name":"wp","href":"https:\/\/api.w.org\/{rel}","templated":true}]}}