{"id":479,"date":"2020-11-08T15:47:03","date_gmt":"2020-11-08T14:47:03","guid":{"rendered":"https:\/\/www.hsu-hh.de\/controlling\/?page_id=479"},"modified":"2026-01-27T11:37:20","modified_gmt":"2026-01-27T10:37:20","slug":"plagiate","status":"publish","type":"page","link":"https:\/\/www.hsu-hh.de\/qe\/plagiate","title":{"rendered":"Plagiate"},"content":{"rendered":"\n<h3 class=\"wp-block-heading\"><strong>Verwendung der Plagiatserkennungssoftware <\/strong>Turnitin Similarity<\/h3>\n\n\n\n<p>Alle schriftlichen Pr\u00fcfungsarbeiten (Hausarbeiten, Bachelorarbeiten <abbr title=\"et cetera\">etc.<\/abbr>) werden in der Regel durch die Pr\u00fcfenden mithilfe einer Plagiatserkennungssoftware auf m\u00f6gliche Plagiate hin kontrolliert. Dabei wird eine digitale Kopie der Pr\u00fcfungsleistung ohne Namensnennung des Pr\u00fcflings in ein zentrales Archiv hochgeladen und mit bereits im Archiv vorhanden Arbeiten wie auch in offenen und kostenpflichtigen Literaturdatenbanken abgelegten Texten verglichen. Die <strong>Zug\u00e4nge zu dieser Software<\/strong> werden durch das Team Lehre und Studium an Pr\u00fcfende vergeben. Bei Bedarf schreiben Pr\u00fcfende eine E-Mail an <a href=\"mailto:studium@hsu-hh.de\" rel='nofollow'>studium@hsu.hamburg<\/a>. Studierende erhalten grunds\u00e4tzlich keinen Zugriff auf diese Software. Arbeiten mit sicherheitsrelevaten Informationen oder mit Sperrvermerk d\u00fcrfen nicht in die Plagiatserkennungssoftware hochgeladen werden.<\/p>\n\n\n\n<h3 class=\"wp-block-heading\"><strong>Empfehlung an die Pr\u00fcfenden zur Abgabe und Pr\u00fcfung der schriftlichen Leistungen:<\/strong><\/h3>\n\n\n\n<p>Direkte \u00dcbermittlungen erlauben es Nicht-Benutzern, in einen Ordner einzureichen. Ein Link mit Ablaufdatum kann generiert und mit Nicht-Benutzern geteilt werden. Das Formular erlaubt es den Studierenden, eine Datei hochzuladen, ohne dass sie Zugang zum Bericht bekommen.<\/p>\n\n\n\n<ol class=\"wp-block-list\">\n<li>Loggen Sie sich auf der Website von Turnitin mit Ihrem Benutzerkonto ein. Erstellen Sie einen Ordner f\u00fcr direkte \u00dcbermittlungen. Erstellen Sie einen Link mit Ablaufdatum, und teilen Sie diesen Link mit Ihren Studierenden. Bitten Sie sie vor der digitalen Einreichung bei Ihnen eine anonymisierte Version ihres Textes (und ohne die \u00fcbliche Eigenst\u00e4ndigkeitserkl\u00e4rung und das Deckblatt des Pr\u00fcfungsamtes) zur Pr\u00fcfung hochzuladen.<\/li>\n\n\n\n<li>Die Studierenden erhalten dann vom Turnitin-System eine Empfangsbest\u00e4tigung. Diese Empfangsbest\u00e4tigung sollten die Studierenden mit ihrem nicht-anonymisierten Text (einschlie\u00dflich Eigenst\u00e4ndigkeitserkl\u00e4rung und Deckblatt des Pr\u00fcfungsamtes) im Anhang an Ihre E-Mailadresse weiterleiten.<\/li>\n\n\n\n<li>Den Pr\u00fcfbericht sollten Sie dann in Ihrem angelegten Ordner vorfinden.<\/li>\n<\/ol>\n\n\n\n<p><\/p>\n\n\n\n<p><\/p>\n\n\n\n<div class=\"wp-block-hsu-downloadblock\"><div class=\"thumbnail-area\"><img decoding=\"async\" src=\"\/wp-content\/themes\/hsu\/img\/dummy\/downloads_dummy.png\" alt=\"Download Symbol-Icon\" \/><\/div><div class=\"text-area\"><strong>Weitere Informationen zur Bedienung von Turnitin Similarity<\/strong><\/div><div class=\"download-area\"><a class=\"download-link\" href=\"https:\/\/www.hsu-hh.de\/qe\/wp-content\/uploads\/sites\/704\/2026\/01\/Helmut-Schmidt-Universitaet_Universitaet-der-Bundeswehr-Hamburg-Similarity-Aehnlichkeitsbericht.pdf\"><span class=\"download-name\">pdf laden<\/span><span class=\"download-icon\"><img decoding=\"async\" class=\"download-icon\" alt=\"download icon\" src=\"\/wp-content\/themes\/hsu\/img\/icons\/download_icon.png\" \/><\/span><span class=\"download-size\">2 MB<\/span><\/a><\/div><\/div>\n","protected":false},"excerpt":{"rendered":"<p>Verwendung der Plagiatserkennungssoftware Turnitin Similarity Alle schriftlichen Pr\u00fcfungsarbeiten (Hausarbeiten, Bachelorarbeiten etc.) werden in der Regel durch die Pr\u00fcfenden mithilfe einer Plagiatserkennungssoftware auf m\u00f6gliche Plagiate hin kontrolliert. Dabei wird eine digitale [&hellip;]<\/p>\n","protected":false},"author":179,"featured_media":0,"parent":0,"menu_order":0,"comment_status":"closed","ping_status":"closed","template":"","meta":{"footnotes":""},"categories":[6],"tags":[],"class_list":["post-479","page","type-page","status-publish","hentry","category-lehre"],"_links":{"self":[{"href":"https:\/\/www.hsu-hh.de\/qe\/wp-json\/wp\/v2\/pages\/479","targetHints":{"allow":["GET"]}}],"collection":[{"href":"https:\/\/www.hsu-hh.de\/qe\/wp-json\/wp\/v2\/pages"}],"about":[{"href":"https:\/\/www.hsu-hh.de\/qe\/wp-json\/wp\/v2\/types\/page"}],"author":[{"embeddable":true,"href":"https:\/\/www.hsu-hh.de\/qe\/wp-json\/wp\/v2\/users\/179"}],"replies":[{"embeddable":true,"href":"https:\/\/www.hsu-hh.de\/qe\/wp-json\/wp\/v2\/comments?post=479"}],"version-history":[{"count":24,"href":"https:\/\/www.hsu-hh.de\/qe\/wp-json\/wp\/v2\/pages\/479\/revisions"}],"predecessor-version":[{"id":976,"href":"https:\/\/www.hsu-hh.de\/qe\/wp-json\/wp\/v2\/pages\/479\/revisions\/976"}],"wp:attachment":[{"href":"https:\/\/www.hsu-hh.de\/qe\/wp-json\/wp\/v2\/media?parent=479"}],"wp:term":[{"taxonomy":"category","embeddable":true,"href":"https:\/\/www.hsu-hh.de\/qe\/wp-json\/wp\/v2\/categories?post=479"},{"taxonomy":"post_tag","embeddable":true,"href":"https:\/\/www.hsu-hh.de\/qe\/wp-json\/wp\/v2\/tags?post=479"}],"curies":[{"name":"wp","href":"https:\/\/api.w.org\/{rel}","templated":true}]}}