{"id":473,"date":"2020-11-08T16:04:30","date_gmt":"2020-11-08T15:04:30","guid":{"rendered":"https:\/\/www.hsu-hh.de\/controlling\/?page_id=473"},"modified":"2026-03-30T11:35:32","modified_gmt":"2026-03-30T09:35:32","slug":"lehrveranstaltungsevaluation","status":"publish","type":"page","link":"https:\/\/www.hsu-hh.de\/qe\/startseite\/lehrveranstaltungsevaluation","title":{"rendered":"Lehrveranstaltungsevaluation"},"content":{"rendered":"<p>Die Lehrveranstaltungsevaluation ist ein wesentlicher Bestandteil der Qualit\u00e4tsentwicklung und ein von den Lehrenden sehr gesch\u00e4tztes Feedback-Instrument. Sie soll als Unterst\u00fctzung der Dozierenden sowie der Studierenden dienen.<\/p>\n<p>Sie erfolgt auf der Grundlage der Ordnung f\u00fcr die Durchf\u00fchrung von Lehrveranstaltungsevaluationen (siehe Download am Ende dieser Seite). <strong>Jede Lehrveranstaltung soll grunds\u00e4tzlich in jedem Trimester evaluiert werden (\u00a7 6, Abs. 1). Die Ergebnisse der Lehrevaluation sind mit den Studierenden zu besprechen (\u00a7 8, Abs. 7).\u00a0<\/strong><\/p>\n<p>F\u00fcr die quantitative Evaluation bieten wir aktuell gem\u00e4\u00df der Evaluationsordnung (\u00a7 7, Abs. 2) ab mind. 6 Teilnehmenden die Onlineumfrage an. Das Evaluationsb\u00fcro stellt auf Anfrage den Hochschullehrenden einen Link f\u00fcr eine Onlinebefragung bereit. Bitte stellen Sie Ihre Anfragen \u00fcber die Datensammlung in nachfolgendem ILIAS-Bereich: <a href=\"_wp_link_placeholder\" data-wplink-edit=\"true\" rel='nofollow'>https:\/\/intranet.hsu-hh.de\/ilias.php?baseClass=ilrepositorygui&amp;ref_id=6011<\/a>.<\/p>\n<p>F\u00fcr die qualitative Evaluation kann die untenstehende Handreichung zum Feedbackgespr\u00e4ch oder eine andere Form der strukturierten Dokumentation gem\u00e4\u00df Evaluationsordnung (\u00a7 7, Abs. 2) verwendet werden. Bitte weisen Sie die Teilnehmenden vor der qualitativen Evaluation auf die geltenden Datenschutzbestimmungen, die sie in der Handreichung finden, hin. Laden Sie bitte nach der qualitativen Evaluation Ihre Dokumentation ebenfalls in ILIAS hoch und f\u00fcllen das Formular dort aus.<\/p>\n<p>Als Evaluationszeitpunkt wird empfohlen,\u00a0 ca. nach der H\u00e4lfte der Lehrveranstaltungssitzungen eine Evaluation durchzuf\u00fchren.\u00a0<\/p>\n<p>Die Curricularaussch\u00fcsse, der\/die Vizepr\u00e4sident\/Vizepr\u00e4sidentin Lehre und Studium, der Vorstand des ZWW, der ISA-Beirat und die Gesch\u00e4ftsf\u00fchrung des ISA-Zentrums sowie die Leitung des Sprachenzentrums <strong>erhalten Einsicht in die ihre Lehrveranstaltungen betreffenden <abbr title=\"beziehungsweise\">bzw.<\/abbr> die sich in ihrem Verantwortungsbereich befindlichen Evaluationsunterlagen mit Ausnahme der Freitextkommentare (\u00a7 8, Abs. 8).<\/strong><\/p>\n<p>Die Erf\u00fcllung der Evaluationsordnung wird bei den Leistungsbez\u00fcgen ber\u00fccksichtigt. Ergebnisse der Lehrevaluationen werden in einigen Fakult\u00e4ten zudem als Kriterium zur internen leistungsbezogenen Mittelvergabe herangezogen.<\/p>\n<p>Neben der regelm\u00e4\u00dfigen Lehrveranstaltungsevaluation werden sowohl die Absolvierendenbefragungen als auch zahlreiche ad hoc-Umfragen zur Fundierung von Gremienentscheidungen zur Qualit\u00e4tssicherung und -entwicklung durchgef\u00fchrt.<\/p>\n<p>Die Verwendung der Evaluationsdaten entspricht den gesetzlichen Vorgaben des Datenschutzes.<\/p>\n\n\n<div class=\"wp-block-hsu-downloadblock\"><div class=\"thumbnail-area\"><img decoding=\"async\" src=\"\/wp-content\/themes\/hsu\/img\/dummy\/downloads_dummy.png\" alt=\"Download Symbol-Icon\" \/><\/div><div class=\"text-area\"><strong>Handreichung zum Feedbackgespr\u00e4ch<\/strong><\/div><div class=\"download-area\"><a class=\"download-link\" href=\"https:\/\/www.hsu-hh.de\/qe\/wp-content\/uploads\/sites\/704\/2026\/02\/Handreichung_LVE_Feedbackgespr_2026.pdf\"><span class=\"download-name\">pdf laden<\/span><span class=\"download-icon\"><img decoding=\"async\" class=\"download-icon\" alt=\"download icon\" src=\"\/wp-content\/themes\/hsu\/img\/icons\/download_icon.png\" \/><\/span><span class=\"download-size\">110 kB<\/span><\/a><\/div><\/div>\n\n\n\n<div class=\"wp-block-hsu-downloadblock\"><div class=\"thumbnail-area\"><img decoding=\"async\" src=\"\/wp-content\/themes\/hsu\/img\/dummy\/downloads_dummy.png\" alt=\"Download Symbol-Icon\" \/><\/div><div class=\"text-area\"><strong>Datenschutz Lehrevaluation<\/strong><\/div><div class=\"download-area\"><a class=\"download-link\" href=\"https:\/\/www.hsu-hh.de\/qe\/wp-content\/uploads\/sites\/704\/2026\/01\/Datenschutz_Lehrevaluation_2026-01-19-1.pdf\"><span class=\"download-name\">pdf laden<\/span><span class=\"download-icon\"><img decoding=\"async\" class=\"download-icon\" alt=\"download icon\" src=\"\/wp-content\/themes\/hsu\/img\/icons\/download_icon.png\" \/><\/span><span class=\"download-size\">148 kB<\/span><\/a><\/div><\/div>\n\n\n\n<div class=\"wp-block-hsu-downloadblock\"><div class=\"thumbnail-area\"><img decoding=\"async\" src=\"\/wp-content\/themes\/hsu\/img\/dummy\/downloads_dummy.png\" alt=\"Download Symbol-Icon\" \/><\/div><div class=\"text-area\"><strong>Evaluationsordnung (2025 verabschiedet)<\/strong><\/div><div class=\"download-area\"><a class=\"download-link\" href=\"https:\/\/www.hsu-hh.de\/qe\/wp-content\/uploads\/sites\/704\/2026\/01\/Evaluationsordnung.pdf\"><span class=\"download-name\">pdf laden<\/span><span class=\"download-icon\"><img decoding=\"async\" class=\"download-icon\" alt=\"download icon\" src=\"\/wp-content\/themes\/hsu\/img\/icons\/download_icon.png\" \/><\/span><span class=\"download-size\">132 kB<\/span><\/a><\/div><\/div>\n","protected":false},"excerpt":{"rendered":"<p>Die Lehrveranstaltungsevaluation ist ein wesentlicher Bestandteil der Qualit\u00e4tsentwicklung und ein von den Lehrenden sehr gesch\u00e4tztes Feedback-Instrument. Sie soll als Unterst\u00fctzung der Dozierenden sowie der Studierenden dienen. Sie erfolgt auf der [&hellip;]<\/p>\n","protected":false},"author":179,"featured_media":0,"parent":73,"menu_order":0,"comment_status":"closed","ping_status":"closed","template":"","meta":{"footnotes":""},"categories":[6],"tags":[],"class_list":["post-473","page","type-page","status-publish","hentry","category-lehre"],"_links":{"self":[{"href":"https:\/\/www.hsu-hh.de\/qe\/wp-json\/wp\/v2\/pages\/473","targetHints":{"allow":["GET"]}}],"collection":[{"href":"https:\/\/www.hsu-hh.de\/qe\/wp-json\/wp\/v2\/pages"}],"about":[{"href":"https:\/\/www.hsu-hh.de\/qe\/wp-json\/wp\/v2\/types\/page"}],"author":[{"embeddable":true,"href":"https:\/\/www.hsu-hh.de\/qe\/wp-json\/wp\/v2\/users\/179"}],"replies":[{"embeddable":true,"href":"https:\/\/www.hsu-hh.de\/qe\/wp-json\/wp\/v2\/comments?post=473"}],"version-history":[{"count":34,"href":"https:\/\/www.hsu-hh.de\/qe\/wp-json\/wp\/v2\/pages\/473\/revisions"}],"predecessor-version":[{"id":1002,"href":"https:\/\/www.hsu-hh.de\/qe\/wp-json\/wp\/v2\/pages\/473\/revisions\/1002"}],"up":[{"embeddable":true,"href":"https:\/\/www.hsu-hh.de\/qe\/wp-json\/wp\/v2\/pages\/73"}],"wp:attachment":[{"href":"https:\/\/www.hsu-hh.de\/qe\/wp-json\/wp\/v2\/media?parent=473"}],"wp:term":[{"taxonomy":"category","embeddable":true,"href":"https:\/\/www.hsu-hh.de\/qe\/wp-json\/wp\/v2\/categories?post=473"},{"taxonomy":"post_tag","embeddable":true,"href":"https:\/\/www.hsu-hh.de\/qe\/wp-json\/wp\/v2\/tags?post=473"}],"curies":[{"name":"wp","href":"https:\/\/api.w.org\/{rel}","templated":true}]}}