{"id":471,"date":"2020-11-08T16:18:29","date_gmt":"2020-11-08T15:18:29","guid":{"rendered":"https:\/\/www.hsu-hh.de\/controlling\/?page_id=471"},"modified":"2026-01-23T19:15:54","modified_gmt":"2026-01-23T18:15:54","slug":"prozessbeteiligte","status":"publish","type":"page","link":"https:\/\/www.hsu-hh.de\/qe\/startseite\/prozessbeteiligte","title":{"rendered":"Prozessbeteiligte in der Qualit\u00e4tssicherung und -entwicklung"},"content":{"rendered":"\n<p>Charakteristisch f\u00fcr die <abbr title=\"Helmut Schmidt Universit\u00e4t\">HSU<\/abbr>\/UniBw H ist eine enge Verzahnung der einzelnen Prozessbeteiligten auf allen Ebenen. Die Studiendekaninnen und -dekane sind gleichzeitig Mitglieder der Pr\u00fcfungsaussch\u00fcsse oder der Curriculumsaussch\u00fcsse der Fakult\u00e4ten und sind auch in gro\u00dfen Teilen im Senatsausschuss f\u00fcr Lehre und Studium (SenA LuSt) vertreten. Durch diese und weitere personelle und institutionelle \u00dcberlappungen ist eine effiziente Koordination und Steuerung der Prozesse im Bereich Lehre und Studium m\u00f6glich.<\/p>\n\n\n\n<p><strong>Prozessbeteiligte Zentral (Ebene Universit\u00e4t)<\/strong><br>1. Vizepr\u00e4sident:in f\u00fcr Lehre und Studium<br>2. Teamleitung Studium und Lehre<br>3. Jour Fixe der Studiendekane<br>4. Senatsausschuss f\u00fcr Lehre und Studium<br>5. ISA-Beirat (Interdisziplin\u00e4re Studienanteile)<\/p>\n\n\n\n<p><strong>Prozessbeteiligte Dezentral (Ebene Fakult\u00e4ten)<\/strong><br>1. Studiendekaninnen und -dekane<br>2. Pr\u00fcfungsaussch\u00fcsse<br>3. Curriculumsaussch\u00fcsse<br>4. Beauftragte f\u00fcr ISA-Studium<\/p>\n\n\n\n<p><strong>N\u00e4here Darstellung der Prozessbeteiligten Zentral (Ebene Universit\u00e4t)<\/strong><\/p>\n\n\n\n<p>1. Der oder die Vizepr\u00e4sident:in f\u00fcr Lehre und Studium (VPL) hat qua Amt den Vorsitz in verschiedenen st\u00e4ndigen Gremien der Universit\u00e4t, etwa dem Senatsausschuss f\u00fcr Lehre und Studium (SenA LuSt) und dem ISA-Beirat. Dar\u00fcber hinaus obliegt ihm\/ihr die Leitung von hochschulinternen oder hochschul\u00fcbergreifenden Projektgruppen im Ressort Lehre und Studium.<\/p>\n\n\n\n<p>2. Die Teamleitung Studium der Pr\u00e4sidialabteilung ist mit ihrem Team die zentrale Kontaktstelle f\u00fcr alle Fragen der Studienorganisation und -weiterentwicklung und arbeitet eng mit dem oder der VPL zusammen. Sie oder er verantwortet die Organisation der (Re)Akkreditierungsverfahren, der lehrdidaktischen Fortbildungen, der Erhebung der Lehrdeputate, der Lehr- und Studiengangsevaluation und alle weiteren Erhebungen, die in Zusammenhang mit Lehre und Studium stehen (z. B. Absolventenbefragungen, Evaluation einzelner zentraler Einrichtungen). Die Fortschreibung, Analyse und Weitergabe von Controllingdaten des Bereichs Studium an die mit der Qualit\u00e4tsentwicklung befassten Gremien wird hier ebenfalls vorgenommen.<\/p>\n\n\n\n<p>3. Im Jour Fixe der Studiendekane treffen sich die Studiendekaninnen und -dekane monatlich auf der Arbeitsebene mit der oder dem VPL, der oder dem Beauftragten Studium und der oder dem Leiter:in des Justiziariats. Hier werden \u00fcbergreifende Projekte der Qualit\u00e4tsentwicklung im Detail koordiniert. Dazu werden \u00fcber l\u00e4ngere Phasen auch immer wieder weitere Akteurinnen und Akteure in den Jour Fixe der Studiendekane hinzugeladen, um spezifische Fragen zu bearbeiten.<\/p>\n\n\n\n<p>4. Der Senatsausschuss f\u00fcr Lehre und Studium (SenA LuSt) ist ein dauerhafter Ausschuss des Akademischen Senats, welcher sich auf Universit\u00e4tsebene mit Fragen von Lehre und Studium besch\u00e4ftigt. Er tagt mindestens einmal pro Trimester und befasst sich in erster Linie mit konzeptionellen Fragen der Fortentwicklung und Verbesserung von Lehre- und Studienorganisation. Die Qualit\u00e4tssicherung in der Lehre obliegt in erster Linie den Fakult\u00e4ten; der SenA LuSt ist jedoch auf \u00fcbergeordneter Ebene f\u00fcr die Zusammenf\u00fchrung und Abstimmung der Aktivit\u00e4ten zust\u00e4ndig. In ihm sind die Gruppen der Universit\u00e4t vertreten. Die oder der Leiter:in des Studierendenbereichs, die oder der Beauftragte Studium wie auch die zivile und die milit\u00e4rische Gleichstellungsbeauftragte nehmen mit beratender Stimme an den Sitzungen teil. Je nach Fragestellung werden G\u00e4ste beratend hinzugezogen.<\/p>\n\n\n\n<p>Der SenA LuSt arbeitet in Fragen des Auslandsstudiums eng mit dem Senatsausschuss f\u00fcr Internationales unter dem Vorsitz des Vizepr\u00e4sidenten oder der Vizepr\u00e4sidentin f\u00fcr Internationales und dem Akademischen Auslandsamt zusammen [<a href=\"https:\/\/www.hsu-hh.de\/auslandsstud\/\">Link<\/a>]. Letztere sind f\u00fcr das Qualit\u00e4tsmanagement im Bereich Auslandsstudium (sowohl Incomings als auch Outgoings) verantwortlich.<\/p>\n\n\n\n<p>5. Der ISA-Beirat setzt sich aus der oder dem VPL, den ISA-Beauftragten der Fakult\u00e4ten, zwei wissenschaftlichen Mitarbeiter:innen und zwei Studierenden zusammen. Die oder der Gesch\u00e4ftsf\u00fchrer:in des ISA-Zentrums [<a href=\"https:\/\/www.hsu-hh.de\/isa\/\">Link<\/a>], dir oder der Leiter:in des Studierendenbereichs und die zivile und die milit\u00e4rische Gleichstellungsbeauftragte nehmen mit beratenden Stimme teil. Durch die Zusammensetzung des ISA-Beirats erfolgt eine effiziente interdisziplin\u00e4re Koordination unter Nutzung fachlicher Kompetenz. Der ISA-Beirat \u00fcbernimmt bez\u00fcglich der zentral angesiedelten ISA die Aufgaben eines Fakult\u00e4tsrats und beschlie\u00dft insbesondere \u00fcber den Vorschlag f\u00fcr das ISA-Lehrprogramm. Dar\u00fcber hinaus ber\u00e4t der ISA-Beirat \u00fcber Vorschl\u00e4ge zur Verbesserung des ISA-Konzepts, verabschiedet den ISA-Jahresbericht und ber\u00e4t und unterst\u00fctzt die Gesch\u00e4ftsf\u00fchrerin des ISA-Zentrums.<\/p>\n\n\n\n<p><strong>N\u00e4here Darstellung der Prozessbeteiligten Dezentral (Ebene Fakult\u00e4ten)<\/strong><\/p>\n\n\n\n<p>1. Die Studiendekaninnen und -dekane sind f\u00fcr ihre Studieng\u00e4nge das zentrale Bindeglied insbesondere zwischen Lehrenden, Studierenden, dem Pr\u00fcfungsamt, dem Pr\u00fcfungsausschuss und den Gruppenleiterinnen und -leitern als unmittelbaren Vorgesetzten der Studierenden, eine gewichtige Rolle. Die Studiendekaninnen und -dekane sprechen in den Akkreditierungsverfahren f\u00fcr ihre Studieng\u00e4nge und wirken bei der Qualit\u00e4ts- und Fortentwicklung ihrer Studieng\u00e4nge entscheidend mit.<\/p>\n\n\n\n<p>2. Jede Fakult\u00e4t und der Studienbereichsausschuss Wirtschaftsingenieurwesen (SBA <abbr title=\"Wirtschaftsingenieurwesen\">WI<\/abbr>) hat zumindest einen Pr\u00fcfungsausschuss. Die Pr\u00fcfungsaussch\u00fcsse geben aufgrund ihrer Erkenntnisse in Pr\u00fcfungsangelegenheiten Empfehlungen zur Weiterentwicklung des Studiums. Hierzu stimmen sich die Vorsitzenden Mitglieder der Pr\u00fcfungsaussch\u00fcsse regelm\u00e4\u00dfig mit den Studiendekaninnen und -dekanen ab <abbr title=\"beziehungsweise\">bzw.<\/abbr> berichten den jeweiligen Fakult\u00e4tsr\u00e4ten und dem SBA <abbr title=\"Wirtschaftsingenieurwesen\">WI<\/abbr>. Die Pr\u00fcfungsaussch\u00fcsse befassen sich auch mit individuellen Problemsituationen von Studierenden und unterst\u00fctzen bei der Fortentwicklung der Pr\u00fcfungsregularien.<\/p>\n\n\n\n<p>3. Die Curriculumsaussch\u00fcsse der Fakult\u00e4ten \u00fcbernehmen zentrale Aufgaben in den Bereichen Planung, Koordination und Qualit\u00e4tssicherung der einzelnen Studieng\u00e4nge. Ein Curriculumsausschuss setzt sich typischerweise aus Vertretern der verschiedenen Fachrichtungen und Statusgruppen der Fakult\u00e4t und der dezentralen Fakult\u00e4tsverwaltung zusammen (wobei in einzelnen Fakult\u00e4ten die Zusammensetzung und Organisationsform etwas abweichend sein kann). Zu den Aufgaben eines Curriculumsausschusses geh\u00f6ren <abbr title=\"insbesondere\">insb.<\/abbr> die Planung und die umfassende organisatorische Begleitung der Einf\u00fchrung neuer Studieng\u00e4nge sowie die Weiterentwicklung der bestehenden Studieng\u00e4nge, <abbr title=\"unter anderem\">u.a.<\/abbr> auf Basis von Verbesserungsw\u00fcnschen der Studierenden oder der Lehrenden.<\/p>\n\n\n\n<p>4. Jede Fakult\u00e4t benennt eine:n professorale:n Beauftragte:n f\u00fcr das ISA.Studium, welche oder welcher als Mitglied des ISA-Beirats (qua Amt) als Bindeglied zwischen dem ISA-Beirat und den Fakult\u00e4ten fungiert. Die Beauftragten f\u00fcr das ISA-Studium \u00fcbernehmen insofern eine Schl\u00fcsselrolle, als das Lehrangebot in den ISA in den Fakult\u00e4ten entwickelt, evaluiert und im jeweiligen Fakult\u00e4tsrat beschlossen wird, der Beschluss \u00fcber das ISA-Lehrprogramm als Ganzes jedoch im ISA-Beirat erfolgt.<\/p>\n\n\n\n<figure class=\"wp-block-image size-full\"><img loading=\"lazy\" decoding=\"async\" width=\"841\" height=\"595\" src=\"https:\/\/www.hsu-hh.de\/controlling\/wp-content\/uploads\/sites\/704\/2021\/10\/2021-06-15-QM_Prozesse.png\" data-credit=\"Larmann\/Lehmann\" alt=\"\u00dcbersicht der QM-Prozesse (aus Sitzung des Senatsausschuss f\u00fcr Studium und Lehre vom 24.06.2021)\" class=\"wp-image-566\" srcset=\"https:\/\/www.hsu-hh.de\/qe\/wp-content\/uploads\/sites\/704\/2021\/10\/2021-06-15-QM_Prozesse.png 841w, https:\/\/www.hsu-hh.de\/qe\/wp-content\/uploads\/sites\/704\/2021\/10\/2021-06-15-QM_Prozesse-300x212.png 300w, https:\/\/www.hsu-hh.de\/qe\/wp-content\/uploads\/sites\/704\/2021\/10\/2021-06-15-QM_Prozesse-768x543.png 768w\" sizes=\"auto, (max-width: 841px) 100vw, 841px\" \/><\/figure>\n\n\n\n<p>Schaubild aus der Sitzung des Senatsausschuss f\u00fcr Studium und Lehre vom 24.06.2021<\/p>\n\n\n\n<div class=\"wp-block-hsu-downloadblock\"><div class=\"thumbnail-area\"><img decoding=\"async\" src=\"\/wp-content\/themes\/hsu\/img\/dummy\/downloads_dummy.png\" alt=\"Download Symbol-Icon\" \/><\/div><div class=\"text-area\"><strong>QS-Jahresplan aus der Sitzung des Senatsausschuss f\u00fcr Studium und Lehre vom 24.06.2021<\/strong><\/div><div class=\"download-area\"><a class=\"download-link\" href=\"https:\/\/www.hsu-hh.de\/qe\/wp-content\/uploads\/sites\/704\/2022\/04\/SenA_LuSt_2021-06-24_QS-Jahresplan.pdf\"><span class=\"download-name\">pdf laden<\/span><span class=\"download-icon\"><img decoding=\"async\" class=\"download-icon\" alt=\"download icon\" src=\"\/wp-content\/themes\/hsu\/img\/icons\/download_icon.png\" \/><\/span><span class=\"download-size\">105 kB<\/span><\/a><\/div><\/div>\n","protected":false},"excerpt":{"rendered":"<p>Charakteristisch f\u00fcr die HSU\/UniBw H ist eine enge Verzahnung der einzelnen Prozessbeteiligten auf allen Ebenen. Die Studiendekaninnen und -dekane sind gleichzeitig Mitglieder der Pr\u00fcfungsaussch\u00fcsse oder der Curriculumsaussch\u00fcsse der Fakult\u00e4ten und [&hellip;]<\/p>\n","protected":false},"author":179,"featured_media":0,"parent":73,"menu_order":0,"comment_status":"closed","ping_status":"closed","template":"","meta":{"footnotes":""},"categories":[6],"tags":[],"class_list":["post-471","page","type-page","status-publish","hentry","category-lehre"],"_links":{"self":[{"href":"https:\/\/www.hsu-hh.de\/qe\/wp-json\/wp\/v2\/pages\/471","targetHints":{"allow":["GET"]}}],"collection":[{"href":"https:\/\/www.hsu-hh.de\/qe\/wp-json\/wp\/v2\/pages"}],"about":[{"href":"https:\/\/www.hsu-hh.de\/qe\/wp-json\/wp\/v2\/types\/page"}],"author":[{"embeddable":true,"href":"https:\/\/www.hsu-hh.de\/qe\/wp-json\/wp\/v2\/users\/179"}],"replies":[{"embeddable":true,"href":"https:\/\/www.hsu-hh.de\/qe\/wp-json\/wp\/v2\/comments?post=471"}],"version-history":[{"count":14,"href":"https:\/\/www.hsu-hh.de\/qe\/wp-json\/wp\/v2\/pages\/471\/revisions"}],"predecessor-version":[{"id":957,"href":"https:\/\/www.hsu-hh.de\/qe\/wp-json\/wp\/v2\/pages\/471\/revisions\/957"}],"up":[{"embeddable":true,"href":"https:\/\/www.hsu-hh.de\/qe\/wp-json\/wp\/v2\/pages\/73"}],"wp:attachment":[{"href":"https:\/\/www.hsu-hh.de\/qe\/wp-json\/wp\/v2\/media?parent=471"}],"wp:term":[{"taxonomy":"category","embeddable":true,"href":"https:\/\/www.hsu-hh.de\/qe\/wp-json\/wp\/v2\/categories?post=471"},{"taxonomy":"post_tag","embeddable":true,"href":"https:\/\/www.hsu-hh.de\/qe\/wp-json\/wp\/v2\/tags?post=471"}],"curies":[{"name":"wp","href":"https:\/\/api.w.org\/{rel}","templated":true}]}}