{"id":313,"date":"2017-11-15T16:46:56","date_gmt":"2017-11-15T15:46:56","guid":{"rendered":"https:\/\/www.hsu-hh.de\/controlling\/?page_id=313"},"modified":"2026-03-31T11:14:04","modified_gmt":"2026-03-31T09:14:04","slug":"daten","status":"publish","type":"page","link":"https:\/\/www.hsu-hh.de\/qe\/daten","title":{"rendered":"Daten"},"content":{"rendered":"\n<p><strong>Zahlen-Daten-Fakten zur <abbr title=\"Helmut Schmidt Universit\u00e4t\">HSU<\/abbr>\/UniBw H<\/strong> <\/p>\n\n\n\n<p>Die wichtigsten Kennzahlen aus den verschiedenen Bereichen der <abbr title=\"Helmut Schmidt Universit\u00e4t\">HSU<\/abbr>\/UniBw H werden in komprimierter Form durch das Controlling der Pr\u00e4sidialabteilung aufbereitet.<\/p>\n\n\n\n<p>W\u00e4hrend sich die monet\u00e4ren Angaben zum Haushalt und Drittmittel-Ausgaben stets auf das jeweilige Kalenderjahr beziehen, wird f\u00fcr alle weiteren Daten (Berufungen, Zahl der Studierenden <abbr title=\"et cetera\">etc.<\/abbr>) das entsprechende akademische Studienjahr von Oktober bis September des Folgejahres zu Grunde gelegt.<\/p>\n\n\n\n<div class=\"wp-block-hsu-downloadblock\"><div class=\"thumbnail-area\"><img decoding=\"async\" src=\"\/wp-content\/themes\/hsu\/img\/dummy\/downloads_dummy.png\" alt=\"Download Symbol-Icon\" \/><\/div><div class=\"text-area\"><strong>Flyer 2025<\/strong><\/div><div class=\"download-area\"><a class=\"download-link\" href=\"https:\/\/www.hsu-hh.de\/qe\/wp-content\/uploads\/sites\/704\/2026\/03\/leporello_zahlen-daten-fakten_2025.pdf\"><span class=\"download-name\">pdf laden<\/span><span class=\"download-icon\"><img decoding=\"async\" class=\"download-icon\" alt=\"download icon\" src=\"\/wp-content\/themes\/hsu\/img\/icons\/download_icon.png\" \/><\/span><span class=\"download-size\">391 kB<\/span><\/a><\/div><\/div>\n\n\n\n<div class=\"wp-block-hsu-downloadblock\"><div class=\"thumbnail-area\"><img decoding=\"async\" src=\"\/wp-content\/themes\/hsu\/img\/dummy\/downloads_dummy.png\" alt=\"Download Symbol-Icon\" \/><\/div><div class=\"text-area\"><strong>Flyer 2024<\/strong><\/div><div class=\"download-area\"><a class=\"download-link\" href=\"https:\/\/www.hsu-hh.de\/qe\/wp-content\/uploads\/sites\/704\/2025\/03\/leporello_zahlen-daten-fakten_2024.pdf\"><span class=\"download-name\">pdf laden<\/span><span class=\"download-icon\"><img decoding=\"async\" class=\"download-icon\" alt=\"download icon\" src=\"\/wp-content\/themes\/hsu\/img\/icons\/download_icon.png\" \/><\/span><span class=\"download-size\">496 kB<\/span><\/a><\/div><\/div>\n\n\n\n<div class=\"wp-block-hsu-downloadblock\"><div class=\"thumbnail-area\"><img decoding=\"async\" src=\"\/wp-content\/themes\/hsu\/img\/dummy\/downloads_dummy.png\" alt=\"Download Symbol-Icon\" \/><\/div><div class=\"text-area\"><strong>Flyer 2023<\/strong><\/div><div class=\"download-area\"><a class=\"download-link\" href=\"https:\/\/www.hsu-hh.de\/qe\/wp-content\/uploads\/sites\/704\/2024\/04\/leporello_zahlen-daten-fakten_2023.pdf\"><span class=\"download-name\">pdf laden<\/span><span class=\"download-icon\"><img decoding=\"async\" class=\"download-icon\" alt=\"download icon\" src=\"\/wp-content\/themes\/hsu\/img\/icons\/download_icon.png\" \/><\/span><span class=\"download-size\">421 kB<\/span><\/a><\/div><\/div>\n\n\n\n<p><\/p>\n","protected":false},"excerpt":{"rendered":"<p>Zahlen-Daten-Fakten zur HSU\/UniBw H Die wichtigsten Kennzahlen aus den verschiedenen Bereichen der HSU\/UniBw H werden in komprimierter Form durch das Controlling der Pr\u00e4sidialabteilung aufbereitet. W\u00e4hrend sich die monet\u00e4ren Angaben zum [&hellip;]<\/p>\n","protected":false},"author":122,"featured_media":0,"parent":0,"menu_order":0,"comment_status":"closed","ping_status":"closed","template":"","meta":{"footnotes":""},"categories":[45,6],"tags":[],"class_list":["post-313","page","type-page","status-publish","hentry","category-hsuinzahlen","category-lehre"],"_links":{"self":[{"href":"https:\/\/www.hsu-hh.de\/qe\/wp-json\/wp\/v2\/pages\/313","targetHints":{"allow":["GET"]}}],"collection":[{"href":"https:\/\/www.hsu-hh.de\/qe\/wp-json\/wp\/v2\/pages"}],"about":[{"href":"https:\/\/www.hsu-hh.de\/qe\/wp-json\/wp\/v2\/types\/page"}],"author":[{"embeddable":true,"href":"https:\/\/www.hsu-hh.de\/qe\/wp-json\/wp\/v2\/users\/122"}],"replies":[{"embeddable":true,"href":"https:\/\/www.hsu-hh.de\/qe\/wp-json\/wp\/v2\/comments?post=313"}],"version-history":[{"count":28,"href":"https:\/\/www.hsu-hh.de\/qe\/wp-json\/wp\/v2\/pages\/313\/revisions"}],"predecessor-version":[{"id":1006,"href":"https:\/\/www.hsu-hh.de\/qe\/wp-json\/wp\/v2\/pages\/313\/revisions\/1006"}],"wp:attachment":[{"href":"https:\/\/www.hsu-hh.de\/qe\/wp-json\/wp\/v2\/media?parent=313"}],"wp:term":[{"taxonomy":"category","embeddable":true,"href":"https:\/\/www.hsu-hh.de\/qe\/wp-json\/wp\/v2\/categories?post=313"},{"taxonomy":"post_tag","embeddable":true,"href":"https:\/\/www.hsu-hh.de\/qe\/wp-json\/wp\/v2\/tags?post=313"}],"curies":[{"name":"wp","href":"https:\/\/api.w.org\/{rel}","templated":true}]}}