{"id":119,"date":"2018-01-15T13:26:23","date_gmt":"2018-01-15T12:26:23","guid":{"rendered":"https:\/\/www.hsu-hh.de\/psychbst\/?page_id=119"},"modified":"2023-09-13T06:18:41","modified_gmt":"2023-09-13T04:18:41","slug":"externe-hilfen","status":"publish","type":"page","link":"https:\/\/www.hsu-hh.de\/psychbst\/externe-hilfen","title":{"rendered":"Externe Hilfen"},"content":{"rendered":"<p>Unter folgenden links finden Sie Informationen zu externen psychotherapeutischen und Beratungs-Angeboten:<\/p>\n<ul>\n<li>Bei der <a class=\"content_main_link\" href=\"http:\/\/www.ptk-hamburg.de\/\" target=\"_blank\" rel=\"noopener noreferrer\">Psychotherapeutenkammer Hamburg<\/a> erhalten Sie umfassende Hinweise und Hilfen rund um das Thema Psychotherapie.<\/li>\n<li>\u00dcber das <a class=\"content_main_link\" href=\"http:\/\/www.psych-info.de\/\" target=\"_blank\" rel=\"noopener noreferrer\">Psychotherapeutensuchprogramm der Psychotherapeutenkammern Berlin, Hamburg, Niedersachsen, Saarland und Schleswig-Holstein\u00a0<\/a> k\u00f6nnen Sie anhand Ihrer pers\u00f6nlich gew\u00e4hlten Kriterien selbst nach einem\/r Psychotherapeuten*in recherchieren. Bitte ber\u00fccksichtigen Sie, dass die\u00a0 die entsprechende Auswahlliste keine Angaben zu freier Kapazit\u00e4t der jeweiligen Psychotherapeuten*innen macht.<\/li>\n<li>\u00dcber die <a href=\"http:\/\/www.kvhh.net\/kvhh\/pages\/index\/p\/1113\" rel='nofollow'>Terminservicestelle der kassen\u00e4rztlichen Vereinigung Hamburg<\/a> k\u00f6nnen Sie einen Termin f\u00fcr ein psychotherapeutisches Erstgespr\u00e4ch erhalten. <em>Achtung<\/em>: Es werden keine freien Therapiepl\u00e4tze vermittelt, sondern lediglich Termine f\u00fcr Erstgespr\u00e4che.<\/li>\n<li>\u00dcbersicht \u00fcber Hamburger Ausbildungsinstitute: <a href=\"https:\/\/ptk-hamburg.de\/aus-fort-und-weiterbildung\/ausbildung\/ausbildungsinstitute\/\" rel='nofollow'>https:\/\/ptk-hamburg.de\/piap-ausbildung\/ausbildungsinstitute\/<\/a><\/li>\n<li><a href=\"https:\/\/www.psychenet.de\/de\/\" target=\"_blank\" rel=\"noopener\">psychenet.de<\/a> bietet wissenschaftlich fundierte Informationen zu h\u00e4ufigen psychischen Erkrankungen sowie weiteren Themen rund um psychische Gesundheit, <abbr title=\"unter anderem\">u.a.<\/abbr> auch Selbsttests f\u00fcr ausgew\u00e4hlte, h\u00e4ufige psychische Erkrankungen<\/li>\n<li>Der von der Beh\u00f6rde f\u00fcr Gesundheit und Verbraucherschutz herausgegebene Therapief\u00fchrer f\u00fcr Hamburg beeinhaltet umfangreiche Informationen zu diagnostischen, (psycho-)therapeutischen, rehabilitativen und Beratungs-Angeboten. <a href=\"http:\/\/www.hamburg.de\/therapiefuehrer\/\" rel='nofollow'>Therapief\u00fchrer Hamburg<\/a>.<\/li>\n<li>Zus\u00e4tzliche Infos &#8211; speziell f\u00fcr Soldaten &#8211; k\u00f6nnen Sie der <a href=\"https:\/\/ilias.hsu-hh.de\/goto.php?target=cat_344996\" rel='nofollow'>Ilias-Pr\u00e4senz des SanVersZ Hamburg-Mitte<\/a> entnehmen.<\/li>\n<li>Die folgende Pr\u00e4sentation der Psychologischen Beratung der Universit\u00e4t Hamburg gibt Ihnen hilfreiche Tipps zur Psychotherapieplatzsuche.Bitte beachten Sie, dass sich diese Informationen haupts\u00e4chlich auf die Suche nach kassenzugelassenen Psychotherapeuten*innen beziehen. Soldaten*innen k\u00f6nnen auch Privatpraxen konsultieren. Ein entsprechender Filter kann in einigen der angegebenen Suchmasken gesetzt werden. So kann <abbr title=\"zum Beispiel\">z.B.<\/abbr> auf dem Suchportal www.psych-info.de die Frage nach der Kassenzulassung mit &#8222;Nein&#8220; beantwortet werden. Privatpraxen haben in der Regel eher freie Psychotherapiepl\u00e4tze zur Verf\u00fcgung.\n<p><a href=\"https:\/\/www.uni-hamburg.de\/campuscenter\/beratung\/beratungsangebote\/psychologische-beratung\/tippstherapeutensuche.html\" rel='nofollow'>https:\/\/www.uni-hamburg.de\/campuscenter\/beratung\/beratungsangebote\/psychologische-beratung\/tippstherapeutensuche.html<\/a><\/p>\n<\/li>\n<\/ul>\n\n\n<div class=\"wp-block-columns is-layout-flex wp-container-core-columns-is-layout-9d6595d7 wp-block-columns-is-layout-flex\">\n<div class=\"wp-block-column is-layout-flow wp-block-column-is-layout-flow\">\n<hr class=\"wp-block-separator has-alpha-channel-opacity\" \/>\n<\/div>\n<\/div>\n\n\n\n<h2 class=\"wp-block-heading\">Akute Krisen<\/h2>\n\n\n\n<p>Unter folgenden Nummern erhalten Sie Hilfe in einer akuten Krise:<\/p>\n\n\n\n<ul class=\"wp-block-list\">\n<li><strong>Feuerwehr<\/strong>: 112<\/li>\n\n\n\n<li><strong>Polizei<\/strong>: 110<\/li>\n\n\n\n<li><strong>Notaufnahme Bundeswehrkrankenhaus Hamburg<\/strong>: Tel. 040\/6947-25 100&nbsp;&nbsp;(au\u00dferhalb der Dienstzeit)<\/li>\n\n\n\n<li><strong>\u00c4rztlicher Bereitschaftsdienst der BW<\/strong>: Tel. 0800 972 63 78 (au\u00dferhalb der Dienstzeit)<\/li>\n\n\n\n<li><strong>\u00c4rztlicher Bereitschaftsdienst Hamburg<\/strong>: Tel.&nbsp; 116117 (24-Stunden-Erreichbarkeit)<\/li>\n\n\n\n<li><strong>Hamburgisches Krisentelefon:<\/strong> 040\/ 42811 3000<\/li>\n\n\n\n<li><strong>Telefonseelsorge<\/strong>: Tel. 0800 111 0 111 (24-Stunden-Erreichbarkeit)<\/li>\n\n\n\n<li><strong>Studentische Telefonseelsorge<\/strong>: Tel. 040\/ 411 70 411 (20:00 &#8211; 24:00 Uhr)<\/li>\n\n\n\n<li><strong>Sozialpsychiatrischer Dienst Wandsbek<\/strong>: Tel. 040\/42818- 5357<\/li>\n\n\n\n<li><strong>Asklepios Klinik Wandsbek&nbsp;<abbr title=\"Hamburg\">HH<\/abbr>:<\/strong> 040\/1818830<\/li>\n\n\n\n<li><strong>\u00dcbersicht der Hamburger Krankenh\u00e4user mit Psychiatrischen Abteilungen:<\/strong> <a href=\"https:\/\/www.hamburg.de\/krankenhausverzeichnis\/2833438\/psychiatrie\/\" rel='nofollow'>https:\/\/www.hamburg.de\/krankenhausverzeichnis\/2833438\/psychiatrie\/<\/a><\/li>\n<\/ul>\n","protected":false},"excerpt":{"rendered":"<p>Unter folgenden links finden Sie Informationen zu externen psychotherapeutischen und Beratungs-Angeboten: Bei der Psychotherapeutenkammer Hamburg erhalten Sie umfassende Hinweise und Hilfen rund um das Thema Psychotherapie. \u00dcber das Psychotherapeutensuchprogramm der [&hellip;]<\/p>\n","protected":false},"author":18,"featured_media":0,"parent":0,"menu_order":0,"comment_status":"closed","ping_status":"closed","template":"","meta":{"footnotes":""},"categories":[4],"tags":[],"class_list":["post-119","page","type-page","status-publish","hentry","category-forschung"],"_links":{"self":[{"href":"https:\/\/www.hsu-hh.de\/psychbst\/wp-json\/wp\/v2\/pages\/119","targetHints":{"allow":["GET"]}}],"collection":[{"href":"https:\/\/www.hsu-hh.de\/psychbst\/wp-json\/wp\/v2\/pages"}],"about":[{"href":"https:\/\/www.hsu-hh.de\/psychbst\/wp-json\/wp\/v2\/types\/page"}],"author":[{"embeddable":true,"href":"https:\/\/www.hsu-hh.de\/psychbst\/wp-json\/wp\/v2\/users\/18"}],"replies":[{"embeddable":true,"href":"https:\/\/www.hsu-hh.de\/psychbst\/wp-json\/wp\/v2\/comments?post=119"}],"version-history":[{"count":15,"href":"https:\/\/www.hsu-hh.de\/psychbst\/wp-json\/wp\/v2\/pages\/119\/revisions"}],"predecessor-version":[{"id":593,"href":"https:\/\/www.hsu-hh.de\/psychbst\/wp-json\/wp\/v2\/pages\/119\/revisions\/593"}],"wp:attachment":[{"href":"https:\/\/www.hsu-hh.de\/psychbst\/wp-json\/wp\/v2\/media?parent=119"}],"wp:term":[{"taxonomy":"category","embeddable":true,"href":"https:\/\/www.hsu-hh.de\/psychbst\/wp-json\/wp\/v2\/categories?post=119"},{"taxonomy":"post_tag","embeddable":true,"href":"https:\/\/www.hsu-hh.de\/psychbst\/wp-json\/wp\/v2\/tags?post=119"}],"curies":[{"name":"wp","href":"https:\/\/api.w.org\/{rel}","templated":true}]}}