{"id":107,"date":"2018-01-15T13:13:15","date_gmt":"2018-01-15T12:13:15","guid":{"rendered":"https:\/\/www.hsu-hh.de\/psychbst\/?page_id=107"},"modified":"2023-09-12T15:44:18","modified_gmt":"2023-09-12T13:44:18","slug":"angebote","status":"publish","type":"page","link":"https:\/\/www.hsu-hh.de\/psychbst\/faqs-2\/angebote","title":{"rendered":"Workshops"},"content":{"rendered":"\n<p class=\"has-large-font-size\"><strong>Die Psychologische Beratungsstelle bietet (Impuls-)Workshops und Vortr\u00e4ge f\u00fcr die Angeh\u00f6rigen der Universit\u00e4t an.<\/strong><\/p>\n\n\n\n<p class=\"has-large-font-size\"><strong>Im Folgenden gibt es eine \u00dcbersicht \u00fcber die angebotenen Themen<\/strong>. <br><strong>Weitere Themen sind je nach Bedarf m\u00f6glich.<\/strong><\/p>\n\n\n\n<h2 class=\"wp-block-heading\"><\/h2>\n\n\n\n<p class=\"has-large-font-size\"><strong> <\/strong><\/p>\n\n\n\n<div class=\"wp-block-columns is-layout-flex wp-container-core-columns-is-layout-9d6595d7 wp-block-columns-is-layout-flex\">\n<div class=\"wp-block-column is-layout-flow wp-block-column-is-layout-flow\" style=\"flex-basis:50%\">\n<p class=\"has-large-font-size\"><strong>F\u00fcr Studierende<\/strong><\/p>\n\n\n\n<h3 class=\"wp-block-heading\">&#8211; Stress &amp; Stressmanagement<br>&#8211; Lernen &amp; Strukturiertes Arbeiten<br>&#8211; Pr\u00fcfungsangst<br>&#8211; Selbstwert<br>&#8211; Selbstf\u00fcrsorge<br>&#8211; Wertsch\u00e4tzende Kommunikation<br>&#8211; Umgang mit belasteten Kommiliton:innen<br>&#8211; &#8222;Wie f\u00fchre ich?&#8220;<\/h3>\n<\/div>\n\n\n\n<div class=\"wp-block-column is-layout-flow wp-block-column-is-layout-flow\" style=\"flex-basis:50%\">\n<p class=\"has-large-font-size\"><strong>F\u00fcr ziviles und milit\u00e4risches Personal<\/strong><\/p>\n\n\n\n<h3 class=\"wp-block-heading\">&#8211; Stress &amp; Stressmanagement<br>&#8211; Umgang mit belasteten Mitarbeitenden<br>&#8211; Wertsch\u00e4tzende Kommunikation<br>&#8211; Selbstf\u00fcrsorge<br>&#8211; &#8222;Wie f\u00fchre ich?&#8220;<\/h3>\n<\/div>\n<\/div>\n\n\n\n<p><\/p>\n","protected":false},"excerpt":{"rendered":"<p>Die Psychologische Beratungsstelle bietet (Impuls-)Workshops und Vortr\u00e4ge f\u00fcr die Angeh\u00f6rigen der Universit\u00e4t an. Im Folgenden gibt es eine \u00dcbersicht \u00fcber die angebotenen Themen. Weitere Themen sind je nach Bedarf m\u00f6glich. [&hellip;]<\/p>\n","protected":false},"author":18,"featured_media":0,"parent":367,"menu_order":0,"comment_status":"closed","ping_status":"closed","template":"","meta":{"footnotes":""},"categories":[38],"tags":[],"class_list":["post-107","page","type-page","status-publish","hentry","category-angebote"],"_links":{"self":[{"href":"https:\/\/www.hsu-hh.de\/psychbst\/wp-json\/wp\/v2\/pages\/107","targetHints":{"allow":["GET"]}}],"collection":[{"href":"https:\/\/www.hsu-hh.de\/psychbst\/wp-json\/wp\/v2\/pages"}],"about":[{"href":"https:\/\/www.hsu-hh.de\/psychbst\/wp-json\/wp\/v2\/types\/page"}],"author":[{"embeddable":true,"href":"https:\/\/www.hsu-hh.de\/psychbst\/wp-json\/wp\/v2\/users\/18"}],"replies":[{"embeddable":true,"href":"https:\/\/www.hsu-hh.de\/psychbst\/wp-json\/wp\/v2\/comments?post=107"}],"version-history":[{"count":13,"href":"https:\/\/www.hsu-hh.de\/psychbst\/wp-json\/wp\/v2\/pages\/107\/revisions"}],"predecessor-version":[{"id":590,"href":"https:\/\/www.hsu-hh.de\/psychbst\/wp-json\/wp\/v2\/pages\/107\/revisions\/590"}],"up":[{"embeddable":true,"href":"https:\/\/www.hsu-hh.de\/psychbst\/wp-json\/wp\/v2\/pages\/367"}],"wp:attachment":[{"href":"https:\/\/www.hsu-hh.de\/psychbst\/wp-json\/wp\/v2\/media?parent=107"}],"wp:term":[{"taxonomy":"category","embeddable":true,"href":"https:\/\/www.hsu-hh.de\/psychbst\/wp-json\/wp\/v2\/categories?post=107"},{"taxonomy":"post_tag","embeddable":true,"href":"https:\/\/www.hsu-hh.de\/psychbst\/wp-json\/wp\/v2\/tags?post=107"}],"curies":[{"name":"wp","href":"https:\/\/api.w.org\/{rel}","templated":true}]}}