{"id":73,"date":"2017-07-03T15:52:08","date_gmt":"2017-07-03T13:52:08","guid":{"rendered":"https:\/\/www.hsu-hh.de\/vorlage\/?page_id=73"},"modified":"2026-02-11T18:27:34","modified_gmt":"2026-02-11T17:27:34","slug":"startseite","status":"publish","type":"page","link":"https:\/\/www.hsu-hh.de\/psyaow\/","title":{"rendered":"Professur f\u00fcr Arbeits-, Organisations- und Wirtschaftspsychologie"},"content":{"rendered":"\n<p><\/p>\n\n\n\n<div class=\"wp-block-columns is-layout-flex wp-container-core-columns-is-layout-9d6595d7 wp-block-columns-is-layout-flex\">\n<div class=\"wp-block-column is-layout-flow wp-block-column-is-layout-flow\"><\/div>\n<\/div>\n\n\n\n<div class=\"wp-block-media-text alignwide is-stacked-on-mobile\" style=\"grid-template-columns:17% auto\"><figure class=\"wp-block-media-text__media\"><img decoding=\"async\" src=\"https:\/\/www.hsu-hh.de\/psyaow\/wp-content\/uploads\/sites\/834\/2023\/05\/digilap_logo_rgb.svg\" alt=\"\" class=\"wp-image-3239 size-full\" \/><\/figure><div class=\"wp-block-media-text__content\">\n<p class=\"has-large-font-size\">Aktuelles dtec.bw-Projekt &#8222;Digital Leadership and Health&#8220;<\/p>\n\n\n\n<p><a href=\"https:\/\/www.hsu-hh.de\/psyaow\/newsblog-aus-unserem-dtec-projekt-digital-leadership-and-health\/\" data-type=\"post\" data-id=\"1969\">Erfahren Sie hier mehr \u00fcber die ersten Ergebnisse unserer repr\u00e4sentativen Befragung.<\/a> <\/p>\n<\/div><\/div>\n\n\n\n<div class=\"wp-block-columns is-layout-flex wp-container-core-columns-is-layout-9d6595d7 wp-block-columns-is-layout-flex\">\n<div class=\"wp-block-column is-layout-flow wp-block-column-is-layout-flow\"><\/div>\n<\/div>\n\n\n<div id=\"category_content_kd8OmxmK\" class=\"hsu_category archive-page\"><article  id=\"post-3476\" class=\"category-list-item post-3476 post type-post status-publish format-standard hentry \"><a href=\"https:\/\/www.hsu-hh.de\/psyaow\/aktueller-podcast-mit-prof-dr-joerg-felfe\/\" title=\"Aktueller Podcast in der Reihe \"New Work Meets Science\" mit Prof. Dr. J\u00f6rg Felfe!\" >\t<div class=\"article-listitem-datetime\">\t\t<time class=\"updated\" datetime=\"2023-09-27 14:30:13\"><\/time>\t\t<span class=\"article-month\">\t\t\t<time class=\"entry-date published\" datetime=\"2023-09-27 14:29:28\">Sep<\/time>\t\t<\/span>\t\t<span class=\"article-day\">\t\t\t<time class=\"entry-date published\" datetime=\"2023-09-27 14:29:28\">27<\/time>\t\t<\/span>\t\t<span class=\"article-datetime\">\t\t\t<time class=\"entry-date published\" datetime=\"2023-09-27 14:29:28\">2023<\/time>\t\t<\/span>\t<\/div><div class=\"hsu_category_article-content-wrap\"><div class=\"hsu_category_article-content-wrap-inner\"><div>\t<header class=\"entry-header\">\t\t<h3 class=\"entry-title\">Aktueller Podcast in der Reihe &#8222;New Work Meets Science&#8220; mit Prof. Dr. J\u00f6rg Felfe!\t\t<\/h3>\t<\/header><div class=\"entry-content-excerpt\">Welche Herausforderungen bringt F\u00fchrung auf Distanz im Vergleich zu traditioneller F\u00fchrung mit sich? Und auf welche Weise nimmt F\u00fchrung auch auf die Gesundheit von Besch\u00e4ftigten im Homeoffice einen Einfluss? Zusammen mit Theresa ergr\u00fcndet er, welche Rolle Digitalisierung und hybrides Arbeiten dabei spielen. Hier geht&#8217;s zum Podcast https:\/\/spotify.link\/IjP9OD1M6Cb<\/div> <\/div><\/div><\/div><\/a><\/article><article  id=\"post-2505\" class=\"category-list-item post-2505 post type-post status-publish format-standard hentry \"><a href=\"https:\/\/www.hsu-hh.de\/psyaow\/forschung\/projekte\/10-wie-gelingt-human-resource-management-im-homeoffice\/\" title=\"10. Wie gelingt Human Resource Management im Homeoffice?\" >\t<div class=\"article-listitem-datetime\">\t\t<time class=\"updated\" datetime=\"2022-04-19 17:35:49\"><\/time>\t\t<span class=\"article-month\">\t\t\t<time class=\"entry-date published\" datetime=\"2022-04-19 17:07:04\">Apr<\/time>\t\t<\/span>\t\t<span class=\"article-day\">\t\t\t<time class=\"entry-date published\" datetime=\"2022-04-19 17:07:04\">19<\/time>\t\t<\/span>\t\t<span class=\"article-datetime\">\t\t\t<time class=\"entry-date published\" datetime=\"2022-04-19 17:07:04\">2022<\/time>\t\t<\/span>\t<\/div><div class=\"hsu_category_article-content-wrap\"><div class=\"hsu_category_article-content-wrap-inner\"><div>\t<header class=\"entry-header\">\t\t<h3 class=\"entry-title\">10. Wie gelingt Human Resource Management im Homeoffice?\t\t<\/h3>\t<\/header><div class=\"entry-content-excerpt\">Im Rahmen des Human Resource Managements (HRM) k\u00f6nnen Organisationen vielf\u00e4ltige Instrumente und Praktiken einsetzen, um organisationale und mitarbeiterbezogene Ziele zu erreichen. Wie unterscheiden sich solche HRM-Praktiken zwischen Besch\u00e4ftigten, die teilweise oder \u00fcberwiegend im HO t\u00e4tig sind und Besch\u00e4ftigten, die nicht im HO t\u00e4tig sind?Sind die HRM-Ma\u00dfnahmen, je nach Einsatzort der Besch\u00e4ftigten unterschiedlich effektiv?Welche Ma\u00dfnahmen sind&#8230;<\/div> <\/div><\/div><\/div><\/a><\/article><article  id=\"post-2488\" class=\"category-list-item post-2488 post type-post status-publish format-standard hentry \"><a href=\"https:\/\/www.hsu-hh.de\/psyaow\/forschung\/projekte\/9-welche-rolle-spielt-die-persoenlichkeit-im-homeoffice\/\" title=\"9. Welche Rolle spielt die Pers\u00f6nlichkeit im Homeoffice?\" >\t<div class=\"article-listitem-datetime\">\t\t<time class=\"updated\" datetime=\"2022-04-19 17:35:12\"><\/time>\t\t<span class=\"article-month\">\t\t\t<time class=\"entry-date published\" datetime=\"2022-04-19 16:47:20\">Apr<\/time>\t\t<\/span>\t\t<span class=\"article-day\">\t\t\t<time class=\"entry-date published\" datetime=\"2022-04-19 16:47:20\">19<\/time>\t\t<\/span>\t\t<span class=\"article-datetime\">\t\t\t<time class=\"entry-date published\" datetime=\"2022-04-19 16:47:20\">2022<\/time>\t\t<\/span>\t<\/div><div class=\"hsu_category_article-content-wrap\"><div class=\"hsu_category_article-content-wrap-inner\"><div>\t<header class=\"entry-header\">\t\t<h3 class=\"entry-title\">9. Welche Rolle spielt die Pers\u00f6nlichkeit im Homeoffice?\t\t<\/h3>\t<\/header><div class=\"entry-content-excerpt\">Insgesamt zeigen sich positive Effekte von Homeoffice f\u00fcr Commitment, Engagement, Arbeitszufriedenheit (s. 3.1) und Gesundheit (s. 3.3), aber wer profitiert besonders?Welche Bedeutung hat ein positives Selbstbild daf\u00fcr, ob jemand von Homeoffice profitiert?Welche Bedeutung haben Pers\u00f6nlichkeitsmerkmale wie Extraversion, Gewissenhaftigkeit und Offenheit daf\u00fcr, ob jemand von Homeoffice profitiert?Hierzu wird jeweils betrachtet, ob der Unterschied zwischen Homeoffice und&#8230;<\/div> <\/div><\/div><\/div><\/a><\/article><article  id=\"post-2464\" class=\"category-list-item post-2464 post type-post status-publish format-standard hentry \"><a href=\"https:\/\/www.hsu-hh.de\/psyaow\/forschung\/projekte\/8-wer-profitiert-mehr-wer-profitiert-weniger-von-homeoffice\/\" title=\"8. Wer profitiert mehr, wer profitiert weniger von Homeoffice?\" >\t<div class=\"article-listitem-datetime\">\t\t<time class=\"updated\" datetime=\"2022-04-19 17:34:15\"><\/time>\t\t<span class=\"article-month\">\t\t\t<time class=\"entry-date published\" datetime=\"2022-04-19 14:47:06\">Apr<\/time>\t\t<\/span>\t\t<span class=\"article-day\">\t\t\t<time class=\"entry-date published\" datetime=\"2022-04-19 14:47:06\">19<\/time>\t\t<\/span>\t\t<span class=\"article-datetime\">\t\t\t<time class=\"entry-date published\" datetime=\"2022-04-19 14:47:06\">2022<\/time>\t\t<\/span>\t<\/div><div class=\"hsu_category_article-content-wrap\"><div class=\"hsu_category_article-content-wrap-inner\"><div>\t<header class=\"entry-header\">\t\t<h3 class=\"entry-title\">8. Wer profitiert mehr, wer profitiert weniger von Homeoffice?\t\t<\/h3>\t<\/header><div class=\"entry-content-excerpt\">Insgesamt zeigen sich positive Effekte von Homeoffice f\u00fcr Commitment, Engagement, Arbeitszufriedenheit (s. 3.1) und Gesundheit (s. 3.3), aber wer profitiert besonders?Welche Bedeutung hat die Familiensituation daf\u00fcr, ob jemand von Homeoffice profitiert?Welche Bedeutung haben Vorerfahrungen mit Homeoffice daf\u00fcr, ob jemand von Homeoffice profitiert?Welche Rolle spielt es, ob die meisten KollegInnen ebenfalls im Homeoffice sind?Hierzu wird jeweils&#8230;<\/div> <\/div><\/div><\/div><\/a><\/article><article  id=\"post-2122\" class=\"category-list-item post-2122 post type-post status-publish format-standard hentry \"><a href=\"https:\/\/www.hsu-hh.de\/psyaow\/forschung\/projekte\/7-wie-gelingen-digitales-arbeiten-und-digitales-fuehren\/\" title=\"7. Wie gelingen digitales Arbeiten und digitales F\u00fchren?\" >\t<div class=\"article-listitem-datetime\">\t\t<time class=\"updated\" datetime=\"2026-03-05 14:01:20\"><\/time>\t\t<span class=\"article-month\">\t\t\t<time class=\"entry-date published\" datetime=\"2022-02-08 19:49:34\">Feb<\/time>\t\t<\/span>\t\t<span class=\"article-day\">\t\t\t<time class=\"entry-date published\" datetime=\"2022-02-08 19:49:34\">08<\/time>\t\t<\/span>\t\t<span class=\"article-datetime\">\t\t\t<time class=\"entry-date published\" datetime=\"2022-02-08 19:49:34\">2022<\/time>\t\t<\/span>\t<\/div><div class=\"hsu_category_article-content-wrap\"><div class=\"hsu_category_article-content-wrap-inner\"><div>\t<header class=\"entry-header\">\t\t<h3 class=\"entry-title\">7. Wie gelingen digitales Arbeiten und digitales F\u00fchren?\t\t<\/h3>\t<\/header><div class=\"entry-content-excerpt\">Wie effektiv ist die Arbeit im HO? Wie sehr vertrauen die FK ihren MA im HO? Wie oft und mit welchen Medien kommunizieren F\u00fchrungskr\u00e4fte mit ihren Mitarbeitenden? Was wird aus der informellen Kommunikation? Wie ist die Bedeutung h\u00e4ufiger Webkonferenzen einzusch\u00e4tzen? Wie gestaltet sich digitale F\u00fchrung? Welche Schwierigkeiten erleben FK? 7.1.&nbsp;Besch\u00e4ftigte kommunizieren \u00fcberwiegend digital mit F\u00fchrungskraft&#8230;<\/div> <\/div><\/div><\/div><\/a><\/article><\/div><div class=\"clearfix\"><\/div><div class=\"col-xs-12 col-md-3 col-md-push-4\"><span class=\"link no-arrow\"><button class=\"gcategorymore hsu_btn\" id=\"kd8OmxmK\"  data-catID=\"29\" data-postsPerPage=\"5\" data-order=\"DESC\" data-paged=\"2\" data-more_posts=\"1\" data-postexcerpt=\"1\" data-postmeta=\"1\" data-posttitle=\"1\" data-currentPostId=\"73\" data-uid=\"kd8OmxmK\" data-ajax=\"true\" >Mehr Beitr\u00e4ge<\/button><\/span><\/div><div class=\"clearfix\"><\/div>\n\n\n<h2 class=\"wp-block-heading\">Leitung:<\/h2>\n\n\n\n<p><strong><a href=\"https:\/\/www.hsu-hh.de\/psyaow\/team\/felfe\/\"><abbr title=\"Professor\">Prof.<\/abbr> <abbr title=\"Doktor\">Dr.<\/abbr> J\u00f6rg Felfe<\/a><\/strong><\/p>\n\n\n\n<p>_____________________________________________________________________________________________________________________________<\/p>\n\n\n\n<h2 class=\"wp-block-heading\">Das sind wir:<\/h2>\n\n\n\n<figure class=\"wp-block-image size-large is-resized\"><img loading=\"lazy\" decoding=\"async\" width=\"1024\" height=\"871\" src=\"https:\/\/www.hsu-hh.de\/psyaow\/wp-content\/uploads\/sites\/834\/2025\/09\/Team-2-2025_09-1024x871.png\" data-credit=\" \" alt=\"\" class=\"wp-image-4025\" style=\"width:578px;height:auto\" srcset=\"https:\/\/www.hsu-hh.de\/psyaow\/wp-content\/uploads\/sites\/834\/2025\/09\/Team-2-2025_09-1024x871.png 1024w, https:\/\/www.hsu-hh.de\/psyaow\/wp-content\/uploads\/sites\/834\/2025\/09\/Team-2-2025_09-300x255.png 300w, https:\/\/www.hsu-hh.de\/psyaow\/wp-content\/uploads\/sites\/834\/2025\/09\/Team-2-2025_09-768x653.png 768w, https:\/\/www.hsu-hh.de\/psyaow\/wp-content\/uploads\/sites\/834\/2025\/09\/Team-2-2025_09-1536x1307.png 1536w, https:\/\/www.hsu-hh.de\/psyaow\/wp-content\/uploads\/sites\/834\/2025\/09\/Team-2-2025_09-2048x1742.png 2048w, https:\/\/www.hsu-hh.de\/psyaow\/wp-content\/uploads\/sites\/834\/2025\/09\/Team-2-2025_09-1100x936.png 1100w\" sizes=\"auto, (max-width: 1024px) 100vw, 1024px\" \/><\/figure>\n\n\n\n<p><\/p>\n\n\n\n<h2 class=\"wp-block-heading\">Unsere Homepage im \u00dcberblick:<\/h2>\n\n\n\n<div class=\"wp-block-media-text alignwide is-stacked-on-mobile\" style=\"grid-template-columns:19% auto\"><figure class=\"wp-block-media-text__media\"><img loading=\"lazy\" decoding=\"async\" width=\"503\" height=\"387\" src=\"https:\/\/www.hsu-hh.de\/psyaow\/wp-content\/uploads\/sites\/834\/2026\/02\/image.png\" data-credit=\"OpenAI\" alt=\"\" class=\"wp-image-4265 size-full\" srcset=\"https:\/\/www.hsu-hh.de\/psyaow\/wp-content\/uploads\/sites\/834\/2026\/02\/image.png 503w, https:\/\/www.hsu-hh.de\/psyaow\/wp-content\/uploads\/sites\/834\/2026\/02\/image-300x231.png 300w\" sizes=\"auto, (max-width: 503px) 100vw, 503px\" \/><\/figure><div class=\"wp-block-media-text__content\">\n<p class=\"has-large-font-size\"><a href=\"https:\/\/www.hsu-hh.de\/psyaow\/ueber-die-aow-professur\/\" data-type=\"page\" data-id=\"564\">\u00dcber die Professur<\/a><\/p>\n\n\n\n<ul class=\"wp-block-list\">\n<li>Was ist die AOW-Psychologie?<\/li>\n\n\n\n<li>Mit was besch\u00e4ftigten wir uns?<\/li>\n<\/ul>\n<\/div><\/div>\n\n\n\n<div class=\"wp-block-media-text alignwide is-stacked-on-mobile\" style=\"grid-template-columns:19% auto\"><figure class=\"wp-block-media-text__media\"><img loading=\"lazy\" decoding=\"async\" width=\"497\" height=\"395\" src=\"https:\/\/www.hsu-hh.de\/psyaow\/wp-content\/uploads\/sites\/834\/2026\/02\/image-3.png\" data-credit=\"OpenAI\" alt=\"\" class=\"wp-image-4266 size-full\" srcset=\"https:\/\/www.hsu-hh.de\/psyaow\/wp-content\/uploads\/sites\/834\/2026\/02\/image-3.png 497w, https:\/\/www.hsu-hh.de\/psyaow\/wp-content\/uploads\/sites\/834\/2026\/02\/image-3-300x238.png 300w\" sizes=\"auto, (max-width: 497px) 100vw, 497px\" \/><\/figure><div class=\"wp-block-media-text__content\">\n<p class=\"has-large-font-size\"><a href=\"https:\/\/www.hsu-hh.de\/psyaow\/team\/\" data-type=\"page\" data-id=\"106\">Teamprofile<\/a><\/p>\n\n\n\n<ul class=\"wp-block-list\">\n<li><a href=\"https:\/\/www.hsu-hh.de\/psyaow\/team\/felfe\/\" data-type=\"page\" data-id=\"234\">Leitung (<abbr title=\"Professor\">Prof.<\/abbr> <abbr title=\"Doktor\">Dr.<\/abbr> J\u00f6rg Felfe)<\/a><\/li>\n\n\n\n<li><a href=\"https:\/\/www.hsu-hh.de\/psyaow\/team\/\" data-type=\"page\" data-id=\"106\">Team<\/a><\/li>\n\n\n\n<li>Externe Doktoranden<\/li>\n<\/ul>\n<\/div><\/div>\n\n\n\n<div class=\"wp-block-media-text alignwide is-stacked-on-mobile\" style=\"grid-template-columns:19% auto\"><figure class=\"wp-block-media-text__media\"><img loading=\"lazy\" decoding=\"async\" width=\"499\" height=\"399\" src=\"https:\/\/www.hsu-hh.de\/psyaow\/wp-content\/uploads\/sites\/834\/2026\/02\/image-1.png\" data-credit=\"OpenAI\" alt=\"\" class=\"wp-image-4267 size-full\" srcset=\"https:\/\/www.hsu-hh.de\/psyaow\/wp-content\/uploads\/sites\/834\/2026\/02\/image-1.png 499w, https:\/\/www.hsu-hh.de\/psyaow\/wp-content\/uploads\/sites\/834\/2026\/02\/image-1-300x240.png 300w\" sizes=\"auto, (max-width: 499px) 100vw, 499px\" \/><\/figure><div class=\"wp-block-media-text__content\">\n<p class=\"has-large-font-size\"><a href=\"https:\/\/www.hsu-hh.de\/psyaow\/forschung\/\" data-type=\"page\" data-id=\"112\">Forschung<\/a><\/p>\n\n\n\n<ul class=\"wp-block-list\">\n<li><a href=\"https:\/\/www.hsu-hh.de\/psyaow\/forschung\/unsere-forschungsschwerpunkte\/\" data-type=\"page\" data-id=\"1891\">Forschungsschwerpunkte<\/a><\/li>\n\n\n\n<li><a href=\"https:\/\/www.hsu-hh.de\/psyaow\/forschung\/projekte\/\" data-type=\"page\" data-id=\"213\">Forschungsprojekte<\/a><\/li>\n\n\n\n<li><a href=\"https:\/\/www.hsu-hh.de\/psyaow\/forschung\/diss-habilitationsvorhaben\/\" data-type=\"page\" data-id=\"225\">Habilitations- und Dissertationsprojekte<\/a><\/li>\n\n\n\n<li><a href=\"https:\/\/www.hsu-hh.de\/psyaow\/forschung\/bachelor-und-masterarbeiten\/\" data-type=\"page\" data-id=\"367\">Bachelor- und Masterarbeiten<\/a><\/li>\n<\/ul>\n<\/div><\/div>\n\n\n\n<div class=\"wp-block-media-text alignwide is-stacked-on-mobile\" style=\"grid-template-columns:19% auto\"><figure class=\"wp-block-media-text__media\"><img loading=\"lazy\" decoding=\"async\" width=\"506\" height=\"401\" src=\"https:\/\/www.hsu-hh.de\/psyaow\/wp-content\/uploads\/sites\/834\/2026\/02\/image-2.png\" data-credit=\"OpenAI\" alt=\"\" class=\"wp-image-4269 size-full\" srcset=\"https:\/\/www.hsu-hh.de\/psyaow\/wp-content\/uploads\/sites\/834\/2026\/02\/image-2.png 506w, https:\/\/www.hsu-hh.de\/psyaow\/wp-content\/uploads\/sites\/834\/2026\/02\/image-2-300x238.png 300w\" sizes=\"auto, (max-width: 506px) 100vw, 506px\" \/><\/figure><div class=\"wp-block-media-text__content\">\n<p class=\"has-large-font-size\"><a href=\"https:\/\/www.hsu-hh.de\/psyaow\/lehre\/\" data-type=\"page\" data-id=\"116\">Lehre<\/a><\/p>\n\n\n\n<ul class=\"wp-block-list\">\n<li>Lehrveranstaltungen<\/li>\n\n\n\n<li>Vorlesungsunterlagen<\/li>\n\n\n\n<li><a href=\"https:\/\/www.hsu-hh.de\/psyaow\/lehre\/fosem\/\" data-type=\"page\" data-id=\"205\">AOW-Forschungsseminar<\/a><\/li>\n<\/ul>\n<\/div><\/div>\n\n\n\n<div class=\"wp-block-media-text alignwide is-stacked-on-mobile\" style=\"grid-template-columns:19% auto\"><figure class=\"wp-block-media-text__media\"><img loading=\"lazy\" decoding=\"async\" width=\"499\" height=\"396\" src=\"https:\/\/www.hsu-hh.de\/psyaow\/wp-content\/uploads\/sites\/834\/2026\/02\/image-4.png\" data-credit=\"OpenAI\" alt=\"\" class=\"wp-image-4270 size-full\" srcset=\"https:\/\/www.hsu-hh.de\/psyaow\/wp-content\/uploads\/sites\/834\/2026\/02\/image-4.png 499w, https:\/\/www.hsu-hh.de\/psyaow\/wp-content\/uploads\/sites\/834\/2026\/02\/image-4-300x238.png 300w\" sizes=\"auto, (max-width: 499px) 100vw, 499px\" \/><\/figure><div class=\"wp-block-media-text__content\">\n<p class=\"has-large-font-size\"><a href=\"https:\/\/www.hsu-hh.de\/psyaow\/publikationen\/\" data-type=\"page\" data-id=\"153\">Publikationen<\/a><\/p>\n<\/div><\/div>\n\n\n\n<div class=\"wp-block-media-text alignwide is-stacked-on-mobile\" style=\"grid-template-columns:19% auto\"><figure class=\"wp-block-media-text__media\"><img loading=\"lazy\" decoding=\"async\" width=\"510\" height=\"400\" src=\"https:\/\/www.hsu-hh.de\/psyaow\/wp-content\/uploads\/sites\/834\/2026\/02\/image-5.png\" data-credit=\"OpenAI\" alt=\"\" class=\"wp-image-4271 size-full\" srcset=\"https:\/\/www.hsu-hh.de\/psyaow\/wp-content\/uploads\/sites\/834\/2026\/02\/image-5.png 510w, https:\/\/www.hsu-hh.de\/psyaow\/wp-content\/uploads\/sites\/834\/2026\/02\/image-5-300x235.png 300w\" sizes=\"auto, (max-width: 510px) 100vw, 510px\" \/><\/figure><div class=\"wp-block-media-text__content\">\n<p class=\"has-large-font-size\"><a href=\"https:\/\/www.hsu-hh.de\/psyaow\/weiterbildungsangebote\/\" data-type=\"page\" data-id=\"164\">Weiterbildungen<\/a><\/p>\n<\/div><\/div>\n\n\n\n<div class=\"wp-block-columns is-layout-flex wp-container-core-columns-is-layout-9d6595d7 wp-block-columns-is-layout-flex\">\n<div class=\"wp-block-column is-layout-flow wp-block-column-is-layout-flow\"><\/div>\n<\/div>\n\n\n\n<div class=\"wp-block-columns is-layout-flex wp-container-core-columns-is-layout-9d6595d7 wp-block-columns-is-layout-flex\">\n<div class=\"wp-block-column is-layout-flow wp-block-column-is-layout-flow\"><\/div>\n<\/div>\n\n\n\n<p><\/p>\n\n\n\n<p><\/p>\n\n\n\n<p>Die Bilder sind KI-generiert mit Unterst\u00fctzung von ChatGPT (OpenAI).<\/p>\n\n\n\n<p><\/p>\n","protected":false},"excerpt":{"rendered":"<p>Aktuelles dtec.bw-Projekt &#8222;Digital Leadership and Health&#8220; Erfahren Sie hier mehr \u00fcber die ersten Ergebnisse unserer repr\u00e4sentativen Befragung. Leitung: Prof. Dr. J\u00f6rg Felfe _____________________________________________________________________________________________________________________________ Das sind wir: Unsere Homepage im \u00dcberblick: [&hellip;]<\/p>\n","protected":false},"author":26,"featured_media":0,"parent":0,"menu_order":0,"comment_status":"closed","ping_status":"closed","template":"","meta":{"footnotes":""},"categories":[35],"tags":[],"class_list":["post-73","page","type-page","status-publish","hentry","category-startseite"],"_links":{"self":[{"href":"https:\/\/www.hsu-hh.de\/psyaow\/wp-json\/wp\/v2\/pages\/73","targetHints":{"allow":["GET"]}}],"collection":[{"href":"https:\/\/www.hsu-hh.de\/psyaow\/wp-json\/wp\/v2\/pages"}],"about":[{"href":"https:\/\/www.hsu-hh.de\/psyaow\/wp-json\/wp\/v2\/types\/page"}],"author":[{"embeddable":true,"href":"https:\/\/www.hsu-hh.de\/psyaow\/wp-json\/wp\/v2\/users\/26"}],"replies":[{"embeddable":true,"href":"https:\/\/www.hsu-hh.de\/psyaow\/wp-json\/wp\/v2\/comments?post=73"}],"version-history":[{"count":146,"href":"https:\/\/www.hsu-hh.de\/psyaow\/wp-json\/wp\/v2\/pages\/73\/revisions"}],"predecessor-version":[{"id":4276,"href":"https:\/\/www.hsu-hh.de\/psyaow\/wp-json\/wp\/v2\/pages\/73\/revisions\/4276"}],"wp:attachment":[{"href":"https:\/\/www.hsu-hh.de\/psyaow\/wp-json\/wp\/v2\/media?parent=73"}],"wp:term":[{"taxonomy":"category","embeddable":true,"href":"https:\/\/www.hsu-hh.de\/psyaow\/wp-json\/wp\/v2\/categories?post=73"},{"taxonomy":"post_tag","embeddable":true,"href":"https:\/\/www.hsu-hh.de\/psyaow\/wp-json\/wp\/v2\/tags?post=73"}],"curies":[{"name":"wp","href":"https:\/\/api.w.org\/{rel}","templated":true}]}}