{"id":3816,"date":"2024-10-01T19:59:46","date_gmt":"2024-10-01T17:59:46","guid":{"rendered":"https:\/\/www.hsu-hh.de\/psyaow\/?page_id=3816"},"modified":"2025-10-24T15:25:10","modified_gmt":"2025-10-24T13:25:10","slug":"pauline-halm-m-sc","status":"publish","type":"page","link":"https:\/\/www.hsu-hh.de\/psyaow\/team\/pauline-halm-m-sc\/","title":{"rendered":"Pauline Halm, M.Sc."},"content":{"rendered":"<script type=\"application\/ld+json\">[{\"@context\": \"https:\/\/www.schema.org\",\"@type\": \"Person\",\"name\": \"Pauline Halm\",\"worksFor\": [{\t\"@type\": \"Organization\",\t\"name\": \"Helmut-Schmidt-Universit\u00e4t\",\t\"url\": \"https:\/\/www.hsu-hh.de\"\t, \"department\": {\"@type\": \"Organization\",\t\t\t\t\t\"name\": \"Arbeits-, Organisations- und Wirtschaftspsychologie\",\t\t\t\t\t\"location\": {\t\t\t\t\t\t\"@type\": \"PostalAddress\",\t\t\t\t\t\t\"addressLocality\": \"\",        \t\t\t\t\"postalCode\": \"22043\",        \t\t\t\t\"streetAddress\": \"Holstenhofweg 85 , Geb\u00e4ude H1\"\t\t\t\t\t}},\t\"location\": {\t\t\"@type\": \"PostalAddress\",    \t\"addressLocality\": \"\",    \t\"postalCode\": \"22008\",    \t\"postOfficeBoxNumber\": \"700822\"\t}   }],\"image\": \"https:\/\/www.hsu-hh.de\/psyaow\/wp-content\/uploads\/sites\/834\/2024\/10\/Foto-Pauline-150x150.jpeg\",\"telephone\": \"+49406541-2941\",\"faxNumber\": \"\",\"email\": \"halmp@hsu-hh.de\"}]<\/script><div class=\"clearfix\"><\/div><div class=\"ansprechparter-container \" style=\"margin-top:1em; \"><div class=\"row ansprechpartner-item ansprechparter-header\" ><div class=\"col-xs-8 col-lg-12\" style=\"margin-bottom: 30px;\"><h3 class=\"ansprechparter-headline\">Pauline Halm<\/h3><\/div><\/div><div class=\"col-md-4 col-lg-3 col-xs-4 ansprechpartner-item floatright img-circle center-block\" style=\"margin-bottom: 30px;\"><div class=\"img-responsive-wrapper\"><img decoding=\"async\" src=\"https:\/\/www.hsu-hh.de\/psyaow\/wp-content\/uploads\/sites\/834\/2024\/10\/Foto-Pauline-150x150.jpeg\" alt=\"\" class=\"img-circle img-responsive center-block\" \/><\/div><\/div><div class=\"col-md-12 col-lg-3 col-xs-12 ansprechpartner-item kontakt floatright\" style=\"margin-bottom: 30px; \"><div class=\"row\"><div class=\"col-xs-12 col-sm-6 col-lg-12\"><div class=\"row\"><div class=\"col-xs-4 col-lg-4 row-text bold\" >Raum:<\/div><div class=\" row-text\">2154<\/div><\/div><\/div><div class=\"col-xs-12 col-sm-6 col-lg-12\"><div class=\"row\"><div class=\"col-xs-4 col-lg-4 row-text bold\">Telefon:<\/div><div class=\" row-text\">+49406541-2941<\/div><\/div><\/div><div class=\"col-xs-12 col-sm-6 col-lg-12\"><div class=\"row\"><div class=\"col-xs-4 col-lg-4 row-text bold\">E-Mail:<\/div><div class=\"row-text\" style=\"overflow:hidden; word-break: break-word\"><a href=\"mailto:halmp@hsu-hh.de\" rel=\"nofollow\">halmp@hsu-hh.de<\/a><\/div><\/div><\/div><\/div><\/div><div class=\"col-md-6 col-lg-3 col-xs-12 ansprechpartner-item anschrift floatright\" ><div class=\"row-headline\">Besucheranschrift<\/div><div class=\"dataBesucheranschrift\" style=\"\"><div class=\"row-text\">Helmut-Schmidt-Universit\u00e4t<\/div><div class=\"row-text\">Geb\u00e4ude H1<\/div><div class=\"row-text\">Holstenhofweg 85<\/div><div class=\"row-text\">22043 Hamburg<\/div><\/div><\/div><div class=\"col-md-6 col-lg-3 col-xs-12 ansprechpartner-item anschrift floatright\"><div class=\"row-headline\">Postanschrift<\/div><div class=\"dataPostanschrift\" style=\"\"><div class=\"row-text\">Helmut-Schmidt-Universit\u00e4t<\/div><div class=\"row-text\">Arbeits-, Organisations- und Wirtschaftspsychologie<\/div><div class=\"row-text\">Postfach 70 08 22<\/div><div class=\"row-text\">22008 Hamburg<\/div><\/div><\/div><\/div><div class=\"clearfix\"><\/div>\n\n\n<div class=\"wp-block-columns is-layout-flex wp-container-core-columns-is-layout-9d6595d7 wp-block-columns-is-layout-flex\">\n<div class=\"wp-block-column is-layout-flow wp-block-column-is-layout-flow\"><\/div>\n<\/div>\n\n\n\n<h2 class=\"wp-block-heading\">Kurzvita<\/h2>\n\n\n\n<p><strong>Berufliche T\u00e4tigkeit<\/strong><\/p>\n\n\n\n<ul class=\"wp-block-list\">\n<li>10.2024 \u2013 heute: Wissenschaftliche Mitarbeiterin an der Professur Arbeits-, Organisations- und Wirtschaftspsychologie, Helmut-Schmidt-Universit\u00e4t\/ Universit\u00e4t der Bundeswehr Hamburg<\/li>\n\n\n\n<li>07.2022 \u2013 09.2024: Wissenschaftliche Mitarbeiterin an der Professur <abbr title=\"Volkswirtschaftslehre\">VWL<\/abbr>, insbesondere Behavioral Economics, Helmut-Schmidt-Universit\u00e4t\/ Universit\u00e4t der Bundeswehr Hamburg<\/li>\n\n\n\n<li>07.2019 \u2013 07.2022: HR-Managerin, Otto <abbr title=\"Gesellschaft mit beschr\u00e4nkter Haftung\">GmbH<\/abbr> &amp; Co <abbr title=\"Kommanditgesellschaft\">KG<\/abbr>, Hamburg<\/li>\n\n\n\n<li>10.2018 \u2013 10.2019: Studentische Hilfskraft Psychologie, insbesondere Methodenlehre, Linn\u00e9universit\u00e4t, V\u00e4xj\u00f6, Schweden<\/li>\n\n\n\n<li>07.2016 \u2013 07.2017: Praktikum und anschlie\u00dfende T\u00e4tigkeit als Werkstudentin im Rechtspsychologischen Sachverst\u00e4ndigenb\u00fcro Junghans<\/li>\n<\/ul>\n\n\n\n<p><strong>Akademische Ausbildung&nbsp;<\/strong><\/p>\n\n\n\n<ul class=\"wp-block-list\">\n<li>07.2017 \u2013 06.2019: Masterstudium (<abbr title=\"Master of Science\">M.Sc.<\/abbr>) in Psychologie mit dem Schwerpunkt Arbeits- und Organisationspsychologie, Linn\u00e9universit\u00e4t V\u00e4xj\u00f6, Schweden\n<ul class=\"wp-block-list\">\n<li>Masterthesis: \u201eThe Dark Triad and Moral Decision-Making at the Workplace\u201c<\/li>\n<\/ul>\n<\/li>\n\n\n\n<li>10.2014 \u2013 07.2017: Bachelorstudium (B.Sc.) in Psychologie, Rheinische Friedrich-Wilhelms-Universit\u00e4t Bonn\n<ul class=\"wp-block-list\">\n<li>Bachelorthesis: \u201eEntwicklung und Validierung eines Tests mit Mehrfachauswahlantwortformat zur sprachminimalen Erfassung der Emotionserkennung aus Gesichtern\u201c<\/li>\n<\/ul>\n<\/li>\n<\/ul>\n\n\n\n<h2 class=\"wp-block-heading\">Forschungsschwerpunkte<\/h2>\n\n\n\n<ul class=\"wp-block-list\">\n<li>Urteilen und Entscheiden, insbesondere unter Unsicherheit<\/li>\n\n\n\n<li>Effektive Risikokommunikation und Krisenvermeidung<\/li>\n\n\n\n<li>Non-Events<\/li>\n\n\n\n<li>Autonomie und Paternalismus<\/li>\n<\/ul>\n\n\n\n<h2 class=\"wp-block-heading\">Publikationen<\/h2>\n\n\n\n<p>folgen<\/p>\n\n\n\n<h2 class=\"wp-block-heading\">Vortr\u00e4ge, Workshops und Symposien<\/h2>\n\n\n\n<p><strong>Vortr\u00e4ge<\/strong><\/p>\n\n\n\n<ul class=\"wp-block-list\">\n<li><strong>Halm, P., <\/strong>Felfe, J., Jacobsen, T., Kr\u00fcgel, J.P., Marschallek, B.E., Paetzel, F., Sommer, M.-L., &amp; Traub, S. (2025). Deceptive Calm: Why Non-Events Can Lead to Risky Behavior. 22th Conference European of the Association of Work and Organizational Psychology (EAWOP), Tschechische Republik, Prag, 21.05. \u2013 24.05.2025.<\/li>\n\n\n\n<li><strong>Halm, P., <\/strong>Felfe, J., Jacobsen, T., Kr\u00fcgel, J.P., Marschallek, B.E., Paetzel, F., Sommer, M.-L., &amp; Traub, S. (2024). Deceptive Calm: Why Non-Events Can Lead to Risky Behavior. 53. Kongress der Deutschen Gesellschaft f\u00fcr Psychologie 2024: Menschen Mitwelt Medien, \u00d6sterreich, Wien, 16.09. \u2013 19.09.2024.<\/li>\n\n\n\n<li><strong>Halm, P., <\/strong>Felfe, J., Jacobsen, T., Kr\u00fcgel, J.P., Marschallek, B.E., Paetzel, F., Sommer, M.-L., &amp; Traub, S. (2023). Testing the Effects of Non-Events on Prevention Intents. 2. Workshop der Verhaltens\u00f6konomik, Deutschland, Clausthal, 30.08. \u2013 01.09.2023.<\/li>\n\n\n\n<li><strong>Halm, P., <\/strong>Felfe, J., Jacobsen, T., Kr\u00fcgel, J.P., Marschallek, B.E., Paetzel, F., Sommer, M.-L., &amp; Traub, S. (2023). Testing the Effects of Non-Events on Prevention Intents. Summer School \u2013 Bayesian Statistical Analyses for the Human, Social and Cognitive Sciences, 3rd edition, Italien, Verona, 05.06. \u2013 09.06.2023.<\/li>\n<\/ul>\n\n\n\n<p><strong>Workshops und Sonstiges<\/strong><\/p>\n\n\n\n<ul class=\"wp-block-list\">\n<li><strong>Halm, P., <\/strong>Felfe, J., Jacobsen, T., Kr\u00fcgel, J.P., Marschallek, B.E., Paetzel, F., Sommer, M.-L., &amp; Traub, S. (2024). Deceptive Calm: Why Non-Events Can Lead to Risky Behavior. Workshop &#8211; Behavioral Economics and Management Science Colloquium, Deutschland, Hamburg, 03.07.2024.<\/li>\n\n\n\n<li>Egg-Timer: Summer School &#8211; Behavioural Economics and the Environment, D\u00e4nemark, Kopenhagen, 03.06. &#8211; 07.06. 2024.<\/li>\n<\/ul>\n\n\n\n<p><\/p>\n\n\n\n<h2 class=\"wp-block-heading\">Lehrveranstaltungen<\/h2>\n\n\n\n<ul class=\"wp-block-list\">\n<li>ISA &#8211; Leadership and Psychology in Organizations<\/li>\n<\/ul>\n","protected":false},"excerpt":{"rendered":"<p>Kurzvita Berufliche T\u00e4tigkeit Akademische Ausbildung&nbsp; Forschungsschwerpunkte Publikationen folgen Vortr\u00e4ge, Workshops und Symposien Vortr\u00e4ge Workshops und Sonstiges Lehrveranstaltungen<\/p>\n","protected":false},"author":2430,"featured_media":0,"parent":106,"menu_order":0,"comment_status":"closed","ping_status":"closed","template":"","meta":{"footnotes":""},"categories":[8],"tags":[],"class_list":["post-3816","page","type-page","status-publish","hentry","category-team"],"_links":{"self":[{"href":"https:\/\/www.hsu-hh.de\/psyaow\/wp-json\/wp\/v2\/pages\/3816","targetHints":{"allow":["GET"]}}],"collection":[{"href":"https:\/\/www.hsu-hh.de\/psyaow\/wp-json\/wp\/v2\/pages"}],"about":[{"href":"https:\/\/www.hsu-hh.de\/psyaow\/wp-json\/wp\/v2\/types\/page"}],"author":[{"embeddable":true,"href":"https:\/\/www.hsu-hh.de\/psyaow\/wp-json\/wp\/v2\/users\/2430"}],"replies":[{"embeddable":true,"href":"https:\/\/www.hsu-hh.de\/psyaow\/wp-json\/wp\/v2\/comments?post=3816"}],"version-history":[{"count":3,"href":"https:\/\/www.hsu-hh.de\/psyaow\/wp-json\/wp\/v2\/pages\/3816\/revisions"}],"predecessor-version":[{"id":4198,"href":"https:\/\/www.hsu-hh.de\/psyaow\/wp-json\/wp\/v2\/pages\/3816\/revisions\/4198"}],"up":[{"embeddable":true,"href":"https:\/\/www.hsu-hh.de\/psyaow\/wp-json\/wp\/v2\/pages\/106"}],"wp:attachment":[{"href":"https:\/\/www.hsu-hh.de\/psyaow\/wp-json\/wp\/v2\/media?parent=3816"}],"wp:term":[{"taxonomy":"category","embeddable":true,"href":"https:\/\/www.hsu-hh.de\/psyaow\/wp-json\/wp\/v2\/categories?post=3816"},{"taxonomy":"post_tag","embeddable":true,"href":"https:\/\/www.hsu-hh.de\/psyaow\/wp-json\/wp\/v2\/tags?post=3816"}],"curies":[{"name":"wp","href":"https:\/\/api.w.org\/{rel}","templated":true}]}}