{"id":3785,"date":"2024-09-25T11:28:25","date_gmt":"2024-09-25T09:28:25","guid":{"rendered":"https:\/\/www.hsu-hh.de\/psyaow\/?page_id=3785"},"modified":"2026-03-06T18:33:52","modified_gmt":"2026-03-06T17:33:52","slug":"train-the-trainer-ausbildung-zu-go-fueko","status":"publish","type":"page","link":"https:\/\/www.hsu-hh.de\/psyaow\/weiterbildungsangebote\/train-the-trainer-ausbildung-zu-go-fueko\/","title":{"rendered":"Train-the-Trainer-Ausbildung zu Go-F\u00fcKo"},"content":{"rendered":"\n<h2 class=\"wp-block-heading\">Infos zur Train-the-Trainer-Ausbildung<\/h2>\n\n\n\n<p>Zur umfassenderen und systematischen Implementierung von Go-F\u00fcKo als Weiterbildungsma\u00dfnahme f\u00fcr F\u00fchrungskr\u00e4fte wurde ein <strong>Train-the-Trainer-Konzept<\/strong> entwickelt.<\/p>\n\n\n\n<p>Die Train-the-Trainer-Ausbildung umfasst einen viert\u00e4tigen Workshop (optimalerweise in zwei Bl\u00f6cken) und besteht aus verschiedenen Modulen:<\/p>\n\n\n\n<ul class=\"wp-block-list\">\n<li><strong>Grundlagenmodule<\/strong><\/li>\n\n\n\n<li><strong>Inhalts- und Praxismodule<\/strong><\/li>\n\n\n\n<li><strong>Vertiefungsmodule<\/strong><\/li>\n<\/ul>\n\n\n\n<div style=\"height:35px\" aria-hidden=\"true\" class=\"wp-block-spacer\"><\/div>\n\n\n\n<p>Im <strong>ersten Grundlagenmodul <\/strong>werden die Trainer*innen mit den Grundprinzipien von Go-F\u00fcKo vertraut gemacht. Das <strong>zweite Grundlagenmodul <\/strong>vermittelt Wissensgrundlagen zur gesundheitsorientierten F\u00fchrung (Health-oriented Leadership als Basis von Go-F\u00fcKo) sowie zum Betrieblichen Gesundheitsmanagement (BGM). Das <strong>dritte Grundlagenmodul<\/strong> befasst sich mit Rahmenbedingungen, Materialien und r\u00e4umlichen Anforderungen.<\/p>\n\n\n\n<p>Die <strong>Inhalts- und Praxismodule <\/strong>decken die f\u00fcnf Bausteine von Go-F\u00fcKo ab: <\/p>\n\n\n\n<ul class=\"wp-block-list\">\n<li>Baustein 1: Warm up<\/li>\n\n\n\n<li>Baustein 2: Grundlagen<\/li>\n\n\n\n<li>Baustein 3: SelfCare<\/li>\n\n\n\n<li>Baustein 4: StaffCare<\/li>\n\n\n\n<li>Baustein 5: Cool down<\/li>\n<\/ul>\n\n\n\n<p>F\u00fcr jeden Baustein werden Ablauf, Ziele und Besonderheiten erl\u00e4utert, gefolgt von praktischen \u00dcbungen zur Umsetzung. <\/p>\n\n\n\n<p>Die <strong>Vertiefungsmodule<\/strong> fokussieren sich auf die Evaluation, die Anleitung spezieller \u00dcbungen und den Umgang mit potenziell schwierigen Situationen w\u00e4hrend des Trainings.<\/p>\n\n\n\n<div style=\"height:43px\" aria-hidden=\"true\" class=\"wp-block-spacer\"><\/div>\n\n\n\n<p>Hier sehen Sie die Bestandteile der Train-the-Trainer-Ausbildung noch einmal auf einen Blick: <\/p>\n\n\n\n<figure class=\"wp-block-image size-full is-resized\"><img loading=\"lazy\" decoding=\"async\" width=\"930\" height=\"349\" src=\"https:\/\/www.hsu-hh.de\/psyaow\/wp-content\/uploads\/sites\/834\/2024\/09\/TTT-Schulung_Go-FueKo.png\" data-credit=\" \" alt=\"\" class=\"wp-image-3789\" style=\"width:738px;height:auto\" srcset=\"https:\/\/www.hsu-hh.de\/psyaow\/wp-content\/uploads\/sites\/834\/2024\/09\/TTT-Schulung_Go-FueKo.png 930w, https:\/\/www.hsu-hh.de\/psyaow\/wp-content\/uploads\/sites\/834\/2024\/09\/TTT-Schulung_Go-FueKo-300x113.png 300w, https:\/\/www.hsu-hh.de\/psyaow\/wp-content\/uploads\/sites\/834\/2024\/09\/TTT-Schulung_Go-FueKo-768x288.png 768w\" sizes=\"auto, (max-width: 930px) 100vw, 930px\" \/><\/figure>\n\n\n\n<p><\/p>\n\n\n\n<div style=\"height:38px\" aria-hidden=\"true\" class=\"wp-block-spacer\"><\/div>\n\n\n\n<h2 class=\"wp-block-heading\">Konzeptionsteam der Train-the-Trainer-Ausbildung zu Go-F\u00fcKo<\/h2>\n\n\n\n<div class=\"wp-block-columns is-layout-flex wp-container-core-columns-is-layout-9d6595d7 wp-block-columns-is-layout-flex\">\n<div class=\"wp-block-column is-layout-flow wp-block-column-is-layout-flow\"><div class=\"wp-block-image is-style-rounded\">\n<figure class=\"aligncenter size-full is-resized\"><img loading=\"lazy\" decoding=\"async\" width=\"516\" height=\"582\" src=\"https:\/\/www.hsu-hh.de\/psyaow\/wp-content\/uploads\/sites\/834\/2023\/06\/Annika_002_web2kl_ori2.jpg\" data-credit=\"Tobias Sauer\" alt=\"\" class=\"wp-image-3365\" style=\"width:237px;height:267px\" srcset=\"https:\/\/www.hsu-hh.de\/psyaow\/wp-content\/uploads\/sites\/834\/2023\/06\/Annika_002_web2kl_ori2.jpg 516w, https:\/\/www.hsu-hh.de\/psyaow\/wp-content\/uploads\/sites\/834\/2023\/06\/Annika_002_web2kl_ori2-266x300.jpg 266w\" sizes=\"auto, (max-width: 516px) 100vw, 516px\" \/><\/figure>\n<\/div><\/div>\n\n\n\n<div class=\"wp-block-column is-layout-flow wp-block-column-is-layout-flow\"><div class=\"wp-block-image is-style-rounded\">\n<figure class=\"aligncenter size-large is-resized\"><img loading=\"lazy\" decoding=\"async\" width=\"918\" height=\"1024\" src=\"https:\/\/www.hsu-hh.de\/psyaow\/wp-content\/uploads\/sites\/834\/2019\/12\/Felfe-1-918x1024.jpg\" data-credit=\" \" alt=\"\" class=\"wp-image-289\" style=\"aspect-ratio:0.8965129780141579;width:239px;height:auto\" srcset=\"https:\/\/www.hsu-hh.de\/psyaow\/wp-content\/uploads\/sites\/834\/2019\/12\/Felfe-1-918x1024.jpg 918w, https:\/\/www.hsu-hh.de\/psyaow\/wp-content\/uploads\/sites\/834\/2019\/12\/Felfe-1-269x300.jpg 269w, https:\/\/www.hsu-hh.de\/psyaow\/wp-content\/uploads\/sites\/834\/2019\/12\/Felfe-1-768x857.jpg 768w, https:\/\/www.hsu-hh.de\/psyaow\/wp-content\/uploads\/sites\/834\/2019\/12\/Felfe-1.jpg 1054w\" sizes=\"auto, (max-width: 918px) 100vw, 918px\" \/><figcaption class=\"wp-element-caption\"> <\/figcaption><\/figure>\n<\/div><\/div>\n\n\n\n<div class=\"wp-block-column is-layout-flow wp-block-column-is-layout-flow\"><\/div>\n<\/div>\n\n\n\n<div class=\"wp-block-columns is-layout-flex wp-container-core-columns-is-layout-9d6595d7 wp-block-columns-is-layout-flex\">\n<div class=\"wp-block-column is-layout-flow wp-block-column-is-layout-flow\">\n<p class=\"has-text-align-center\"><abbr title=\"Privatdozent\">PD<\/abbr> <abbr title=\"Doktor\">Dr.<\/abbr> Annika Krick<\/p>\n<\/div>\n\n\n\n<div class=\"wp-block-column is-layout-flow wp-block-column-is-layout-flow\">\n<p class=\"has-text-align-center\"><abbr title=\"Professor\">Prof.<\/abbr> <abbr title=\"Doktor\">Dr.<\/abbr> J\u00f6rg Felfe<\/p>\n<\/div>\n\n\n\n<div class=\"wp-block-column is-layout-flow wp-block-column-is-layout-flow\">\n<p class=\"has-text-align-center\"><\/p>\n<\/div>\n<\/div>\n\n\n\n<p><\/p>\n\n\n\n<div style=\"height:40px\" aria-hidden=\"true\" class=\"wp-block-spacer\"><\/div>\n\n\n\n<h2 class=\"wp-block-heading\"><strong>Literatur zur Train-the-Trainer-Ausbildung zu Go-F\u00fcKo<\/strong><\/h2>\n\n\n\n<ul class=\"wp-block-list\">\n<li>Krick, A., Schniedert\u00fcns, P., &amp; Felfe, J. (2024). F\u00fchrungskr\u00e4ftetraining zur Steigerung der gesundheitsorientierten F\u00fchrungskompetenz (Go-F\u00fcKo) in der Polizei. In M.S. Staller, S. Koerner &amp; S. Schade, <em>Handbuch F\u00fchrung in der Polizei.<\/em> Springer.<\/li>\n<\/ul>\n\n\n\n<div style=\"height:51px\" aria-hidden=\"true\" class=\"wp-block-spacer\"><\/div>\n\n\n\n<p>Bei Fragen zur Train-the-Trainer-Ausbildung wenden Sie sich an GoFueKo_Training@hsu-hh.de.<\/p>\n","protected":false},"excerpt":{"rendered":"<p>Infos zur Train-the-Trainer-Ausbildung Zur umfassenderen und systematischen Implementierung von Go-F\u00fcKo als Weiterbildungsma\u00dfnahme f\u00fcr F\u00fchrungskr\u00e4fte wurde ein Train-the-Trainer-Konzept entwickelt. Die Train-the-Trainer-Ausbildung umfasst einen viert\u00e4tigen Workshop (optimalerweise in zwei Bl\u00f6cken) und besteht [&hellip;]<\/p>\n","protected":false},"author":2430,"featured_media":0,"parent":164,"menu_order":0,"comment_status":"closed","ping_status":"closed","template":"","meta":{"footnotes":""},"categories":[4],"tags":[],"class_list":["post-3785","page","type-page","status-publish","hentry","category-forschung"],"_links":{"self":[{"href":"https:\/\/www.hsu-hh.de\/psyaow\/wp-json\/wp\/v2\/pages\/3785","targetHints":{"allow":["GET"]}}],"collection":[{"href":"https:\/\/www.hsu-hh.de\/psyaow\/wp-json\/wp\/v2\/pages"}],"about":[{"href":"https:\/\/www.hsu-hh.de\/psyaow\/wp-json\/wp\/v2\/types\/page"}],"author":[{"embeddable":true,"href":"https:\/\/www.hsu-hh.de\/psyaow\/wp-json\/wp\/v2\/users\/2430"}],"replies":[{"embeddable":true,"href":"https:\/\/www.hsu-hh.de\/psyaow\/wp-json\/wp\/v2\/comments?post=3785"}],"version-history":[{"count":11,"href":"https:\/\/www.hsu-hh.de\/psyaow\/wp-json\/wp\/v2\/pages\/3785\/revisions"}],"predecessor-version":[{"id":4368,"href":"https:\/\/www.hsu-hh.de\/psyaow\/wp-json\/wp\/v2\/pages\/3785\/revisions\/4368"}],"up":[{"embeddable":true,"href":"https:\/\/www.hsu-hh.de\/psyaow\/wp-json\/wp\/v2\/pages\/164"}],"wp:attachment":[{"href":"https:\/\/www.hsu-hh.de\/psyaow\/wp-json\/wp\/v2\/media?parent=3785"}],"wp:term":[{"taxonomy":"category","embeddable":true,"href":"https:\/\/www.hsu-hh.de\/psyaow\/wp-json\/wp\/v2\/categories?post=3785"},{"taxonomy":"post_tag","embeddable":true,"href":"https:\/\/www.hsu-hh.de\/psyaow\/wp-json\/wp\/v2\/tags?post=3785"}],"curies":[{"name":"wp","href":"https:\/\/api.w.org\/{rel}","templated":true}]}}