{"id":3381,"date":"2023-06-26T15:05:36","date_gmt":"2023-06-26T13:05:36","guid":{"rendered":"https:\/\/www.hsu-hh.de\/psyaow\/?page_id=3381"},"modified":"2026-03-06T18:37:40","modified_gmt":"2026-03-06T17:37:40","slug":"digilap","status":"publish","type":"page","link":"https:\/\/www.hsu-hh.de\/psyaow\/weiterbildungsangebote\/digilap\/","title":{"rendered":"DigiLAP"},"content":{"rendered":"\n<p><strong>Sie m\u00f6chten DigiLAP ausprobieren?<\/strong><\/p>\n\n\n\n<p>Hier geht es zu DigiLAP:&nbsp;<a href=\"https:\/\/digilap-hsu.zinal.center\/webtool.php?modul=Umfrage\" rel='nofollow'>https:\/\/digilap-hsu.zinal.center\/webtool.php?modul=Umfrage<\/a><\/p>\n\n\n\n<p>Erstellen Sie sich kostenlos einen Account und los geht\u2019s!<\/p>\n\n\n\n<p>Haben Sie Fragen zu DigiLAP, schreiben Sie uns gerne: DigiLAP@hsu-hh.de.<\/p>\n\n\n\n<p>Im Rahmen des dtec.bw-Projekts \u201eDigital Leadership and Health\u201c arbeiten wir derzeit an einer Onlinetrainingsplattform f\u00fcr F\u00fchrungskr\u00e4fte (DigiLAP \u2013 Digital Leadership Assistance Platform).<\/p>\n\n\n<div class=\"wp-block-image is-resized\">\n<figure class=\"aligncenter\"><img loading=\"lazy\" decoding=\"async\" width=\"1014\" height=\"1013\" src=\"https:\/\/www.hsu-hh.de\/psyaow\/wp-content\/uploads\/sites\/834\/2022\/02\/Logo.png\" data-credit=\" \" alt=\"\" class=\"wp-image-3377\" style=\"width:274px;height:auto\" srcset=\"https:\/\/www.hsu-hh.de\/psyaow\/wp-content\/uploads\/sites\/834\/2022\/02\/Logo.png 1014w, https:\/\/www.hsu-hh.de\/psyaow\/wp-content\/uploads\/sites\/834\/2022\/02\/Logo-300x300.png 300w, https:\/\/www.hsu-hh.de\/psyaow\/wp-content\/uploads\/sites\/834\/2022\/02\/Logo-150x150.png 150w, https:\/\/www.hsu-hh.de\/psyaow\/wp-content\/uploads\/sites\/834\/2022\/02\/Logo-768x767.png 768w, https:\/\/www.hsu-hh.de\/psyaow\/wp-content\/uploads\/sites\/834\/2022\/02\/Logo-100x100.png 100w\" sizes=\"auto, (max-width: 1014px) 100vw, 1014px\" \/><\/figure>\n<\/div>\n\n\n<p>DigiLAP ist eine Online-Plattform, die F\u00fchrungskr\u00e4fte bei den neuen Herausforderungen digitaler F\u00fchrung unterst\u00fctzt. <\/p>\n\n\n\n<p>Dabei verfolgt DigiLAP drei zentrale Ziele:<\/p>\n\n\n\n<ol class=\"wp-block-list\">\n<li><strong>Informieren<\/strong>: <strong>Als Lernplattform<\/strong> bietet DigiLAP umfassende Informationen zu Schl\u00fcsselthemen der digitalen und hybriden F\u00fchrung. F\u00fchrungskr\u00e4fte erweitern ihr Wissen zu Teamarbeit, F\u00fchrung, Gesundheit am Arbeitsplatz, Motivation und Leistung \u2013 alles entscheidende Faktoren in der modernen Arbeitswelt.<\/li>\n\n\n\n<li><strong>Reflektieren<\/strong>: <strong>Als Reflexions- und Feedbacktool <\/strong>k\u00f6nnen gezielt <strong>detaillierte Gef\u00e4hrdungs- und Potenzialanalysen<\/strong> mit systematischer Auswertung durchgef\u00fchrt werden. Selbstchecks helfen den F\u00fchrungskr\u00e4ften, ihre eigene Situation zu analysieren, w\u00e4hrend Teambefragungen wertvolles Feedback ihrer Mitarbeitenden zu F\u00fchrungsfragen und Zusammenarbeit liefern. Im \u201eCockpit\u201c hat die F\u00fchrungskraft alles im Blick und kann schnell Handlungsbedarf erkennen.<\/li>\n\n\n\n<li><strong>Potenzial aussch\u00f6pfen<\/strong>: <strong>Als Beratungs- und Assistenztool<\/strong> unterst\u00fctzt DigiLAP mit konkreten Handlungsempfehlungen und \u00dcbungen. Diese praxisnahen Ma\u00dfnahmen helfen, die F\u00fchrungskompetenzen gezielt zu verbessern und das volle Potenzial in der digitalen und hybriden Arbeitswelt zu entfalten. Durch eine regelm\u00e4\u00dfige Wiederholung der Befragung k\u00f6nnen auch Entwicklungsverl\u00e4ufe \u00fcber die Zeit im Blick behalten werden.<\/li>\n<\/ol>\n\n\n<div class=\"wp-block-image\">\n<figure class=\"aligncenter size-large is-resized\"><img loading=\"lazy\" decoding=\"async\" width=\"1024\" height=\"800\" src=\"https:\/\/www.hsu-hh.de\/psyaow\/wp-content\/uploads\/sites\/834\/2024\/09\/Funktionen-DigiLAP.jpg-1024x800.png\" data-credit=\"DigiLAP Team\" alt=\"\" class=\"wp-image-3709\" style=\"width:472px;height:auto\" srcset=\"https:\/\/www.hsu-hh.de\/psyaow\/wp-content\/uploads\/sites\/834\/2024\/09\/Funktionen-DigiLAP.jpg-1024x800.png 1024w, https:\/\/www.hsu-hh.de\/psyaow\/wp-content\/uploads\/sites\/834\/2024\/09\/Funktionen-DigiLAP.jpg-300x234.png 300w, https:\/\/www.hsu-hh.de\/psyaow\/wp-content\/uploads\/sites\/834\/2024\/09\/Funktionen-DigiLAP.jpg-768x600.png 768w, https:\/\/www.hsu-hh.de\/psyaow\/wp-content\/uploads\/sites\/834\/2024\/09\/Funktionen-DigiLAP.jpg-1536x1200.png 1536w, https:\/\/www.hsu-hh.de\/psyaow\/wp-content\/uploads\/sites\/834\/2024\/09\/Funktionen-DigiLAP.jpg-2048x1601.png 2048w, https:\/\/www.hsu-hh.de\/psyaow\/wp-content\/uploads\/sites\/834\/2024\/09\/Funktionen-DigiLAP.jpg-1100x860.png 1100w\" sizes=\"auto, (max-width: 1024px) 100vw, 1024px\" \/><\/figure>\n<\/div>\n\n\n<p>DigiLAP ist als&nbsp;<strong>F\u00fchrungsinstrument<\/strong>&nbsp;in unterschiedlichsten Bereichen (Entscheidungsfindung, Motivation, Gesundheit, Self-Assessment, Evaluation) nutzbar. Unternehmen und F\u00fchrungskr\u00e4fte k\u00f6nnen mit DigiLAP schnell und einfach die konkrete Umsetzung von Homeoffice und hybriden Arbeitsformen evaluieren und Ma\u00dfnahmen zur Optimierung ergreifen.<\/p>\n\n\n\n<p>Die Plattform ist in unterschiedliche Module eingeteilt, sodass unterschiedliche Themenbereiche (F\u00fchrung, Digitalisierung, Leistung und Gesundheit) gezielt ausgew\u00e4hlt werden k\u00f6nnen.<\/p>\n\n\n\n<p>Hier sehen Sie einen \u00dcberblick \u00fcber die Module von DigiLAP: <\/p>\n\n\n\n<figure class=\"wp-block-image size-large\"><img loading=\"lazy\" decoding=\"async\" width=\"1024\" height=\"683\" src=\"https:\/\/www.hsu-hh.de\/psyaow\/wp-content\/uploads\/sites\/834\/2023\/07\/Screenshot-2023-07-20-135858-DigiLAP-1024x683.png\" data-credit=\" \" alt=\"\" class=\"wp-image-3404\" srcset=\"https:\/\/www.hsu-hh.de\/psyaow\/wp-content\/uploads\/sites\/834\/2023\/07\/Screenshot-2023-07-20-135858-DigiLAP-1024x683.png 1024w, https:\/\/www.hsu-hh.de\/psyaow\/wp-content\/uploads\/sites\/834\/2023\/07\/Screenshot-2023-07-20-135858-DigiLAP-300x200.png 300w, https:\/\/www.hsu-hh.de\/psyaow\/wp-content\/uploads\/sites\/834\/2023\/07\/Screenshot-2023-07-20-135858-DigiLAP-768x512.png 768w, https:\/\/www.hsu-hh.de\/psyaow\/wp-content\/uploads\/sites\/834\/2023\/07\/Screenshot-2023-07-20-135858-DigiLAP.png 1092w\" sizes=\"auto, (max-width: 1024px) 100vw, 1024px\" \/><\/figure>\n\n\n\n<div class=\"wp-block-columns is-layout-flex wp-container-core-columns-is-layout-9d6595d7 wp-block-columns-is-layout-flex\">\n<div class=\"wp-block-column is-layout-flow wp-block-column-is-layout-flow\"><\/div>\n<\/div>\n\n\n\n<p><strong>Sie m\u00f6chten DigiLAP ausprobieren? <\/strong><\/p>\n\n\n\n<p>Hier geht es zu DigiLAP: <a href=\"https:\/\/digilap-hsu.zinal.center\/webtool.php?modul=Umfrage\" rel='nofollow'> https:\/\/digilap-hsu.zinal.center\/webtool.php?modul=Umfrage<\/a><\/p>\n\n\n\n<p>Erstellen Sie sich kostenlos einen Account und los geht&#8217;s!<\/p>\n\n\n\n<p><\/p>\n\n\n\n<div class=\"wp-block-columns is-layout-flex wp-container-core-columns-is-layout-9d6595d7 wp-block-columns-is-layout-flex\">\n<div class=\"wp-block-column is-layout-flow wp-block-column-is-layout-flow\"><\/div>\n<\/div>\n\n\n\n<p><\/p>\n\n\n\n<p>Hier finden Sie unseren DigiLAP Flyer und Poster sowie einen One-Pager:<\/p>\n\n\n\n<div class=\"wp-block-hsu-downloadblock\"><div class=\"thumbnail-area\"><img decoding=\"async\" src=\"\/wp-content\/themes\/hsu\/img\/dummy\/downloads_dummy.png\" alt=\"Download Symbol-Icon\" \/><\/div><div class=\"text-area\">Digilap Flyer<\/div><div class=\"download-area\"><a class=\"download-link\" href=\"https:\/\/www.hsu-hh.de\/psyaow\/wp-content\/uploads\/sites\/834\/2025\/08\/NEU_Flyer_Digilap_gean_02_02-ohne-Ausschnitt.pdf\"><span class=\"download-name\">pdf laden<\/span><span class=\"download-icon\"><img decoding=\"async\" class=\"download-icon\" alt=\"download icon\" src=\"\/wp-content\/themes\/hsu\/img\/icons\/download_icon.png\" \/><\/span><span class=\"download-size\">4 MB<\/span><\/a><\/div><\/div>\n\n\n\n<div class=\"wp-block-hsu-downloadblock\"><div class=\"thumbnail-area\"><img decoding=\"async\" src=\"\/wp-content\/themes\/hsu\/img\/dummy\/downloads_dummy.png\" alt=\"Download Symbol-Icon\" \/><\/div><div class=\"text-area\">DigiLAP Poster<\/div><div class=\"download-area\"><a class=\"download-link\" href=\"https:\/\/www.hsu-hh.de\/psyaow\/wp-content\/uploads\/sites\/834\/2024\/09\/Poster_DigiLAP_A2_geaendert_06_ohne_Anschnitt_neuQR.pdf\"><span class=\"download-name\">pdf laden<\/span><span class=\"download-icon\"><img decoding=\"async\" class=\"download-icon\" alt=\"download icon\" src=\"\/wp-content\/themes\/hsu\/img\/icons\/download_icon.png\" \/><\/span><span class=\"download-size\">2 MB<\/span><\/a><\/div><\/div>\n\n\n\n<div class=\"wp-block-hsu-downloadblock\"><div class=\"thumbnail-area\"><img decoding=\"async\" src=\"\/wp-content\/themes\/hsu\/img\/dummy\/downloads_dummy.png\" alt=\"Download Symbol-Icon\" \/><\/div><div class=\"text-area\">One-Pager DigiLAP f\u00fcr F\u00fchrungskr\u00e4fte<\/div><div class=\"download-area\"><a class=\"download-link\" href=\"https:\/\/www.hsu-hh.de\/psyaow\/wp-content\/uploads\/sites\/834\/2025\/08\/NEU_One-Pager-DigiLAP-fuer-Fuehrungskraefte_QRCode-neu2.pdf\"><span class=\"download-name\">pdf laden<\/span><span class=\"download-icon\"><img decoding=\"async\" class=\"download-icon\" alt=\"download icon\" src=\"\/wp-content\/themes\/hsu\/img\/icons\/download_icon.png\" \/><\/span><span class=\"download-size\">667 kB<\/span><\/a><\/div><\/div>\n\n\n\n<div class=\"wp-block-hsu-downloadblock\"><div class=\"thumbnail-area\"><img decoding=\"async\" src=\"\/wp-content\/themes\/hsu\/img\/dummy\/downloads_dummy.png\" alt=\"Download Symbol-Icon\" \/><\/div><div class=\"text-area\">One-Pager DigiLAP f\u00fcr Personaler*innen, HRler*innen<\/div><div class=\"download-area\"><a class=\"download-link\" href=\"https:\/\/www.hsu-hh.de\/psyaow\/wp-content\/uploads\/sites\/834\/2025\/08\/NEU_One-Pager-DigiLAP-fuer-Personaler_HR_QRCode-neu2.pdf\"><span class=\"download-name\">pdf laden<\/span><span class=\"download-icon\"><img decoding=\"async\" class=\"download-icon\" alt=\"download icon\" src=\"\/wp-content\/themes\/hsu\/img\/icons\/download_icon.png\" \/><\/span><span class=\"download-size\">675 kB<\/span><\/a><\/div><\/div>\n\n\n\n<div class=\"wp-block-columns is-layout-flex wp-container-core-columns-is-layout-9d6595d7 wp-block-columns-is-layout-flex\">\n<div class=\"wp-block-column is-layout-flow wp-block-column-is-layout-flow\">\n<h2 class=\"wp-block-heading\"><\/h2>\n<\/div>\n<\/div>\n\n\n\n<div class=\"wp-block-columns is-layout-flex wp-container-core-columns-is-layout-9d6595d7 wp-block-columns-is-layout-flex\">\n<div class=\"wp-block-column is-layout-flow wp-block-column-is-layout-flow\">\n<p><\/p>\n<\/div>\n<\/div>\n\n\n\n<div class=\"wp-block-columns is-layout-flex wp-container-core-columns-is-layout-9d6595d7 wp-block-columns-is-layout-flex\">\n<div class=\"wp-block-column is-layout-flow wp-block-column-is-layout-flow\">\n<p>__________________<\/p>\n<\/div>\n<\/div>\n\n\n\n<p><strong>Literatur<\/strong><\/p>\n\n\n\n<ul class=\"wp-block-list\">\n<li>Fr\u00f6hlich, L. S., Krick, A., M\u00fcnstermann, F., Reiner, A., Sch\u00fcbbe, K., Renner, K.-H., &amp; Felfe, J. (in press). Hybride F\u00fchrung meistern: Einblicke in die Onlineplattform f\u00fcr F\u00fchrungskr\u00e4fte DigiLAP. In D. Schulz (Ed.), <em>dtec.bw-Beitr\u00e4ge der Helmut-Schmidt-Universit\u00e4t \/ Universit\u00e4t der Bundeswehr Hamburg &#8211; Forschungsaktivit\u00e4ten im Zentrum f\u00fcr Digitalisierungs- und Technologieforschung der Bundeswehr dtec.bw <\/em>(S. xx-xx). Helmut-Schmidt-Universit\u00e4t\/ Universit\u00e4t der Bundeswehr.<\/li>\n\n\n\n<li>Krick, A., Fr\u00f6hlich, L. S., M\u00fcnstermann, F., &amp; Felfe, J. (accepted). Effektive F\u00fchrung im digitalen Zeitalter: Mit der Digital Leadership Assistance Platform (DigiLAP) F\u00fchrungskompetenzen in digitalen und hybriden Arbeitsformen entwickeln. <em>Gruppe. Interaktion. Organisation. Zeitschrift F\u00fcr Angewandte Organisationspsychologie (GIO).<\/em><\/li>\n\n\n\n<li>M\u00fcnstermann, F., Krick, A., Fr\u00f6hlich, L., Wunderlich, I., &amp;&nbsp;Felfe, J.<strong>&nbsp;<\/strong>(2024). Digitale F\u00fchrung: Erste Einblicke in die F\u00fchrungskr\u00e4fte-Onlineplattform DigiLAP. Tagungsband des (Aus)Bildungskongresses der Bundeswehr, in der Schriftenreihe \u201e\u00d6ffentliche P\u00e4dagogik \u2013 Beitr\u00e4ge zur Bildung f\u00fcr Individuum und Gesellschaft\u201c. wbv-Verlag.<\/li>\n\n\n\n<li>Krick, A.,&nbsp;Felfe, J.,&nbsp;Fr\u00f6hlich, L.,&nbsp;M\u00fcnstermann, F., &amp; Stempel, C. (2024). Digitales F\u00fchren: Erste Einblicke in die F\u00fchrungskr\u00e4fte-Onlineplattform DigiLAP. In J. Dettmers, A. Tisch, &amp; R. Trimpop,&nbsp;<em>Psychologie der Arbeitssicherheit und Gesundheit. Gesundheitsf\u00f6rderliche Arbeit = attraktive Arbeit? Arbeitsgestaltung in Zeiten des Fachkr\u00e4ftemangels. 23. Workshop 2024<\/em>&nbsp;(S. xx-xx), Asanger.<\/li>\n<\/ul>\n\n\n\n<p><\/p>\n\n\n\n<div class=\"wp-block-columns is-layout-flex wp-container-core-columns-is-layout-9d6595d7 wp-block-columns-is-layout-flex\">\n<div class=\"wp-block-column is-layout-flow wp-block-column-is-layout-flow\">\n<div class=\"wp-block-columns is-layout-flex wp-container-core-columns-is-layout-9d6595d7 wp-block-columns-is-layout-flex\">\n<div class=\"wp-block-column is-layout-flow wp-block-column-is-layout-flow\"><\/div>\n<\/div>\n<\/div>\n\n\n\n<div class=\"wp-block-column is-layout-flow wp-block-column-is-layout-flow\"><\/div>\n<\/div>\n\n\n\n<p><\/p>\n\n\n\n<p><\/p>\n\n\n\n<p>Das Projekt und die Entwicklung von DigiLAP werden durch dtec.bw \u2013 Zentrum f\u00fcr Digitalisierung- und Technologieforschung der Bundeswehr gef\u00f6rdert. dtec.bw wird von der Europ\u00e4ischen Union \u2013 NextGenerationEU finanziert.&nbsp;<\/p>\n\n\n<div class=\"wp-block-image\">\n<figure class=\"aligncenter\"><img loading=\"lazy\" decoding=\"async\" width=\"1024\" height=\"241\" src=\"https:\/\/www.hsu-hh.de\/psyaow\/wp-content\/uploads\/sites\/834\/2022\/02\/dtec.bw_EU-Foederhinweis_RGB_vertikal-1024x241.jpg\" data-credit=\" \" alt=\"\" class=\"wp-image-3376\" srcset=\"https:\/\/www.hsu-hh.de\/psyaow\/wp-content\/uploads\/sites\/834\/2022\/02\/dtec.bw_EU-Foederhinweis_RGB_vertikal-1024x241.jpg 1024w, https:\/\/www.hsu-hh.de\/psyaow\/wp-content\/uploads\/sites\/834\/2022\/02\/dtec.bw_EU-Foederhinweis_RGB_vertikal-300x71.jpg 300w, https:\/\/www.hsu-hh.de\/psyaow\/wp-content\/uploads\/sites\/834\/2022\/02\/dtec.bw_EU-Foederhinweis_RGB_vertikal-768x181.jpg 768w, https:\/\/www.hsu-hh.de\/psyaow\/wp-content\/uploads\/sites\/834\/2022\/02\/dtec.bw_EU-Foederhinweis_RGB_vertikal-1100x259.jpg 1100w, https:\/\/www.hsu-hh.de\/psyaow\/wp-content\/uploads\/sites\/834\/2022\/02\/dtec.bw_EU-Foederhinweis_RGB_vertikal.jpg 1418w\" sizes=\"auto, (max-width: 1024px) 100vw, 1024px\" \/><\/figure>\n<\/div>","protected":false},"excerpt":{"rendered":"<p>Sie m\u00f6chten DigiLAP ausprobieren? Hier geht es zu DigiLAP:&nbsp;https:\/\/digilap-hsu.zinal.center\/webtool.php?modul=Umfrage Erstellen Sie sich kostenlos einen Account und los geht\u2019s! Haben Sie Fragen zu DigiLAP, schreiben Sie uns gerne: DigiLAP@hsu-hh.de. Im Rahmen [&hellip;]<\/p>\n","protected":false},"author":2430,"featured_media":0,"parent":164,"menu_order":0,"comment_status":"closed","ping_status":"closed","template":"","meta":{"footnotes":""},"categories":[4],"tags":[],"class_list":["post-3381","page","type-page","status-publish","hentry","category-forschung"],"_links":{"self":[{"href":"https:\/\/www.hsu-hh.de\/psyaow\/wp-json\/wp\/v2\/pages\/3381","targetHints":{"allow":["GET"]}}],"collection":[{"href":"https:\/\/www.hsu-hh.de\/psyaow\/wp-json\/wp\/v2\/pages"}],"about":[{"href":"https:\/\/www.hsu-hh.de\/psyaow\/wp-json\/wp\/v2\/types\/page"}],"author":[{"embeddable":true,"href":"https:\/\/www.hsu-hh.de\/psyaow\/wp-json\/wp\/v2\/users\/2430"}],"replies":[{"embeddable":true,"href":"https:\/\/www.hsu-hh.de\/psyaow\/wp-json\/wp\/v2\/comments?post=3381"}],"version-history":[{"count":30,"href":"https:\/\/www.hsu-hh.de\/psyaow\/wp-json\/wp\/v2\/pages\/3381\/revisions"}],"predecessor-version":[{"id":4372,"href":"https:\/\/www.hsu-hh.de\/psyaow\/wp-json\/wp\/v2\/pages\/3381\/revisions\/4372"}],"up":[{"embeddable":true,"href":"https:\/\/www.hsu-hh.de\/psyaow\/wp-json\/wp\/v2\/pages\/164"}],"wp:attachment":[{"href":"https:\/\/www.hsu-hh.de\/psyaow\/wp-json\/wp\/v2\/media?parent=3381"}],"wp:term":[{"taxonomy":"category","embeddable":true,"href":"https:\/\/www.hsu-hh.de\/psyaow\/wp-json\/wp\/v2\/categories?post=3381"},{"taxonomy":"post_tag","embeddable":true,"href":"https:\/\/www.hsu-hh.de\/psyaow\/wp-json\/wp\/v2\/tags?post=3381"}],"curies":[{"name":"wp","href":"https:\/\/api.w.org\/{rel}","templated":true}]}}