{"id":2855,"date":"2022-09-16T14:55:55","date_gmt":"2022-09-16T12:55:55","guid":{"rendered":"https:\/\/www.hsu-hh.de\/psyaow\/?page_id=2855"},"modified":"2022-09-16T14:55:55","modified_gmt":"2022-09-16T12:55:55","slug":"besonderheiten-des-trainings","status":"publish","type":"page","link":"https:\/\/www.hsu-hh.de\/psyaow\/weiterbildungsangebote\/srt\/besonderheiten-des-trainings\/","title":{"rendered":"Besonderheiten des Trainings"},"content":{"rendered":"\n<p><strong>Was macht das St\u00e4rken- und Ressourcentraining besonders?<\/strong><\/p>\n\n\n\n<ul class=\"wp-block-list\"><li>Verschiedene Ansatzpunkte<\/li><li>bunter Mix aus verschiedenen \u00dcbungen &amp;&nbsp;Techniken<\/li><li>leichte Anwendbarkeit der \u00dcbungen &amp; Techniken<\/li><li>Die Teilnehmer\/innen haben die M\u00f6glichkeit, zwischen den Terminen neu Erlerntes im Alltag zu erproben und Schritt f\u00fcr Schritt in die eigenen Lebensabl\u00e4ufe zu integrieren<\/li><li>hoher Praxisanteil &amp; erlebnisorientierter Zugang zu den Trainingsthemen<\/li><li>regelm\u00e4\u00dfige Wochenarbeitsauftr\u00e4ge, Audio- und Videomaterial sowie Handouts, um Nachhaltigkeit zu steigern<\/li><li>erm\u00f6glicht einen einfachen Zugang zu den Themen, Techniken und \u00dcbungen und ist damit f\u00fcr alle geeignet, die ihre psychischen Ressourcen f\u00f6rdern wollen<\/li><li>geeignet sowohl f\u00fcr F\u00fchrungskr\u00e4fte als auch Mitarbeiter\/innen zur St\u00e4rkung der eigenen Gesundheit<\/li><\/ul>\n","protected":false},"excerpt":{"rendered":"<p>Was macht das St\u00e4rken- und Ressourcentraining besonders? Verschiedene Ansatzpunkte bunter Mix aus verschiedenen \u00dcbungen &amp;&nbsp;Techniken leichte Anwendbarkeit der \u00dcbungen &amp; Techniken Die Teilnehmer\/innen haben die M\u00f6glichkeit, zwischen den Terminen neu [&hellip;]<\/p>\n","protected":false},"author":2430,"featured_media":0,"parent":166,"menu_order":0,"comment_status":"closed","ping_status":"closed","template":"","meta":{"footnotes":""},"categories":[4],"tags":[],"class_list":["post-2855","page","type-page","status-publish","hentry","category-forschung"],"_links":{"self":[{"href":"https:\/\/www.hsu-hh.de\/psyaow\/wp-json\/wp\/v2\/pages\/2855","targetHints":{"allow":["GET"]}}],"collection":[{"href":"https:\/\/www.hsu-hh.de\/psyaow\/wp-json\/wp\/v2\/pages"}],"about":[{"href":"https:\/\/www.hsu-hh.de\/psyaow\/wp-json\/wp\/v2\/types\/page"}],"author":[{"embeddable":true,"href":"https:\/\/www.hsu-hh.de\/psyaow\/wp-json\/wp\/v2\/users\/2430"}],"replies":[{"embeddable":true,"href":"https:\/\/www.hsu-hh.de\/psyaow\/wp-json\/wp\/v2\/comments?post=2855"}],"version-history":[{"count":1,"href":"https:\/\/www.hsu-hh.de\/psyaow\/wp-json\/wp\/v2\/pages\/2855\/revisions"}],"predecessor-version":[{"id":2856,"href":"https:\/\/www.hsu-hh.de\/psyaow\/wp-json\/wp\/v2\/pages\/2855\/revisions\/2856"}],"up":[{"embeddable":true,"href":"https:\/\/www.hsu-hh.de\/psyaow\/wp-json\/wp\/v2\/pages\/166"}],"wp:attachment":[{"href":"https:\/\/www.hsu-hh.de\/psyaow\/wp-json\/wp\/v2\/media?parent=2855"}],"wp:term":[{"taxonomy":"category","embeddable":true,"href":"https:\/\/www.hsu-hh.de\/psyaow\/wp-json\/wp\/v2\/categories?post=2855"},{"taxonomy":"post_tag","embeddable":true,"href":"https:\/\/www.hsu-hh.de\/psyaow\/wp-json\/wp\/v2\/tags?post=2855"}],"curies":[{"name":"wp","href":"https:\/\/api.w.org\/{rel}","templated":true}]}}