{"id":2505,"date":"2022-04-19T17:07:04","date_gmt":"2022-04-19T15:07:04","guid":{"rendered":"https:\/\/www.hsu-hh.de\/psyaow\/?page_id=2505"},"modified":"2022-04-19T17:35:49","modified_gmt":"2022-04-19T15:35:49","slug":"10-wie-gelingt-human-resource-management-im-homeoffice","status":"publish","type":"page","link":"https:\/\/www.hsu-hh.de\/psyaow\/forschung\/projekte\/10-wie-gelingt-human-resource-management-im-homeoffice\/","title":{"rendered":"10. Wie gelingt Human Resource Management im Homeoffice?"},"content":{"rendered":"\n<p>Im Rahmen des Human Resource Managements (HRM) k\u00f6nnen Organisationen vielf\u00e4ltige Instrumente und Praktiken einsetzen, um organisationale und mitarbeiterbezogene Ziele zu erreichen.<\/p>\n\n\n\n<ul class=\"wp-block-list\"><li><em>Wie unterscheiden sich solche HRM-Praktiken zwischen Besch\u00e4ftigten, die teilweise oder \u00fcberwiegend im HO t\u00e4tig sind und Besch\u00e4ftigten, die nicht im HO t\u00e4tig sind<\/em>?<\/li><li><em>Sind die HRM-Ma\u00dfnahmen, je nach Einsatzort der Besch\u00e4ftigten unterschiedlich effektiv?<\/em><\/li><li><em>Welche Ma\u00dfnahmen sind f\u00fcr die Besch\u00e4ftigten im Homeoffice besonders hilfreich?<\/em><\/li><\/ul>\n\n\n\n<div class=\"wp-block-columns is-layout-flex wp-container-core-columns-is-layout-9d6595d7 wp-block-columns-is-layout-flex\">\n<div class=\"wp-block-column is-layout-flow wp-block-column-is-layout-flow\"><\/div>\n<\/div>\n\n\n\n<h3 class=\"wp-block-heading\">10.1. Keine Qualit\u00e4tsverluste bei HRM-Ma\u00dfnahmen im Homeoffice \u2013 im Gegenteil<\/h3>\n\n\n\n<p>Bei unserer Erhebung zeigt sich, dass Besch\u00e4ftigte im Homeoffice einen positiveren Eindruck der HRM-Ma\u00dfnahmen ihrer Organisation haben, als Besch\u00e4ftigte, die nur im B\u00fcro arbeiten. Besonders gro\u00df ist der Unterschied beim Thema <strong>Work-Life-Balance<\/strong>: 57% der Besch\u00e4ftigten, die zumindest einen Tag pro Woche im Homeoffice verbringen d\u00fcrfen, geben an, flexible und familienfreundliche Arbeitsbedingungen zu haben, gegen\u00fcber 39% der Besch\u00e4ftigten, die ausschlie\u00dflich im B\u00fcro arbeiten (Abbildung 11). Auch sonst zeigt sich, dass Besch\u00e4ftigte durch die Arbeit im Homeoffice nicht benachteiligt werden, im Gegenteil. Bei Besch\u00e4ftigten mit Homeoffice-Anteilen werden eher <strong>Informationen<\/strong> zur wirtschaftlichen Lage bereitgestellt (48% im Homeoffice vs. 33% im B\u00fcro), viel Zeit und Geld in die <strong>Aus- und Weiterbildung<\/strong> investiert (39% im Homeoffice vs. 25% im B\u00fcro) und organisationale <strong>Partizipation<\/strong> gef\u00f6rdert (48% im Homeoffice vs. 35% im B\u00fcro). Besch\u00e4ftigte, die im Homeoffice arbeiten, sind somit insgesamt privilegierter als Besch\u00e4ftigte, die nicht im Homeoffice arbeiten d\u00fcrfen.<\/p>\n\n\n\n<div class=\"wp-block-columns is-layout-flex wp-container-core-columns-is-layout-9d6595d7 wp-block-columns-is-layout-flex\">\n<div class=\"wp-block-column is-layout-flow wp-block-column-is-layout-flow\"><\/div>\n<\/div>\n\n\n\n<p><strong>Abbildung 11<\/strong><\/p>\n\n\n\n<p><em>Wahrgenommene HRM-Praktiken<\/em><\/p>\n\n\n\n<figure class=\"wp-block-image size-large is-resized\"><img loading=\"lazy\" decoding=\"async\" src=\"https:\/\/www.hsu-hh.de\/psyaow\/wp-content\/uploads\/sites\/834\/2022\/04\/Bild13-1024x1024.png\" data-credit=\" \" alt=\" \" class=\"wp-image-2512\" width=\"636\" height=\"636\" srcset=\"https:\/\/www.hsu-hh.de\/psyaow\/wp-content\/uploads\/sites\/834\/2022\/04\/Bild13-1024x1024.png 1024w, https:\/\/www.hsu-hh.de\/psyaow\/wp-content\/uploads\/sites\/834\/2022\/04\/Bild13-300x300.png 300w, https:\/\/www.hsu-hh.de\/psyaow\/wp-content\/uploads\/sites\/834\/2022\/04\/Bild13-150x150.png 150w, https:\/\/www.hsu-hh.de\/psyaow\/wp-content\/uploads\/sites\/834\/2022\/04\/Bild13-768x769.png 768w, https:\/\/www.hsu-hh.de\/psyaow\/wp-content\/uploads\/sites\/834\/2022\/04\/Bild13-1534x1536.png 1534w, https:\/\/www.hsu-hh.de\/psyaow\/wp-content\/uploads\/sites\/834\/2022\/04\/Bild13-2045x2048.png 2045w, https:\/\/www.hsu-hh.de\/psyaow\/wp-content\/uploads\/sites\/834\/2022\/04\/Bild13-100x100.png 100w, https:\/\/www.hsu-hh.de\/psyaow\/wp-content\/uploads\/sites\/834\/2022\/04\/Bild13-1100x1102.png 1100w\" sizes=\"auto, (max-width: 636px) 100vw, 636px\" \/><\/figure>\n\n\n\n<p><em>Anmerkungen: <\/em>HRM-Praktiken wurden auf einer Skala von 1 \u201etrifft gar nicht zu\u201c bis 5 \u201etrifft voll zu\u201c erfasst. Dargestellt sind die Summen der Antworth\u00e4ufigkeiten aus \u201etrifft eher zu\u201c und \u201etrifft voll zu\u201c. <em>N <\/em>= 568 Besch\u00e4ftigte, die ausschlie\u00dflich im B\u00fcro arbeiten und <em>n<\/em> = 2946, die einen Tag oder mehr im Homeoffice verbringen.<\/p>\n\n\n\n<div class=\"wp-block-columns is-layout-flex wp-container-core-columns-is-layout-9d6595d7 wp-block-columns-is-layout-flex\">\n<div class=\"wp-block-column is-layout-flow wp-block-column-is-layout-flow\"><\/div>\n<\/div>\n\n\n\n<h3 class=\"wp-block-heading\">10.2.&nbsp;HRM-Ma\u00dfnahmen auch im Homeoffice effektiv, aber etwas weniger<\/h3>\n\n\n\n<p>HRM-Ma\u00dfnahmen spielen eine wichtige Rolle f\u00fcr verschiedene Outcomes, wie das Commitment, die Arbeitszufriedenheit, den allgemeinen Gesundheitszustand und das Stresserleben. Tats\u00e4chlich zeigen unsere Ergebnisse, dass die <strong>Effektivit\u00e4t von HRM-Ma\u00dfnahmen z.T. leicht abnimmt<\/strong>, sobald die Besch\u00e4ftigten nicht mehr ausschlie\u00dflich im B\u00fcro arbeiten. So haben etwa Feedback (<em>r <\/em>= .23 im Homeoffice vs. <em>r<\/em> = .39 im B\u00fcro), Aus- und Weiterbildungen (<em>r <\/em>= .22 im Homeoffice vs. <em>r <\/em>= .38 im B\u00fcro), Schutz der Besch\u00e4ftigten vor \u00dcberlastung (<em>r<\/em> = .31 im Homeoffice vs.<em> r<\/em> = .50 im B\u00fcro) und aktive Karrieref\u00f6rderung (<em>r<\/em> = .20 im Homeoffice vs. <em>r <\/em>= .37 im B\u00fcro) einen weniger starken Einfluss auf die <strong>Arbeitszufriedenheit<\/strong>, wenn Besch\u00e4ftigte auch im Homeoffice arbeiten und nicht nur im B\u00fcro.<\/p>\n\n\n\n<p>Die geringere Effektivit\u00e4t der HRM-Ma\u00dfnahmen f\u00fcr das <strong>Commitment<\/strong> der Besch\u00e4ftigten wird besonders bei Ma\u00dfnahmen zur Gew\u00e4hrung von Arbeitsplatzsicherheit (<em>r<\/em> = .35 im Homeoffice vs. <em>r<\/em> = .50 im B\u00fcro), Ma\u00dfnahmen rund um flexible und familienfreundliche Arbeitsbedingungen (<em>r<\/em> = .31 im Homeoffice vs. <em>r<\/em> = .46 im B\u00fcro) und bei Ma\u00dfnahmen zur Vermeidung von Unf\u00e4llen und Gesundheitsgefahren (<em>r<\/em> = .36 im Homeoffice vs. <em>r<\/em> = .49 im B\u00fcro) sichtbar.<\/p>\n\n\n\n<p>Aber auch bei der F\u00f6rderung von <strong>Engagement<\/strong> sind z. T. Unterschiede in der Effektivit\u00e4t von HRM-Ma\u00dfnahmen zu erkennen. So zeigen flexible und familienfreundliche Arbeitsbedingungen eine verringerte Wirkung auf das Engagement der Besch\u00e4ftigten im Homeoffice (<em>r<\/em> = .24 im Homeoffice vs.<em> r<\/em> = .34 im B\u00fcro), ebenso wie eine wechselseitige Kommunikation zwischen F\u00fchrungskr\u00e4ften und Mitarbeitenden (<em>r<\/em> = .06 im Homeoffice vs. <em>r <\/em>= .18 im B\u00fcro).<\/p>\n\n\n\n<p>Der Einfluss von HRM-Ma\u00dfnahmen auf gesundheitsbezogene Outcomes zeigt sich hingegen als weitestgehend stabil und eher unabh\u00e4ngig davon, ob im Homeoffice oder ausschlie\u00dflich im B\u00fcro gearbeitet wird.<\/p>\n\n\n\n<div class=\"wp-block-columns is-layout-flex wp-container-core-columns-is-layout-9d6595d7 wp-block-columns-is-layout-flex\">\n<div class=\"wp-block-column is-layout-flow wp-block-column-is-layout-flow\"><\/div>\n<\/div>\n\n\n\n<h3 class=\"wp-block-heading\">10.3.&nbsp;Welche HRM-Ma\u00dfnahmen im Homeoffice hilfreich sind?<\/h3>\n\n\n\n<p>Um Commitment und Arbeitszufriedenheit der Besch\u00e4ftigten im Homeoffice zu f\u00f6rdern, bieten sich insbesondere Ma\u00dfnahmen zur Einbindung der Besch\u00e4ftigten mittels organisationaler <strong>Partizipation<\/strong> (Commitment <em>r<\/em> = .47; Arbeitszufriedenheit <em>r<\/em> = .31) und wechselseitiger <strong>Kommunikation<\/strong> (Commitment <em>r<\/em> = .47; Arbeitszufriedenheit <em>r <\/em>= .33), sowie Ma\u00dfnahmen rund um das <strong>Job Design<\/strong>. Ein f\u00f6rderliches Job Design beinhaltet dabei Arbeitsaufgaben, bei denen die Besch\u00e4ftigten ihre F\u00e4higkeiten und Fertigkeiten angemessen einsetzen k\u00f6nnen (Commitment <em>r <\/em>= .51; Arbeitszufriedenheit<em> r <\/em>= .34), die ein gewisses Ma\u00df an Vielfalt und Herausforderung bieten (Commitment <em>r<\/em> = .49; Arbeitszufriedenheit <em>r <\/em>= .28) und bestenfalls Teamarbeit beinhalten (Commitment<em> r<\/em> = .46; Arbeitszufriedenheit <em>r <\/em>= .34). Sowohl beim Job Design, als auch bei organisationaler Partizipation und wechselseitiger Kommunikation zeigen sich bei der Umsetzung bisher noch Defizite, da die angesprochenen Ma\u00dfnahmen meist nur von rund 50% der Befragten im Homeoffice wahrgenommen werden.&nbsp;<\/p>\n\n\n\n<p>\u00c4hnlich sieht es in Bezug auf gesundheitsbezogene Outcomes aus. Hier empfehlen sich verschiedene HRM-Praktiken, wobei der Chancengleichheit und Gleichberechtigung (allg. Gesundheitszustand <em>r<\/em> = .26; Stresserleben <em>r<\/em> = -.24) und dem angemessenen Einsatz von F\u00e4higkeiten und Fertigkeiten (allg. Gesundheitszustand <em>r <\/em>= .26; Stresserleben <em>r<\/em> = -.25), sowie Ma\u00dfnahmen zum \u00dcberlastungsschutz (allg. Gesundheitszustand <em>r <\/em>= .29; Stresserleben <em>r<\/em> = -.27) eine besondere Bedeutung zukommen. Zur Sicherstellung von Chancengleichheit k\u00f6nnen beispielsweise objektive und transparente Kriterien der Bewertung von Leistungen im Homeoffice als Entscheidungsgrundlage f\u00fcr Bef\u00f6rderungen dienen. Eine Sensibilisierung der F\u00fchrungskr\u00e4fte durch Schulungsma\u00dfnahmen zum Thema \u00dcberlastungsschutz, w\u00e4re eine M\u00f6glichkeit, um eine drohende \u00dcberlastung der Besch\u00e4ftigten fr\u00fchzeitig zu erkennen. Insbesondere bei Letzterem zeigt sich bisher ein hohes Defizit, da lediglich 34% der Befragten im Homeoffice angeben, dass sie Ma\u00dfnahmen zum Schutz vor \u00dcberlastung in ihrer Organisation wahrnehmen.<\/p>\n\n\n\n<p><strong>Zusammenfassend l\u00e4sst sich sagen, dass Ma\u00dfnahmen des HRM dazu geeignet sind, personalwirtschaftlich relevante Ergebnisgr\u00f6\u00dfen wie beispielsweise das Commitment oder die Arbeitszufriedenheit zu f\u00f6rdern und einen positiven Einfluss auf die Gesundheit der Besch\u00e4ftigten im Homeoffice auszu\u00fcben.<\/strong><\/p>\n\n\n\n<div class=\"wp-block-columns is-layout-flex wp-container-core-columns-is-layout-9d6595d7 wp-block-columns-is-layout-flex\">\n<div class=\"wp-block-column is-layout-flow wp-block-column-is-layout-flow\"><\/div>\n<\/div>\n\n\n\n<p>Referenz<\/p>\n\n\n\n<p>Krick, A., Felfe, J., Neidlinger, S.M., Klebe, L., Tautz, D., Sch\u00fcbbe, K., Frontzkowski, Y., Gubernator, P., Hauff, S., &amp; Renner, K.-H. (2022). Auswirkungen von Homeoffice: Ergebnisse einer bundesweiten Studie mit F\u00fchrungskr\u00e4ften und Mitarbeitenden. <a href=\"https:\/\/www.hsu-hh.de\/psyaow\/newsblog-aus-unserem-dtec-projekt-digital-leadership-and-health\/\">https:\/\/www.hsu-hh.de\/psyaow\/newsblog-aus-unserem-dtec-projekt-digital-leadership-and-health\/<\/a>  <\/p>\n","protected":false},"excerpt":{"rendered":"<p>Im Rahmen des Human Resource Managements (HRM) k\u00f6nnen Organisationen vielf\u00e4ltige Instrumente und Praktiken einsetzen, um organisationale und mitarbeiterbezogene Ziele zu erreichen. Wie unterscheiden sich solche HRM-Praktiken zwischen Besch\u00e4ftigten, die teilweise [&hellip;]<\/p>\n","protected":false},"author":2430,"featured_media":0,"parent":213,"menu_order":0,"comment_status":"closed","ping_status":"closed","template":"","meta":{"footnotes":""},"categories":[4,29],"tags":[],"class_list":["post-2505","page","type-page","status-publish","hentry","category-forschung","category-nachrichtenslider"],"_links":{"self":[{"href":"https:\/\/www.hsu-hh.de\/psyaow\/wp-json\/wp\/v2\/pages\/2505","targetHints":{"allow":["GET"]}}],"collection":[{"href":"https:\/\/www.hsu-hh.de\/psyaow\/wp-json\/wp\/v2\/pages"}],"about":[{"href":"https:\/\/www.hsu-hh.de\/psyaow\/wp-json\/wp\/v2\/types\/page"}],"author":[{"embeddable":true,"href":"https:\/\/www.hsu-hh.de\/psyaow\/wp-json\/wp\/v2\/users\/2430"}],"replies":[{"embeddable":true,"href":"https:\/\/www.hsu-hh.de\/psyaow\/wp-json\/wp\/v2\/comments?post=2505"}],"version-history":[{"count":7,"href":"https:\/\/www.hsu-hh.de\/psyaow\/wp-json\/wp\/v2\/pages\/2505\/revisions"}],"predecessor-version":[{"id":2533,"href":"https:\/\/www.hsu-hh.de\/psyaow\/wp-json\/wp\/v2\/pages\/2505\/revisions\/2533"}],"up":[{"embeddable":true,"href":"https:\/\/www.hsu-hh.de\/psyaow\/wp-json\/wp\/v2\/pages\/213"}],"wp:attachment":[{"href":"https:\/\/www.hsu-hh.de\/psyaow\/wp-json\/wp\/v2\/media?parent=2505"}],"wp:term":[{"taxonomy":"category","embeddable":true,"href":"https:\/\/www.hsu-hh.de\/psyaow\/wp-json\/wp\/v2\/categories?post=2505"},{"taxonomy":"post_tag","embeddable":true,"href":"https:\/\/www.hsu-hh.de\/psyaow\/wp-json\/wp\/v2\/tags?post=2505"}],"curies":[{"name":"wp","href":"https:\/\/api.w.org\/{rel}","templated":true}]}}