{"id":2346,"date":"2022-02-11T12:05:59","date_gmt":"2022-02-11T11:05:59","guid":{"rendered":"https:\/\/www.hsu-hh.de\/psyaow\/?page_id=2346"},"modified":"2026-03-06T18:35:26","modified_gmt":"2026-03-06T17:35:26","slug":"hol-coaching-prozess","status":"publish","type":"page","link":"https:\/\/www.hsu-hh.de\/psyaow\/weiterbildungsangebote\/hol-coaching-prozess\/","title":{"rendered":"HoL-Coaching-Prozess"},"content":{"rendered":"\n<h2 class=\"wp-block-heading\">Generelles<\/h2>\n\n\n\n<p>Der HoL-Coaching-Prozess ist ein <strong>teamfokussierter Prozess<\/strong> mit systematischem Reflexionsprozess und Feedback auf Teamebene. Es ist ein Coaching f\u00fcr F\u00fchrungskr\u00e4fte und inkludiert einen Teamworkshop. <\/p>\n\n\n\n<p>Mit Hilfe dessen k\u00f6nnen F\u00fchrungskr\u00e4fte \u2026<\/p>\n\n\n\n<ul class=\"wp-block-list\">\n<li>\u2026 erkennen, ob und in welchem Ma\u00dfe sie gesund f\u00fchren, und<\/li>\n\n\n\n<li>\u2026 erfahren wie sie und ihr Team gemeinsam besser f\u00fcr die Gesundheit sorgen k\u00f6nnen.<\/li>\n<\/ul>\n\n\n\n<div class=\"wp-block-columns is-layout-flex wp-container-core-columns-is-layout-9d6595d7 wp-block-columns-is-layout-flex\">\n<div class=\"wp-block-column is-layout-flow wp-block-column-is-layout-flow\"><\/div>\n<\/div>\n\n\n\n<h2 class=\"wp-block-heading\">Theoretische Grundlage<\/h2>\n\n\n\n<p>Der HoL-Coaching-Prozess basiert auf dem Health-oriented Leadership Konzept (Franke et al., 2015; Pundt &amp; Felfe, 2017) mit den drei S\u00e4ulen <\/p>\n\n\n\n<ul class=\"wp-block-list\">\n<li>gesundheitsf\u00f6rderliche Selbstf\u00fchrung der F\u00fchrungskraft (SelfCare der F\u00fchrungskraft), <\/li>\n\n\n\n<li>gesundheitsf\u00f6rderliche Mitarbeiterf\u00fchrung (StaffCare) und die <\/li>\n\n\n\n<li>gesundheitsf\u00f6rderliche Selbstf\u00fchrung im Sinne der Eigenverantwortung der Besch\u00e4ftigten (SelfCare der Besch\u00e4ftigten). <\/li>\n<\/ul>\n\n\n\n<div class=\"wp-block-columns is-layout-flex wp-container-core-columns-is-layout-9d6595d7 wp-block-columns-is-layout-flex\">\n<div class=\"wp-block-column is-layout-flow wp-block-column-is-layout-flow\"><\/div>\n<\/div>\n\n\n\n<h2 class=\"wp-block-heading\">Ziel <\/h2>\n\n\n\n<p>Ziel des HoL-Prozesses ist es, gemeinsam mit F\u00fchrungskraft und Mitarbeiter\/-innen Ma\u00dfnahmenpl\u00e4ne zu entwickeln und damit einen langfristigen Beitrag zum Schutz und zur F\u00f6rderung der Mitarbeitergesundheit zu leisten.<\/p>\n\n\n\n<div class=\"wp-block-columns is-layout-flex wp-container-core-columns-is-layout-9d6595d7 wp-block-columns-is-layout-flex\">\n<div class=\"wp-block-column is-layout-flow wp-block-column-is-layout-flow\">\n<div class=\"wp-block-columns is-layout-flex wp-container-core-columns-is-layout-9d6595d7 wp-block-columns-is-layout-flex\">\n<div class=\"wp-block-column is-layout-flow wp-block-column-is-layout-flow\"><\/div>\n<\/div>\n<\/div>\n<\/div>\n\n\n\n<h2 class=\"wp-block-heading\">Ablauf des Prozesses<\/h2>\n\n\n\n<div class=\"wp-block-media-text alignwide has-media-on-the-right is-stacked-on-mobile\" style=\"grid-template-columns:auto 15%\"><div class=\"wp-block-media-text__content\">\n<h4 class=\"wp-block-heading\">Schritt 1: <\/h4>\n\n\n\n<h4 class=\"wp-block-heading\"><strong>Abstimmung zu HoL mit Gesch\u00e4ftsleitung<\/strong><\/h4>\n<\/div><figure class=\"wp-block-media-text__media\"><img loading=\"lazy\" decoding=\"async\" width=\"1024\" height=\"1024\" src=\"https:\/\/www.hsu-hh.de\/psyaow\/wp-content\/uploads\/sites\/834\/2022\/02\/white-male-gf28e7e3d5_1920-1024x1024.jpg\" data-credit=\"Pixabay\" alt=\"\" class=\"wp-image-2379 size-full\" srcset=\"https:\/\/www.hsu-hh.de\/psyaow\/wp-content\/uploads\/sites\/834\/2022\/02\/white-male-gf28e7e3d5_1920-1024x1024.jpg 1024w, https:\/\/www.hsu-hh.de\/psyaow\/wp-content\/uploads\/sites\/834\/2022\/02\/white-male-gf28e7e3d5_1920-300x300.jpg 300w, https:\/\/www.hsu-hh.de\/psyaow\/wp-content\/uploads\/sites\/834\/2022\/02\/white-male-gf28e7e3d5_1920-150x150.jpg 150w, https:\/\/www.hsu-hh.de\/psyaow\/wp-content\/uploads\/sites\/834\/2022\/02\/white-male-gf28e7e3d5_1920-768x768.jpg 768w, https:\/\/www.hsu-hh.de\/psyaow\/wp-content\/uploads\/sites\/834\/2022\/02\/white-male-gf28e7e3d5_1920-1536x1536.jpg 1536w, https:\/\/www.hsu-hh.de\/psyaow\/wp-content\/uploads\/sites\/834\/2022\/02\/white-male-gf28e7e3d5_1920-100x100.jpg 100w, https:\/\/www.hsu-hh.de\/psyaow\/wp-content\/uploads\/sites\/834\/2022\/02\/white-male-gf28e7e3d5_1920-1100x1100.jpg 1100w, https:\/\/www.hsu-hh.de\/psyaow\/wp-content\/uploads\/sites\/834\/2022\/02\/white-male-gf28e7e3d5_1920.jpg 1920w\" sizes=\"auto, (max-width: 1024px) 100vw, 1024px\" \/><\/figure><\/div>\n\n\n\n<div class=\"wp-block-columns is-layout-flex wp-container-core-columns-is-layout-9d6595d7 wp-block-columns-is-layout-flex\">\n<div class=\"wp-block-column is-layout-flow wp-block-column-is-layout-flow\">\n<div class=\"wp-block-media-text alignwide is-stacked-on-mobile\" style=\"grid-template-columns:15% auto\"><figure class=\"wp-block-media-text__media\"><img loading=\"lazy\" decoding=\"async\" width=\"1024\" height=\"1024\" src=\"https:\/\/www.hsu-hh.de\/psyaow\/wp-content\/uploads\/sites\/834\/2022\/02\/information-ga64853d9d_1280-1024x1024.png\" data-credit=\"Pixabay\" alt=\"\" class=\"wp-image-2375 size-full\" srcset=\"https:\/\/www.hsu-hh.de\/psyaow\/wp-content\/uploads\/sites\/834\/2022\/02\/information-ga64853d9d_1280-1024x1024.png 1024w, https:\/\/www.hsu-hh.de\/psyaow\/wp-content\/uploads\/sites\/834\/2022\/02\/information-ga64853d9d_1280-300x300.png 300w, https:\/\/www.hsu-hh.de\/psyaow\/wp-content\/uploads\/sites\/834\/2022\/02\/information-ga64853d9d_1280-150x150.png 150w, https:\/\/www.hsu-hh.de\/psyaow\/wp-content\/uploads\/sites\/834\/2022\/02\/information-ga64853d9d_1280-768x768.png 768w, https:\/\/www.hsu-hh.de\/psyaow\/wp-content\/uploads\/sites\/834\/2022\/02\/information-ga64853d9d_1280-100x100.png 100w, https:\/\/www.hsu-hh.de\/psyaow\/wp-content\/uploads\/sites\/834\/2022\/02\/information-ga64853d9d_1280-1100x1100.png 1100w, https:\/\/www.hsu-hh.de\/psyaow\/wp-content\/uploads\/sites\/834\/2022\/02\/information-ga64853d9d_1280.png 1280w\" sizes=\"auto, (max-width: 1024px) 100vw, 1024px\" \/><\/figure><div class=\"wp-block-media-text__content\">\n<h4 class=\"wp-block-heading\">Schritt 2: <\/h4>\n\n\n\n<h4 class=\"wp-block-heading\"><strong>Informationsveranstaltung zu HoL f\u00fcr alle teilnehmenden F\u00fchrungskr\u00e4fte<\/strong><\/h4>\n\n\n\n<p><\/p>\n<\/div><\/div>\n<\/div>\n<\/div>\n\n\n\n<div class=\"wp-block-media-text alignwide has-media-on-the-right is-stacked-on-mobile\" style=\"grid-template-columns:auto 15%\"><div class=\"wp-block-media-text__content\">\n<h4 class=\"wp-block-heading\"><strong>Schritt 3:  <\/strong><\/h4>\n\n\n\n<h4 class=\"wp-block-heading\"><strong>Vorgespr\u00e4ch mit F\u00fchrungskraft<\/strong><\/h4>\n<\/div><figure class=\"wp-block-media-text__media\"><img loading=\"lazy\" decoding=\"async\" width=\"1024\" height=\"850\" src=\"https:\/\/www.hsu-hh.de\/psyaow\/wp-content\/uploads\/sites\/834\/2022\/02\/support-g1eee0896c_1280-1024x850.png\" data-credit=\"Pixabay\" alt=\"\" class=\"wp-image-2378 size-full\" srcset=\"https:\/\/www.hsu-hh.de\/psyaow\/wp-content\/uploads\/sites\/834\/2022\/02\/support-g1eee0896c_1280-1024x850.png 1024w, https:\/\/www.hsu-hh.de\/psyaow\/wp-content\/uploads\/sites\/834\/2022\/02\/support-g1eee0896c_1280-300x249.png 300w, https:\/\/www.hsu-hh.de\/psyaow\/wp-content\/uploads\/sites\/834\/2022\/02\/support-g1eee0896c_1280-768x637.png 768w, https:\/\/www.hsu-hh.de\/psyaow\/wp-content\/uploads\/sites\/834\/2022\/02\/support-g1eee0896c_1280-1100x913.png 1100w, https:\/\/www.hsu-hh.de\/psyaow\/wp-content\/uploads\/sites\/834\/2022\/02\/support-g1eee0896c_1280.png 1280w\" sizes=\"auto, (max-width: 1024px) 100vw, 1024px\" \/><\/figure><\/div>\n\n\n\n<div class=\"wp-block-media-text alignwide is-stacked-on-mobile\" style=\"grid-template-columns:15% auto\"><figure class=\"wp-block-media-text__media\"><img loading=\"lazy\" decoding=\"async\" width=\"1024\" height=\"1006\" src=\"https:\/\/www.hsu-hh.de\/psyaow\/wp-content\/uploads\/sites\/834\/2022\/02\/megaphone-g80f277561_1280-1024x1006.png\" data-credit=\"Pixabay\" alt=\" \" class=\"wp-image-2377 size-full\" srcset=\"https:\/\/www.hsu-hh.de\/psyaow\/wp-content\/uploads\/sites\/834\/2022\/02\/megaphone-g80f277561_1280-1024x1006.png 1024w, https:\/\/www.hsu-hh.de\/psyaow\/wp-content\/uploads\/sites\/834\/2022\/02\/megaphone-g80f277561_1280-300x295.png 300w, https:\/\/www.hsu-hh.de\/psyaow\/wp-content\/uploads\/sites\/834\/2022\/02\/megaphone-g80f277561_1280-768x754.png 768w, https:\/\/www.hsu-hh.de\/psyaow\/wp-content\/uploads\/sites\/834\/2022\/02\/megaphone-g80f277561_1280-1100x1080.png 1100w, https:\/\/www.hsu-hh.de\/psyaow\/wp-content\/uploads\/sites\/834\/2022\/02\/megaphone-g80f277561_1280.png 1280w\" sizes=\"auto, (max-width: 1024px) 100vw, 1024px\" \/><\/figure><div class=\"wp-block-media-text__content\">\n<h4 class=\"wp-block-heading\">S<strong>chritt 4:  <\/strong> <\/h4>\n\n\n\n<h4 class=\"wp-block-heading\"><strong>Kick-off Veranstaltung mit dem Team und F\u00fchrungskraft<\/strong><\/h4>\n<\/div><\/div>\n\n\n\n<div class=\"wp-block-media-text alignwide has-media-on-the-right is-stacked-on-mobile\" style=\"grid-template-columns:auto 15%\"><div class=\"wp-block-media-text__content\">\n<h4 class=\"wp-block-heading\">Schritt 5: <\/h4>\n\n\n\n<h4 class=\"wp-block-heading\"><strong>Teilnahme an der Onlinebefragung (Team und F\u00fchrungskraft)<\/strong><\/h4>\n<\/div><figure class=\"wp-block-media-text__media\"><img loading=\"lazy\" decoding=\"async\" width=\"1024\" height=\"1024\" src=\"https:\/\/www.hsu-hh.de\/psyaow\/wp-content\/uploads\/sites\/834\/2022\/02\/checklist-g7863d8b0e_1280-1024x1024.png\" data-credit=\"Pixabay\" alt=\"\" class=\"wp-image-2371 size-full\" srcset=\"https:\/\/www.hsu-hh.de\/psyaow\/wp-content\/uploads\/sites\/834\/2022\/02\/checklist-g7863d8b0e_1280-1024x1024.png 1024w, https:\/\/www.hsu-hh.de\/psyaow\/wp-content\/uploads\/sites\/834\/2022\/02\/checklist-g7863d8b0e_1280-300x300.png 300w, https:\/\/www.hsu-hh.de\/psyaow\/wp-content\/uploads\/sites\/834\/2022\/02\/checklist-g7863d8b0e_1280-150x150.png 150w, https:\/\/www.hsu-hh.de\/psyaow\/wp-content\/uploads\/sites\/834\/2022\/02\/checklist-g7863d8b0e_1280-768x768.png 768w, https:\/\/www.hsu-hh.de\/psyaow\/wp-content\/uploads\/sites\/834\/2022\/02\/checklist-g7863d8b0e_1280-100x100.png 100w, https:\/\/www.hsu-hh.de\/psyaow\/wp-content\/uploads\/sites\/834\/2022\/02\/checklist-g7863d8b0e_1280-1100x1100.png 1100w, https:\/\/www.hsu-hh.de\/psyaow\/wp-content\/uploads\/sites\/834\/2022\/02\/checklist-g7863d8b0e_1280.png 1280w\" sizes=\"auto, (max-width: 1024px) 100vw, 1024px\" \/><\/figure><\/div>\n\n\n\n<div class=\"wp-block-media-text alignwide is-stacked-on-mobile\" style=\"grid-template-columns:15% auto\"><figure class=\"wp-block-media-text__media\"><img loading=\"lazy\" decoding=\"async\" width=\"1024\" height=\"1024\" src=\"https:\/\/www.hsu-hh.de\/psyaow\/wp-content\/uploads\/sites\/834\/2022\/02\/finance-gf7efedff1_1920-1024x1024.jpg\" data-credit=\"Pixabay\" alt=\"\" class=\"wp-image-2374 size-full\" srcset=\"https:\/\/www.hsu-hh.de\/psyaow\/wp-content\/uploads\/sites\/834\/2022\/02\/finance-gf7efedff1_1920-1024x1024.jpg 1024w, https:\/\/www.hsu-hh.de\/psyaow\/wp-content\/uploads\/sites\/834\/2022\/02\/finance-gf7efedff1_1920-300x300.jpg 300w, https:\/\/www.hsu-hh.de\/psyaow\/wp-content\/uploads\/sites\/834\/2022\/02\/finance-gf7efedff1_1920-150x150.jpg 150w, https:\/\/www.hsu-hh.de\/psyaow\/wp-content\/uploads\/sites\/834\/2022\/02\/finance-gf7efedff1_1920-768x768.jpg 768w, https:\/\/www.hsu-hh.de\/psyaow\/wp-content\/uploads\/sites\/834\/2022\/02\/finance-gf7efedff1_1920-1536x1536.jpg 1536w, https:\/\/www.hsu-hh.de\/psyaow\/wp-content\/uploads\/sites\/834\/2022\/02\/finance-gf7efedff1_1920-100x100.jpg 100w, https:\/\/www.hsu-hh.de\/psyaow\/wp-content\/uploads\/sites\/834\/2022\/02\/finance-gf7efedff1_1920-1100x1100.jpg 1100w, https:\/\/www.hsu-hh.de\/psyaow\/wp-content\/uploads\/sites\/834\/2022\/02\/finance-gf7efedff1_1920.jpg 1920w\" sizes=\"auto, (max-width: 1024px) 100vw, 1024px\" \/><\/figure><div class=\"wp-block-media-text__content\">\n<h4 class=\"wp-block-heading\">Schritt 6: <\/h4>\n\n\n\n<h4 class=\"wp-block-heading\"><strong>Auswertung und Erstellung eines Reports (f\u00fcr F\u00fchrungskraft)<\/strong><\/h4>\n<\/div><\/div>\n\n\n\n<div class=\"wp-block-media-text alignwide has-media-on-the-right is-stacked-on-mobile\" style=\"grid-template-columns:auto 15%\"><div class=\"wp-block-media-text__content\">\n<h4 class=\"wp-block-heading\">Schritt 7: <\/h4>\n\n\n\n<h4 class=\"wp-block-heading\"><strong>Coaching-Gespr\u00e4ch mit F\u00fchrungskraft<\/strong><\/h4>\n<\/div><figure class=\"wp-block-media-text__media\"><img loading=\"lazy\" decoding=\"async\" width=\"1024\" height=\"1024\" src=\"https:\/\/www.hsu-hh.de\/psyaow\/wp-content\/uploads\/sites\/834\/2022\/02\/meeting-gc16254034_1920-1024x1024.jpg\" data-credit=\"Pixabay\" alt=\"\" class=\"wp-image-2376 size-full\" srcset=\"https:\/\/www.hsu-hh.de\/psyaow\/wp-content\/uploads\/sites\/834\/2022\/02\/meeting-gc16254034_1920-1024x1024.jpg 1024w, https:\/\/www.hsu-hh.de\/psyaow\/wp-content\/uploads\/sites\/834\/2022\/02\/meeting-gc16254034_1920-300x300.jpg 300w, https:\/\/www.hsu-hh.de\/psyaow\/wp-content\/uploads\/sites\/834\/2022\/02\/meeting-gc16254034_1920-150x150.jpg 150w, https:\/\/www.hsu-hh.de\/psyaow\/wp-content\/uploads\/sites\/834\/2022\/02\/meeting-gc16254034_1920-768x768.jpg 768w, https:\/\/www.hsu-hh.de\/psyaow\/wp-content\/uploads\/sites\/834\/2022\/02\/meeting-gc16254034_1920-1536x1536.jpg 1536w, https:\/\/www.hsu-hh.de\/psyaow\/wp-content\/uploads\/sites\/834\/2022\/02\/meeting-gc16254034_1920-100x100.jpg 100w, https:\/\/www.hsu-hh.de\/psyaow\/wp-content\/uploads\/sites\/834\/2022\/02\/meeting-gc16254034_1920-1100x1100.jpg 1100w, https:\/\/www.hsu-hh.de\/psyaow\/wp-content\/uploads\/sites\/834\/2022\/02\/meeting-gc16254034_1920.jpg 1920w\" sizes=\"auto, (max-width: 1024px) 100vw, 1024px\" \/><\/figure><\/div>\n\n\n\n<div class=\"wp-block-media-text alignwide is-stacked-on-mobile\" style=\"grid-template-columns:15% auto\"><figure class=\"wp-block-media-text__media\"><img loading=\"lazy\" decoding=\"async\" width=\"1024\" height=\"1024\" src=\"https:\/\/www.hsu-hh.de\/psyaow\/wp-content\/uploads\/sites\/834\/2022\/02\/association-ge36bc1e05_1280-1024x1024.png\" data-credit=\"Pixabay\" alt=\"\" class=\"wp-image-2370 size-full\" srcset=\"https:\/\/www.hsu-hh.de\/psyaow\/wp-content\/uploads\/sites\/834\/2022\/02\/association-ge36bc1e05_1280-1024x1024.png 1024w, https:\/\/www.hsu-hh.de\/psyaow\/wp-content\/uploads\/sites\/834\/2022\/02\/association-ge36bc1e05_1280-300x300.png 300w, https:\/\/www.hsu-hh.de\/psyaow\/wp-content\/uploads\/sites\/834\/2022\/02\/association-ge36bc1e05_1280-150x150.png 150w, https:\/\/www.hsu-hh.de\/psyaow\/wp-content\/uploads\/sites\/834\/2022\/02\/association-ge36bc1e05_1280-768x768.png 768w, https:\/\/www.hsu-hh.de\/psyaow\/wp-content\/uploads\/sites\/834\/2022\/02\/association-ge36bc1e05_1280-100x100.png 100w, https:\/\/www.hsu-hh.de\/psyaow\/wp-content\/uploads\/sites\/834\/2022\/02\/association-ge36bc1e05_1280-1100x1100.png 1100w, https:\/\/www.hsu-hh.de\/psyaow\/wp-content\/uploads\/sites\/834\/2022\/02\/association-ge36bc1e05_1280.png 1280w\" sizes=\"auto, (max-width: 1024px) 100vw, 1024px\" \/><\/figure><div class=\"wp-block-media-text__content\">\n<h4 class=\"wp-block-heading\">Schritt 8: <\/h4>\n\n\n\n<h4 class=\"wp-block-heading\"><strong>Auswertungsworkshop f\u00fcr das Team mit F\u00fchrungskraft<\/strong><\/h4>\n<\/div><\/div>\n\n\n\n<div class=\"wp-block-media-text alignwide has-media-on-the-right is-stacked-on-mobile\" style=\"grid-template-columns:auto 15%\"><div class=\"wp-block-media-text__content\">\n<h4 class=\"wp-block-heading\">Schritt 9: <\/h4>\n\n\n\n<h4 class=\"wp-block-heading\"><strong>Follow-up Workshop nach ca. 3 Monaten (Team und F\u00fchrungskraft)<\/strong><\/h4>\n<\/div><figure class=\"wp-block-media-text__media\"><img loading=\"lazy\" decoding=\"async\" width=\"1024\" height=\"1024\" src=\"https:\/\/www.hsu-hh.de\/psyaow\/wp-content\/uploads\/sites\/834\/2022\/02\/eye-gb7e6d94ba_1280-1024x1024.png\" data-credit=\"Pixabay\" alt=\"\" class=\"wp-image-2372 size-full\" srcset=\"https:\/\/www.hsu-hh.de\/psyaow\/wp-content\/uploads\/sites\/834\/2022\/02\/eye-gb7e6d94ba_1280-1024x1024.png 1024w, https:\/\/www.hsu-hh.de\/psyaow\/wp-content\/uploads\/sites\/834\/2022\/02\/eye-gb7e6d94ba_1280-300x300.png 300w, https:\/\/www.hsu-hh.de\/psyaow\/wp-content\/uploads\/sites\/834\/2022\/02\/eye-gb7e6d94ba_1280-150x150.png 150w, https:\/\/www.hsu-hh.de\/psyaow\/wp-content\/uploads\/sites\/834\/2022\/02\/eye-gb7e6d94ba_1280-768x768.png 768w, https:\/\/www.hsu-hh.de\/psyaow\/wp-content\/uploads\/sites\/834\/2022\/02\/eye-gb7e6d94ba_1280-100x100.png 100w, https:\/\/www.hsu-hh.de\/psyaow\/wp-content\/uploads\/sites\/834\/2022\/02\/eye-gb7e6d94ba_1280-1100x1100.png 1100w, https:\/\/www.hsu-hh.de\/psyaow\/wp-content\/uploads\/sites\/834\/2022\/02\/eye-gb7e6d94ba_1280.png 1280w\" sizes=\"auto, (max-width: 1024px) 100vw, 1024px\" \/><\/figure><\/div>\n\n\n\n<div class=\"wp-block-columns is-layout-flex wp-container-core-columns-is-layout-9d6595d7 wp-block-columns-is-layout-flex\">\n<div class=\"wp-block-column is-layout-flow wp-block-column-is-layout-flow\"><\/div>\n<\/div>\n\n\n\n<div style=\"height:29px\" aria-hidden=\"true\" class=\"wp-block-spacer\"><\/div>\n\n\n\n<h2 class=\"wp-block-heading\">Literatur zum HoL-Coaching-Prozess<\/h2>\n\n\n\n<p>In den nachfolgenden Artikeln finden Sie n\u00e4here Infos zu bisherigen Evaluationsergebnissen zum HoL-Coaching-Prozess und weitere Informationen zum Ablauf.<\/p>\n\n\n\n<ul class=\"wp-block-list\">\n<li>Pischel, S., Felfe, J., Krick, A., &amp; Pundt, F. (2023). Gesundheitsf\u00f6rderliche F\u00fchrung diagnostizieren und umsetzen. In J. Felfe &amp; R. van Dick (Eds.), <em>Handbuch Mitarbeiterf\u00fchrung: Wirtschaftspsychologisches Praxiswissen f\u00fcr Fach- und F\u00fchrungskr\u00e4fte<\/em>. Springer.<\/li>\n\n\n\n<li>Krick A., Wunderlich I., &amp;&nbsp;Felfe J.&nbsp;(2021) Gesundheitsf\u00f6rderliche F\u00fchrungskompetenz entwickeln. In A. Michel &amp; A. Hoppe (<abbr title=\"Herausgeber\">Hrsg.<\/abbr>),&nbsp;<em>Handbuch Gesundheitsf\u00f6rderung bei der Arbeit.<\/em>&nbsp;Wiesbaden: Springer. https:\/\/doi.org\/10.1007\/978-3-658-28654-5_14-1 <span><a href=\"\" rel='nofollow'><img decoding=\"async\" title=\"Titel anhand dieser DOI in Citavi-Projekt \u00fcbernehmen\" class=\"citavipicker\" style=\"border: 0px none!important;width: 16px!important;height: 16px!important;margin-left:1px !important;margin-right:1px !important\" src=\"image\/svg+xml;base64,PD94bWwgdmVyc2lvbj0iMS4wIiBlbmNvZGluZz0idXRmLTgiPz48IURPQ1RZUEUgc3ZnIFBVQkxJQyAiLS8vVzNDLy9EVEQgU1ZHIDEuMS8vRU4iICJodHRwOi8vd3d3LnczLm9yZy9HcmFwaGljcy9TVkcvMS4xL0RURC9zdmcxMS5kdGQiPjxzdmcgdmVyc2lvbj0iMS4xIiBpZD0iRWJlbmVfMSIgeG1sbnM9Imh0dHA6Ly93d3cudzMub3JnLzIwMDAvc3ZnIiB4bWxuczp4bGluaz0iaHR0cDovL3d3dy53My5vcmcvMTk5OS94bGluayIgeD0iMHB4IiB5PSIwcHgiIHdpZHRoPSIxNnB4IiBoZWlnaHQ9IjE2cHgiIHZpZXdCb3g9IjAgMCAxNiAxNiIgZW5hYmxlLWJhY2tncm91bmQ9Im5ldyAwIDAgMTYgMTYiIHhtbDpzcGFjZT0icHJlc2VydmUiPjxnPjxnPjxwYXRoIGZpbGw9IiNGRkZGRkYiIGQ9Ik04LjAwMSwxNS41QzMuODY0LDE1LjUsMC41LDEyLjEzNiwwLjUsOGMwLTQuMTM1LDMuMzY1LTcuNSw3LjUwMS03LjVTMTUuNSwzLjg2NCwxNS41LDhTMTIuMTM3LDE1LjUsOC4wMDEsMTUuNXoiLz48cGF0aCBmaWxsPSIjRDUyQjFFIiBkPSJNOC4wMDEsMUMxMS44NiwxLDE1LDQuMTQxLDE1LDhzLTMuMTM5LDctNi45OTksN0M0LjE0LDE1LDEsMTEuODU5LDEsOFM0LjE0LDEsOC4wMDEsMSBNOC4wMDEsMEMzLjU4MiwwLDAsMy41ODIsMCw4czMuNTgyLDgsOC4wMDEsOEMxMi40MTgsMTYsMTYsMTIuNDE4LDE2LDhTMTIuNDE4LDAsOC4wMDEsMEw4LjAwMSwweiIvPjwvZz48cGF0aCBmaWxsPSIjRDUyQjFFIiBkPSJNNi43NDUsMTIuNTg5Yy0wLjIyNywwLjEyMi0wLjQ5NywwLjI0Ny0wLjY4NCwwLjI0N2MtMC4zMTgsMC0wLjUwMS0wLjE2NC0wLjUwMS0wLjQ1MmMwLTAuMjA3LDAuMTQtMC4zNzUsMC41OTUtMC42MjJjMS41NDktMC45MDQsMi41OTQtMi4yNzIsMi41OTQtMy43MjFjMC0wLjgyNS0wLjIyNy0xLjExOS0wLjY4MS0xLjExOWMtMC4xMzUsMC0wLjMyLDAuMjE5LTAuNjM2LDAuMjE5SDcuMTU3QzYuMTAyLDcuMTQzLDUuMzMzLDYuMjY0LDUuMzMzLDUuMjNjMC0xLjE1MiwwLjk1OC0yLjAwNiwyLjI4LTIuMDA2YzEuNzc3LDAsMy4wNTMsMS4zNzMsMy4wNTMsMy40M0MxMC42NjYsOS4yMTUsOS4yMDMsMTEuMjcsNi43NDUsMTIuNTg5Ii8+PC9nPjwvc3ZnPg\"><\/a><\/span><\/li>\n\n\n\n<li>Felfe, J., Klebe, L., Klug, K.,&nbsp;Krick, A.,&nbsp;&amp; Ducki, A. (2021). Pr\u00e4vention auch in der Krise? \u2013 Bedeutung gesundheitsf\u00f6rderlicher F\u00fchrung. In B. Badura, A. Ducki, M. Meyer, &amp; H. Schr\u00f6der (<abbr title=\"Herausgeber\">Hrsg.<\/abbr>),&nbsp;<em>Fehlzeiten-Report 2021&nbsp;<\/em>(S. 279-293)<em>.&nbsp;<\/em>Heidelberg: Springer.<\/li>\n\n\n\n<li>Felfe, J., Krick, A., &amp; Ducki, A. (2019). Gesundheitsf\u00f6rderliche F\u00fchrung erfolgreich umsetzen. In S. Bergner, J. Flei\u00df, &amp; A. Gutschelhofer (<abbr title=\"Herausgeber\">Hrsg.<\/abbr>), <em>Wandel gestalten \u2013 Herausforderungen und Ergebnisse der empirischen Managementforschung<\/em> (S. 23-41). Graz: Grazer Universit\u00e4tsverlag &amp; Leykam.<\/li>\n\n\n\n<li>Felfe, J., Pundt, F., &amp;&nbsp;Krick, A.&nbsp;(2017). Gesundheitsf\u00f6rderliche F\u00fchrung = Ressource f\u00fcr Mitarbeiter\/-innen \u2013 Belastung f\u00fcr F\u00fchrungskr\u00e4fte?. In C. Busch, A. Ducki, J. Dettmers &amp; H. Witt (<abbr title=\"Herausgeber\">Hrsg.<\/abbr>),<em>&nbsp;Der Wert der Arbeit<\/em>&nbsp;(S. 241-255).&nbsp;Hampp Verlag.<\/li>\n\n\n\n<li>Elprana, G.,&nbsp;Felfe, J., &amp; Franke, F. (2016).&nbsp;<em>Gesundheitsf\u00f6rderliche F\u00fchrung diagnostizieren und umsetzen.<\/em>&nbsp;In J. Felfe &amp; R. Van Dick (<abbr title=\"Herausgeber\">Hrsg.<\/abbr>).&nbsp;<em>Handbuch Mitarbeiterf\u00fchrung: Wirtschaftspsychologisches Praxiswissen f\u00fcr Fach- und F\u00fchrungskr\u00e4fte<\/em>&nbsp;(S. 143- 156). Berlin: Springer.<\/li>\n<\/ul>\n\n\n\n<p><span><a href=\"\" rel='nofollow'><\/a><\/span><\/p>\n\n\n\n<div style=\"height:39px\" aria-hidden=\"true\" class=\"wp-block-spacer\"><\/div>\n\n\n\n<p>Bei Fragen zum HoL-Prozess wenden Sie sich an felfe@hsu-hh.de oder an pischel@hsu-hh.de.<\/p>\n","protected":false},"excerpt":{"rendered":"<p>Generelles Der HoL-Coaching-Prozess ist ein teamfokussierter Prozess mit systematischem Reflexionsprozess und Feedback auf Teamebene. Es ist ein Coaching f\u00fcr F\u00fchrungskr\u00e4fte und inkludiert einen Teamworkshop. Mit Hilfe dessen k\u00f6nnen F\u00fchrungskr\u00e4fte \u2026 [&hellip;]<\/p>\n","protected":false},"author":2430,"featured_media":0,"parent":164,"menu_order":0,"comment_status":"closed","ping_status":"closed","template":"","meta":{"footnotes":""},"categories":[4],"tags":[],"class_list":["post-2346","page","type-page","status-publish","hentry","category-forschung"],"_links":{"self":[{"href":"https:\/\/www.hsu-hh.de\/psyaow\/wp-json\/wp\/v2\/pages\/2346","targetHints":{"allow":["GET"]}}],"collection":[{"href":"https:\/\/www.hsu-hh.de\/psyaow\/wp-json\/wp\/v2\/pages"}],"about":[{"href":"https:\/\/www.hsu-hh.de\/psyaow\/wp-json\/wp\/v2\/types\/page"}],"author":[{"embeddable":true,"href":"https:\/\/www.hsu-hh.de\/psyaow\/wp-json\/wp\/v2\/users\/2430"}],"replies":[{"embeddable":true,"href":"https:\/\/www.hsu-hh.de\/psyaow\/wp-json\/wp\/v2\/comments?post=2346"}],"version-history":[{"count":7,"href":"https:\/\/www.hsu-hh.de\/psyaow\/wp-json\/wp\/v2\/pages\/2346\/revisions"}],"predecessor-version":[{"id":4369,"href":"https:\/\/www.hsu-hh.de\/psyaow\/wp-json\/wp\/v2\/pages\/2346\/revisions\/4369"}],"up":[{"embeddable":true,"href":"https:\/\/www.hsu-hh.de\/psyaow\/wp-json\/wp\/v2\/pages\/164"}],"wp:attachment":[{"href":"https:\/\/www.hsu-hh.de\/psyaow\/wp-json\/wp\/v2\/media?parent=2346"}],"wp:term":[{"taxonomy":"category","embeddable":true,"href":"https:\/\/www.hsu-hh.de\/psyaow\/wp-json\/wp\/v2\/categories?post=2346"},{"taxonomy":"post_tag","embeddable":true,"href":"https:\/\/www.hsu-hh.de\/psyaow\/wp-json\/wp\/v2\/tags?post=2346"}],"curies":[{"name":"wp","href":"https:\/\/api.w.org\/{rel}","templated":true}]}}