{"id":234,"date":"2019-12-18T11:13:03","date_gmt":"2019-12-18T10:13:03","guid":{"rendered":"https:\/\/www.hsu-hh.de\/psyaow\/?page_id=234"},"modified":"2023-09-27T14:34:30","modified_gmt":"2023-09-27T12:34:30","slug":"felfe","status":"publish","type":"page","link":"https:\/\/www.hsu-hh.de\/psyaow\/team\/felfe\/","title":{"rendered":"Prof. Dr. J\u00f6rg Felfe"},"content":{"rendered":"<script type=\"application\/ld+json\">[{\"@context\": \"https:\/\/www.schema.org\",\"@type\": \"Person\",\"name\": \"J\u00f6rg Felfe\",\"worksFor\": [{\t\"@type\": \"Organization\",\t\"name\": \"Helmut-Schmidt-Universit\u00e4t\",\t\"url\": \"https:\/\/www.hsu-hh.de\"\t, \"department\": {\"@type\": \"Organization\",\t\t\t\t\t\"name\": \"Arbeits-, Organisations- und Wirtschaftspsychologie\",\t\t\t\t\t\"location\": {\t\t\t\t\t\t\"@type\": \"PostalAddress\",\t\t\t\t\t\t\"addressLocality\": \"\",        \t\t\t\t\"postalCode\": \"22043\",        \t\t\t\t\"streetAddress\": \"Holstenhofweg 85 , Geb\u00e4ude H1\"\t\t\t\t\t}},\t\"location\": {\t\t\"@type\": \"PostalAddress\",    \t\"addressLocality\": \"\",    \t\"postalCode\": \"22008\",    \t\"postOfficeBoxNumber\": \"700822\"\t}   }],\"image\": \"https:\/\/www.hsu-hh.de\/psyaow\/wp-content\/uploads\/sites\/834\/2023\/06\/Joerg2023-150x150.png\",\"telephone\": \"+4940 6541-2575\",\"faxNumber\": \"+4940 6541-2546\",\"email\": \"felfe@hsu-hh.de\"}]<\/script><div class=\"clearfix\"><\/div><div class=\"ansprechparter-container \" style=\"margin-top:1em; \"><div class=\"row ansprechpartner-item ansprechparter-header\" ><div class=\"col-xs-8 col-lg-12\" style=\"margin-bottom: 30px;\"><h3 class=\"ansprechparter-headline\">J\u00f6rg Felfe<\/h3><\/div><\/div><div class=\"col-md-4 col-lg-3 col-xs-4 ansprechpartner-item floatright img-circle center-block\" style=\"margin-bottom: 30px;\"><div class=\"img-responsive-wrapper\"><img decoding=\"async\" src=\"https:\/\/www.hsu-hh.de\/psyaow\/wp-content\/uploads\/sites\/834\/2023\/06\/Joerg2023-150x150.png\" alt=\"\" class=\"img-circle img-responsive center-block\" \/><\/div><\/div><div class=\"col-md-12 col-lg-3 col-xs-12 ansprechpartner-item kontakt floatright\" style=\"margin-bottom: 30px; \"><div class=\"row\"><div class=\"col-xs-12 col-sm-6 col-lg-12\"><div class=\"row\"><div class=\"col-xs-4 col-lg-4 row-text bold\" >Raum:<\/div><div class=\" row-text\">2364<\/div><\/div><\/div><div class=\"col-xs-12 col-sm-6 col-lg-12\"><div class=\"row\"><div class=\"col-xs-4 col-lg-4 row-text bold\">Telefon:<\/div><div class=\" row-text\">+4940 6541-2575<\/div><\/div><\/div><div class=\"col-xs-12 col-sm-6 col-lg-12\"><div class=\"row\"><div class=\"col-xs-4 col-lg-4 row-text bold\">Fax:<\/div><div class=\"row-text\">+4940 6541-2546<\/div><\/div><\/div><div class=\"col-xs-12 col-sm-6 col-lg-12\"><div class=\"row\"><div class=\"col-xs-4 col-lg-4 row-text bold\">E-Mail:<\/div><div class=\"row-text\" style=\"overflow:hidden; word-break: break-word\"><a href=\"mailto:felfe@hsu-hh.de\" rel=\"nofollow\">felfe@hsu-hh.de<\/a><\/div><\/div><\/div><\/div><\/div><div class=\"col-md-6 col-lg-3 col-xs-12 ansprechpartner-item anschrift floatright\" ><div class=\"row-headline\">Besucheranschrift<\/div><div class=\"dataBesucheranschrift\" style=\"\"><div class=\"row-text\">Helmut-Schmidt-Universit\u00e4t<\/div><div class=\"row-text\">Geb\u00e4ude H1<\/div><div class=\"row-text\">Holstenhofweg 85<\/div><div class=\"row-text\">22043 Hamburg<\/div><\/div><\/div><div class=\"col-md-6 col-lg-3 col-xs-12 ansprechpartner-item anschrift floatright\"><div class=\"row-headline\">Postanschrift<\/div><div class=\"dataPostanschrift\" style=\"\"><div class=\"row-text\">Helmut-Schmidt-Universit\u00e4t<\/div><div class=\"row-text\">Arbeits-, Organisations- und Wirtschaftspsychologie<\/div><div class=\"row-text\">Postfach 70 08 22<\/div><div class=\"row-text\">22008 Hamburg<\/div><\/div><\/div><\/div><div class=\"clearfix\"><\/div>\n\n\n<div class=\"wp-block-columns is-layout-flex wp-container-core-columns-is-layout-9d6595d7 wp-block-columns-is-layout-flex\">\n<div class=\"wp-block-column is-layout-flow wp-block-column-is-layout-flow\"><\/div>\n<\/div>\n\n\n\n<p><\/p>\n\n\n\n<h2 class=\"wp-block-heading\">Aktueller Podcast in der Reihe \u201eNew Work Meets Science\u201c mit <abbr title=\"Professor\">Prof.<\/abbr> <abbr title=\"Doktor\">Dr.<\/abbr> J\u00f6rg Felfe!<\/h2>\n\n\n\n<p>Welche Herausforderungen bringt F\u00fchrung auf Distanz im Vergleich zu traditioneller F\u00fchrung mit sich? Und auf welche Weise nimmt F\u00fchrung auch auf die Gesundheit von Besch\u00e4ftigten im Homeoffice einen Einfluss? Zusammen mit Theresa ergr\u00fcndet er, welche Rolle Digitalisierung und hybrides Arbeiten dabei spielen.<\/p>\n\n\n\n<p>Hier geht\u2019s zum Podcast<\/p>\n\n\n\n<p><a href=\"https:\/\/spotify.link\/IjP9OD1M6Cb\" rel='nofollow'>https:\/\/spotify.link\/IjP9OD1M6Cb<\/a><\/p>\n\n\n\n<p><\/p>\n\n\n\n<div class=\"wp-block-columns is-layout-flex wp-container-core-columns-is-layout-9d6595d7 wp-block-columns-is-layout-flex\">\n<div class=\"wp-block-column is-layout-flow wp-block-column-is-layout-flow\"><\/div>\n<\/div>\n\n\n\n<h2 class=\"wp-block-heading\">Kurzvita<\/h2>\n\n\n\n<p><strong>Berufliche T\u00e4tigkeit<\/strong><\/p>\n\n\n\n<ul class=\"wp-block-list\">\n<li>04.2010 &#8211; heute &#8211; Universit\u00e4tsprofessor f\u00fcr Arbeits-, Organisations-, und Wirtschaftspsychologie an der Helmut-Schmidt-Universit\u00e4t Hamburg<\/li>\n\n\n\n<li>2006 &#8211; 2010 &#8211; Universit\u00e4tsprofessor f\u00fcr Sozial- und Organisationspsychologie an der Universit\u00e4t Siegen und Leiter des Student Service Centers<\/li>\n\n\n\n<li>10.2005 &#8211; 09.2006 Vertretung der Professur f\u00fcr Arbeits- und Organisationspsychologie an der&nbsp;<abbr title=\"Technische Universit\u00e4t\">TU<\/abbr>&nbsp;Braunschweig<br>im WS 2003\/2004 &#8211; Vertretung der Professur f\u00fcr Wirtschafts- und Sozialpsychologie an der&nbsp;<abbr title=\"Wirtschafts- und Sozialwissenschaften\">WiSo<\/abbr>-Fakult\u00e4t der Universit\u00e4t zu K\u00f6ln<\/li>\n\n\n\n<li>2003 &#8211; 2006 &#8211; Professor als Juniorprofessor f\u00fcr A&amp;O Psychologie an der&nbsp;Martin-Luther Universit\u00e4t Halle-Wittenberg<\/li>\n\n\n\n<li>1999 &#8211; 2002 &#8211; Als Hochschulassistent bei <abbr title=\"Professor\">Prof.<\/abbr> <abbr title=\"Doktor\">Dr.<\/abbr> Six, Abteilung f\u00fcr Sozial-&nbsp; und Organisationspsychologie an der Martin-Luther Universit\u00e4t&nbsp; Halle-Wittenberg<\/li>\n\n\n\n<li>seit 1993 &#8211; freiberuflich als Trainer und Berater f\u00fcr unterschiedliche Unternehmen t\u00e4tig, Durchf\u00fchrung der wissenschaftlichen Begleitung und Evaluation \u00f6ffentlicher Programme<\/li>\n\n\n\n<li>1988 &#8211; 1993 &#8211; wissenschaftlicher Mitarbeiter am Arbeitsbereich Wirtschafts- und Organisationspsychologie bei <abbr title=\"Professor\">Prof.<\/abbr>&nbsp; <abbr title=\"Doktor\">Dr.<\/abbr> Liepmann<\/li>\n<\/ul>\n\n\n\n<p><strong>Habilitation<\/strong><\/p>\n\n\n\n<ul class=\"wp-block-list\">\n<li>2003 &#8211; Habilitation an der Martin-Luther Universit\u00e4t Halle-Wittenberg, Titel der Schrift: &#8222;Transformationale und charismatische F\u00fchrung und Commitment im organisationalen Wandel&#8220;. &#8222;Venia Legendi&#8220; f\u00fcr das Fach Psychologie<\/li>\n<\/ul>\n\n\n\n<p><strong>Promotion<\/strong><\/p>\n\n\n\n<ul class=\"wp-block-list\">\n<li>1991 &#8211; Dissertation an der FU Berlin: &#8222;TPK-Training p\u00e4dagogischer Kompetenzen zur Vermittlung fach\u00fcbergreifender Qualifikationen in der beruflichen Bildung&#8220;<\/li>\n<\/ul>\n\n\n\n<p><strong>Studium<\/strong><\/p>\n\n\n\n<ul class=\"wp-block-list\">\n<li>1983 &#8211; 1988 &#8211; Studium der Psychologie an der Ruhr &#8211; Universit\u00e4t Bochum und an der FU Berlin<\/li>\n<\/ul>\n\n\n\n<h2 class=\"wp-block-heading\">Publikationen<\/h2>\n\n\n\n<p>siehe <a href=\"https:\/\/www.hsu-hh.de\/psyaow\/publikationen\/\">Publikationen<\/a><\/p>\n\n\n\n<h2 class=\"wp-block-heading\">Forschung<\/h2>\n\n\n\n<p>siehe&nbsp;<a href=\"https:\/\/www.hsu-hh.de\/psyaow\/forschung\/\">Forschung<\/a><\/p>\n","protected":false},"excerpt":{"rendered":"<p>Aktueller Podcast in der Reihe \u201eNew Work Meets Science\u201c mit Prof. Dr. J\u00f6rg Felfe! Welche Herausforderungen bringt F\u00fchrung auf Distanz im Vergleich zu traditioneller F\u00fchrung mit sich? Und auf welche [&hellip;]<\/p>\n","protected":false},"author":2430,"featured_media":0,"parent":106,"menu_order":0,"comment_status":"closed","ping_status":"closed","template":"","meta":{"footnotes":""},"categories":[4],"tags":[],"class_list":["post-234","page","type-page","status-publish","hentry","category-forschung"],"_links":{"self":[{"href":"https:\/\/www.hsu-hh.de\/psyaow\/wp-json\/wp\/v2\/pages\/234","targetHints":{"allow":["GET"]}}],"collection":[{"href":"https:\/\/www.hsu-hh.de\/psyaow\/wp-json\/wp\/v2\/pages"}],"about":[{"href":"https:\/\/www.hsu-hh.de\/psyaow\/wp-json\/wp\/v2\/types\/page"}],"author":[{"embeddable":true,"href":"https:\/\/www.hsu-hh.de\/psyaow\/wp-json\/wp\/v2\/users\/2430"}],"replies":[{"embeddable":true,"href":"https:\/\/www.hsu-hh.de\/psyaow\/wp-json\/wp\/v2\/comments?post=234"}],"version-history":[{"count":28,"href":"https:\/\/www.hsu-hh.de\/psyaow\/wp-json\/wp\/v2\/pages\/234\/revisions"}],"predecessor-version":[{"id":3480,"href":"https:\/\/www.hsu-hh.de\/psyaow\/wp-json\/wp\/v2\/pages\/234\/revisions\/3480"}],"up":[{"embeddable":true,"href":"https:\/\/www.hsu-hh.de\/psyaow\/wp-json\/wp\/v2\/pages\/106"}],"wp:attachment":[{"href":"https:\/\/www.hsu-hh.de\/psyaow\/wp-json\/wp\/v2\/media?parent=234"}],"wp:term":[{"taxonomy":"category","embeddable":true,"href":"https:\/\/www.hsu-hh.de\/psyaow\/wp-json\/wp\/v2\/categories?post=234"},{"taxonomy":"post_tag","embeddable":true,"href":"https:\/\/www.hsu-hh.de\/psyaow\/wp-json\/wp\/v2\/tags?post=234"}],"curies":[{"name":"wp","href":"https:\/\/api.w.org\/{rel}","templated":true}]}}