{"id":1891,"date":"2021-09-06T16:20:07","date_gmt":"2021-09-06T14:20:07","guid":{"rendered":"https:\/\/www.hsu-hh.de\/psyaow\/?page_id=1891"},"modified":"2026-02-11T18:47:35","modified_gmt":"2026-02-11T17:47:35","slug":"unsere-forschungsschwerpunkte","status":"publish","type":"page","link":"https:\/\/www.hsu-hh.de\/psyaow\/forschung\/unsere-forschungsschwerpunkte\/","title":{"rendered":"Unsere Forschungsschwerpunkte"},"content":{"rendered":"\n<h3 class=\"wp-block-heading\">F\u00fchrung<\/h3>\n\n\n\n<ul class=\"wp-block-list\">\n<li>Transformationale und charismatische F\u00fchrung<\/li>\n\n\n\n<li>Implizite F\u00fchrungstheorien (Romance of Leadership)<\/li>\n\n\n\n<li>Einfluss der Mitarbeiterpers\u00f6nlichkeit<\/li>\n\n\n\n<li>Interkulturelles Management<\/li>\n\n\n\n<li>Destruktive F\u00fchrung (Abusive Leadership)<\/li>\n<\/ul>\n\n\n\n<h3 class=\"wp-block-heading\">Gesundheitsf\u00f6rderung &amp; F\u00fchrung und Gesundheit<\/h3>\n\n\n\n<ul class=\"wp-block-list\">\n<li>Gesundheitsf\u00f6rderliche F\u00fchrung (Health-oriented Leadership): Gesundheitsf\u00f6rderliche F\u00fchrung in Krisensituationen, Profile von gesundheitsf\u00f6rderlicher F\u00fchrung<\/li>\n\n\n\n<li>Ressourcentrainings (<abbr title=\"unter anderem\">u.a.<\/abbr> Achtsamkeit)<\/li>\n\n\n\n<li>Interventionsevaluation anhand physiologischer Daten (Herzratenvariabilit\u00e4t)<\/li>\n\n\n\n<li>Non Response: Teilnahme und Nicht-Teilnahme an Betrieblichem Gesundheitsmanagement<\/li>\n\n\n\n<li>Gesundheitsmotivation<\/li>\n\n\n\n<li>Fr\u00fcherkennung von Warnsignalen bei psychisch belasteten Mitarbeitern\/innen<\/li>\n\n\n\n<li>Digitale F\u00fchrung und Gesundheit (Digital StaffCare, Transformationale F\u00fchrung im digitalen Kontext)<\/li>\n\n\n\n<li>Gesundheit im Homeoffice\n<ul class=\"wp-block-list\">\n<li>St\u00e4rkennutzung im Homeoffice<\/li>\n\n\n\n<li>Belastungen und Ressourcen im Homeoffice (Chancen und Risiken)<\/li>\n\n\n\n<li>Multitasking und Zoomfatigue w\u00e4hrend Onlinemeetings<\/li>\n<\/ul>\n<\/li>\n<\/ul>\n\n\n\n<h3 class=\"wp-block-heading\">Betreuungskommunikation<\/h3>\n\n\n\n<ul class=\"wp-block-list\">\n<li>Betreuung im Einsatz<\/li>\n<\/ul>\n\n\n\n<h3 class=\"wp-block-heading\">Commitment<\/h3>\n\n\n\n<ul class=\"wp-block-list\">\n<li>In neuen Arbeitsformen (<abbr title=\"unter anderem\">u.a.<\/abbr> Zeitarbeit)<\/li>\n\n\n\n<li>Kulturelle Einfl\u00fcsse auf F\u00fchrung und Commitment (Deutschland &#8211; China)<\/li>\n<\/ul>\n\n\n\n<h3 class=\"wp-block-heading\">Personalentwicklung<\/h3>\n\n\n\n<ul class=\"wp-block-list\">\n<li>Coaching und Training<\/li>\n\n\n\n<li>Teamentwicklung, Outdoor-Trainings<\/li>\n<\/ul>\n\n\n\n<h3 class=\"wp-block-heading\">Diagnostik und Evaluation<\/h3>\n\n\n\n<ul class=\"wp-block-list\">\n<li>Eignungsdiagnostik (AC, Interview, SJTs)<\/li>\n\n\n\n<li>Organisationsdiagnostik (Mitarbeiterbefragungen)<\/li>\n\n\n\n<li>Evaluation von Aus- und Weiterbildungskonzepten und Programmen<\/li>\n\n\n\n<li>F\u00fchrungsmotivation<\/li>\n<\/ul>\n\n\n\n<div class=\"wp-block-columns is-layout-flex wp-container-core-columns-is-layout-9d6595d7 wp-block-columns-is-layout-flex\">\n<div class=\"wp-block-column is-layout-flow wp-block-column-is-layout-flow\"><\/div>\n<\/div>\n\n\n\n<p>Mit unseren Forschungsschwerpunkten leisten wir einen wesentlichen Beitrag zur F\u00f6rderung der gesamtgesellschaftlichen Resilienz auf unterschiedlichen Ebenen: individuelle Ebene, Teamebene und organisationale Ebene. Die AOW-Professur ist mit dem Cluster II &#8222;Leadership and Organisation&#8220; am <a href=\"https:\/\/www.hsu-hh.de\/drc\/\">Democratic Resilience Center (DRC)<\/a> der <abbr title=\"Helmut Schmidt Universit\u00e4t\">HSU<\/abbr> beteiligt. <\/p>\n\n\n\n<figure class=\"wp-block-image size-large is-resized\"><img loading=\"lazy\" decoding=\"async\" width=\"1024\" height=\"368\" src=\"https:\/\/www.hsu-hh.de\/psyaow\/wp-content\/uploads\/sites\/834\/2026\/02\/DRC-1024x368.png\" data-credit=\" \" alt=\"\" class=\"wp-image-4291\" style=\"aspect-ratio:2.7827106025093067;width:388px;height:auto\" srcset=\"https:\/\/www.hsu-hh.de\/psyaow\/wp-content\/uploads\/sites\/834\/2026\/02\/DRC-1024x368.png 1024w, https:\/\/www.hsu-hh.de\/psyaow\/wp-content\/uploads\/sites\/834\/2026\/02\/DRC-300x108.png 300w, https:\/\/www.hsu-hh.de\/psyaow\/wp-content\/uploads\/sites\/834\/2026\/02\/DRC-768x276.png 768w, https:\/\/www.hsu-hh.de\/psyaow\/wp-content\/uploads\/sites\/834\/2026\/02\/DRC-1100x395.png 1100w, https:\/\/www.hsu-hh.de\/psyaow\/wp-content\/uploads\/sites\/834\/2026\/02\/DRC.png 1310w\" sizes=\"auto, (max-width: 1024px) 100vw, 1024px\" \/><\/figure>\n","protected":false},"excerpt":{"rendered":"<p>F\u00fchrung Gesundheitsf\u00f6rderung &amp; F\u00fchrung und Gesundheit Betreuungskommunikation Commitment Personalentwicklung Diagnostik und Evaluation Mit unseren Forschungsschwerpunkten leisten wir einen wesentlichen Beitrag zur F\u00f6rderung der gesamtgesellschaftlichen Resilienz auf unterschiedlichen Ebenen: individuelle Ebene, [&hellip;]<\/p>\n","protected":false},"author":2430,"featured_media":0,"parent":112,"menu_order":0,"comment_status":"closed","ping_status":"closed","template":"","meta":{"footnotes":""},"categories":[4],"tags":[],"class_list":["post-1891","page","type-page","status-publish","hentry","category-forschung"],"_links":{"self":[{"href":"https:\/\/www.hsu-hh.de\/psyaow\/wp-json\/wp\/v2\/pages\/1891","targetHints":{"allow":["GET"]}}],"collection":[{"href":"https:\/\/www.hsu-hh.de\/psyaow\/wp-json\/wp\/v2\/pages"}],"about":[{"href":"https:\/\/www.hsu-hh.de\/psyaow\/wp-json\/wp\/v2\/types\/page"}],"author":[{"embeddable":true,"href":"https:\/\/www.hsu-hh.de\/psyaow\/wp-json\/wp\/v2\/users\/2430"}],"replies":[{"embeddable":true,"href":"https:\/\/www.hsu-hh.de\/psyaow\/wp-json\/wp\/v2\/comments?post=1891"}],"version-history":[{"count":6,"href":"https:\/\/www.hsu-hh.de\/psyaow\/wp-json\/wp\/v2\/pages\/1891\/revisions"}],"predecessor-version":[{"id":4292,"href":"https:\/\/www.hsu-hh.de\/psyaow\/wp-json\/wp\/v2\/pages\/1891\/revisions\/4292"}],"up":[{"embeddable":true,"href":"https:\/\/www.hsu-hh.de\/psyaow\/wp-json\/wp\/v2\/pages\/112"}],"wp:attachment":[{"href":"https:\/\/www.hsu-hh.de\/psyaow\/wp-json\/wp\/v2\/media?parent=1891"}],"wp:term":[{"taxonomy":"category","embeddable":true,"href":"https:\/\/www.hsu-hh.de\/psyaow\/wp-json\/wp\/v2\/categories?post=1891"},{"taxonomy":"post_tag","embeddable":true,"href":"https:\/\/www.hsu-hh.de\/psyaow\/wp-json\/wp\/v2\/tags?post=1891"}],"curies":[{"name":"wp","href":"https:\/\/api.w.org\/{rel}","templated":true}]}}