{"id":1849,"date":"2021-09-02T18:49:24","date_gmt":"2021-09-02T16:49:24","guid":{"rendered":"https:\/\/www.hsu-hh.de\/psyaow\/?page_id=1849"},"modified":"2025-09-26T19:45:29","modified_gmt":"2025-09-26T17:45:29","slug":"yannick-frontzkowski","status":"publish","type":"page","link":"https:\/\/www.hsu-hh.de\/psyaow\/team\/yannick-frontzkowski\/","title":{"rendered":"Yannick Frontzkowski, M.Sc."},"content":{"rendered":"<script type=\"application\/ld+json\">[{\"@context\": \"https:\/\/www.schema.org\",\"@type\": \"Person\",\"name\": \"Yannick Frontzkowski\",\"worksFor\": [{\t\"@type\": \"Organization\",\t\"name\": \"Helmut-Schmidt-Universit\u00e4t\",\t\"url\": \"https:\/\/www.hsu-hh.de\"\t, \"department\": {\"@type\": \"Organization\",\t\t\t\t\t\"name\": \"Arbeits-, Organisations- und Wirtschaftspsychologie\",\t\t\t\t\t\"location\": {\t\t\t\t\t\t\"@type\": \"PostalAddress\",\t\t\t\t\t\t\"addressLocality\": \"\",        \t\t\t\t\"postalCode\": \"22043\",        \t\t\t\t\"streetAddress\": \"Holstenhofweg 85 , Geb\u00e4ude \"\t\t\t\t\t}},\t\"location\": {\t\t\"@type\": \"PostalAddress\",    \t\"addressLocality\": \"\",    \t\"postalCode\": \"22008\",    \t\"postOfficeBoxNumber\": \"700822\"\t}   }],\"image\": \"https:\/\/www.hsu-hh.de\/psyaow\/wp-content\/uploads\/sites\/834\/2021\/09\/Frontzkowski-150x150.jpg\",\"telephone\": \"+49406541-3091\",\"faxNumber\": \"\",\"email\": \"frontzky@hsu-hh.de\"}]<\/script><div class=\"clearfix\"><\/div><div class=\"ansprechparter-container \" style=\"margin-top:1em; \"><div class=\"row ansprechpartner-item ansprechparter-header\" ><div class=\"col-xs-8 col-lg-12\" style=\"margin-bottom: 30px;\"><h3 class=\"ansprechparter-headline\">Yannick Frontzkowski<\/h3><\/div><\/div><div class=\"col-md-4 col-lg-3 col-xs-4 ansprechpartner-item floatright img-circle center-block\" style=\"margin-bottom: 30px;\"><div class=\"img-responsive-wrapper\"><img decoding=\"async\" src=\"https:\/\/www.hsu-hh.de\/psyaow\/wp-content\/uploads\/sites\/834\/2021\/09\/Frontzkowski-150x150.jpg\" alt=\"\" class=\"img-circle img-responsive center-block\" \/><\/div><\/div><div class=\"col-md-12 col-lg-3 col-xs-12 ansprechpartner-item kontakt floatright\" style=\"margin-bottom: 30px; \"><div class=\"row\"><div class=\"col-xs-12 col-sm-6 col-lg-12\"><div class=\"row\"><div class=\"col-xs-4 col-lg-4 row-text bold\" >Raum:<\/div><div class=\" row-text\">2372<\/div><\/div><\/div><div class=\"col-xs-12 col-sm-6 col-lg-12\"><div class=\"row\"><div class=\"col-xs-4 col-lg-4 row-text bold\">Telefon:<\/div><div class=\" row-text\">+49406541-3091<\/div><\/div><\/div><div class=\"col-xs-12 col-sm-6 col-lg-12\"><div class=\"row\"><div class=\"col-xs-4 col-lg-4 row-text bold\">E-Mail:<\/div><div class=\"row-text\" style=\"overflow:hidden; word-break: break-word\"><a href=\"mailto:frontzky@hsu-hh.de\" rel=\"nofollow\">frontzky@hsu-hh.de<\/a><\/div><\/div><\/div><\/div><\/div><div class=\"col-md-6 col-lg-3 col-xs-12 ansprechpartner-item anschrift floatright\" ><div class=\"row-headline\">Besucheranschrift<\/div><div class=\"dataBesucheranschrift\" style=\"\"><div class=\"row-text\">Helmut-Schmidt-Universit\u00e4t<\/div><div class=\"row-text\">Geb\u00e4ude <\/div><div class=\"row-text\">Holstenhofweg 85<\/div><div class=\"row-text\">22043 Hamburg<\/div><\/div><\/div><div class=\"col-md-6 col-lg-3 col-xs-12 ansprechpartner-item anschrift floatright\"><div class=\"row-headline\">Postanschrift<\/div><div class=\"dataPostanschrift\" style=\"\"><div class=\"row-text\">Helmut-Schmidt-Universit\u00e4t<\/div><div class=\"row-text\">Arbeits-, Organisations- und Wirtschaftspsychologie<\/div><div class=\"row-text\">Postfach 70 08 22<\/div><div class=\"row-text\">22008 Hamburg<\/div><\/div><\/div><\/div><div class=\"clearfix\"><\/div>\n\n\n<div class=\"wp-block-columns is-layout-flex wp-container-core-columns-is-layout-9d6595d7 wp-block-columns-is-layout-flex\">\n<div class=\"wp-block-column is-layout-flow wp-block-column-is-layout-flow\"><\/div>\n<\/div>\n\n\n\n<h2 class=\"wp-block-heading\">Kurzvita<\/h2>\n\n\n\n<p><strong>Berufliche T\u00e4tigkeit<\/strong><\/p>\n\n\n\n<ul class=\"wp-block-list\">\n<li>09.2021 &#8211; heute: Wissenschaftlicher Mitarbeiter an der Professur Arbeits-, Organisations- und Wirtschaftspsychologie, Helmut-Schmidt-Universit\u00e4t\/ Universit\u00e4t der Bundeswehr Hamburg<\/li>\n\n\n\n<li>09.2021 &#8211; heute: Wissenschaftlicher Mitarbeiter im dtec.bw-Projekt: Digital Leadership and Health<\/li>\n\n\n\n<li>09.2020 &#8211; 09.2021: Wissenschaftliche Hilfskraft an der Medical School Hamburg<\/li>\n\n\n\n<li>10.2019 &#8211; 12.2019: Praktikant bei Lagard\u00e9re Sports, Hamburg<\/li>\n\n\n\n<li>03.2018 &#8211; 06.2018: Praktikant bei der Kinder- und Jugendpsychiatrischen Gemeinschaft Ahrensburg, Hamburg<\/li>\n\n\n\n<li>03.2017 &#8211; 06.2017: Praktikant im Universit\u00e4tsklinikum Hamburg Eppendorf, Hamburg<\/li>\n<\/ul>\n\n\n\n<p><strong>Akademische Ausbildung&nbsp;<\/strong><\/p>\n\n\n\n<ul class=\"wp-block-list\">\n<li>08.2018 &#8211; 10.2020: Masterstudium (M. Sc.) in Arbeits- und Organisationspsychologie, Medical School Hamburg, Hamburg\n<ul class=\"wp-block-list\">\n<li>Masterthesis: \u201eDie Auswirkungen von Ver\u00e4nderungsprozessen in Unternehmen mit dem Beispiel Home Office auf das Wohlbefinden in Zeiten der COVID-19 Pandemie\u201c<\/li>\n<\/ul>\n<\/li>\n\n\n\n<li>08.2014 &#8211; 03.2018: Bachelorstudium (B. Sc.) in Angewandte Psychologie, Hochschule Fresenius, Hamburg\n<ul class=\"wp-block-list\">\n<li>Schwerpunkt: Gesundheitspsychologie<\/li>\n\n\n\n<li>Bachelorthesis: \u201eEine empirische Untersuchung \u00fcber die Zusammenh\u00e4nge von sozialer Unterst\u00fctzung auf die intrinsische Motivation\u201c<\/li>\n<\/ul>\n<\/li>\n<\/ul>\n\n\n\n<h2 class=\"wp-block-heading\">Forschungsschwerpunkte<\/h2>\n\n\n\n<ul class=\"wp-block-list\">\n<li>Arbeitsbedingungen und Ressourcen in der virtuellen Arbeit (<abbr title=\"zum Beispiel\">z.B.<\/abbr> Kontext Homeoffice) <\/li>\n\n\n\n<li>Digital Leadership and Health<\/li>\n\n\n\n<li>Multitasking and Zoom fatigue<\/li>\n\n\n\n<li>VR<\/li>\n<\/ul>\n\n\n\n<h2 class=\"wp-block-heading\">Publikationen<\/h2>\n\n\n\n<ul class=\"wp-block-list\">\n<li>Frontzkowski, Y., Gubernator, P., Grabowski, M., &amp; Felfe, J. (Under Review). The Light and Dark Side of VR: A New Hope for Meetings\u2014or Just More Fatigue? <em>Virtual Reality<\/em>.<\/li>\n\n\n\n<li><strong>Frontzkowski, Y., <\/strong>Krick, A., &amp; Felfe, J.<strong> <\/strong>(2025). Harder, better, faster, but more fatigued: The impact of multitasking on videoconferences, performance and fatigue. <em>Computers in Human Behavior Reports, <\/em>19, 100736. https:\/\/doi.org\/10.1016\/j.chbr.2025.100736<\/li>\n\n\n\n<li>Dey, C., Grabowski, M., <strong>Frontzkowski, Y.,<\/strong> Ganesh, M.P., &amp; Ulbrich, S. (2024). Social virtual reality: systematic review of virtual teamwork with head-mounted displays. <em>Journal Of Workplace Learning<\/em>. <a href=\"https:\/\/doi.org\/10.1108\/jwl-02-2024-0049\" target=\"_blank\" rel=\"noreferrer noopener\">https:\/\/doi.org\/10.1108\/jwl-02-2024-0049<\/a><\/li>\n\n\n\n<li>Sch\u00fcbbe, K., <strong>Frontzkowski, Y., <\/strong>Gubernator, P., M\u00fcnstermann, L. F., Felfe, J., Hauff, S., Renner, K.-H., &amp; Krick, A. (2024). Are Videocalls Outdated? A Comparison with Virtual Reality Meetings as a Future Perspective. In D. M. Schulz, A. Fay, O. Niggemann, M. Wenzel, &amp; D. Schulz (Eds.), <em>dtec.bw-Beitr\u00e4ge der Helmut-Schmidt-Universit\u00e4t \/ Universit\u00e4t der Bundeswehr Hamburg &#8211; Forschungsaktivit\u00e4ten im Zentrum f\u00fcr Digitalisierungs- und Technologieforschung der Bundeswehr dtec.bw Band 2 2024<\/em> (pp. 273-279). Helmut-Schmidt-Universit\u00e4t\/ Universit\u00e4t der Bundeswehr.<\/li>\n\n\n\n<li>Felfe, J., Krick, A., Hauff, S., Renner, K.\u2011H., Klebe, L., Sch\u00fcbbe, K., Tautz, D., <strong>Frontzkowski, Y.,<\/strong> Gubernator, P., &amp; Neidlinger, S. M. (2022). Working from home: Opportunities and risks for working conditions, leadership and health. In D. Schulz, A. Fay, M. Schulz &amp; W. Matiaske (<abbr title=\"Herausgeber\">Hrsg.<\/abbr>), <em>dtec.bw-Beitr\u00e4ge der Helmut-Schmidt-Universit\u00e4t \/ Universit\u00e4t der Bundeswehr Hamburg \u2013 Forschungsaktivit\u00e4ten im Zentrum f\u00fcr Digitalisierungs- und Technologieforschung der Bundeswehr dtec.bw<\/em> (S. 335\u2013341). Helmut-Schmidt-Universit\u00e4t\/ Universit\u00e4t der Bundeswehr.<\/li>\n\n\n\n<li>Krick, A., Felfe, J., Neidlinger, S.M., Klebe, L., Tautz, D., Sch\u00fcbbe, K., <strong>Frontzkowski, Y., <\/strong>Gubernator, P., Hauff, S., &amp; Renner, K.-H. (2022). Auswirkungen von Homeoffice: Ergebnisse einer bundesweiten Studie mit F\u00fchrungskr\u00e4ften und Mitarbeitenden.&nbsp;<a href=\"https:\/\/www.hsu-hh.de\/psyaow\/newsblog-aus-unserem-dtec-projekt-digital-leadership-and-health\/\">https:\/\/www.hsu-hh.de\/psyaow\/newsblog-aus-unserem-dtec-projekt-digital-leadership-and-health\/<\/a><\/li>\n<\/ul>\n\n\n\n<h2 class=\"wp-block-heading\">Vortr\u00e4ge, Workshops und Symposien<\/h2>\n\n\n\n<p><strong>Vortr\u00e4ge<\/strong><\/p>\n\n\n\n<ul class=\"wp-block-list\">\n<li><strong>Frontzkowski, Y., <\/strong>M\u00fcnstermann, L. F.,&nbsp; Gubernator, P., Bruhn, K., &amp; Felfe, J. (2025). Full dive into new meeting perspectives: An experimental approach to understand communication quality, cognitive demands and fatigue differences between face-to-face, video conferences &#8211; and virtual reality meetings. 14. Fachgruppentagung der Arbeits-, Organisations- und Wirtschaftspsychologie und Ingenieurspsychologie (AOWI), Deutschland, L\u00fcneburg, 09.09. &#8211; 12.09.2025.<\/li>\n\n\n\n<li><strong>Frontzkowski, Y.,<\/strong> &amp; Gubernator, P. (2024). Q_Perior: Ergebnispr\u00e4sentation der VR Studien: Aktueller Stand. Q_Perior.<\/li>\n\n\n\n<li><strong>Frontzkowski, Y., <\/strong>Gubernator, P., &amp; Felfe, J. (2024). Deep diving into a comparison of virtual meetings and MS Teams meetings \u2013 Is 2D virtual conferencing outdated?. In: Frontzkowski, Y., &amp; Gubernator, P. (2024). Meetings 2.0: Digitale Begegnungsr\u00e4ume im Wandel; Digitale Begegnungsr\u00e4ume. 53. Kongress der Deutschen Gesellschaft f\u00fcr Psychologie (DGPs), \u00d6sterreich, Wien, 16.09. &#8211; 19.09.2024.<\/li>\n\n\n\n<li><strong>Frontzkowski, Y., <\/strong>Gubernator, P., &amp; Felfe, J. (2024). Deep Diving into a Comparison of Virtual Meetings and MS Teams Meetings \u2013 Is 2D Virtual Conferencing Outdated?. In: Neidlinger, S.M., &amp; Peters, S. (2024). Coupled Symposium New Work: Opportunities and Risks for Collaboration, Well-being and Health. Part 1 \u2013 Digital Tools and Collaboration . 16th Conference of the European Academy of Occupational Health Psychology, (EAOHP), Spain, Granada, 05.06. &#8211; 07.06.2024.<\/li>\n\n\n\n<li><strong>Frontzkowski, Y., <\/strong>Krick, A., &amp; Felfe, J. (2023). More Effort Worse Results: Multitasking Fluch oder Segen?. 13. Fachgruppentagung der Arbeits-, Organisations- und Wirtschaftspsychologie und Ingenieurspsychologie (AOWI), Deutschland, Kassel, 12.09. &#8211; 15.09.2023.<\/li>\n\n\n\n<li><strong>Frontzkowski, Y., <\/strong>Krick, A., &amp; Felfe, J. (2023). The Influence of Multitasking while Videoconferencing on Videoconference Fatigue.&nbsp;An experimental Approach. 21th Conference European of the Association of Work and Organizational Psychology (EAWOP), Poland, Katowice, 24.05. &#8211; 27.05.2023.<\/li>\n<\/ul>\n\n\n\n<p><strong>Chair-T\u00e4tigkeit Symposien<\/strong><\/p>\n\n\n\n<ul class=\"wp-block-list\">\n<li>Leitung Symposium:&nbsp;<strong>Frontzkowski, Y., <\/strong>&amp; Gubernator, P. (2024). Meetings 2.0: Digitale Begegnungsr\u00e4ume im Wandel. 53. Kongress der Deutschen Gesellschaft f\u00fcr Psychologie (DGPs), \u00d6sterreich, Wien, 16.09. &#8211; 19.09.2024.<\/li>\n<\/ul>\n\n\n\n<p><strong>Mitwirkung an Vortr\u00e4gen<\/strong><\/p>\n\n\n\n<ul class=\"wp-block-list\">\n<li>Bruhn, K., M\u00fcnstermann, L. F., <strong>Frontzkowski, Y., <\/strong>Gubernator, P., &amp; Felfe, J. (2025). Seeing Less, Saying More: The Paradoxical Effects of VR on Warning Signal Awareness and Disclosure. Wuertual \u2013 XR Meeting. 08.10. \u2013 10.10.2025, W\u00fcrzburg.<\/li>\n\n\n\n<li>M\u00fcnstermann, L. F., &amp; <strong>Frontzkowski, Y., <\/strong>Bruhn, K., Gubernator, P., &amp; Felfe, J. (2025). Virtuelle Realit\u00e4t in der Arbeitswelt: Einblicke in das dtec.bw-Projekt<br>\u201eDigital Leadership and Health\u201c. 20. (Aus)Bildungskongress der Bundeswehr, Deutschland, Hamburg, 02.09. &#8211;&nbsp; 04.09.2025.<\/li>\n\n\n\n<li>Gubernator, P., <strong>Frontzkowski, Y., <\/strong>&amp; Hauff, S. (2024). VR-Brille oder traditionelle Videokonferenz \u2013 Wie sich die Wahl des Kommunikationsmediums auf das Wohlbefinden von Besch\u00e4ftigten auswirkt. In: Frontzkowski, Y., &amp; Gubernator, P. (2024). Meetings 2.0: Digitale Begegnungsr\u00e4ume im Wandel. 53. Kongress der Deutschen Gesellschaft f\u00fcr Psychologie (DGPs), \u00d6sterreich, Wien, 16.09. &#8211; 19.09.2024.<\/li>\n<\/ul>\n\n\n\n<p><strong>Poster<\/strong><\/p>\n\n\n\n<ul class=\"wp-block-list\">\n<li>Kiehn, J., Neidlinger, S., <strong>Frontzkowski, Y.,<\/strong> &amp; Felfe, J. (2024). Ist Virtual Reality besser als traditionelle Videomeetings? Eine Experimentalstudie zum Vergleich digitaler Meetingformen f\u00fcr die Anwendung von Charakterst\u00e4rken und Work Engagement. 53. Kongress der Deutschen Gesellschaft f\u00fcr Psychologie (DGPs), \u00d6sterreich, Wien, 16.09. &#8211; 19.09.2024.<\/li>\n\n\n\n<li><strong>Frontzkowski, Y., <\/strong>Krick, A., &amp; Felfe, J. (2022). Multitasking im HO. 52. Kongress der Deutschen Gesellschaft f\u00fcr Psychologie (DGPs), Deutschland, Hildesheim, 10.09. &#8211; 15.09.2022.<\/li>\n<\/ul>\n\n\n\n<h2 class=\"wp-block-heading\">Lehrveranstaltungen<\/h2>\n\n\n\n<ul class=\"wp-block-list\">\n<li>Leadership III<\/li>\n\n\n\n<li>Arbeits-, Organisations-, und Wirtschaftspsychologie II<\/li>\n<\/ul>\n\n\n\n<p><\/p>\n","protected":false},"excerpt":{"rendered":"<p>Kurzvita Berufliche T\u00e4tigkeit Akademische Ausbildung&nbsp; Forschungsschwerpunkte Publikationen Vortr\u00e4ge, Workshops und Symposien Vortr\u00e4ge Chair-T\u00e4tigkeit Symposien Mitwirkung an Vortr\u00e4gen Poster Lehrveranstaltungen<\/p>\n","protected":false},"author":2430,"featured_media":0,"parent":106,"menu_order":0,"comment_status":"closed","ping_status":"closed","template":"","meta":{"footnotes":""},"categories":[8],"tags":[],"class_list":["post-1849","page","type-page","status-publish","hentry","category-team"],"_links":{"self":[{"href":"https:\/\/www.hsu-hh.de\/psyaow\/wp-json\/wp\/v2\/pages\/1849","targetHints":{"allow":["GET"]}}],"collection":[{"href":"https:\/\/www.hsu-hh.de\/psyaow\/wp-json\/wp\/v2\/pages"}],"about":[{"href":"https:\/\/www.hsu-hh.de\/psyaow\/wp-json\/wp\/v2\/types\/page"}],"author":[{"embeddable":true,"href":"https:\/\/www.hsu-hh.de\/psyaow\/wp-json\/wp\/v2\/users\/2430"}],"replies":[{"embeddable":true,"href":"https:\/\/www.hsu-hh.de\/psyaow\/wp-json\/wp\/v2\/comments?post=1849"}],"version-history":[{"count":33,"href":"https:\/\/www.hsu-hh.de\/psyaow\/wp-json\/wp\/v2\/pages\/1849\/revisions"}],"predecessor-version":[{"id":4155,"href":"https:\/\/www.hsu-hh.de\/psyaow\/wp-json\/wp\/v2\/pages\/1849\/revisions\/4155"}],"up":[{"embeddable":true,"href":"https:\/\/www.hsu-hh.de\/psyaow\/wp-json\/wp\/v2\/pages\/106"}],"wp:attachment":[{"href":"https:\/\/www.hsu-hh.de\/psyaow\/wp-json\/wp\/v2\/media?parent=1849"}],"wp:term":[{"taxonomy":"category","embeddable":true,"href":"https:\/\/www.hsu-hh.de\/psyaow\/wp-json\/wp\/v2\/categories?post=1849"},{"taxonomy":"post_tag","embeddable":true,"href":"https:\/\/www.hsu-hh.de\/psyaow\/wp-json\/wp\/v2\/tags?post=1849"}],"curies":[{"name":"wp","href":"https:\/\/api.w.org\/{rel}","templated":true}]}}