{"id":175,"date":"2019-12-18T10:07:55","date_gmt":"2019-12-18T09:07:55","guid":{"rendered":"https:\/\/www.hsu-hh.de\/psyaow\/?page_id=175"},"modified":"2026-03-06T18:32:30","modified_gmt":"2026-03-06T17:32:30","slug":"go-fueko","status":"publish","type":"page","link":"https:\/\/www.hsu-hh.de\/psyaow\/weiterbildungsangebote\/go-fueko\/","title":{"rendered":"Go-F\u00fcKo-Training"},"content":{"rendered":"\n<h2 class=\"wp-block-heading\">Infos zum Training<\/h2>\n\n\n\n<p><strong>Das Go-F\u00fcKo-Training<\/strong>&#8230;<\/p>\n\n\n\n<ul class=\"wp-block-list\">\n<li>&#8230;ist ein F\u00fchrungskr\u00e4fte-Training zur Steigerung der <strong>G<\/strong>esundheits<strong>o<\/strong>rientierten <strong>F\u00fc<\/strong>hrungs<strong>ko<\/strong>mpetenz.<\/li>\n\n\n\n<li>&#8230;ist ein eint\u00e4giges Training, das in der Praxis bew\u00e4hrte Konzepte mit neuen wissenschaftlichen Erkenntnissen und neuen Trainingsinhalten kombiniert.<\/li>\n\n\n\n<li>&#8230;wurde an der Professur f\u00fcr Arbeits-, Organisations-und Wirtschaftspsychologie, Helmut-Schmidt-Universit\u00e4t Hamburg entwickelt.<\/li>\n<\/ul>\n\n\n\n<p>F\u00fchrungskr\u00e4fte untersch\u00e4tzen vielfach noch ihre Vorbildwirkung und ihren Einflussspielraum auf die Gesundheit ihrer Mitarbeiterinnen und Mitarbeiter. Meist bleibt im Arbeitsalltag wenig Zeit, zu den Themen Mitarbeitergesundheit und gesundheitsorientiertes Selbstmanagement zu reflektieren. Ein professioneller Rahmen f\u00fcr Austausch mit anderen F\u00fchrungskr\u00e4ften und hilfreichen Anregungen f\u00fcr den eigenen F\u00fchrungsalltag wird bisher kaum angeboten, so dass sehr viel Potential ungenutzt bleibt. Insbesondere die M\u00f6glichkeiten, die F\u00fchrungskr\u00e4fte haben, um ihren Besch\u00e4ftigten die Teilnahme an Angeboten der Betrieblichen Gesundheitsf\u00f6rderung (BGF) zu erleichtern, wird in der F\u00fchrungskr\u00e4fteausbildung bisher noch kaum thematisiert.<\/p>\n\n\n\n<p>Das Training Go-F\u00fcKo bietet eine Antwort auf diesen Bedarf.&nbsp; Die Teilnehmenden werden im Hinblick auf wissenschaftliche Erkenntnisse zum Thema \u201eGesundheitsorientiertes F\u00fchren\u201c informiert und sensibilisiert. Neben diesen f\u00fcr den Arbeitsalltag wertvollen Informationen und den praktischen \u00dcbungen zur Selbsterfahrung besteht auch Raum zur Reflexion sowie zum inhaltlichen Austausch mit den anderen F\u00fchrungskr\u00e4ften.<\/p>\n\n\n\n<div class=\"wp-block-columns is-layout-flex wp-container-core-columns-is-layout-9d6595d7 wp-block-columns-is-layout-flex\">\n<div class=\"wp-block-column is-layout-flow wp-block-column-is-layout-flow\"><\/div>\n<\/div>\n\n\n\n<div class=\"wp-block-columns is-layout-flex wp-container-core-columns-is-layout-9d6595d7 wp-block-columns-is-layout-flex\">\n<div class=\"wp-block-column is-layout-flow wp-block-column-is-layout-flow\">\n<p><\/p>\n<\/div>\n<\/div>\n\n\n\n<div style=\"height:27px\" aria-hidden=\"true\" class=\"wp-block-spacer\"><\/div>\n\n\n\n<figure class=\"wp-block-image size-large is-resized\"><img loading=\"lazy\" decoding=\"async\" width=\"1024\" height=\"683\" src=\"https:\/\/www.hsu-hh.de\/psyaow\/wp-content\/uploads\/sites\/834\/2020\/01\/GoF\u00fcko-1024x683.jpg\" data-credit=\" \" alt=\" \" class=\"wp-image-475\" style=\"width:514px;height:343px\" srcset=\"https:\/\/www.hsu-hh.de\/psyaow\/wp-content\/uploads\/sites\/834\/2020\/01\/GoF\u00fcko-1024x683.jpg 1024w, https:\/\/www.hsu-hh.de\/psyaow\/wp-content\/uploads\/sites\/834\/2020\/01\/GoF\u00fcko-300x200.jpg 300w, https:\/\/www.hsu-hh.de\/psyaow\/wp-content\/uploads\/sites\/834\/2020\/01\/GoF\u00fcko-768x512.jpg 768w, https:\/\/www.hsu-hh.de\/psyaow\/wp-content\/uploads\/sites\/834\/2020\/01\/GoF\u00fcko.jpg 1384w\" sizes=\"auto, (max-width: 1024px) 100vw, 1024px\" \/><figcaption class=\"wp-element-caption\">Einblick in das Training <\/figcaption><\/figure>\n\n\n\n<p><\/p>\n\n\n\n<div style=\"height:22px\" aria-hidden=\"true\" class=\"wp-block-spacer\"><\/div>\n\n\n\n<h2 class=\"wp-block-heading\">Aufbau<\/h2>\n\n\n\n<p>Das Go-F\u00fcKo-Training ist als 1-Tages-Workshop konzipiert, kann aber auch als 2-Tages-Variante oder w\u00f6chentliche Veranstaltung durchgef\u00fchrt werden. <\/p>\n\n\n\n<p>Das Training besteht aus f\u00fcnf Bausteinen: <\/p>\n\n\n\n<ul class=\"wp-block-list\">\n<li>Baustein 1: Warm up<\/li>\n\n\n\n<li>Baustein 2: Grundlagen<\/li>\n\n\n\n<li>Baustein 3: SelfCare<\/li>\n\n\n\n<li>Baustein 4: StaffCare<\/li>\n\n\n\n<li>Baustein 5: Cool down<\/li>\n<\/ul>\n\n\n\n<p><\/p>\n\n\n\n<p>Hier sehen Sie die Bausteine noch einmal auf einen Blick: <\/p>\n\n\n\n<figure class=\"wp-block-image size-full is-resized\"><img loading=\"lazy\" decoding=\"async\" width=\"873\" height=\"581\" src=\"https:\/\/www.hsu-hh.de\/psyaow\/wp-content\/uploads\/sites\/834\/2024\/09\/Go-FueKo-Ablauf.png\" data-credit=\" \" alt=\"\" class=\"wp-image-3796\" style=\"width:573px;height:auto\" srcset=\"https:\/\/www.hsu-hh.de\/psyaow\/wp-content\/uploads\/sites\/834\/2024\/09\/Go-FueKo-Ablauf.png 873w, https:\/\/www.hsu-hh.de\/psyaow\/wp-content\/uploads\/sites\/834\/2024\/09\/Go-FueKo-Ablauf-300x200.png 300w, https:\/\/www.hsu-hh.de\/psyaow\/wp-content\/uploads\/sites\/834\/2024\/09\/Go-FueKo-Ablauf-768x511.png 768w\" sizes=\"auto, (max-width: 873px) 100vw, 873px\" \/><\/figure>\n\n\n\n<p><\/p>\n\n\n\n<p><\/p>\n\n\n\n<div style=\"height:22px\" aria-hidden=\"true\" class=\"wp-block-spacer\"><\/div>\n\n\n\n<h2 class=\"wp-block-heading\">Nutzen f\u00fcr die Teilnehmerinnen und Teilnehmer&nbsp;&nbsp;<\/h2>\n\n\n\n<p>Die teilnehmenden F\u00fchrungskr\u00e4fte erfahren\u2026<\/p>\n\n\n\n<p>&#8230; wie sie ihre gesundheitsorientierte F\u00fchrungskompetenz verbessern.<br>&#8230; mit welchen M\u00f6glichkeiten sie im Alltag ganz konkret gesundheitsorientiert handeln.<br>&#8230; welche Bedeutung und Reichweite ihre Vorbildwirkung hat.<br>&#8230; wie sie ihr gesundheitsorientiertes Selbstmanagement weiter verbessern.<\/p>\n\n\n\n<div class=\"wp-block-columns is-layout-flex wp-container-core-columns-is-layout-9d6595d7 wp-block-columns-is-layout-flex\">\n<div class=\"wp-block-column is-layout-flow wp-block-column-is-layout-flow\">\n<p><\/p>\n<\/div>\n<\/div>\n\n\n\n<div style=\"height:25px\" aria-hidden=\"true\" class=\"wp-block-spacer\"><\/div>\n\n\n\n<h2 class=\"wp-block-heading\">Methodisch-didaktische Konzeption<\/h2>\n\n\n\n<p>Bei der Konzeption des Trainings wurde darauf geachtet, dass das Thema aus unterschiedlichen Perspektiven und mit vielf\u00e4ltigen Methoden beleuchtet wird, so dass es interessant und kurzweilig ist. Der Wechsel aus wissenschaftliche fundierten Informationseinheiten und praktischen \u00dcbungen macht Go-F\u00fcKo zu einer abwechslungsreichen Personalentwicklungsma\u00dfnahme f\u00fcr F\u00fchrungskr\u00e4fte.<\/p>\n\n\n\n<p>Anhand von echten Fallbeispielen von Besch\u00e4ftigten werden w\u00e4hrend des Trainings durch die Teilnehmerinnen und Teilnehmer konkret, gesundheitsorientierte Handlungsm\u00f6glichkeiten erarbeitet.<\/p>\n\n\n\n<div class=\"wp-block-columns is-layout-flex wp-container-core-columns-is-layout-9d6595d7 wp-block-columns-is-layout-flex\">\n<div class=\"wp-block-column is-layout-flow wp-block-column-is-layout-flow\"><\/div>\n<\/div>\n\n\n\n<p>F\u00fcr n\u00e4here Informationen zum Training wenden Sie sich gerne an uns.<\/p>\n\n\n\n<p>Hier gelangen Sie zum <a href=\"https:\/\/www.hsu-hh.de\/psyaow\/wp-content\/uploads\/sites\/834\/2019\/12\/Go-F\u00fcKo-Poster-20190108_Variante-D-930Uhr-1630Uhr.pdf\">Poster<\/a>.<\/p>\n\n\n\n<p><\/p>\n\n\n\n<div class=\"wp-block-columns is-layout-flex wp-container-core-columns-is-layout-9d6595d7 wp-block-columns-is-layout-flex\">\n<div class=\"wp-block-column is-layout-flow wp-block-column-is-layout-flow\">\n<p><\/p>\n<\/div>\n<\/div>\n\n\n\n<div style=\"height:32px\" aria-hidden=\"true\" class=\"wp-block-spacer\"><\/div>\n\n\n\n<h2 class=\"wp-block-heading\">Trainingsmaterialien<\/h2>\n\n\n\n<p>Zum Go-F\u00fcKo-Training gibt es ein ausf\u00fchrliches Trainingsmanual, dass Sie im Handel erwerben k\u00f6nnen. <\/p>\n\n\n\n<p>Krick, A.,<strong>&nbsp;<\/strong>&amp; Felfe, J. (2024).&nbsp;<em>Gesundheitsorientierte F\u00fchrungskompetenz: Trainingsmanual.<\/em>&nbsp;Springer.<\/p>\n\n\n\n<figure class=\"wp-block-image size-large is-resized\"><img loading=\"lazy\" decoding=\"async\" width=\"717\" height=\"1024\" src=\"https:\/\/www.hsu-hh.de\/psyaow\/wp-content\/uploads\/sites\/834\/2024\/08\/978-3-662-68670-6-717x1024.webp\" data-credit=\" \" alt=\"\" class=\"wp-image-3686\" style=\"aspect-ratio:0.7002014221625416;width:199px;height:auto\" srcset=\"https:\/\/www.hsu-hh.de\/psyaow\/wp-content\/uploads\/sites\/834\/2024\/08\/978-3-662-68670-6-717x1024.webp 717w, https:\/\/www.hsu-hh.de\/psyaow\/wp-content\/uploads\/sites\/834\/2024\/08\/978-3-662-68670-6-210x300.webp 210w, https:\/\/www.hsu-hh.de\/psyaow\/wp-content\/uploads\/sites\/834\/2024\/08\/978-3-662-68670-6-768x1097.webp 768w, https:\/\/www.hsu-hh.de\/psyaow\/wp-content\/uploads\/sites\/834\/2024\/08\/978-3-662-68670-6.webp 827w\" sizes=\"auto, (max-width: 717px) 100vw, 717px\" \/><\/figure>\n\n\n\n<div style=\"height:38px\" aria-hidden=\"true\" class=\"wp-block-spacer\"><\/div>\n\n\n\n<p>In diesem Manual finden Sie den theoretischen Hintergrund, N\u00e4heres zur Konzeption, zum Aufbau und eine detaillierte Anleitung zur Durchf\u00fchrung.<\/p>\n\n\n\n<p>Zus\u00e4tzlich zum Manual erhalten Sie bei uns die Trainingsmaterialien. Im Manual ist beschrieben, wie Sie die Trainingsmaterialien erhalten. <\/p>\n\n\n\n<p>Bei Fragen schreiben Sie uns eine Mail an GoFueKo_Training@hsu-hh.de.<\/p>\n\n\n\n<div class=\"wp-block-columns is-layout-flex wp-container-core-columns-is-layout-9d6595d7 wp-block-columns-is-layout-flex\">\n<div class=\"wp-block-column is-layout-flow wp-block-column-is-layout-flow\">\n<p><\/p>\n<\/div>\n<\/div>\n\n\n\n<div style=\"height:40px\" aria-hidden=\"true\" class=\"wp-block-spacer\"><\/div>\n\n\n\n<h2 class=\"wp-block-heading\">Konzeptionsteam des Go-F\u00fcKo-Trainings<\/h2>\n\n\n\n<div class=\"wp-block-columns is-layout-flex wp-container-core-columns-is-layout-9d6595d7 wp-block-columns-is-layout-flex\">\n<div class=\"wp-block-column is-layout-flow wp-block-column-is-layout-flow\"><div class=\"wp-block-image is-style-rounded\">\n<figure class=\"aligncenter size-full is-resized\"><img loading=\"lazy\" decoding=\"async\" width=\"516\" height=\"582\" src=\"https:\/\/www.hsu-hh.de\/psyaow\/wp-content\/uploads\/sites\/834\/2023\/06\/Annika_002_web2kl_ori2.jpg\" data-credit=\"Tobias Sauer\" alt=\"\" class=\"wp-image-3365\" style=\"width:237px;height:267px\" srcset=\"https:\/\/www.hsu-hh.de\/psyaow\/wp-content\/uploads\/sites\/834\/2023\/06\/Annika_002_web2kl_ori2.jpg 516w, https:\/\/www.hsu-hh.de\/psyaow\/wp-content\/uploads\/sites\/834\/2023\/06\/Annika_002_web2kl_ori2-266x300.jpg 266w\" sizes=\"auto, (max-width: 516px) 100vw, 516px\" \/><\/figure>\n<\/div><\/div>\n\n\n\n<div class=\"wp-block-column is-layout-flow wp-block-column-is-layout-flow\"><div class=\"wp-block-image is-style-rounded\">\n<figure class=\"aligncenter size-large is-resized\"><img loading=\"lazy\" decoding=\"async\" width=\"918\" height=\"1024\" src=\"https:\/\/www.hsu-hh.de\/psyaow\/wp-content\/uploads\/sites\/834\/2019\/12\/Felfe-1-918x1024.jpg\" data-credit=\" \" alt=\"\" class=\"wp-image-289\" style=\"aspect-ratio:0.8965129780141579;width:241px;height:auto\" srcset=\"https:\/\/www.hsu-hh.de\/psyaow\/wp-content\/uploads\/sites\/834\/2019\/12\/Felfe-1-918x1024.jpg 918w, https:\/\/www.hsu-hh.de\/psyaow\/wp-content\/uploads\/sites\/834\/2019\/12\/Felfe-1-269x300.jpg 269w, https:\/\/www.hsu-hh.de\/psyaow\/wp-content\/uploads\/sites\/834\/2019\/12\/Felfe-1-768x857.jpg 768w, https:\/\/www.hsu-hh.de\/psyaow\/wp-content\/uploads\/sites\/834\/2019\/12\/Felfe-1.jpg 1054w\" sizes=\"auto, (max-width: 918px) 100vw, 918px\" \/><figcaption class=\"wp-element-caption\"> <\/figcaption><\/figure>\n<\/div><\/div>\n\n\n\n<div class=\"wp-block-column is-layout-flow wp-block-column-is-layout-flow\"><div class=\"wp-block-image is-style-rounded\">\n<figure class=\"aligncenter size-full is-resized\"><img loading=\"lazy\" decoding=\"async\" width=\"133\" height=\"155\" src=\"https:\/\/www.hsu-hh.de\/psyaow\/wp-content\/uploads\/sites\/834\/2023\/06\/ines2.jpg\" data-credit=\"\" alt=\"\" class=\"wp-image-3367\" style=\"width:228px;height:265px\" \/><\/figure>\n<\/div><\/div>\n<\/div>\n\n\n\n<div class=\"wp-block-columns is-layout-flex wp-container-core-columns-is-layout-9d6595d7 wp-block-columns-is-layout-flex\">\n<div class=\"wp-block-column is-layout-flow wp-block-column-is-layout-flow\">\n<p class=\"has-text-align-center\"><abbr title=\"Privatdozent\">PD<\/abbr> <abbr title=\"Doktor\">Dr.<\/abbr> Annika Krick<\/p>\n<\/div>\n\n\n\n<div class=\"wp-block-column is-layout-flow wp-block-column-is-layout-flow\">\n<p class=\"has-text-align-center\"><abbr title=\"Professor\">Prof.<\/abbr> <abbr title=\"Doktor\">Dr.<\/abbr> J\u00f6rg Felfe<\/p>\n<\/div>\n\n\n\n<div class=\"wp-block-column is-layout-flow wp-block-column-is-layout-flow\">\n<p class=\"has-text-align-center\">Ines Wunderlich, M.A.<\/p>\n<\/div>\n<\/div>\n\n\n\n<div class=\"wp-block-columns is-layout-flex wp-container-core-columns-is-layout-9d6595d7 wp-block-columns-is-layout-flex\">\n<div class=\"wp-block-column is-layout-flow wp-block-column-is-layout-flow\">\n<p><\/p>\n<\/div>\n<\/div>\n\n\n\n<div style=\"height:48px\" aria-hidden=\"true\" class=\"wp-block-spacer\"><\/div>\n\n\n\n<h2 class=\"wp-block-heading\"><strong>Literatur zum Go-F\u00fcKo-Training<\/strong><\/h2>\n\n\n\n<ul class=\"wp-block-list\">\n<li>Krick, A.,<strong> <\/strong>&amp; Felfe, J. (2024). <em>Gesundheitsorientierte F\u00fchrungskompetenz: Trainingsmanual.<\/em> Springer.<\/li>\n\n\n\n<li>Krick, A., Schniedert\u00fcns, P., &amp; Felfe, J. (2024). F\u00fchrungskr\u00e4ftetraining zur Steigerung der gesundheitsorientierten F\u00fchrungskompetenz (Go-F\u00fcKo) in der Polizei. In M.S. Staller, S. Koerner &amp; S. Schade, <em>Handbuch F\u00fchrung in der Polizei.<\/em> Springer.<\/li>\n\n\n\n<li>Krick A.,&nbsp;Wunderlich I., &amp; Felfe J. (2021). Gesundheitsf\u00f6rderliche F\u00fchrungskompetenz entwickeln. In A. Michel &amp; A. Hoppe (<abbr title=\"Herausgeber\">Hrsg.<\/abbr>),&nbsp;<em>Handbuch Gesundheitsf\u00f6rderung bei der Arbeit.<\/em>&nbsp;Wiesbaden: Springer. https:\/\/doi.org\/10.1007\/978-3-658-28654-5_14-1 <span><a href=\"\" rel='nofollow'><img decoding=\"async\" title=\"Titel anhand dieser DOI in Citavi-Projekt \u00fcbernehmen\" class=\"citavipicker\" style=\"border: 0px none!important;width: 16px!important;height: 16px!important;margin-left:1px !important;margin-right:1px !important\" src=\"image\/png;base64,iVBORw0KGgoAAAANSUhEUgAAABAAAAAQCAYAAAAf8\/9hAAAAGXRFWHRTb2Z0d2FyZQBBZG9iZSBJbWFnZVJlYWR5ccllPAAAARpJREFUeNpiZEAD1zX4E4BUPBA7oEkdAOKFmjc+LkAWZETSqACk1gOxAb\/lLwZegz8MTJz\/wXL\/vjMyfL7AwvDxOBuIewGIA4EGPYAbANV8nkP2r4Bk\/HcGdpm\/DNjAzyfMDM8XcjL8eMz8Acg1BBnCBJVbD9IsV\/QVp2YQAMmB1IDUQl3LwAT1swHIZpiT8QGQGpBakB6QXpAL4kF+xmczNpeA9ID0ggxwAAUYqQCqx4EJ5ixSAUwP2ABmLtINgBsEIn6\/ZSJZIyhtwAw4AEokpAKongMgAxaCUhgokRALQGqhqXIhEzRtXwClMJizCDkdpBakB6QX5vlAUPJ81MeN1yUgOZAaaFIOJCozgWIIFMh4MxMl2RkgwACxPIMc1tjE2wAAAABJRU5ErkJggg==\"><\/a><\/span><a href=\"https:\/\/www.hsu-hh.de\/psyaow\/team\/dr-annika-krick-2\/\"><\/a><\/li>\n\n\n\n<li>Felfe, J., Klebe, L., Klug, K.,&nbsp;Krick, A.,&nbsp;&amp; Ducki, A. (2021). Pr\u00e4vention auch in der Krise? \u2013 Bedeutung gesundheitsf\u00f6rderlicher F\u00fchrung. In B. Badura, A. Ducki, M. Meyer, &amp; H. Schr\u00f6der (<abbr title=\"Herausgeber\">Hrsg.<\/abbr>),&nbsp;<em>Fehlzeiten-Report 2021&nbsp;<\/em>(S. 279-293)<em>.&nbsp;<\/em>Heidelberg: Springer.<\/li>\n<\/ul>\n\n\n\n<div style=\"height:54px\" aria-hidden=\"true\" class=\"wp-block-spacer\"><\/div>\n\n\n\n<p>Bei Fragen zum Go-F\u00fcKo-Training wenden Sie sich an GoFueKo_Training@hsu-hh.de.<\/p>\n","protected":false},"excerpt":{"rendered":"<p>Infos zum Training Das Go-F\u00fcKo-Training&#8230; F\u00fchrungskr\u00e4fte untersch\u00e4tzen vielfach noch ihre Vorbildwirkung und ihren Einflussspielraum auf die Gesundheit ihrer Mitarbeiterinnen und Mitarbeiter. Meist bleibt im Arbeitsalltag wenig Zeit, zu den Themen [&hellip;]<\/p>\n","protected":false},"author":2430,"featured_media":0,"parent":164,"menu_order":0,"comment_status":"closed","ping_status":"closed","template":"","meta":{"footnotes":""},"categories":[4],"tags":[],"class_list":["post-175","page","type-page","status-publish","hentry","category-forschung"],"_links":{"self":[{"href":"https:\/\/www.hsu-hh.de\/psyaow\/wp-json\/wp\/v2\/pages\/175","targetHints":{"allow":["GET"]}}],"collection":[{"href":"https:\/\/www.hsu-hh.de\/psyaow\/wp-json\/wp\/v2\/pages"}],"about":[{"href":"https:\/\/www.hsu-hh.de\/psyaow\/wp-json\/wp\/v2\/types\/page"}],"author":[{"embeddable":true,"href":"https:\/\/www.hsu-hh.de\/psyaow\/wp-json\/wp\/v2\/users\/2430"}],"replies":[{"embeddable":true,"href":"https:\/\/www.hsu-hh.de\/psyaow\/wp-json\/wp\/v2\/comments?post=175"}],"version-history":[{"count":50,"href":"https:\/\/www.hsu-hh.de\/psyaow\/wp-json\/wp\/v2\/pages\/175\/revisions"}],"predecessor-version":[{"id":4365,"href":"https:\/\/www.hsu-hh.de\/psyaow\/wp-json\/wp\/v2\/pages\/175\/revisions\/4365"}],"up":[{"embeddable":true,"href":"https:\/\/www.hsu-hh.de\/psyaow\/wp-json\/wp\/v2\/pages\/164"}],"wp:attachment":[{"href":"https:\/\/www.hsu-hh.de\/psyaow\/wp-json\/wp\/v2\/media?parent=175"}],"wp:term":[{"taxonomy":"category","embeddable":true,"href":"https:\/\/www.hsu-hh.de\/psyaow\/wp-json\/wp\/v2\/categories?post=175"},{"taxonomy":"post_tag","embeddable":true,"href":"https:\/\/www.hsu-hh.de\/psyaow\/wp-json\/wp\/v2\/tags?post=175"}],"curies":[{"name":"wp","href":"https:\/\/api.w.org\/{rel}","templated":true}]}}