{"id":171,"date":"2019-12-18T10:04:47","date_gmt":"2019-12-18T09:04:47","guid":{"rendered":"https:\/\/www.hsu-hh.de\/psyaow\/?page_id=171"},"modified":"2026-03-06T18:28:28","modified_gmt":"2026-03-06T17:28:28","slug":"trainerausbildungssrt","status":"publish","type":"page","link":"https:\/\/www.hsu-hh.de\/psyaow\/weiterbildungsangebote\/trainerausbildungssrt\/","title":{"rendered":"Train-the-Trainer-Ausbildung zum St\u00e4rken- und Ressourcentraining"},"content":{"rendered":"\n<h2 class=\"wp-block-heading\">Infos zur Train-the-Trainer-Ausbildung<\/h2>\n\n\n\n<p>Sie erhalten fundierte theoretische und praktische Vorbereitung auf die Durchf\u00fchrung des St\u00e4rken- und Ressourcentrainings.<\/p>\n\n\n\n<p>In dieser Train&#8211;the-Trainer-Ausbildung lernen Sie &#8230;<\/p>\n\n\n\n<ul class=\"wp-block-list\">\n<li>die theoretischen Grundlagen,<\/li>\n\n\n\n<li>Ziele,<\/li>\n\n\n\n<li>Ablauf und Aufbau,<\/li>\n\n\n\n<li>Inhalte und<\/li>\n\n\n\n<li>Methoden des St\u00e4rken- und Ressourcentrainings kennen.<\/li>\n<\/ul>\n\n\n\n<p>Sie f\u00fchren \u00dcbungen in Kleingruppen eigenst\u00e4ndig durch.<\/p>\n\n\n\n<p>Informieren Sie sich gerne, wann eine Schulung bei uns angeboten wird.<\/p>\n\n\n\n<p><\/p>\n\n\n\n<p>Haben Sie eine Trainer*innen-Ausbildung bei uns absolviert, gelangen Sie hier in den gesch\u00fctzten Trainer*innen-Bereich, in dem Sie die <strong>Materialien zur Train-the-Trainer-Ausbildung<\/strong> finden. <\/p>\n\n\n\n<p><a href=\"https:\/\/www.hsu-hh.de\/psyaow\/weiterbildungsangebote\/trainerausbildungssrt\/trainingsmateralien-trainer-bereich\/\" data-type=\"page\" data-id=\"2909\">Zu den Materialien der Train-the-Trainer-Schulung<\/a> (Passwort-gesch\u00fctzter Bereich)<\/p>\n\n\n\n<div class=\"wp-block-columns is-layout-flex wp-container-core-columns-is-layout-9d6595d7 wp-block-columns-is-layout-flex\">\n<div class=\"wp-block-column is-layout-flow wp-block-column-is-layout-flow\"><\/div>\n<\/div>\n\n\n\n<p><\/p>\n\n\n\n<p>_____________________________________________________________________________________________________________________<\/p>\n\n\n<script>\tvar sosereDefaults = {\"allowfullscreen\":true,\"fit\":\"contain\",\"transition\":\"crossfade\",\"loop\":true,\"autoplay\":\"3000\",\"stopautoplayontouch\":true,\"keyboard\":true,\"nav\":\"thumbs\"}<\/script><div class='sosere--wp' data-ids='196,195,194,193'data-link='file'data-itemtag='dl'data-icontag='dt'data-captiontag='dd'data-columns='0'data-size='large'data-width='1024'data-auto='false'data-max-width='100%'data-ratio='1.3333333333333'><div id='gallery-1' class='gallery galleryid-171 gallery-columns-0 gallery-size-thumbnail'><dl class='gallery-item'>\n\t\t\t<dt class='gallery-icon landscape'>\n\t\t\t\t<a href='https:\/\/www.hsu-hh.de\/psyaow\/wp-content\/uploads\/sites\/834\/2019\/12\/IMG_20190801_082932-1024x768.jpg' data-full='https:\/\/www.hsu-hh.de\/psyaow\/wp-content\/uploads\/sites\/834\/2019\/12\/IMG_20190801_082932-scaled.jpg' data-credit=\"AOW-Psychologie\"><img loading=\"lazy\" decoding=\"async\" width=\"150\" height=\"150\" src=\"https:\/\/www.hsu-hh.de\/psyaow\/wp-content\/uploads\/sites\/834\/2019\/12\/IMG_20190801_082932-150x150.jpg\" class=\"attachment-thumbnail size-thumbnail\" alt=\"SRT1\" srcset=\"https:\/\/www.hsu-hh.de\/psyaow\/wp-content\/uploads\/sites\/834\/2019\/12\/IMG_20190801_082932-150x150.jpg 150w, https:\/\/www.hsu-hh.de\/psyaow\/wp-content\/uploads\/sites\/834\/2019\/12\/IMG_20190801_082932-100x100.jpg 100w\" sizes=\"auto, (max-width: 150px) 100vw, 150px\" \/><\/a>\n\t\t\t<\/dt><\/dl><dl class='gallery-item'>\n\t\t\t<dt class='gallery-icon landscape'>\n\t\t\t\t<a href='https:\/\/www.hsu-hh.de\/psyaow\/wp-content\/uploads\/sites\/834\/2019\/12\/IMG_20190801_082907-1024x768.jpg' data-full='https:\/\/www.hsu-hh.de\/psyaow\/wp-content\/uploads\/sites\/834\/2019\/12\/IMG_20190801_082907-scaled.jpg' data-credit=\"AOW-Psychologie\"><img loading=\"lazy\" decoding=\"async\" width=\"150\" height=\"150\" src=\"https:\/\/www.hsu-hh.de\/psyaow\/wp-content\/uploads\/sites\/834\/2019\/12\/IMG_20190801_082907-150x150.jpg\" class=\"attachment-thumbnail size-thumbnail\" alt=\"SRT2\" srcset=\"https:\/\/www.hsu-hh.de\/psyaow\/wp-content\/uploads\/sites\/834\/2019\/12\/IMG_20190801_082907-150x150.jpg 150w, https:\/\/www.hsu-hh.de\/psyaow\/wp-content\/uploads\/sites\/834\/2019\/12\/IMG_20190801_082907-100x100.jpg 100w\" sizes=\"auto, (max-width: 150px) 100vw, 150px\" \/><\/a>\n\t\t\t<\/dt><\/dl><dl class='gallery-item'>\n\t\t\t<dt class='gallery-icon landscape'>\n\t\t\t\t<a href='https:\/\/www.hsu-hh.de\/psyaow\/wp-content\/uploads\/sites\/834\/2019\/12\/IMG_20190801_082851-1024x768.jpg' data-full='https:\/\/www.hsu-hh.de\/psyaow\/wp-content\/uploads\/sites\/834\/2019\/12\/IMG_20190801_082851-scaled.jpg' data-credit=\"AOW-Psychologie\"><img loading=\"lazy\" decoding=\"async\" width=\"150\" height=\"150\" src=\"https:\/\/www.hsu-hh.de\/psyaow\/wp-content\/uploads\/sites\/834\/2019\/12\/IMG_20190801_082851-150x150.jpg\" class=\"attachment-thumbnail size-thumbnail\" alt=\"SRT3\" srcset=\"https:\/\/www.hsu-hh.de\/psyaow\/wp-content\/uploads\/sites\/834\/2019\/12\/IMG_20190801_082851-150x150.jpg 150w, https:\/\/www.hsu-hh.de\/psyaow\/wp-content\/uploads\/sites\/834\/2019\/12\/IMG_20190801_082851-100x100.jpg 100w\" sizes=\"auto, (max-width: 150px) 100vw, 150px\" \/><\/a>\n\t\t\t<\/dt><\/dl><dl class='gallery-item'>\n\t\t\t<dt class='gallery-icon landscape'>\n\t\t\t\t<a href='https:\/\/www.hsu-hh.de\/psyaow\/wp-content\/uploads\/sites\/834\/2019\/12\/IMG_20190731_144407_1-1024x768.jpg' data-full='https:\/\/www.hsu-hh.de\/psyaow\/wp-content\/uploads\/sites\/834\/2019\/12\/IMG_20190731_144407_1-scaled.jpg' data-credit=\"AOW-Psychologie\"><img loading=\"lazy\" decoding=\"async\" width=\"150\" height=\"150\" src=\"https:\/\/www.hsu-hh.de\/psyaow\/wp-content\/uploads\/sites\/834\/2019\/12\/IMG_20190731_144407_1-150x150.jpg\" class=\"attachment-thumbnail size-thumbnail\" alt=\"SRT4\" srcset=\"https:\/\/www.hsu-hh.de\/psyaow\/wp-content\/uploads\/sites\/834\/2019\/12\/IMG_20190731_144407_1-150x150.jpg 150w, https:\/\/www.hsu-hh.de\/psyaow\/wp-content\/uploads\/sites\/834\/2019\/12\/IMG_20190731_144407_1-100x100.jpg 100w\" sizes=\"auto, (max-width: 150px) 100vw, 150px\" \/><\/a>\n\t\t\t<\/dt><\/dl>\n\t\t<\/div>\n<\/div>\n\n\n<div class=\"wp-block-columns is-layout-flex wp-container-core-columns-is-layout-9d6595d7 wp-block-columns-is-layout-flex\">\n<div class=\"wp-block-column is-layout-flow wp-block-column-is-layout-flow\">\n<div style=\"height:64px\" aria-hidden=\"true\" class=\"wp-block-spacer\"><\/div>\n<\/div>\n<\/div>\n\n\n\n<h2 class=\"wp-block-heading\">Literatur zur Trainer*innen-Schulung <\/h2>\n\n\n\n<ul class=\"wp-block-list\">\n<li><span style=\"color: initial\">Krick, A.,&nbsp;Felfe, J., &amp; Renner, K.-H. (2021). Gesundheit erfolgreich und bedarfsgerecht f\u00f6rdern! In Bundesministerium der Verteidigung (<abbr title=\"Herausgeber\">Hrsg.<\/abbr>),&nbsp;<\/span><em style=\"color: initial\">Wehrwissenschaftliche Forschung \u2013 Jahresbericht 2020: Wehrwissenschaftliche Forschung f\u00fcr deutsche Streitkr\u00e4fte<\/em><span style=\"color: initial\">&nbsp;(S. 66-67).&nbsp;Verf\u00fcgbar unter:&nbsp;<\/span><a href=\"https:\/\/www.bmvg.de\/resource\/blob\/5109554\/c03a2b5b5dd2d634cc073dbe675a747c\/jahresbericht-wehrwissenschaftliche-forschung-2020-data.pdf\" rel='nofollow'>https:\/\/www.bmvg.de\/resource\/blob\/5109554\/c03a2b5b5dd2d634cc073dbe675a747c\/jahresbericht-wehrwissenschaftliche-forschung-2020-data.pdf<\/a><\/li>\n\n\n\n<li>Krick, A., &amp; Felfe, J. (2020). Die gesundheitsf\u00f6rderliche Selbstf\u00fchrungskompetenz \u2013 das St\u00e4rken- und Ressourcentraining.&nbsp;<em>Organisationsberatung, Coaching, Supervision, 27<\/em>(1), 51-64.<\/li>\n<\/ul>\n\n\n\n<div style=\"height:61px\" aria-hidden=\"true\" class=\"wp-block-spacer\"><\/div>\n\n\n\n<p>Bei Fragen zur Trainer*innen-Ausbildung des St\u00e4rken- und Ressourcentrainings wenden Sie sich an Staerken_Ressourcentraining@hsu-hh.de.<\/p>\n","protected":false},"excerpt":{"rendered":"<p>Infos zur Train-the-Trainer-Ausbildung Sie erhalten fundierte theoretische und praktische Vorbereitung auf die Durchf\u00fchrung des St\u00e4rken- und Ressourcentrainings. In dieser Train&#8211;the-Trainer-Ausbildung lernen Sie &#8230; Sie f\u00fchren \u00dcbungen in Kleingruppen eigenst\u00e4ndig durch. [&hellip;]<\/p>\n","protected":false},"author":2430,"featured_media":0,"parent":164,"menu_order":0,"comment_status":"closed","ping_status":"closed","template":"","meta":{"footnotes":""},"categories":[4],"tags":[],"class_list":["post-171","page","type-page","status-publish","hentry","category-forschung"],"_links":{"self":[{"href":"https:\/\/www.hsu-hh.de\/psyaow\/wp-json\/wp\/v2\/pages\/171","targetHints":{"allow":["GET"]}}],"collection":[{"href":"https:\/\/www.hsu-hh.de\/psyaow\/wp-json\/wp\/v2\/pages"}],"about":[{"href":"https:\/\/www.hsu-hh.de\/psyaow\/wp-json\/wp\/v2\/types\/page"}],"author":[{"embeddable":true,"href":"https:\/\/www.hsu-hh.de\/psyaow\/wp-json\/wp\/v2\/users\/2430"}],"replies":[{"embeddable":true,"href":"https:\/\/www.hsu-hh.de\/psyaow\/wp-json\/wp\/v2\/comments?post=171"}],"version-history":[{"count":17,"href":"https:\/\/www.hsu-hh.de\/psyaow\/wp-json\/wp\/v2\/pages\/171\/revisions"}],"predecessor-version":[{"id":4361,"href":"https:\/\/www.hsu-hh.de\/psyaow\/wp-json\/wp\/v2\/pages\/171\/revisions\/4361"}],"up":[{"embeddable":true,"href":"https:\/\/www.hsu-hh.de\/psyaow\/wp-json\/wp\/v2\/pages\/164"}],"wp:attachment":[{"href":"https:\/\/www.hsu-hh.de\/psyaow\/wp-json\/wp\/v2\/media?parent=171"}],"wp:term":[{"taxonomy":"category","embeddable":true,"href":"https:\/\/www.hsu-hh.de\/psyaow\/wp-json\/wp\/v2\/categories?post=171"},{"taxonomy":"post_tag","embeddable":true,"href":"https:\/\/www.hsu-hh.de\/psyaow\/wp-json\/wp\/v2\/tags?post=171"}],"curies":[{"name":"wp","href":"https:\/\/api.w.org\/{rel}","templated":true}]}}