{"id":1698,"date":"2021-06-17T18:29:46","date_gmt":"2021-06-17T16:29:46","guid":{"rendered":"https:\/\/www.hsu-hh.de\/psyaow\/?page_id=1698"},"modified":"2021-06-17T18:52:02","modified_gmt":"2021-06-17T16:52:02","slug":"dr-annabell-reiner-neu","status":"publish","type":"page","link":"https:\/\/www.hsu-hh.de\/psyaow\/en\/team-eng\/dr-annabell-reiner-neu\/","title":{"rendered":"Dr. Annabell Reiner"},"content":{"rendered":"<script type=\"application\/ld+json\">[{\"@context\": \"https:\/\/www.schema.org\",\"@type\": \"Person\",\"name\": \"Annabell Eva Reiner\",\"worksFor\": [{\t\"@type\": \"Organization\",\t\"name\": \"Helmut-Schmidt-University\",\t\"url\": \"https:\/\/www.hsu-hh.de\"\t, \"department\": {\"@type\": \"Organization\",\t\t\t\t\t\"name\": \"Department of Work, Organizational and Business Psychology\",\t\t\t\t\t\"location\": {\t\t\t\t\t\t\"@type\": \"PostalAddress\",\t\t\t\t\t\t\"addressLocality\": \"\",        \t\t\t\t\"postalCode\": \"22043\",        \t\t\t\t\"streetAddress\": \"Holstenhofweg 85 , Building H1\"\t\t\t\t\t}},\t\"location\": {\t\t\"@type\": \"PostalAddress\",    \t\"addressLocality\": \"\",    \t\"postalCode\": \"22008\",    \t\"postOfficeBoxNumber\": \"700822\"\t}   }],\"image\": \"https:\/\/www.hsu-hh.de\/psyaow\/wp-content\/uploads\/sites\/834\/2021\/06\/Reiner-150x150.jpg\",\"telephone\": \"+49406541-3466\",\"faxNumber\": \"\",\"email\": \"annabell.reiner@hsu-hh.de\"}]<\/script><div class=\"clearfix\"><\/div><div class=\"ansprechparter-container \" style=\"margin-top:1em; \"><div class=\"row ansprechpartner-item ansprechparter-header\" ><div class=\"col-xs-8 col-lg-12\" style=\"margin-bottom: 30px;\"><h3 class=\"ansprechparter-headline\">Annabell Eva Reiner<\/h3><\/div><\/div><div class=\"col-md-4 col-lg-3 col-xs-4 ansprechpartner-item floatright img-circle center-block\" style=\"margin-bottom: 30px;\"><div class=\"img-responsive-wrapper\"><img decoding=\"async\" src=\"https:\/\/www.hsu-hh.de\/psyaow\/wp-content\/uploads\/sites\/834\/2021\/06\/Reiner-150x150.jpg\" alt=\"\" class=\"img-circle img-responsive center-block\" \/><\/div><\/div><div class=\"col-md-12 col-lg-3 col-xs-12 ansprechpartner-item kontakt floatright\" style=\"margin-bottom: 30px; \"><div class=\"row\"><div class=\"col-xs-12 col-sm-6 col-lg-12\"><div class=\"row\"><div class=\"col-xs-4 col-lg-4 row-text bold\" >Raum:<\/div><div class=\" row-text\">2372<\/div><\/div><\/div><div class=\"col-xs-12 col-sm-6 col-lg-12\"><div class=\"row\"><div class=\"col-xs-4 col-lg-4 row-text bold\">Telefon:<\/div><div class=\" row-text\">+49406541-3466<\/div><\/div><\/div><div class=\"col-xs-12 col-sm-6 col-lg-12\"><div class=\"row\"><div class=\"col-xs-4 col-lg-4 row-text bold\">E-Mail:<\/div><div class=\"row-text\" style=\"overflow:hidden; word-break: break-word\"><a href=\"mailto:annabell.reiner@hsu-hh.de\" rel=\"nofollow\">annabell.reiner@hsu-hh.de<\/a><\/div><\/div><\/div><\/div><\/div><div class=\"col-md-6 col-lg-3 col-xs-12 ansprechpartner-item anschrift floatright\" ><div class=\"row-headline\">Besucheranschrift<\/div><div class=\"dataBesucheranschrift\" style=\"\"><div class=\"row-text\">Helmut-Schmidt-University<\/div><div class=\"row-text\">Building H1<\/div><div class=\"row-text\">Holstenhofweg 85<\/div><div class=\"row-text\">22043 Hamburg<\/div><\/div><\/div><div class=\"col-md-6 col-lg-3 col-xs-12 ansprechpartner-item anschrift floatright\"><div class=\"row-headline\">Postanschrift<\/div><div class=\"dataPostanschrift\" style=\"\"><div class=\"row-text\">Helmut-Schmidt-University<\/div><div class=\"row-text\">Department of Work, Organizational and Business Psychology<\/div><div class=\"row-text\">Postfach 70 08 22<\/div><div class=\"row-text\">22008 Hamburg<\/div><\/div><\/div><\/div><div class=\"clearfix\"><\/div>\n\n\n<h2 class=\"wp-block-heading\">Research focus<\/h2>\n\n\n\n<ul class=\"wp-block-list\"><li>Leadership motivation<\/li><li>Leadership and health<\/li><li>Morale and Welfare in military missions<\/li><\/ul>\n\n\n\n<h2 class=\"wp-block-heading\">Publications<\/h2>\n\n\n\n<ul class=\"wp-block-list\"><li>Moldzio, T., Peiffer, H., Dreier, K., Gergovska, T., <strong>Reiner, A., <\/strong>&amp; Felfe, J. (2019). Arbeitsbezogene Belastbarkeits- und Gewissenhaftigkeits\u00adskalen (ABGS).G\u00f6ttingen: Hogrefe.<\/li><li><strong>Reiner, A.,<\/strong> Felfe, J., &amp; Moldzio, T. (2019). F\u00fchrungsmotivation und F\u00fchrungskr\u00e4fteentwicklung: Relevanz f\u00fcr die Auswahl und Bew\u00e4hrung von F\u00fchrungskr\u00e4ften. Zeitschrift f\u00fcr Arbeits- und Organisationspsychologie, 63, 71-87.<\/li><li>Felfe, J., Krick, A., &amp; <strong>Reiner, A.<\/strong> (2018). Wie kann F\u00fchrung Sinn stiften? \u2013 Bedeutung der Vermittlung von Sinn f\u00fcr die Gesundheit. In: B. Badura, A. Ducki, H. Schr\u00f6der, J. Klose, M. Meyer (Hrsg.), Fehlzeitenreport 2018, Schwerpunkt Der Sinn von Arbeit (S. 213-222). Heidelberg: Springer.<\/li><li><strong>Reiner, A.<\/strong> (2012).&nbsp;Der Einfluss sozialer Unterst\u00fctzung auf das Empfinden von Arbeitsplatz\u00adunsicherheit und deren Folgen f\u00fcr das Wohlbefinden. Unver\u00f6ffentlichte Diplomarbeit, Universit\u00e4t Wien.<\/li><\/ul>\n\n\n\n<h2 class=\"wp-block-heading\">Memberships<\/h2>\n\n\n\n<ul class=\"wp-block-list\"><li>European Association of Work and Organizational Psychology (EAWOP)<\/li><li>German Psychological Society (DGPs)<\/li><\/ul>\n","protected":false},"excerpt":{"rendered":"<p>Research focus Leadership motivation Leadership and health Morale and Welfare in military missions Publications Moldzio, T., Peiffer, H., Dreier, K., Gergovska, T., Reiner, A., &amp; Felfe, J. (2019). Arbeitsbezogene Belastbarkeits- [&hellip;]<\/p>\n","protected":false},"author":2430,"featured_media":0,"parent":110,"menu_order":0,"comment_status":"closed","ping_status":"closed","template":"","meta":{"footnotes":""},"categories":[9],"tags":[],"class_list":["post-1698","page","type-page","status-publish","hentry","category-team-en"],"_links":{"self":[{"href":"https:\/\/www.hsu-hh.de\/psyaow\/wp-json\/wp\/v2\/pages\/1698","targetHints":{"allow":["GET"]}}],"collection":[{"href":"https:\/\/www.hsu-hh.de\/psyaow\/wp-json\/wp\/v2\/pages"}],"about":[{"href":"https:\/\/www.hsu-hh.de\/psyaow\/wp-json\/wp\/v2\/types\/page"}],"author":[{"embeddable":true,"href":"https:\/\/www.hsu-hh.de\/psyaow\/wp-json\/wp\/v2\/users\/2430"}],"replies":[{"embeddable":true,"href":"https:\/\/www.hsu-hh.de\/psyaow\/wp-json\/wp\/v2\/comments?post=1698"}],"version-history":[{"count":4,"href":"https:\/\/www.hsu-hh.de\/psyaow\/wp-json\/wp\/v2\/pages\/1698\/revisions"}],"predecessor-version":[{"id":1715,"href":"https:\/\/www.hsu-hh.de\/psyaow\/wp-json\/wp\/v2\/pages\/1698\/revisions\/1715"}],"up":[{"embeddable":true,"href":"https:\/\/www.hsu-hh.de\/psyaow\/wp-json\/wp\/v2\/pages\/110"}],"wp:attachment":[{"href":"https:\/\/www.hsu-hh.de\/psyaow\/wp-json\/wp\/v2\/media?parent=1698"}],"wp:term":[{"taxonomy":"category","embeddable":true,"href":"https:\/\/www.hsu-hh.de\/psyaow\/wp-json\/wp\/v2\/categories?post=1698"},{"taxonomy":"post_tag","embeddable":true,"href":"https:\/\/www.hsu-hh.de\/psyaow\/wp-json\/wp\/v2\/tags?post=1698"}],"curies":[{"name":"wp","href":"https:\/\/api.w.org\/{rel}","templated":true}]}}