{"id":1660,"date":"2021-06-17T15:11:14","date_gmt":"2021-06-17T13:11:14","guid":{"rendered":"https:\/\/www.hsu-hh.de\/psyaow\/?page_id=1660"},"modified":"2025-04-28T14:25:50","modified_gmt":"2025-04-28T12:25:50","slug":"diagnostics","status":"publish","type":"page","link":"https:\/\/www.hsu-hh.de\/psyaow\/en\/publications\/diagnostics\/","title":{"rendered":"Diagnostics"},"content":{"rendered":"\n<ul id=\"block-164df35f-50af-49c1-99da-0fbec7e47f55\" class=\"wp-block-list\">\n<li>Bergner, S., &amp; <strong>Felfe, J.<\/strong> (2024). <em>STAR Startup Check<\/em>: Messung des Potenzials f\u00fcr Gr\u00fcndung und Selbstst\u00e4ndigkeit. Bern: Verlag Hans Huber.<\/li>\n\n\n\n<li>Neubauer, A. C., Bergner, S., &amp; <strong>Felfe, J.<\/strong> (2021). Leadership Judgement Indicator (LJI-2). Deutschsprachige Adaptation des Leadership Judgement Indicator 2 (LJI-2) von M. Lock, R. Wheeler und N. Burnard. Bern: Verlag Hans Huber.<\/li>\n\n\n\n<li>Pischel, S., <strong>Felfe, J., <\/strong>&amp; Klug, K. (in prep). <em>WIBO (Warning Indicators for Burnout and Mental Overload) \u2013 Instrument zur Erkennung von Fr\u00fchwarnsignalen psychischer Erkrankungen und Burnout im Arbeitskontext.<\/em> G\u00f6ttingen: Hogrefe.<\/li>\n\n\n\n<li>Moldzio, T., Peiffer, H., Dreier, K., Gergovska, T., Reiner, A., &amp; <strong>Felfe, J.<\/strong> (2019).&nbsp;ABGS &#8211; Arbeitsbezogene Belastbarkeits- und Gewissenhaftigkeitsskalen (Arbeitsbezogene Gewissenhaftigkeitsskalen (AGS)).<\/li>\n\n\n\n<li>Pundt, F., &amp; <strong>Felfe, J.<\/strong> (2017). HoL &#8211; Health oriented Leadership. G\u00f6ttingen: Hogrefe.<\/li>\n\n\n\n<li><strong>Felfe, J.<\/strong>, Elprana, G., Gatzka, L., &amp; Stiehl, S. (2017). Leadership Motivation Inventory (LEAMO). G\u00f6ttingen: Hogrefe.<\/li>\n\n\n\n<li>Korek, S., &amp; <strong>Felfe, J.<\/strong> (2013). FS-FK: F\u00fchrungsspielraum: Handlungsspielraum f\u00fcr F\u00fchrungskr\u00e4fte[Leaders\u2018 scope of influence \u2013 job control of leaders]. In C. Kemper, M. Zenger und E. Br\u00e4hler (Hrsg), <em>Psychologische und sozialwissenschaftliche Kurzskalen \u2013 Standardisierte Erhebungsinstrumente f\u00fcr Wissenschaft und Praxis.<\/em> Berlin: Medizinisch Wissenschaftliche Verlagsgesellschaft.<\/li>\n\n\n\n<li><strong>Felfe, J.<\/strong>, Elprana, G., Gatzka, L., &amp; Stiehl, S. (2012). F\u00dcMO. Hamburger F\u00fchrungsmotivationsinventar. G\u00f6ttingen: Hogrefe.<\/li>\n\n\n\n<li><strong>Felfe, J.<\/strong>, &amp; Franke, F. (2012). Commit. Verfahren zur Erfassung von Commitment gegen\u00fcber der Organisation, dem Beruf und der Besch\u00e4ftigungsform. Bern: Verlag Hans Huber.<\/li>\n\n\n\n<li>Neubauer, A. C., Bergner, S., &amp; <strong>Felfe, J.<\/strong> (2012). Leadership Judgement Indicator (LJI). Deutschsprachige Adaptation des Leadership Judgement Indicator (LJI) von M. Lock und R. Wheeler. Bern: Verlag Hans Huber.<\/li>\n<\/ul>\n\n\n\n<p id=\"block-3c18ec81-5772-456d-9703-fccf1f8b4bbe\">______________________________________________________________________________________________________________<\/p>\n\n\n\n<p id=\"block-424873d8-e4a0-4f02-8f2f-05ebbd7a6e25\">Hier you find our inventories:<\/p>\n\n\n\n<p id=\"block-f56921a9-02d3-42e5-8ec4-39083d577d71\"><strong>&#8222;LEAMO&#8220; Leadership Motivation Inventory<\/strong><\/p>\n\n\n\n<p id=\"block-05ce9d6a-320a-4654-bea2-fe74a452bff8\">J\u00f6rg Felfe, Gwen Elprana, Magdalena Gatzka &amp; Sybille Stiehl<\/p>\n\n\n\n<p id=\"block-9d6ea5eb-0a2e-40c1-acd2-ba5e044c8178\">G\u00f6ttingen: Hogrefe<\/p>\n\n\n\n<div class=\"wp-block-columns is-layout-flex wp-container-core-columns-is-layout-9d6595d7 wp-block-columns-is-layout-flex\">\n<div class=\"wp-block-column is-layout-flow wp-block-column-is-layout-flow\"><\/div>\n<\/div>\n\n\n\n<div class=\"wp-block-columns is-layout-flex wp-container-core-columns-is-layout-9d6595d7 wp-block-columns-is-layout-flex\">\n<div class=\"wp-block-column is-layout-flow wp-block-column-is-layout-flow\">\n<figure class=\"wp-block-image size-large is-resized\"><img loading=\"lazy\" decoding=\"async\" width=\"578\" height=\"768\" src=\"https:\/\/www.hsu-hh.de\/psyaow\/wp-content\/uploads\/sites\/834\/2021\/06\/Leamo.png\" data-credit=\" \" alt=\"\" class=\"wp-image-1669\" style=\"width:212px;height:282px\" srcset=\"https:\/\/www.hsu-hh.de\/psyaow\/wp-content\/uploads\/sites\/834\/2021\/06\/Leamo.png 578w, https:\/\/www.hsu-hh.de\/psyaow\/wp-content\/uploads\/sites\/834\/2021\/06\/Leamo-226x300.png 226w\" sizes=\"auto, (max-width: 578px) 100vw, 578px\" \/><\/figure>\n<\/div>\n<\/div>\n\n\n\n<div class=\"wp-block-columns is-layout-flex wp-container-core-columns-is-layout-9d6595d7 wp-block-columns-is-layout-flex\">\n<div class=\"wp-block-column is-layout-flow wp-block-column-is-layout-flow\"><\/div>\n<\/div>\n\n\n\n<p id=\"block-264729c4-1020-49f7-9a17-75484dfb0deb\"><strong>&#8222;LJI&#8220; &#8211; Leadership Judgement Indicator<\/strong><\/p>\n\n\n\n<p id=\"block-4fc0486e-d71d-4373-9aa8-5b5cba3352f1\">Michael Lock &amp; Robert Wheeler<\/p>\n\n\n\n<div class=\"wp-block-columns is-layout-flex wp-container-core-columns-is-layout-9d6595d7 wp-block-columns-is-layout-flex\">\n<div class=\"wp-block-column is-layout-flow wp-block-column-is-layout-flow\"><\/div>\n<\/div>\n\n\n\n<div class=\"wp-block-columns is-layout-flex wp-container-core-columns-is-layout-9d6595d7 wp-block-columns-is-layout-flex\">\n<div class=\"wp-block-column is-layout-flow wp-block-column-is-layout-flow\">\n<div class=\"wp-block-columns is-layout-flex wp-container-core-columns-is-layout-9d6595d7 wp-block-columns-is-layout-flex\">\n<div class=\"wp-block-column is-layout-flow wp-block-column-is-layout-flow\">\n<figure class=\"wp-block-image size-large\"><img loading=\"lazy\" decoding=\"async\" width=\"840\" height=\"594\" src=\"https:\/\/www.hsu-hh.de\/psyaow\/wp-content\/uploads\/sites\/834\/2021\/06\/LJI2.jpg\" data-credit=\" \" alt=\"\" class=\"wp-image-1664\" srcset=\"https:\/\/www.hsu-hh.de\/psyaow\/wp-content\/uploads\/sites\/834\/2021\/06\/LJI2.jpg 840w, https:\/\/www.hsu-hh.de\/psyaow\/wp-content\/uploads\/sites\/834\/2021\/06\/LJI2-300x212.jpg 300w, https:\/\/www.hsu-hh.de\/psyaow\/wp-content\/uploads\/sites\/834\/2021\/06\/LJI2-768x543.jpg 768w\" sizes=\"auto, (max-width: 840px) 100vw, 840px\" \/><\/figure>\n<\/div>\n\n\n\n<div class=\"wp-block-column is-layout-flow wp-block-column-is-layout-flow\">\n<figure class=\"wp-block-image size-large\"><img loading=\"lazy\" decoding=\"async\" width=\"840\" height=\"591\" src=\"https:\/\/www.hsu-hh.de\/psyaow\/wp-content\/uploads\/sites\/834\/2021\/06\/LJI.jpg\" data-credit=\" \" alt=\"\" class=\"wp-image-1663\" srcset=\"https:\/\/www.hsu-hh.de\/psyaow\/wp-content\/uploads\/sites\/834\/2021\/06\/LJI.jpg 840w, https:\/\/www.hsu-hh.de\/psyaow\/wp-content\/uploads\/sites\/834\/2021\/06\/LJI-300x211.jpg 300w, https:\/\/www.hsu-hh.de\/psyaow\/wp-content\/uploads\/sites\/834\/2021\/06\/LJI-768x540.jpg 768w\" sizes=\"auto, (max-width: 840px) 100vw, 840px\" \/><\/figure>\n<\/div>\n<\/div>\n<\/div>\n<\/div>\n\n\n\n<div class=\"wp-block-columns is-layout-flex wp-container-core-columns-is-layout-9d6595d7 wp-block-columns-is-layout-flex\">\n<div class=\"wp-block-column is-layout-flow wp-block-column-is-layout-flow\"><\/div>\n<\/div>\n\n\n\n<p id=\"block-df532b9a-36ff-4073-9f08-06ea61c223f2\"><strong>&#8222;F\u00dcMO&#8220; &#8211; Hamburger F\u00fchrungsmotivationsinventar<\/strong><\/p>\n\n\n\n<p id=\"block-c73cb02f-0fd2-4d7b-9b2a-198175986dda\">J\u00f6rg Felfe, Gwen Elprana, Magdalena Gatzka &amp; Sibylle Stiehl<\/p>\n\n\n\n<p id=\"block-d1487192-fe59-4aff-b14c-3bc27f68420a\">G\u00f6ttingen: Hogrefe (2012)<\/p>\n\n\n\n<div class=\"wp-block-columns is-layout-flex wp-container-core-columns-is-layout-9d6595d7 wp-block-columns-is-layout-flex\">\n<div class=\"wp-block-column is-layout-flow wp-block-column-is-layout-flow\">\n<div class=\"wp-block-columns is-layout-flex wp-container-core-columns-is-layout-9d6595d7 wp-block-columns-is-layout-flex\">\n<div class=\"wp-block-column is-layout-flow wp-block-column-is-layout-flow\"><\/div>\n<\/div>\n<\/div>\n<\/div>\n\n\n\n<div class=\"wp-block-columns is-layout-flex wp-container-core-columns-is-layout-9d6595d7 wp-block-columns-is-layout-flex\">\n<div class=\"wp-block-column is-layout-flow wp-block-column-is-layout-flow\">\n<figure class=\"wp-block-image size-large is-resized\"><img loading=\"lazy\" decoding=\"async\" width=\"724\" height=\"1024\" src=\"https:\/\/www.hsu-hh.de\/psyaow\/wp-content\/uploads\/sites\/834\/2021\/06\/Fuemo.jpg\" data-credit=\" \" alt=\"\" class=\"wp-image-1667\" style=\"width:256px;height:362px\" srcset=\"https:\/\/www.hsu-hh.de\/psyaow\/wp-content\/uploads\/sites\/834\/2021\/06\/Fuemo.jpg 724w, https:\/\/www.hsu-hh.de\/psyaow\/wp-content\/uploads\/sites\/834\/2021\/06\/Fuemo-212x300.jpg 212w\" sizes=\"auto, (max-width: 724px) 100vw, 724px\" \/><\/figure>\n<\/div>\n<\/div>\n\n\n\n<div class=\"wp-block-columns is-layout-flex wp-container-core-columns-is-layout-9d6595d7 wp-block-columns-is-layout-flex\">\n<div class=\"wp-block-column is-layout-flow wp-block-column-is-layout-flow\"><\/div>\n<\/div>\n\n\n\n<p id=\"block-4b7f721e-44e8-4806-8be0-8bc6faf1f174\"><strong>&#8222;HoL&#8220; Health-oriented Leadership Inventar<\/strong><\/p>\n\n\n\n<p id=\"block-00388d71-afa7-4c6e-a7b1-cb631ce0b1fc\">Franziska Pundt &amp; J\u00f6rg Felfe<\/p>\n\n\n\n<p id=\"block-9bae40e3-5d6c-4ad7-b762-2321f47369c8\">G\u00f6ttingen: Hogrefe (2017)<\/p>\n\n\n\n<div class=\"wp-block-columns is-layout-flex wp-container-core-columns-is-layout-9d6595d7 wp-block-columns-is-layout-flex\">\n<div class=\"wp-block-column is-layout-flow wp-block-column-is-layout-flow\"><\/div>\n<\/div>\n\n\n\n<div class=\"wp-block-columns is-layout-flex wp-container-core-columns-is-layout-9d6595d7 wp-block-columns-is-layout-flex\">\n<div class=\"wp-block-column is-layout-flow wp-block-column-is-layout-flow\">\n<div class=\"wp-block-columns is-layout-flex wp-container-core-columns-is-layout-9d6595d7 wp-block-columns-is-layout-flex\">\n<div class=\"wp-block-column is-layout-flow wp-block-column-is-layout-flow\">\n<figure class=\"wp-block-image size-large is-resized\"><img loading=\"lazy\" decoding=\"async\" width=\"661\" height=\"873\" src=\"https:\/\/www.hsu-hh.de\/psyaow\/wp-content\/uploads\/sites\/834\/2021\/06\/HoL.png\" data-credit=\" \" alt=\"\" class=\"wp-image-1668\" style=\"width:272px;height:358px\" srcset=\"https:\/\/www.hsu-hh.de\/psyaow\/wp-content\/uploads\/sites\/834\/2021\/06\/HoL.png 661w, https:\/\/www.hsu-hh.de\/psyaow\/wp-content\/uploads\/sites\/834\/2021\/06\/HoL-227x300.png 227w\" sizes=\"auto, (max-width: 661px) 100vw, 661px\" \/><\/figure>\n<\/div>\n<\/div>\n<\/div>\n<\/div>\n\n\n\n<p><strong>&#8222;COMMIT&#8220; Commitment-Skalen<\/strong><\/p>\n\n\n\n<p>J\u00f6rg Felfe &amp; Franziska Franke<\/p>\n\n\n\n<div class=\"wp-block-columns is-layout-flex wp-container-core-columns-is-layout-9d6595d7 wp-block-columns-is-layout-flex\">\n<div class=\"wp-block-column is-layout-flow wp-block-column-is-layout-flow\">\n<div class=\"wp-block-columns is-layout-flex wp-container-core-columns-is-layout-9d6595d7 wp-block-columns-is-layout-flex\">\n<div class=\"wp-block-column is-layout-flow wp-block-column-is-layout-flow\"><\/div>\n<\/div>\n<\/div>\n<\/div>\n\n\n\n<div class=\"wp-block-columns is-layout-flex wp-container-core-columns-is-layout-9d6595d7 wp-block-columns-is-layout-flex\">\n<div class=\"wp-block-column is-layout-flow wp-block-column-is-layout-flow\">\n<figure class=\"wp-block-image size-large\"><img loading=\"lazy\" decoding=\"async\" width=\"1024\" height=\"740\" src=\"https:\/\/www.hsu-hh.de\/psyaow\/wp-content\/uploads\/sites\/834\/2021\/06\/Commitment2.png\" data-credit=\" \" alt=\"\" class=\"wp-image-1666\" srcset=\"https:\/\/www.hsu-hh.de\/psyaow\/wp-content\/uploads\/sites\/834\/2021\/06\/Commitment2.png 1024w, https:\/\/www.hsu-hh.de\/psyaow\/wp-content\/uploads\/sites\/834\/2021\/06\/Commitment2-300x217.png 300w, https:\/\/www.hsu-hh.de\/psyaow\/wp-content\/uploads\/sites\/834\/2021\/06\/Commitment2-768x555.png 768w\" sizes=\"auto, (max-width: 1024px) 100vw, 1024px\" \/><\/figure>\n<\/div>\n\n\n\n<div class=\"wp-block-column is-layout-flow wp-block-column-is-layout-flow\">\n<figure class=\"wp-block-image size-large\"><img loading=\"lazy\" decoding=\"async\" width=\"1024\" height=\"742\" src=\"https:\/\/www.hsu-hh.de\/psyaow\/wp-content\/uploads\/sites\/834\/2021\/06\/Commitment.png\" data-credit=\" \" alt=\"\" class=\"wp-image-1665\" srcset=\"https:\/\/www.hsu-hh.de\/psyaow\/wp-content\/uploads\/sites\/834\/2021\/06\/Commitment.png 1024w, https:\/\/www.hsu-hh.de\/psyaow\/wp-content\/uploads\/sites\/834\/2021\/06\/Commitment-300x217.png 300w, https:\/\/www.hsu-hh.de\/psyaow\/wp-content\/uploads\/sites\/834\/2021\/06\/Commitment-768x557.png 768w\" sizes=\"auto, (max-width: 1024px) 100vw, 1024px\" \/><\/figure>\n<\/div>\n<\/div>\n","protected":false},"excerpt":{"rendered":"<p>______________________________________________________________________________________________________________ Hier you find our inventories: &#8222;LEAMO&#8220; Leadership Motivation Inventory J\u00f6rg Felfe, Gwen Elprana, Magdalena Gatzka &amp; Sybille Stiehl G\u00f6ttingen: Hogrefe &#8222;LJI&#8220; &#8211; Leadership Judgement Indicator Michael Lock &amp; Robert [&hellip;]<\/p>\n","protected":false},"author":2430,"featured_media":0,"parent":788,"menu_order":0,"comment_status":"closed","ping_status":"closed","template":"","meta":{"footnotes":""},"categories":[7],"tags":[],"class_list":["post-1660","page","type-page","status-publish","hentry","category-research"],"_links":{"self":[{"href":"https:\/\/www.hsu-hh.de\/psyaow\/wp-json\/wp\/v2\/pages\/1660","targetHints":{"allow":["GET"]}}],"collection":[{"href":"https:\/\/www.hsu-hh.de\/psyaow\/wp-json\/wp\/v2\/pages"}],"about":[{"href":"https:\/\/www.hsu-hh.de\/psyaow\/wp-json\/wp\/v2\/types\/page"}],"author":[{"embeddable":true,"href":"https:\/\/www.hsu-hh.de\/psyaow\/wp-json\/wp\/v2\/users\/2430"}],"replies":[{"embeddable":true,"href":"https:\/\/www.hsu-hh.de\/psyaow\/wp-json\/wp\/v2\/comments?post=1660"}],"version-history":[{"count":8,"href":"https:\/\/www.hsu-hh.de\/psyaow\/wp-json\/wp\/v2\/pages\/1660\/revisions"}],"predecessor-version":[{"id":3937,"href":"https:\/\/www.hsu-hh.de\/psyaow\/wp-json\/wp\/v2\/pages\/1660\/revisions\/3937"}],"up":[{"embeddable":true,"href":"https:\/\/www.hsu-hh.de\/psyaow\/wp-json\/wp\/v2\/pages\/788"}],"wp:attachment":[{"href":"https:\/\/www.hsu-hh.de\/psyaow\/wp-json\/wp\/v2\/media?parent=1660"}],"wp:term":[{"taxonomy":"category","embeddable":true,"href":"https:\/\/www.hsu-hh.de\/psyaow\/wp-json\/wp\/v2\/categories?post=1660"},{"taxonomy":"post_tag","embeddable":true,"href":"https:\/\/www.hsu-hh.de\/psyaow\/wp-json\/wp\/v2\/tags?post=1660"}],"curies":[{"name":"wp","href":"https:\/\/api.w.org\/{rel}","templated":true}]}}