{"id":166,"date":"2019-12-18T10:01:28","date_gmt":"2019-12-18T09:01:28","guid":{"rendered":"https:\/\/www.hsu-hh.de\/psyaow\/?page_id=166"},"modified":"2026-03-06T18:26:35","modified_gmt":"2026-03-06T17:26:35","slug":"srt","status":"publish","type":"page","link":"https:\/\/www.hsu-hh.de\/psyaow\/weiterbildungsangebote\/srt\/","title":{"rendered":"St\u00e4rken- und Ressourcentraining"},"content":{"rendered":"\n<h2 class=\"wp-block-heading\">Allgemeines und Informationen zum Training<\/h2>\n\n\n\n<p>Das St\u00e4rken- und Ressourcentraining ist ein multimodales Training und umfasst 6 Termine in w\u00f6chentlichem Abstand mit einer Dauer von jeweils 90 Minuten<\/p>\n\n\n\n<div class=\"wp-block-columns is-layout-flex wp-container-core-columns-is-layout-9d6595d7 wp-block-columns-is-layout-flex\">\n<div class=\"wp-block-column is-layout-flow wp-block-column-is-layout-flow\"><\/div>\n<\/div>\n\n\n\n<p><strong>Hier gibt es weitere Informationen zum Training: <\/strong><\/p>\n\n\n\n<ul class=\"wp-block-list\">\n<li><a href=\"https:\/\/www.hsu-hh.de\/psyaow\/weiterbildungsangebote\/srt\/aufbau-des-trainings\/\" data-type=\"page\" data-id=\"2844\">Aufbau des Trainings<\/a><\/li>\n\n\n\n<li><a href=\"https:\/\/www.hsu-hh.de\/psyaow\/weiterbildungsangebote\/srt\/ziele-des-trainings\/\" data-type=\"page\" data-id=\"2850\">Ziele des Trainings<\/a><\/li>\n\n\n\n<li><a href=\"https:\/\/www.hsu-hh.de\/psyaow\/weiterbildungsangebote\/srt\/besonderheiten-des-trainings\/\" data-type=\"page\" data-id=\"2855\">Besonderheiten<\/a><\/li>\n\n\n\n<li><a href=\"https:\/\/www.hsu-hh.de\/psyaow\/weiterbildungsangebote\/srt\/staerken-und-ressourcentraining-trainerbereich\/\" data-type=\"page\" data-id=\"2831\">Trainingsmaterialien<\/a> (Passwort-gesch\u00fctzter Bereich; dieser Bereich ist nur mit einem Passwort zug\u00e4nglich)<\/li>\n<\/ul>\n\n\n\n<p><\/p>\n\n\n\n<div class=\"wp-block-columns is-layout-flex wp-container-core-columns-is-layout-9d6595d7 wp-block-columns-is-layout-flex\">\n<div class=\"wp-block-column is-layout-flow wp-block-column-is-layout-flow\"><\/div>\n<\/div>\n\n\n\n<p>Zus\u00e4tzlich finden Sie hier unseren <a href=\"https:\/\/www.hsu-hh.de\/psyaow\/wp-content\/uploads\/sites\/834\/2022\/09\/2017-BGM-Flyer-Ressourcentraining-v3_Dr.pdf\" data-type=\"attachment\" data-id=\"2839\">Flyer<\/a> und das <a href=\"https:\/\/www.hsu-hh.de\/psyaow\/wp-content\/uploads\/sites\/834\/2019\/12\/Poster_Ressourcentraining_2019_V1.pdf\">Poster<\/a>&nbsp;zum Training.<\/p>\n\n\n\n<p>Schauen Sie auch gerne unser Video zum Training an:<\/p>\n\n\n\n<figure class=\"wp-block-video\"><video height=\"1080\" style=\"aspect-ratio: 1920 \/ 1080;\" width=\"1920\" controls src=\"https:\/\/www.hsu-hh.de\/psyaow\/wp-content\/uploads\/sites\/834\/2022\/09\/Staerken-und-Ressourcentraining-Trailer-2022.mp4\"><\/video><\/figure>\n\n\n\n<div class=\"wp-block-columns is-layout-flex wp-container-core-columns-is-layout-9d6595d7 wp-block-columns-is-layout-flex\">\n<div class=\"wp-block-column is-layout-flow wp-block-column-is-layout-flow\"><\/div>\n<\/div>\n\n\n\n<div class=\"wp-block-columns is-layout-flex wp-container-core-columns-is-layout-9d6595d7 wp-block-columns-is-layout-flex\">\n<div class=\"wp-block-column is-layout-flow wp-block-column-is-layout-flow\">\n<div style=\"height:54px\" aria-hidden=\"true\" class=\"wp-block-spacer\"><\/div>\n<\/div>\n<\/div>\n\n\n\n<h2 class=\"wp-block-heading\">Interessiert? Ausprobieren!<\/h2>\n\n\n\n<div class=\"wp-block-media-text alignwide is-stacked-on-mobile\" style=\"grid-template-columns:32% auto\"><figure class=\"wp-block-media-text__media\"><img loading=\"lazy\" decoding=\"async\" width=\"1024\" height=\"557\" src=\"https:\/\/www.hsu-hh.de\/psyaow\/wp-content\/uploads\/sites\/834\/2022\/09\/SRT1-1024x557.png\" data-credit=\" \" alt=\" \" class=\"wp-image-2835 size-full\" srcset=\"https:\/\/www.hsu-hh.de\/psyaow\/wp-content\/uploads\/sites\/834\/2022\/09\/SRT1-1024x557.png 1024w, https:\/\/www.hsu-hh.de\/psyaow\/wp-content\/uploads\/sites\/834\/2022\/09\/SRT1-300x163.png 300w, https:\/\/www.hsu-hh.de\/psyaow\/wp-content\/uploads\/sites\/834\/2022\/09\/SRT1-768x418.png 768w, https:\/\/www.hsu-hh.de\/psyaow\/wp-content\/uploads\/sites\/834\/2022\/09\/SRT1-1100x598.png 1100w, https:\/\/www.hsu-hh.de\/psyaow\/wp-content\/uploads\/sites\/834\/2022\/09\/SRT1.png 1280w\" sizes=\"auto, (max-width: 1024px) 100vw, 1024px\" \/><\/figure><div class=\"wp-block-media-text__content\">\n<ul class=\"wp-block-list\">\n<li>Sie&nbsp;m\u00f6chten Ihre Ressourcen entdecken und besser nutzen?<\/li>\n\n\n\n<li>Ihnen gehen oftmals wiederkehrende&nbsp;Gedanken durch den Kopf und&nbsp;Ihnen f\u00e4llt es schwer, sich zu konzentrieren?<\/li>\n\n\n\n<li>Sie m\u00f6chten eine neue Sichtweise auf sich und Ihre Umwelt gewinnen?<\/li>\n\n\n\n<li>Sie w\u00fcnschen sich einfach mehr Zeit f\u00fcr sich und wollen&nbsp;sich was Gutes tun?<\/li>\n\n\n\n<li>Sie suchen einen Weg, mit h\u00e4ufigem Gr\u00fcbeln und Sorgen umzugehen?<\/li>\n\n\n\n<li>Sie&nbsp;suchen nach Wegen, weniger gestresst und daf\u00fcr gelassener zu werden?<\/li>\n\n\n\n<li>Dann ist das St\u00e4rken- und Ressourcentraining genau das Richtige!<\/li>\n<\/ul>\n<\/div><\/div>\n\n\n\n<div class=\"wp-block-columns is-layout-flex wp-container-core-columns-is-layout-9d6595d7 wp-block-columns-is-layout-flex\">\n<div class=\"wp-block-column is-layout-flow wp-block-column-is-layout-flow\">\n<div style=\"height:66px\" aria-hidden=\"true\" class=\"wp-block-spacer\"><\/div>\n<\/div>\n<\/div>\n\n\n\n<h2 class=\"wp-block-heading\">Konzeptionsteam des St\u00e4rken- und Ressourcentrainings<\/h2>\n\n\n\n<div class=\"wp-block-columns is-layout-flex wp-container-core-columns-is-layout-9d6595d7 wp-block-columns-is-layout-flex\">\n<div class=\"wp-block-column is-layout-flow wp-block-column-is-layout-flow\"><div class=\"wp-block-image is-style-rounded\">\n<figure class=\"aligncenter size-large is-resized\"><img loading=\"lazy\" decoding=\"async\" width=\"516\" height=\"582\" src=\"https:\/\/www.hsu-hh.de\/psyaow\/wp-content\/uploads\/sites\/834\/2020\/06\/Annika_002_web2kl.jpg\" data-credit=\"Tobias Sauer Photographie\" alt=\"Bild\" class=\"wp-image-680\" style=\"width:184px;height:207px\" srcset=\"https:\/\/www.hsu-hh.de\/psyaow\/wp-content\/uploads\/sites\/834\/2020\/06\/Annika_002_web2kl.jpg 516w, https:\/\/www.hsu-hh.de\/psyaow\/wp-content\/uploads\/sites\/834\/2020\/06\/Annika_002_web2kl-266x300.jpg 266w\" sizes=\"auto, (max-width: 516px) 100vw, 516px\" \/><\/figure>\n<\/div>\n\n\n<p><\/p>\n<\/div>\n\n\n\n<div class=\"wp-block-column is-vertically-aligned-top is-layout-flow wp-block-column-is-layout-flow\"><div class=\"wp-block-image is-style-rounded\">\n<figure class=\"aligncenter size-full is-resized\"><img loading=\"lazy\" decoding=\"async\" width=\"377\" height=\"433\" src=\"https:\/\/www.hsu-hh.de\/psyaow\/wp-content\/uploads\/sites\/834\/2023\/06\/Joerg2023.png\" data-credit=\" \" alt=\"\" class=\"wp-image-3341\" style=\"width:188px;height:215px\" srcset=\"https:\/\/www.hsu-hh.de\/psyaow\/wp-content\/uploads\/sites\/834\/2023\/06\/Joerg2023.png 377w, https:\/\/www.hsu-hh.de\/psyaow\/wp-content\/uploads\/sites\/834\/2023\/06\/Joerg2023-261x300.png 261w\" sizes=\"auto, (max-width: 377px) 100vw, 377px\" \/><\/figure>\n<\/div><\/div>\n\n\n\n<div class=\"wp-block-column is-layout-flow wp-block-column-is-layout-flow\"><div class=\"wp-block-image is-style-rounded\">\n<figure class=\"aligncenter size-large is-resized\"><img loading=\"lazy\" decoding=\"async\" width=\"178\" height=\"225\" src=\"https:\/\/www.hsu-hh.de\/psyaow\/wp-content\/uploads\/sites\/834\/2020\/02\/Renner.jpg\" data-credit=\" \" alt=\" \" class=\"wp-image-551\" style=\"width:162px;height:205px\" \/><\/figure>\n<\/div><\/div>\n<\/div>\n\n\n\n<div class=\"wp-block-columns is-layout-flex wp-container-core-columns-is-layout-9d6595d7 wp-block-columns-is-layout-flex\">\n<div class=\"wp-block-column is-layout-flow wp-block-column-is-layout-flow\">\n<p class=\"has-text-align-center\"><abbr title=\"Privatdozent\">PD<\/abbr> <abbr title=\"Doktor\">Dr.<\/abbr> Annika Krick<\/p>\n<\/div>\n\n\n\n<div class=\"wp-block-column is-layout-flow wp-block-column-is-layout-flow\">\n<p class=\"has-text-align-center\"><abbr title=\"Professor\">Prof.<\/abbr> <abbr title=\"Doktor\">Dr.<\/abbr> J\u00f6rg Felfe<\/p>\n<\/div>\n\n\n\n<div class=\"wp-block-column is-layout-flow wp-block-column-is-layout-flow\">\n<p class=\"has-text-align-center\"><abbr title=\"Professor\">Prof.<\/abbr> <abbr title=\"Doktor\">Dr.<\/abbr> Karl-Heinz Renner<\/p>\n<\/div>\n<\/div>\n\n\n\n<div class=\"wp-block-columns is-layout-flex wp-container-core-columns-is-layout-9d6595d7 wp-block-columns-is-layout-flex\">\n<div class=\"wp-block-column is-layout-flow wp-block-column-is-layout-flow\"><\/div>\n<\/div>\n\n\n\n<div class=\"wp-block-columns is-layout-flex wp-container-core-columns-is-layout-9d6595d7 wp-block-columns-is-layout-flex\">\n<div class=\"wp-block-column is-layout-flow wp-block-column-is-layout-flow\"><\/div>\n<\/div>\n\n\n\n<div class=\"wp-block-columns is-layout-flex wp-container-core-columns-is-layout-9d6595d7 wp-block-columns-is-layout-flex\">\n<div class=\"wp-block-column is-layout-flow wp-block-column-is-layout-flow\">\n<div style=\"height:53px\" aria-hidden=\"true\" class=\"wp-block-spacer\"><\/div>\n<\/div>\n<\/div>\n\n\n\n<div class=\"wp-block-columns is-layout-flex wp-container-core-columns-is-layout-9d6595d7 wp-block-columns-is-layout-flex\">\n<div class=\"wp-block-column is-layout-flow wp-block-column-is-layout-flow\"><\/div>\n<\/div>\n\n\n\n<h2 class=\"wp-block-heading\">Literatur zum St\u00e4rken- und Ressourcentraining<\/h2>\n\n\n\n<ul class=\"wp-block-list\">\n<li>Krick, A., &amp; Felfe, J.<strong> <\/strong>(2023). Comparing the effectiveness of Mindfulness-based Intervention and Progressive Muscle Relaxation in a military context. <em>Mindfulness. <\/em>https:\/\/doi.org\/10.1007\/s12671-023-02281-7 <span><a href=\"\" rel='nofollow'><img decoding=\"async\" title=\"In Citavi anzeigen\" class=\"citavipicker\" style=\"border: 0px none!important;width: 24px!important;height: 16px!important;margin-left:1px !important;margin-right:1px !important\" src=\"\/\/www.w3.org\/2000\/svg' width='24.802' height='16' viewBox='0 0 24.802 16'%3E%3Cg id='Group_103' data-name='Group 103'%3E%3Cpath id='Path_107' data-name='Path 107' d='M8,15.5A7.5,7.5,0,1,1,15.5,8,7.508,7.508,0,0,1,8,15.5Z' fill='%23fff'\/%3E%3Cpath id='Path_108' data-name='Path 108' d='M8,1A7,7,0,1,1,1,8,7.008,7.008,0,0,1,8,1M8,0a8,8,0,1,0,8,8A8,8,0,0,0,8,0Z' fill='%23d52b1e'\/%3E%3C\/g%3E%3Cpath id='Path_109' data-name='Path 109' d='M6.745,12.589a1.75,1.75,0,0,1-.684.247c-.318,0-.5-.164-.5-.452,0-.207.14-.375.595-.622A4.611,4.611,0,0,0,8.749,8.041c0-.825-.227-1.119-.681-1.119-.135,0-.32.219-.636.219H7.157A1.851,1.851,0,0,1,5.333,5.23a2.091,2.091,0,0,1,2.28-2.006c1.777,0,3.053,1.373,3.053,3.43a6.673,6.673,0,0,1-3.921,5.935' fill='%23d52b1e'\/%3E%3Cg id='Path_1429' data-name='Path 1429' transform='translate(5.445 -2.124)' fill='%235dd95d'%3E%3Cpath d='M 9.249787330627441 17.17169380187988 L 4.762476921081543 12.68437480926514 L 7.214956283569336 10.23189544677734 L 9.015677452087402 12.03262424468994 L 9.369227409362793 12.38618469238281 L 9.722777366638184 12.03262424468994 L 16.32264709472656 5.432744979858398 L 18.65010833740234 7.760213375091553 L 9.249787330627441 17.17169380187988 Z' stroke='none'\/%3E%3Cpath d='M 9.249578475952148 16.46436309814453 L 17.94319725036621 7.760422229766846 L 16.32264709472656 6.139865875244141 L 10.07633686065674 12.38618469238281 L 9.369227409362793 13.09329414367676 L 8.662117004394531 12.38618469238281 L 7.214955806732178 10.93901634216309 L 5.469596385955811 12.68437480926514 L 9.249578475952148 16.46436309814453 M 9.249997138977051 17.87900352478027 L 4.05537748336792 12.68437385559082 L 7.214957237243652 9.524794578552246 L 9.369227409362793 11.67907428741455 L 16.32264709472656 4.725644111633301 L 19.35699653625488 7.76000452041626 L 9.249997138977051 17.87900352478027 Z' stroke='none' fill='%23fff'\/%3E%3C\/g%3E%3C\/svg%3E%0A\"><\/a><\/span> <span><a href=\"\" rel='nofollow'><img decoding=\"async\" title=\"In Citavi anzeigen\" class=\"citavipicker\" style=\"border: 0px none!important;width: 24px!important;height: 16px!important;margin-left:1px !important;margin-right:1px !important\" src=\"\/\/www.w3.org\/2000\/svg' width='24.802' height='16' viewBox='0 0 24.802 16'%3E%3Cg id='Group_103' data-name='Group 103'%3E%3Cpath id='Path_107' data-name='Path 107' d='M8,15.5A7.5,7.5,0,1,1,15.5,8,7.508,7.508,0,0,1,8,15.5Z' fill='%23fff'\/%3E%3Cpath id='Path_108' data-name='Path 108' d='M8,1A7,7,0,1,1,1,8,7.008,7.008,0,0,1,8,1M8,0a8,8,0,1,0,8,8A8,8,0,0,0,8,0Z' fill='%23d52b1e'\/%3E%3C\/g%3E%3Cpath id='Path_109' data-name='Path 109' d='M6.745,12.589a1.75,1.75,0,0,1-.684.247c-.318,0-.5-.164-.5-.452,0-.207.14-.375.595-.622A4.611,4.611,0,0,0,8.749,8.041c0-.825-.227-1.119-.681-1.119-.135,0-.32.219-.636.219H7.157A1.851,1.851,0,0,1,5.333,5.23a2.091,2.091,0,0,1,2.28-2.006c1.777,0,3.053,1.373,3.053,3.43a6.673,6.673,0,0,1-3.921,5.935' fill='%23d52b1e'\/%3E%3Cg id='Path_1429' data-name='Path 1429' transform='translate(5.445 -2.124)' fill='%235dd95d'%3E%3Cpath d='M 9.249787330627441 17.17169380187988 L 4.762476921081543 12.68437480926514 L 7.214956283569336 10.23189544677734 L 9.015677452087402 12.03262424468994 L 9.369227409362793 12.38618469238281 L 9.722777366638184 12.03262424468994 L 16.32264709472656 5.432744979858398 L 18.65010833740234 7.760213375091553 L 9.249787330627441 17.17169380187988 Z' stroke='none'\/%3E%3Cpath d='M 9.249578475952148 16.46436309814453 L 17.94319725036621 7.760422229766846 L 16.32264709472656 6.139865875244141 L 10.07633686065674 12.38618469238281 L 9.369227409362793 13.09329414367676 L 8.662117004394531 12.38618469238281 L 7.214955806732178 10.93901634216309 L 5.469596385955811 12.68437480926514 L 9.249578475952148 16.46436309814453 M 9.249997138977051 17.87900352478027 L 4.05537748336792 12.68437385559082 L 7.214957237243652 9.524794578552246 L 9.369227409362793 11.67907428741455 L 16.32264709472656 4.725644111633301 L 19.35699653625488 7.76000452041626 L 9.249997138977051 17.87900352478027 Z' stroke='none' fill='%23fff'\/%3E%3C\/g%3E%3C\/svg%3E%0A\"><\/a><\/span><\/li>\n\n\n\n<li><span style=\"font-size: revert;color: initial\">Krick, K.,&nbsp;Felfe, J.,&nbsp;&amp; Klug, K. (2021). Building Resilience: Trajectories of Heart Rate Variability During a Mindfulness-based Intervention and the Role of Individual and Social Characteristics.&nbsp;<\/span><em style=\"font-size: revert;color: initial\"><em>International Journal of Stress Management<\/em>, <em>28<\/em>(3), 220\u2013231.<\/em><\/li>\n\n\n\n<li>Felfe, J., Klebe, L., Klug, K.,&nbsp;Krick, A.,&nbsp;&amp; Ducki, A. (2021). Pr\u00e4vention auch in der Krise? \u2013 Bedeutung gesundheitsf\u00f6rderlicher F\u00fchrung. In B. Badura, A. Ducki, M. Meyer, &amp; H. Schr\u00f6der (<abbr title=\"Herausgeber\">Hrsg.<\/abbr>),&nbsp;<em>Fehlzeiten-Report 2021&nbsp;<\/em>(S. 279-293)<em>.&nbsp;<\/em>Heidelberg: Springer.<\/li>\n\n\n\n<li>Krick, A.,&nbsp;Felfe, J., &amp; Renner, K.-H. (2021). Gesundheit erfolgreich und bedarfsgerecht f\u00f6rdern! In Bundesministerium der Verteidigung (<abbr title=\"Herausgeber\">Hrsg.<\/abbr>),&nbsp;<em>Wehrwissenschaftliche Forschung \u2013 Jahresbericht 2020: Wehrwissenschaftliche Forschung f\u00fcr deutsche Streitkr\u00e4fte<\/em>&nbsp;(S. 66-67).&nbsp;Verf\u00fcgbar unter:&nbsp;<a href=\"https:\/\/www.bmvg.de\/resource\/blob\/5109554\/c03a2b5b5dd2d634cc073dbe675a747c\/jahresbericht-wehrwissenschaftliche-forschung-2020-data.pdf\" rel='nofollow'>https:\/\/www.bmvg.de\/resource\/blob\/5109554\/c03a2b5b5dd2d634cc073dbe675a747c\/jahresbericht-wehrwissenschaftliche-forschung-2020-data.pdf<\/a><\/li>\n\n\n\n<li>Renner, K.-H.,&nbsp;Krick, A.,&nbsp;Riedl, L., &amp; Felfe, J. (2021). \u201eMythos Multitasking\u201c und die \u201ePrise Selbstoptimierung\u201c \u2013 Stresspr\u00e4vention und Ressourcenf\u00f6rderung.&nbsp;<em>Wehrmedizin &amp; Wehrpharmazie.&nbsp;<\/em>Verf\u00fcgbar unter:&nbsp;<a href=\"https:\/\/wehrmed.de\/humanmedizin\/mythos-multitasking-eine-prise-selbstoptimierung-stresspraevention-ressourcenfoerderung.html\" rel='nofollow'>https:\/\/wehrmed.de\/humanmedizin\/mythos-multitasking-eine-prise-selbstoptimierung-stresspraevention-ressourcenfoerderung.html<\/a><\/li>\n\n\n\n<li>Krick, A.,&nbsp;&amp; Felfe, J. (2020). Who benefits from mindfulness? The moderating role of personality and social norms for the effectiveness on psychological and physiological outcomes among police officers.&nbsp;<em>Journal of Occupational Health Psychology, 25<\/em>(2), 99-112.<\/li>\n\n\n\n<li>Krick, A.,&nbsp;&amp; Felfe, J. (2020). Wirksamkeitspr\u00fcfung eines achtsamkeitsbasierten Ressourcentrainings bez\u00fcglich psychologischer und physiologischer Kriterien bei Polizeibeamten\/innen. &nbsp;In R. Trimpop, A. Fischbach, I. Seliger, A. Lynnyk, N. Kleineidam &amp; A. Gro\u00dfe-J\u00e4ger (<abbr title=\"Herausgeber\">Hrsg.<\/abbr>),&nbsp;<em>21. Workshop Psychologie der Arbeitssicherheit und Gesundheit Gewalt in der Arbeit verh\u00fcten und die Zukunft gesundheitsf\u00f6rderlich gestalten!<\/em>&nbsp;(S. 295\u2013298). Kr\u00f6ning: Asanger Verlag.<\/li>\n\n\n\n<li>Krick, A.,&nbsp;&amp; Felfe, J. (2019).&nbsp;Ressourcen st\u00e4rken: Gesund f\u00fchren \u2013 das St\u00e4rken- und Ressourcentraining.&nbsp;In&nbsp;A. Fischbach &amp; P. W. Lichtenthaler (<abbr title=\"Herausgeber\">Hrsg.<\/abbr>),&nbsp;<em>Gesundheit in der Polizei Neue Erkenntnisse aus Wissenschaft und Praxis&nbsp;<\/em>(S. 113-129). Frankfurt am Main:&nbsp;Polizei &amp; Wissenschaft.<\/li>\n\n\n\n<li>Felfe, J.,&nbsp;Krick, A.,&nbsp;&amp; Ducki, A. (2019). Gesundheitsf\u00f6rderliche F\u00fchrung erfolgreich umsetzen. In S. Bergner, J. Flei\u00df &amp; A. Gutschelhofer (<abbr title=\"Herausgeber\">Hrsg.<\/abbr>),&nbsp;<em>Wandel gestalten \u2013 Herausforderungen und Ergebnisse der empirischen Managementforschung<\/em>&nbsp;(S. 23-41). Graz: Grazer Universit\u00e4tsverlag &amp; Leykam.<\/li>\n\n\n\n<li>Krick, A.,&nbsp;Felfe, J., &amp; Renner, K.H. (2018).&nbsp;<em>St\u00e4rken- und Ressourcentraining \u2013 Ein Gruppentraining zur Gesundheitspr\u00e4vention am Arbeitsplatz.<\/em>&nbsp;G\u00f6ttingen: Hogrefe.<\/li>\n\n\n\n<li>Felfe, J., Pundt, F., &amp;&nbsp;Krick, A.&nbsp;(2017). Gesundheitsf\u00f6rderliche F\u00fchrung = Ressource f\u00fcr Mitarbeiter\/-innen \u2013 Belastung f\u00fcr F\u00fchrungskr\u00e4fte?. In C. Busch, A. Ducki, J. Dettmers &amp; H. Witt (<abbr title=\"Herausgeber\">Hrsg.<\/abbr>),<em>&nbsp;Der Wert der Arbeit<\/em>&nbsp;(S. 241-255).&nbsp;Hampp Verlag.<\/li>\n<\/ul>\n\n\n\n<p><\/p>\n\n\n\n<p><\/p>\n\n\n\n<div style=\"height:66px\" aria-hidden=\"true\" class=\"wp-block-spacer\"><\/div>\n\n\n\n<div class=\"wp-block-columns is-layout-flex wp-container-core-columns-is-layout-9d6595d7 wp-block-columns-is-layout-flex\">\n<div class=\"wp-block-column is-layout-flow wp-block-column-is-layout-flow\">\n<div class=\"wp-block-columns is-layout-flex wp-container-core-columns-is-layout-9d6595d7 wp-block-columns-is-layout-flex\">\n<div class=\"wp-block-column is-layout-flow wp-block-column-is-layout-flow\"><\/div>\n<\/div>\n<\/div>\n<\/div>\n\n\n\n<p>Bei Fragen zum St\u00e4rken- und Ressourcentraining wenden Sie sich an Staerken_Ressourcentraining@hsu-hh.de. <\/p>\n","protected":false},"excerpt":{"rendered":"<p>Allgemeines und Informationen zum Training Das St\u00e4rken- und Ressourcentraining ist ein multimodales Training und umfasst 6 Termine in w\u00f6chentlichem Abstand mit einer Dauer von jeweils 90 Minuten Hier gibt es [&hellip;]<\/p>\n","protected":false},"author":2430,"featured_media":0,"parent":164,"menu_order":0,"comment_status":"closed","ping_status":"closed","template":"","meta":{"footnotes":""},"categories":[4],"tags":[],"class_list":["post-166","page","type-page","status-publish","hentry","category-forschung"],"_links":{"self":[{"href":"https:\/\/www.hsu-hh.de\/psyaow\/wp-json\/wp\/v2\/pages\/166","targetHints":{"allow":["GET"]}}],"collection":[{"href":"https:\/\/www.hsu-hh.de\/psyaow\/wp-json\/wp\/v2\/pages"}],"about":[{"href":"https:\/\/www.hsu-hh.de\/psyaow\/wp-json\/wp\/v2\/types\/page"}],"author":[{"embeddable":true,"href":"https:\/\/www.hsu-hh.de\/psyaow\/wp-json\/wp\/v2\/users\/2430"}],"replies":[{"embeddable":true,"href":"https:\/\/www.hsu-hh.de\/psyaow\/wp-json\/wp\/v2\/comments?post=166"}],"version-history":[{"count":56,"href":"https:\/\/www.hsu-hh.de\/psyaow\/wp-json\/wp\/v2\/pages\/166\/revisions"}],"predecessor-version":[{"id":4358,"href":"https:\/\/www.hsu-hh.de\/psyaow\/wp-json\/wp\/v2\/pages\/166\/revisions\/4358"}],"up":[{"embeddable":true,"href":"https:\/\/www.hsu-hh.de\/psyaow\/wp-json\/wp\/v2\/pages\/164"}],"wp:attachment":[{"href":"https:\/\/www.hsu-hh.de\/psyaow\/wp-json\/wp\/v2\/media?parent=166"}],"wp:term":[{"taxonomy":"category","embeddable":true,"href":"https:\/\/www.hsu-hh.de\/psyaow\/wp-json\/wp\/v2\/categories?post=166"},{"taxonomy":"post_tag","embeddable":true,"href":"https:\/\/www.hsu-hh.de\/psyaow\/wp-json\/wp\/v2\/tags?post=166"}],"curies":[{"name":"wp","href":"https:\/\/api.w.org\/{rel}","templated":true}]}}