{"id":1406,"date":"2021-06-15T14:40:09","date_gmt":"2021-06-15T12:40:09","guid":{"rendered":"https:\/\/www.hsu-hh.de\/psyaow\/?page_id=1406"},"modified":"2022-09-16T11:54:02","modified_gmt":"2022-09-16T09:54:02","slug":"kurzbeitraege-und-berichte-short-chapters-and-reports","status":"publish","type":"page","link":"https:\/\/www.hsu-hh.de\/psyaow\/publikationen\/kurzbeitraege-und-berichte-short-chapters-and-reports\/","title":{"rendered":"Kurzbeitr\u00e4ge und (Projekt-)Berichte (short chapters and reports)"},"content":{"rendered":"\n<ul class=\"wp-block-list\"><li>Gubernator, P., Hauff, S., <strong>Felfe, J.,<\/strong> Krick, A., &amp; Renner, K.-H. (2022). <em>Wie Organisationen das Wohlbefinden ihrer Besch\u00e4ftigten im Homeoffice f\u00f6rdern k\u00f6nnen. <\/em>Verf\u00fcgbar unter: <a href=\"https:\/\/psychologische-coronahilfe.de\/beitrag\/wie-organisationen-das-wohlbefinden-ihrer-beschaeftigten-im-homeoffice-foerdern-koennen\/\" rel='nofollow'>https:\/\/psychologische-coronahilfe.de\/beitrag\/wie-organisationen-das-wohlbefinden-ihrer-beschaeftigten-im-homeoffice-foerdern-koennen\/<\/a><\/li><li>Krick, A., <strong>Felfe, J.,<\/strong> Neidlinger, S.M., Klebe, L., Tautz, D., Sch\u00fcbbe, K., Frontzkowski, Y., Gubernator, P., Hauff, S., &amp; Renner, K.-H. (2022). <em>Auswirkungen von Homeoffice: Ergebnisse einer bundesweiten Studie mit F\u00fchrungskr\u00e4ften und Mitarbeitenden.<\/em>&nbsp;<a href=\"https:\/\/www.hsu-hh.de\/psyaow\/newsblog-aus-unserem-dtec-projekt-digital-leadership-and-health\/\">https:\/\/www.hsu-hh.de\/psyaow\/newsblog-aus-unserem-dtec-projekt-digital-leadership-and-health\/<\/a><\/li><li>Renner, K.-H.,&nbsp;Krick, A.,&nbsp;Riedl, L., &amp;&nbsp;<strong>Felfe, J.<\/strong>&nbsp;(2021).&nbsp;<em>Bedarfsgerechte Stresspr\u00e4vention und Ressourcenf\u00f6rderung im BGM Rollout der Bundeswehr. Projektbericht (unver\u00f6ffentlicht):&nbsp;<\/em>Universit\u00e4t der Bundeswehr M\u00fcnchen.<\/li><li><strong>Felfe, J.,<\/strong>&nbsp;Krick, A.,&nbsp;Wunderlich, I., &amp; Renner, K.-H. (2020).&nbsp;<em>Untersuchung von Nicht-Teilnahme (non response) am Betrieblichen Gesundheitsmanagement \u2013 Ursachen und Gegenma\u00dfnahmen Endbericht \u00fcber die Ergebnisse der qualitativen Interviewstudie sowie der quantitativen Gesamtbefragung.<\/em>&nbsp;Projektbericht (unver\u00f6ffentlicht): Helmut-Schmidt-Universit\u00e4t.<\/li><li>Krick, A.,&nbsp;Hartel E., Brunner, H., Moszeik, E.,&nbsp;<strong>Felfe, J.,&nbsp;<\/strong>&amp; Renner, K.-H. (2016).&nbsp;<em>Manual zum St\u00e4rken- und Ressourcentraining. Manual (unver\u00f6ffentlicht)<\/em>:&nbsp;Helmut-Schmidt-Universit\u00e4t und Universit\u00e4t der Bundeswehr M\u00fcnchen.<\/li><li>Renner, K.-H., Brunner, H., Hartel, E., Felfe, J.,&nbsp;<strong>Krick, A.,<\/strong>&nbsp;&amp; Stein, M. (2016).&nbsp;<em>Entwicklung und Erprobung von Trainingsprogrammen zur Stresspr\u00e4vention und Ressourcenf\u00f6rderung im Rahmen des BGF-Pilotprojekts der Bundeswehr.<\/em>&nbsp;Projektbericht (unver\u00f6ffentlicht): Universit\u00e4t der Bundeswehr M\u00fcnchen.<\/li><li>Felfe, J., Elprana, G., Klamar, A.,&nbsp;<strong>Krick, A.,<\/strong>&nbsp;Stein, M., R\u00f6ttger, S., &amp; Renner, K.-H. (2016).&nbsp;<em>Analyse der Bedeutung von BGF\u2010Ma\u00dfnahmen f\u00fcr das individuelle Gesundheitserleben sowie das Commitment, die Arbeitgeberattraktivit\u00e4t und die Zufriedenheit der Besch\u00e4ftigten im Rahmen der Gesamtevaluation des BGF\u2010Pilotprojekts der Bundeswehr.&nbsp;<\/em>Projektbericht (unver\u00f6ffentlicht):&nbsp;Helmut-Schmidt-Universit\u00e4t.<\/li><li><strong>Felfe, J.<\/strong>, Six, B., &amp; Schmook, R. (2004).<em>&nbsp;The influence of cultural differences on leadership and commitment.<\/em>&nbsp;Paper presented on the 1st Conference on Cross-cultural Leadership and Management Studies, Juni 2004 in Seoul.<\/li><li><strong>Felfe, J.<\/strong>,&nbsp; &amp; Liepmann, D. (2004).&nbsp;<em>Skalendokumentation: Instrumente zur Mitarbeiterbefragung.<\/em>&nbsp;Unver\u00f6ffentlichter Bericht: Berlin und Halle.<\/li><li><strong>Felfe, J.<\/strong>, &amp; Liepmann, D. (2003).&nbsp;<em>Qualifizierungsbedarfsanalyse im Rahmen der Erstellung eines Konzepts f\u00fcr die bedarfsgerechte Qualifizierung und Heranbildung von Fachkr\u00e4ften.<\/em>&nbsp;Bericht: Europ\u00e4ische Union und Freistaat Sachsen.<\/li><li><strong>Felfe, J.<\/strong>, &amp; Liepmann, D. (2003).&nbsp;<em>Evaluation des Kooperativen Modells.<\/em>&nbsp;Bericht: Europ\u00e4ische Union und Landesregierung Brandenburg.<\/li><li>Six, B.,&nbsp;<strong>Felfe, J.<\/strong>, Schmook, R., &amp; Knorz, C. (2001).&nbsp;<em>Commitment in neuen Arbeits- und Organisationsformen.<\/em>&nbsp;Universit\u00e4t Halle: Forschungsbericht.<\/li><li><strong>Felfe, J.<\/strong>, &amp; Goihl, K. (2002). Deutsche \u00fcberarbeitete und erg\u00e4nzte Version des &#8222;Multifactor Leadership Questionnaire&#8220; (MLQ). In A. Gl\u00f6ckner-Rist (<abbr title=\"Herausgeber\">Hrsg.<\/abbr>),&nbsp;<em>ZUMA-Informationssystem. Elektronisches Handbuch sozialwissenschaftlicher Erhebungsinstrumente.<\/em>&nbsp;Version 5.00. Mannheim: Zentrum f\u00fcr Umfragen, Methoden und Analysen.<\/li><li><strong>Felfe, J.<\/strong>, Six, B., &amp; Schmook, R. (2002). Fragebogen zur Erfassung von affektivem, kalkulatorischem und normativem Commitment gegen\u00fcber der Organisation, dem Beruf\/der T\u00e4tigkeit und der Besch\u00e4ftigungsform (COBB). In A. Gl\u00f6ckner-Rist (<abbr title=\"Herausgeber\">Hrsg.<\/abbr>),&nbsp;<em>ZUMA-Informationssystem. Elektronisches Handbuch sozialwissenschaftlicher Erhebungsinstrumente.<\/em>&nbsp;Version 5.00. Mannheim: Zentrum f\u00fcr Umfragen, Methoden und Analysen.<\/li><li>Liepmann, D.,&nbsp;<strong>Felfe, J.<\/strong>, Resetka, H.-J., &amp; v. Gilardi, R. (1992).&nbsp;<em>Ausbilderqualifizierung. Kompetenz &#8211; Informationsdienst zur integrierten Ausbilderqualifizierung in den neuen Bundesl\u00e4ndern, 3.<\/em>&nbsp;Berlin, Bonn: IFA-Verlag.<\/li><li>Liepmann, D., Marggraf, C.,&nbsp;<strong>Felfe, J.<\/strong>, &amp; v. Gilardi R. (1993). Qualifizierung in der beruflichen Bildung. In Bundesinstitut f\u00fcr Berufsbildung (<abbr title=\"Herausgeber\">Hrsg.<\/abbr>),&nbsp;<em>Entwicklungstendenzen und L\u00f6sungswege.<\/em>&nbsp;N\u00fcrnberg: Bildung und Wissen.<\/li><li><strong>Felfe, J.<\/strong>, &amp; Liepmann, D. (1998). Nutzung des Internets: Unternehmen in den neuen Bundesl\u00e4ndern.&nbsp;<em>Berufsbildung in Wissenschaft und Praxis, 27<\/em>(6), 45\u201349.<\/li><\/ul>\n","protected":false},"excerpt":{"rendered":"<p>Gubernator, P., Hauff, S., Felfe, J., Krick, A., &amp; Renner, K.-H. (2022). Wie Organisationen das Wohlbefinden ihrer Besch\u00e4ftigten im Homeoffice f\u00f6rdern k\u00f6nnen. Verf\u00fcgbar unter: https:\/\/psychologische-coronahilfe.de\/beitrag\/wie-organisationen-das-wohlbefinden-ihrer-beschaeftigten-im-homeoffice-foerdern-koennen\/ Krick, A., Felfe, J., Neidlinger, [&hellip;]<\/p>\n","protected":false},"author":2430,"featured_media":0,"parent":153,"menu_order":0,"comment_status":"closed","ping_status":"closed","template":"","meta":{"footnotes":""},"categories":[4],"tags":[],"class_list":["post-1406","page","type-page","status-publish","hentry","category-forschung"],"_links":{"self":[{"href":"https:\/\/www.hsu-hh.de\/psyaow\/wp-json\/wp\/v2\/pages\/1406","targetHints":{"allow":["GET"]}}],"collection":[{"href":"https:\/\/www.hsu-hh.de\/psyaow\/wp-json\/wp\/v2\/pages"}],"about":[{"href":"https:\/\/www.hsu-hh.de\/psyaow\/wp-json\/wp\/v2\/types\/page"}],"author":[{"embeddable":true,"href":"https:\/\/www.hsu-hh.de\/psyaow\/wp-json\/wp\/v2\/users\/2430"}],"replies":[{"embeddable":true,"href":"https:\/\/www.hsu-hh.de\/psyaow\/wp-json\/wp\/v2\/comments?post=1406"}],"version-history":[{"count":6,"href":"https:\/\/www.hsu-hh.de\/psyaow\/wp-json\/wp\/v2\/pages\/1406\/revisions"}],"predecessor-version":[{"id":2794,"href":"https:\/\/www.hsu-hh.de\/psyaow\/wp-json\/wp\/v2\/pages\/1406\/revisions\/2794"}],"up":[{"embeddable":true,"href":"https:\/\/www.hsu-hh.de\/psyaow\/wp-json\/wp\/v2\/pages\/153"}],"wp:attachment":[{"href":"https:\/\/www.hsu-hh.de\/psyaow\/wp-json\/wp\/v2\/media?parent=1406"}],"wp:term":[{"taxonomy":"category","embeddable":true,"href":"https:\/\/www.hsu-hh.de\/psyaow\/wp-json\/wp\/v2\/categories?post=1406"},{"taxonomy":"post_tag","embeddable":true,"href":"https:\/\/www.hsu-hh.de\/psyaow\/wp-json\/wp\/v2\/tags?post=1406"}],"curies":[{"name":"wp","href":"https:\/\/api.w.org\/{rel}","templated":true}]}}