{"id":116,"date":"2018-01-17T14:07:04","date_gmt":"2018-01-17T13:07:04","guid":{"rendered":"https:\/\/www.hsu-hh.de\/vorlage\/?page_id=116"},"modified":"2023-02-20T15:32:34","modified_gmt":"2023-02-20T14:32:34","slug":"lehre","status":"publish","type":"page","link":"https:\/\/www.hsu-hh.de\/psyaow\/lehre\/","title":{"rendered":"Lehre"},"content":{"rendered":"\n<p>In der Lehre wirkt die Professur f\u00fcr Arbeits-, Organisations- und Wirtschaftspsychologie in den Studieng\u00e4ngen &#8222;Psychologie&#8220; und &#8222;Bildungs- und Erziehungswissenschaften&#8220; mit.<\/p>\n\n\n\n<p>Jedes Trimester bieten wir eine Reihe von Vorlesungen, Seminaren und \u00dcbungen an.<\/p>\n\n\n\n<p>Als Arbeits-, Organisations- und Wirtschaftspsychologinnen und -psychologen&nbsp;besch\u00e4ftigen wir uns mit dem Erleben und Verhalten von Menschen bei der Arbeit, in Organisationen und in gr\u00f6\u00dferen wirtschaftlichen Zusammenh\u00e4ngen.<\/p>\n\n\n\n<p>Unter anderem bieten wir folgende Veranstaltungen an:<\/p>\n\n\n\n<ul class=\"wp-block-list\">\n<li>Masterstudium Psychologie\n<ul class=\"wp-block-list\">\n<li>Organisationsdiagnostik<\/li>\n\n\n\n<li>Beratung &amp; Intervention III<\/li>\n\n\n\n<li>Leadership I\/ II<\/li>\n\n\n\n<li>Urteilen und Entscheiden II\/2<\/li>\n\n\n\n<li>Human Factors III<\/li>\n<\/ul>\n<\/li>\n\n\n\n<li>Bachelorstudium Psychologie\n<ul class=\"wp-block-list\">\n<li>Einf\u00fchrung in die Psychologie<\/li>\n\n\n\n<li>Einf\u00fchrung in die Arbeits-, Organisations- und Wirtschaftspsychologie I &amp; II<\/li>\n\n\n\n<li>Gespr\u00e4chsf\u00fchrung I &amp; II<\/li>\n<\/ul>\n<\/li>\n\n\n\n<li>Masterstudium Bildungs- und Erziehungswissenschaften\n<ul class=\"wp-block-list\">\n<li>Forschungsorientierte Vertiefung in der AOW<\/li>\n\n\n\n<li>Schwerpunktvertiefung Arbeits-, Organisations- und Wirtschaftspsychologie<\/li>\n\n\n\n<li>Beratung im organisationalen Kontext<\/li>\n<\/ul>\n<\/li>\n\n\n\n<li>Bachelorstudium Bildungs- und Erziehungswissenschaften\n<ul class=\"wp-block-list\">\n<li>Grundlagen der Psychologie \u2013 Schwerpunktvertiefung AOW<\/li>\n\n\n\n<li>Einf\u00fchrung in die Psychologie<\/li>\n<\/ul>\n<\/li>\n\n\n\n<li>Interdisziplin\u00e4re Studienanteile (ISA)\n<ul class=\"wp-block-list\">\n<li>Leadership and Psychology in Organizations<\/li>\n\n\n\n<li>Einf\u00fchrung in die Arbeits-, Organisations- und Wirtschaftspsychologie<\/li>\n<\/ul>\n<\/li>\n<\/ul>\n\n\n\n<p><\/p>\n\n\n\n<div class=\"wp-block-columns is-layout-flex wp-container-core-columns-is-layout-9d6595d7 wp-block-columns-is-layout-flex\">\n<div class=\"wp-block-column is-layout-flow wp-block-column-is-layout-flow\"><\/div>\n<\/div>\n\n\n\n<p>Zus\u00e4tzlich bieten wir jedes Trimester unser AOW-Forschungsseminar an. F\u00fcr weitere Infos klicken Sie <a href=\"https:\/\/www.hsu-hh.de\/psyaow\/fosem\/\">hier<\/a>.<\/p>\n\n\n\n<p>Die Inhalte lassen sich unter dem Link Lehrveranstaltungen im Intranet finden.\u00a0Um zu unserer Intranetseite mit den Lehrveranstaltungen zu kommen, klicken sie bitte\u00a0<a href=\"https:\/\/ilias.hsu-hh.de\/goto.php?target=cat_236419&amp;client_id=unibw\" rel='nofollow'>hier<\/a>. (Zugang nur mit User-ID und Passwort)<\/p>\n","protected":false},"excerpt":{"rendered":"<p>In der Lehre wirkt die Professur f\u00fcr Arbeits-, Organisations- und Wirtschaftspsychologie in den Studieng\u00e4ngen &#8222;Psychologie&#8220; und &#8222;Bildungs- und Erziehungswissenschaften&#8220; mit. Jedes Trimester bieten wir eine Reihe von Vorlesungen, Seminaren und [&hellip;]<\/p>\n","protected":false},"author":26,"featured_media":0,"parent":0,"menu_order":0,"comment_status":"closed","ping_status":"closed","template":"","meta":{"footnotes":""},"categories":[6],"tags":[],"class_list":["post-116","page","type-page","status-publish","hentry","category-lehre"],"_links":{"self":[{"href":"https:\/\/www.hsu-hh.de\/psyaow\/wp-json\/wp\/v2\/pages\/116","targetHints":{"allow":["GET"]}}],"collection":[{"href":"https:\/\/www.hsu-hh.de\/psyaow\/wp-json\/wp\/v2\/pages"}],"about":[{"href":"https:\/\/www.hsu-hh.de\/psyaow\/wp-json\/wp\/v2\/types\/page"}],"author":[{"embeddable":true,"href":"https:\/\/www.hsu-hh.de\/psyaow\/wp-json\/wp\/v2\/users\/26"}],"replies":[{"embeddable":true,"href":"https:\/\/www.hsu-hh.de\/psyaow\/wp-json\/wp\/v2\/comments?post=116"}],"version-history":[{"count":16,"href":"https:\/\/www.hsu-hh.de\/psyaow\/wp-json\/wp\/v2\/pages\/116\/revisions"}],"predecessor-version":[{"id":3136,"href":"https:\/\/www.hsu-hh.de\/psyaow\/wp-json\/wp\/v2\/pages\/116\/revisions\/3136"}],"wp:attachment":[{"href":"https:\/\/www.hsu-hh.de\/psyaow\/wp-json\/wp\/v2\/media?parent=116"}],"wp:term":[{"taxonomy":"category","embeddable":true,"href":"https:\/\/www.hsu-hh.de\/psyaow\/wp-json\/wp\/v2\/categories?post=116"},{"taxonomy":"post_tag","embeddable":true,"href":"https:\/\/www.hsu-hh.de\/psyaow\/wp-json\/wp\/v2\/tags?post=116"}],"curies":[{"name":"wp","href":"https:\/\/api.w.org\/{rel}","templated":true}]}}