{"id":9,"date":"2016-06-07T18:09:30","date_gmt":"2016-06-07T16:09:30","guid":{"rendered":"https:\/\/webbox.hsu-hh.de\/vorlage\/?page_id=9"},"modified":"2022-04-07T11:12:53","modified_gmt":"2022-04-07T09:12:53","slug":"impressum","status":"publish","type":"page","link":"https:\/\/www.hsu-hh.de\/psy-meth\/impressum\/","title":{"rendered":"Impressum"},"content":{"rendered":"<h2>Angaben gem. \u00a7 5 Telemediengesetz<\/h2>\n<p><strong>Herausgeber<\/strong><br \/>Helmut-Schmidt-Universit\u00e4t<br \/>Universit\u00e4t der Bundeswehr Hamburg<br \/>Holstenhofweg 85<br \/>22043 Hamburg<\/p>\n<p><strong>Telefon: <\/strong>(040) 6541-1<br \/><strong>Telefax: <\/strong>(040) 6541-2869<br \/><strong>E-Mail: <\/strong><a href=\"mailto:pressestelle@hsu-hh.de\" rel='nofollow'>pressestelle@hsu-hh.de<\/a><\/p>\n<p>\u00a0<\/p>\n<p><strong>Inhaltlich Verantwortlicher gem\u00e4\u00df \u00a7 7 Telemediengesetz<\/strong><\/p>\n<p>PV Dr. Martin Hecht <br \/>Helmut-Schmidt-Universit\u00e4t\/Universit\u00e4t der Bundeswehr Hamburg<br \/>Professur f\u00fcr Psychologische Methodenlehre<br \/>Holstenhofweg 85<br \/>22043 Hamburg<\/p>\n<p>Telefon: 040 6541-3684<br \/>Telefax: 040 6541-2546<br \/>E-Mail: martin.hecht@hsu-hh.de<\/p>\n<p>\u00a0<\/p>\n<p><strong>Haftungsausschluss<\/strong><br \/>Trotz sorgf\u00e4ltiger inhaltlicher Kontrolle \u00fcbernehmen wir keine Haftung f\u00fcr die Richtigkeit, Vollst\u00e4ndigkeit und Aktualit\u00e4t unserer Webseiten sowie f\u00fcr die Inhalte externer Links. F\u00fcr den Inhalt der verlinkten Seiten sind ausschlie\u00dflich deren Betreiber verantwortlich.<\/p>\n<p><strong>Urheberrechtsvermerk<\/strong><br \/>Das Layout, s\u00e4mtliche Grafiken und Fotos sowie die Textbeitr\u00e4ge sind urheberrechtlich gesch\u00fctzt. Es gelten die gesetzlichen Bestimmungen. \u00c4nderungen d\u00fcrfen nicht vorgenommen werden. Bei Anfragen wenden Sie sich an den auf den jeweiligen Seiten erkenntlichen Autor.<\/p>\n<p>\u00a0<\/p>\n<p><strong>\u00a0<\/strong><\/p>\n\n\n<p><\/p>\n","protected":false},"excerpt":{"rendered":"<p>Angaben gem. \u00a7 5 Telemediengesetz HerausgeberHelmut-Schmidt-Universit\u00e4tUniversit\u00e4t der Bundeswehr HamburgHolstenhofweg 8522043 Hamburg Telefon: (040) 6541-1Telefax: (040) 6541-2869E-Mail: pressestelle@hsu-hh.de \u00a0 Inhaltlich Verantwortlicher gem\u00e4\u00df \u00a7 7 Telemediengesetz PV Dr. Martin Hecht Helmut-Schmidt-Universit\u00e4t\/Universit\u00e4t der [&hellip;]<\/p>\n","protected":false},"author":26,"featured_media":0,"parent":0,"menu_order":0,"comment_status":"closed","ping_status":"closed","template":"","meta":{"footnotes":""},"categories":[4],"tags":[],"class_list":["post-9","page","type-page","status-publish","hentry","category-forschung"],"_links":{"self":[{"href":"https:\/\/www.hsu-hh.de\/psy-meth\/wp-json\/wp\/v2\/pages\/9","targetHints":{"allow":["GET"]}}],"collection":[{"href":"https:\/\/www.hsu-hh.de\/psy-meth\/wp-json\/wp\/v2\/pages"}],"about":[{"href":"https:\/\/www.hsu-hh.de\/psy-meth\/wp-json\/wp\/v2\/types\/page"}],"author":[{"embeddable":true,"href":"https:\/\/www.hsu-hh.de\/psy-meth\/wp-json\/wp\/v2\/users\/26"}],"replies":[{"embeddable":true,"href":"https:\/\/www.hsu-hh.de\/psy-meth\/wp-json\/wp\/v2\/comments?post=9"}],"version-history":[{"count":4,"href":"https:\/\/www.hsu-hh.de\/psy-meth\/wp-json\/wp\/v2\/pages\/9\/revisions"}],"predecessor-version":[{"id":606,"href":"https:\/\/www.hsu-hh.de\/psy-meth\/wp-json\/wp\/v2\/pages\/9\/revisions\/606"}],"wp:attachment":[{"href":"https:\/\/www.hsu-hh.de\/psy-meth\/wp-json\/wp\/v2\/media?parent=9"}],"wp:term":[{"taxonomy":"category","embeddable":true,"href":"https:\/\/www.hsu-hh.de\/psy-meth\/wp-json\/wp\/v2\/categories?post=9"},{"taxonomy":"post_tag","embeddable":true,"href":"https:\/\/www.hsu-hh.de\/psy-meth\/wp-json\/wp\/v2\/tags?post=9"}],"curies":[{"name":"wp","href":"https:\/\/api.w.org\/{rel}","templated":true}]}}