{"id":73,"date":"2017-07-03T15:52:08","date_gmt":"2017-07-03T13:52:08","guid":{"rendered":"https:\/\/www.hsu-hh.de\/vorlage\/?page_id=73"},"modified":"2026-01-22T15:19:26","modified_gmt":"2026-01-22T14:19:26","slug":"startseite","status":"publish","type":"page","link":"https:\/\/www.hsu-hh.de\/privatrecht3\/","title":{"rendered":""},"content":{"rendered":"\n<h2 class=\"wp-block-heading has-text-align-center\">Herzlich willkommen auf den Seiten der Professur f\u00fcr B\u00fcrgerliches Recht und Wirtschaftsrecht (einschlie\u00dflich Vertragsgestaltung)!<\/h2>\n\n\n\n<p class=\"has-text-align-center\"><\/p>\n\n\n<script>\tvar sosereDefaults = {\"allowfullscreen\":true,\"fit\":\"contain\",\"transition\":\"crossfade\",\"loop\":true,\"autoplay\":\"3000\",\"stopautoplayontouch\":true,\"keyboard\":true,\"nav\":\"thumbs\"}<\/script><div class='sosere--wp' data-ids='2146,2145,2148'data-link='file'data-itemtag='dl'data-icontag='dt'data-captiontag='dd'data-columns='0'data-size='large'data-width='1024'data-auto='false'data-max-width='100%'data-ratio='1.4027397260274'><div id='gallery-1' class='gallery galleryid-73 gallery-columns-0 gallery-size-thumbnail'><dl class='gallery-item'>\n\t\t\t<dt class='gallery-icon landscape'>\n\t\t\t\t<a href='https:\/\/www.hsu-hh.de\/privatrecht3\/wp-content\/uploads\/sites\/792\/2026\/01\/IMG_0325-scaled-e1769090576261-1024x730.jpg' data-full='https:\/\/www.hsu-hh.de\/privatrecht3\/wp-content\/uploads\/sites\/792\/2026\/01\/IMG_0325-scaled-e1769090576261.jpg' data-credit=\"Nicklas Homuth\"><img loading=\"lazy\" decoding=\"async\" width=\"150\" height=\"150\" src=\"https:\/\/www.hsu-hh.de\/privatrecht3\/wp-content\/uploads\/sites\/792\/2026\/01\/IMG_0325-scaled-e1769090576261-150x150.jpg\" class=\"attachment-thumbnail size-thumbnail\" alt=\"\" srcset=\"https:\/\/www.hsu-hh.de\/privatrecht3\/wp-content\/uploads\/sites\/792\/2026\/01\/IMG_0325-scaled-e1769090576261-150x150.jpg 150w, https:\/\/www.hsu-hh.de\/privatrecht3\/wp-content\/uploads\/sites\/792\/2026\/01\/IMG_0325-scaled-e1769090576261-100x100.jpg 100w\" sizes=\"auto, (max-width: 150px) 100vw, 150px\" \/><\/a>\n\t\t\t<\/dt><\/dl><dl class='gallery-item'>\n\t\t\t<dt class='gallery-icon landscape'>\n\t\t\t\t<a href='https:\/\/www.hsu-hh.de\/privatrecht3\/wp-content\/uploads\/sites\/792\/2026\/01\/IMG_0198-scaled-e1769090624260-1024x770.jpeg' data-full='https:\/\/www.hsu-hh.de\/privatrecht3\/wp-content\/uploads\/sites\/792\/2026\/01\/IMG_0198-scaled-e1769090624260.jpeg' data-credit=\"Nicklas Homuth\"><img loading=\"lazy\" decoding=\"async\" width=\"150\" height=\"150\" src=\"https:\/\/www.hsu-hh.de\/privatrecht3\/wp-content\/uploads\/sites\/792\/2026\/01\/IMG_0198-scaled-e1769090624260-150x150.jpeg\" class=\"attachment-thumbnail size-thumbnail\" alt=\"\" srcset=\"https:\/\/www.hsu-hh.de\/privatrecht3\/wp-content\/uploads\/sites\/792\/2026\/01\/IMG_0198-scaled-e1769090624260-150x150.jpeg 150w, https:\/\/www.hsu-hh.de\/privatrecht3\/wp-content\/uploads\/sites\/792\/2026\/01\/IMG_0198-scaled-e1769090624260-100x100.jpeg 100w\" sizes=\"auto, (max-width: 150px) 100vw, 150px\" \/><\/a>\n\t\t\t<\/dt><\/dl><dl class='gallery-item'>\n\t\t\t<dt class='gallery-icon landscape'>\n\t\t\t\t<a href='https:\/\/www.hsu-hh.de\/privatrecht3\/wp-content\/uploads\/sites\/792\/2026\/01\/IMG_0204-scaled-e1769090733343-1024x626.jpeg' data-full='https:\/\/www.hsu-hh.de\/privatrecht3\/wp-content\/uploads\/sites\/792\/2026\/01\/IMG_0204-scaled-e1769090733343.jpeg' data-credit=\"Florian Wagner-von Papp\"><img loading=\"lazy\" decoding=\"async\" width=\"150\" height=\"150\" src=\"https:\/\/www.hsu-hh.de\/privatrecht3\/wp-content\/uploads\/sites\/792\/2026\/01\/IMG_0204-scaled-e1769090733343-150x150.jpeg\" class=\"attachment-thumbnail size-thumbnail\" alt=\"\" srcset=\"https:\/\/www.hsu-hh.de\/privatrecht3\/wp-content\/uploads\/sites\/792\/2026\/01\/IMG_0204-scaled-e1769090733343-150x150.jpeg 150w, https:\/\/www.hsu-hh.de\/privatrecht3\/wp-content\/uploads\/sites\/792\/2026\/01\/IMG_0204-scaled-e1769090733343-100x100.jpeg 100w\" sizes=\"auto, (max-width: 150px) 100vw, 150px\" \/><\/a>\n\t\t\t<\/dt><\/dl>\n\t\t<\/div>\n<\/div>\n\n\n<h1 class=\"wp-block-heading\"><strong>Aktuelles<\/strong><\/h1>\n\n\n<div id=\"category_content_lS4CoKnA\" class=\"hsu_category archive-page\"><article  id=\"post-2117\" class=\"category-list-item post-2117 post type-post status-publish format-standard hentry \"><a href=\"https:\/\/www.hsu-hh.de\/privatrecht3\/neuer-beitrag-in-der-ordo\" title=\"Neuer Beitrag in der ORDO\" >\t<div class=\"article-listitem-datetime\">\t\t<time class=\"updated\" datetime=\"2025-11-27 14:47:28\"><\/time>\t\t<span class=\"article-month\">\t\t\t<time class=\"entry-date published\" datetime=\"2025-11-27 14:47:19\">Nov<\/time>\t\t<\/span>\t\t<span class=\"article-day\">\t\t\t<time class=\"entry-date published\" datetime=\"2025-11-27 14:47:19\">27<\/time>\t\t<\/span>\t\t<span class=\"article-datetime\">\t\t\t<time class=\"entry-date published\" datetime=\"2025-11-27 14:47:19\">2025<\/time>\t\t<\/span>\t<\/div><div class=\"hsu_category_article-content-wrap\"><div class=\"hsu_category_article-content-wrap-inner\"><div>\t<header class=\"entry-header\">\t\t<h3 class=\"entry-title\">Neuer Beitrag in der ORDO\t\t<\/h3>\t<\/header><div class=\"entry-content-excerpt\">Florian Wagner-von Papp fasst in seinem neuen Beitrag &#8222;Die Gew\u00e4hrleistung der M\u00f6glichkeits- und Funktionsbedingungen f\u00fcr Freiheit: Das Werk Wernhard M\u00f6schels&#8220; wesentliche Erkenntnisse des Werks des 2024 verstorbenen Wernhard M\u00f6schel zusammen und unternimmt es, die Linien seines Schaffens und deren Bedeutung f\u00fcr die Zukunft der Ordnungspolitik herauszuarbeiten. Der Beitrag ist hier zu finden.<\/div> <\/div><\/div><\/div><\/a><\/article><article  id=\"post-2110\" class=\"category-list-item post-2110 post type-post status-publish format-standard hentry \"><a href=\"https:\/\/www.hsu-hh.de\/privatrecht3\/neuer-beitrag-in-concurrences\" title=\"Neuer Beitrag in Concurrences\" >\t<div class=\"article-listitem-datetime\">\t\t<time class=\"updated\" datetime=\"2025-10-13 14:32:15\"><\/time>\t\t<span class=\"article-month\">\t\t\t<time class=\"entry-date published\" datetime=\"2025-10-13 14:32:07\">Okt<\/time>\t\t<\/span>\t\t<span class=\"article-day\">\t\t\t<time class=\"entry-date published\" datetime=\"2025-10-13 14:32:07\">13<\/time>\t\t<\/span>\t\t<span class=\"article-datetime\">\t\t\t<time class=\"entry-date published\" datetime=\"2025-10-13 14:32:07\">2025<\/time>\t\t<\/span>\t<\/div><div class=\"hsu_category_article-content-wrap\"><div class=\"hsu_category_article-content-wrap-inner\"><div>\t<header class=\"entry-header\">\t\t<h3 class=\"entry-title\">Neuer Beitrag in Concurrences\t\t<\/h3>\t<\/header><div class=\"entry-content-excerpt\">Florian Wagner-von Papp besch\u00e4ftigt sich in seinem neuen Beitrag \u201eManagerial liability and the principle of effectiveness go to Luxembourg: A preliminary assessment of a preliminary reference\u201c damit, ob es mit dem unionsrechtlichen Effektivit\u00e4tsgrundsatz vereinbar ist, dass Unternehmen ihre handelnden Organe f\u00fcr Kartellverst\u00f6\u00dfe in Regress nehmen. Der Beitrag ist open-access (nach Registrierung) hier zu finden.<\/div> <\/div><\/div><\/div><\/a><\/article><article  id=\"post-2094\" class=\"category-list-item post-2094 post type-post status-publish format-standard hentry \"><a href=\"https:\/\/www.hsu-hh.de\/privatrecht3\/dissertation-veroeffentlicht\" title=\"Dissertation ver\u00f6ffentlicht\" >\t<div class=\"article-listitem-datetime\">\t\t<time class=\"updated\" datetime=\"2025-09-26 11:49:24\"><\/time>\t\t<span class=\"article-month\">\t\t\t<time class=\"entry-date published\" datetime=\"2025-09-03 11:44:06\">Sep<\/time>\t\t<\/span>\t\t<span class=\"article-day\">\t\t\t<time class=\"entry-date published\" datetime=\"2025-09-03 11:44:06\">03<\/time>\t\t<\/span>\t\t<span class=\"article-datetime\">\t\t\t<time class=\"entry-date published\" datetime=\"2025-09-03 11:44:06\">2025<\/time>\t\t<\/span>\t<\/div><div class=\"hsu_category_article-content-wrap\"><div class=\"hsu_category_article-content-wrap-inner\"><div>\t<header class=\"entry-header\">\t\t<h3 class=\"entry-title\">Dissertation ver\u00f6ffentlicht\t\t<\/h3>\t<\/header><div class=\"entry-content-excerpt\">Wir freuen uns sehr, dass Paul Voges &#8211; ehemaliger Mitarbeiter der Professur &#8211; seine Dissertation &#8222;Die unmittelbare Durchsetzung des Wettbewerbsprinzips durch versto\u00dfunabh\u00e4ngige Abhilfema\u00dfnahmen &#8211; Eine Analyse des \u00a7 32f GWB mit Fokus auf der Entflechtung nach \u00a7 32f Abs. 4 GWB&#8220; ver\u00f6ffentlicht hat. Die Arbeit ist bei Nomos in der Schriftenreihe &#8222;Wirtschaftsrecht und Wirtschaftspolitik&#8220; erschienen&#8230;<\/div> <\/div><\/div><\/div><\/a><\/article><article  id=\"post-2091\" class=\"category-list-item post-2091 post type-post status-publish format-standard hentry \"><a href=\"https:\/\/www.hsu-hh.de\/privatrecht3\/neue-kommentierung-im-beckok-uwg\" title=\"Neue Kommentierung im BeckOK-UWG\" >\t<div class=\"article-listitem-datetime\">\t\t<time class=\"updated\" datetime=\"2025-08-15 10:54:01\"><\/time>\t\t<span class=\"article-month\">\t\t\t<time class=\"entry-date published\" datetime=\"2025-08-14 10:48:26\">Aug<\/time>\t\t<\/span>\t\t<span class=\"article-day\">\t\t\t<time class=\"entry-date published\" datetime=\"2025-08-14 10:48:26\">14<\/time>\t\t<\/span>\t\t<span class=\"article-datetime\">\t\t\t<time class=\"entry-date published\" datetime=\"2025-08-14 10:48:26\">2025<\/time>\t\t<\/span>\t<\/div><div class=\"hsu_category_article-content-wrap\"><div class=\"hsu_category_article-content-wrap-inner\"><div>\t<header class=\"entry-header\">\t\t<h3 class=\"entry-title\">Neue Kommentierung im BeckOK-UWG\t\t<\/h3>\t<\/header><div class=\"entry-content-excerpt\">Tim Melhardt kommentiert mit Co-Autorin Prof. Tabea Bauermeister seit der 29. Edition vom 01.07.2025 die \u00a7\u00a7 1 &#8211; 21, 41 &#8211; 50 des Gesetzes zur geb\u00fcndelten Durchsetzung von Verbraucherrechten (VDuG) im BeckOK-UWG. Die Kommentierung ist hier zu finden oder im BeckOK-UWG.<\/div> <\/div><\/div><\/div><\/a><\/article><article  id=\"post-2071\" class=\"category-list-item post-2071 post type-post status-publish format-standard hentry \"><a href=\"https:\/\/www.hsu-hh.de\/privatrecht3\/neuer-beitrag-in-der-wuw-2\" title=\"Neuer Beitrag in der WuW\" >\t<div class=\"article-listitem-datetime\">\t\t<time class=\"updated\" datetime=\"2025-07-29 15:30:22\"><\/time>\t\t<span class=\"article-month\">\t\t\t<time class=\"entry-date published\" datetime=\"2025-07-29 15:30:14\">Jul<\/time>\t\t<\/span>\t\t<span class=\"article-day\">\t\t\t<time class=\"entry-date published\" datetime=\"2025-07-29 15:30:14\">29<\/time>\t\t<\/span>\t\t<span class=\"article-datetime\">\t\t\t<time class=\"entry-date published\" datetime=\"2025-07-29 15:30:14\">2025<\/time>\t\t<\/span>\t<\/div><div class=\"hsu_category_article-content-wrap\"><div class=\"hsu_category_article-content-wrap-inner\"><div>\t<header class=\"entry-header\">\t\t<h3 class=\"entry-title\">Neuer Beitrag in der WuW\t\t<\/h3>\t<\/header><div class=\"entry-content-excerpt\">Florian Wagner-von Papp besch\u00e4ftigt sich in seinem neuen Beitrag &#8222;Lieferverweigerung, Zugangsbeschr\u00e4nkung, Kosten-Preis-Schere und Selbstbevorzugung: Birds of a Feather Flock Together&#8220; mit den unterschiedlichen F\u00e4llen impliziter und expliziter Lieferverweigerungen. Der Beitrag ist hier zu finden oder unter Wagner-von Papp, WuW 2025, 384 &#8211; 392.<\/div> <\/div><\/div><\/div><\/a><\/article><\/div><div class=\"clearfix\"><\/div><div class=\"col-xs-12 col-md-3 col-md-push-4\"><span class=\"link no-arrow\"><button class=\"gcategorymore hsu_btn\" id=\"lS4CoKnA\"  data-catID=\"35\" data-postsPerPage=\"5\" data-order=\"DESC\" data-paged=\"2\" data-more_posts=\"1\" data-postexcerpt=\"1\" data-postmeta=\"1\" data-posttitle=\"1\" data-currentPostId=\"73\" data-uid=\"lS4CoKnA\" data-ajax=\"true\" >Mehr Beitr\u00e4ge<\/button><\/span><\/div><div class=\"clearfix\"><\/div>","protected":false},"excerpt":{"rendered":"<p>Herzlich willkommen auf den Seiten der Professur f\u00fcr B\u00fcrgerliches Recht und Wirtschaftsrecht (einschlie\u00dflich Vertragsgestaltung)! Aktuelles<\/p>\n","protected":false},"author":2788,"featured_media":0,"parent":0,"menu_order":0,"comment_status":"closed","ping_status":"closed","template":"","meta":{"footnotes":""},"categories":[35],"tags":[],"class_list":["post-73","page","type-page","status-publish","hentry","category-startseite"],"_links":{"self":[{"href":"https:\/\/www.hsu-hh.de\/privatrecht3\/wp-json\/wp\/v2\/pages\/73","targetHints":{"allow":["GET"]}}],"collection":[{"href":"https:\/\/www.hsu-hh.de\/privatrecht3\/wp-json\/wp\/v2\/pages"}],"about":[{"href":"https:\/\/www.hsu-hh.de\/privatrecht3\/wp-json\/wp\/v2\/types\/page"}],"author":[{"embeddable":true,"href":"https:\/\/www.hsu-hh.de\/privatrecht3\/wp-json\/wp\/v2\/users\/2788"}],"replies":[{"embeddable":true,"href":"https:\/\/www.hsu-hh.de\/privatrecht3\/wp-json\/wp\/v2\/comments?post=73"}],"version-history":[{"count":153,"href":"https:\/\/www.hsu-hh.de\/privatrecht3\/wp-json\/wp\/v2\/pages\/73\/revisions"}],"predecessor-version":[{"id":2153,"href":"https:\/\/www.hsu-hh.de\/privatrecht3\/wp-json\/wp\/v2\/pages\/73\/revisions\/2153"}],"wp:attachment":[{"href":"https:\/\/www.hsu-hh.de\/privatrecht3\/wp-json\/wp\/v2\/media?parent=73"}],"wp:term":[{"taxonomy":"category","embeddable":true,"href":"https:\/\/www.hsu-hh.de\/privatrecht3\/wp-json\/wp\/v2\/categories?post=73"},{"taxonomy":"post_tag","embeddable":true,"href":"https:\/\/www.hsu-hh.de\/privatrecht3\/wp-json\/wp\/v2\/tags?post=73"}],"curies":[{"name":"wp","href":"https:\/\/api.w.org\/{rel}","templated":true}]}}