{"id":554,"date":"2021-11-25T14:13:42","date_gmt":"2021-11-25T13:13:42","guid":{"rendered":"https:\/\/www.hsu-hh.de\/privatrecht3\/?page_id=554"},"modified":"2026-01-22T11:29:24","modified_gmt":"2026-01-22T10:29:24","slug":"wissenschaftliche-mitarbeiter","status":"publish","type":"page","link":"https:\/\/www.hsu-hh.de\/privatrecht3\/wissenschaftliche-mitarbeiter","title":{"rendered":"Wissenschaftliche Mitarbeiter:innen"},"content":{"rendered":"\n<hr class=\"wp-block-separator has-alpha-channel-opacity\" \/>\n\n\n\n<div class=\"wp-block-media-text is-stacked-on-mobile\" style=\"grid-template-columns:27% auto\"><figure class=\"wp-block-media-text__media\"><img loading=\"lazy\" decoding=\"async\" width=\"768\" height=\"1024\" src=\"https:\/\/www.hsu-hh.de\/privatrecht3\/wp-content\/uploads\/sites\/792\/2024\/04\/IMG_8880-768x1024.jpg\" data-credit=\"Malte Drouet\" alt=\"\" class=\"wp-image-1892 size-full\" srcset=\"https:\/\/www.hsu-hh.de\/privatrecht3\/wp-content\/uploads\/sites\/792\/2024\/04\/IMG_8880-768x1024.jpg 768w, https:\/\/www.hsu-hh.de\/privatrecht3\/wp-content\/uploads\/sites\/792\/2024\/04\/IMG_8880-225x300.jpg 225w, https:\/\/www.hsu-hh.de\/privatrecht3\/wp-content\/uploads\/sites\/792\/2024\/04\/IMG_8880-1152x1536.jpg 1152w, https:\/\/www.hsu-hh.de\/privatrecht3\/wp-content\/uploads\/sites\/792\/2024\/04\/IMG_8880-1536x2048.jpg 1536w, https:\/\/www.hsu-hh.de\/privatrecht3\/wp-content\/uploads\/sites\/792\/2024\/04\/IMG_8880-1100x1467.jpg 1100w, https:\/\/www.hsu-hh.de\/privatrecht3\/wp-content\/uploads\/sites\/792\/2024\/04\/IMG_8880-scaled.jpg 1920w\" sizes=\"auto, (max-width: 768px) 100vw, 768px\" \/><\/figure><div class=\"wp-block-media-text__content\">\n<p><strong>Malte Drouet<\/strong><br>Malte studierte von 2015 bis 2021 Rechtswissenschaften an der Universit\u00e4t Osnabr\u00fcck. Seinen Schwerpunkt absolvierte er im deutschen und europ\u00e4ischen Recht des Wettbewerbs und des geistigen Eigentums. Nach Abschluss der Ersten Pr\u00fcfung arbeitete er zun\u00e4chst als wissenschaftlicher Mitarbeiter f\u00fcr sechs Monate bei einer international t\u00e4tigen Kanzlei in D\u00fcsseldorf im Fachbereich Kartellrecht &amp; Au\u00dfenwirtschaftsrecht. Im Anschluss kehrte er an die Universit\u00e4t Osnabr\u00fcck zur\u00fcck, an der er seit dem 1. Januar 2022 wissenschaftlicher Mitarbeiter und Doktorand am Lehrstuhl von <abbr title=\"Professor\">Prof.<\/abbr> <abbr title=\"Doktor\">Dr.<\/abbr> Andreas Fuchs LL.M. (Michigan) ist. Im Fr\u00fchjahr 2024 zog es ihn nach Hamburg, wo er seit dem 1. April 2024 wissenschaftlicher Mitarbeiter an unserem Lehrstuhl ist. In seiner Dissertation besch\u00e4ftigt er sich mit dem Verh\u00e4ltnis vom unionalen zum mitgliedstaatlichen Wettbewerbsrecht. In seiner Freizeit betreibt er Sportfechten und nimmt gerne an L\u00e4ufen teil.<\/p>\n\n\n\n<p><a href=\"https:\/\/www.hsu-hh.de\/privatrecht3\/wp-content\/uploads\/sites\/792\/2024\/11\/Schriftenverzeichnis.pdf\" data-type=\"link\" data-id=\"https:\/\/www.hsu-hh.de\/privatrecht3\/wp-content\/uploads\/sites\/792\/2024\/04\/Schriftenverzeichnis.pdf\">Ver\u00f6ffentlichungsverzeichnis<\/a><\/p>\n\n\n\n<p>Raum: 1E-033<br>Telefon: 040\/6541-3928<br>E-Mail: <a href=\"mailto:malte.drouet@hsu-hh.de\" rel='nofollow'>malte.drouet@hsu-hh.de<\/a><\/p>\n<\/div><\/div>\n\n\n\n<hr class=\"wp-block-separator has-alpha-channel-opacity\" \/>\n\n\n\n<div class=\"wp-block-media-text is-stacked-on-mobile\" style=\"grid-template-columns:27% auto\"><figure class=\"wp-block-media-text__media\"><img loading=\"lazy\" decoding=\"async\" width=\"768\" height=\"1024\" src=\"https:\/\/www.hsu-hh.de\/privatrecht3\/wp-content\/uploads\/sites\/792\/2024\/07\/IMG_0247-768x1024.jpeg\" data-credit=\"Tim-Erik Held\" alt=\"\" class=\"wp-image-1929 size-full\" srcset=\"https:\/\/www.hsu-hh.de\/privatrecht3\/wp-content\/uploads\/sites\/792\/2024\/07\/IMG_0247-768x1024.jpeg 768w, https:\/\/www.hsu-hh.de\/privatrecht3\/wp-content\/uploads\/sites\/792\/2024\/07\/IMG_0247-225x300.jpeg 225w, https:\/\/www.hsu-hh.de\/privatrecht3\/wp-content\/uploads\/sites\/792\/2024\/07\/IMG_0247-1152x1536.jpeg 1152w, https:\/\/www.hsu-hh.de\/privatrecht3\/wp-content\/uploads\/sites\/792\/2024\/07\/IMG_0247-1536x2048.jpeg 1536w, https:\/\/www.hsu-hh.de\/privatrecht3\/wp-content\/uploads\/sites\/792\/2024\/07\/IMG_0247-1100x1467.jpeg 1100w, https:\/\/www.hsu-hh.de\/privatrecht3\/wp-content\/uploads\/sites\/792\/2024\/07\/IMG_0247-scaled.jpeg 1920w\" sizes=\"auto, (max-width: 768px) 100vw, 768px\" \/><\/figure><div class=\"wp-block-media-text__content\">\n<p><strong>Tim-Erik Held<\/strong><br>Tim-Erik hat von 2016 bis 2021 Rechtswissenschaften an der Eberhard Karls Universit\u00e4t in T\u00fcbingen mit einem Auslandssemester in Liverpool studiert. Seinen Schwerpunkt legte er im Wettbewerbs\u00adrecht und\u00a0gewerblichen Rechtsschutz ab. Nach Abschluss des ersten Staatsexamens arbeitete er zun\u00e4chst als wissenschaftlicher Mitarbeiter f\u00fcr einige Monate bei einer Wirtschaftskanzlei im Kartellrecht &amp; Au\u00dfenwirtschaftsrecht in Berlin. Hierauf folgte das Rechtsreferendariat am Kammergericht Berlin, u. a. mit Stationen beim BMUV im Referat f\u00fcr nachhaltige Unternehmensf\u00fchrung und zweier international t\u00e4tiger Wirtschaftskanzleien in Berlin und London in den Bereichen Kartellrecht &amp; Au\u00dfenwirtschaftsrecht und M&amp;A. W\u00e4hrend seines Studiums absolvierte er zudem eine Ausbildung zum Reserveoffizier an der Offizierschule des Heeres in Dresden. Tim-Erik forscht zum Zusammenhang von Kartellrecht, Wettbewerb und Demokratie. Zuletzt absolvierte er einen durch die <abbr title=\"Helmut Schmidt Universit\u00e4t\">HSU<\/abbr> gef\u00f6rderten Forschungsaufenthalt in Oxford. Wenn er nicht in Hamburg oder seinem Zuhause in Berlin anzutreffen ist, findet man ihn h\u00e4ufig beim Fitnesstraining oder im Wald auf der Jagd.<\/p>\n\n\n\n<p><a href=\"https:\/\/www.hsu-hh.de\/privatrecht3\/wp-content\/uploads\/sites\/792\/2024\/07\/Schriftenverzeichnis.pdf\">Ver\u00f6ffentlichungsverzeichnis<\/a><\/p>\n\n\n\n<p>Raum: 1E-041<br>Telefon: 040\/6541-3932<br>E-Mail: <a href=\"mailto:malte.drouet@hsu-hh.de\" rel='nofollow'><\/a><a href=\"mailto:tim-erik.held@hsu-hh.de\" rel='nofollow'>tim-erik.held@hsu-hh.de<\/a><\/p>\n\n\n\n<p><a href=\"https:\/\/www.linkedin.com\/in\/tim-erik-held-204282217\" rel='nofollow'>LinkedIn<\/a><\/p>\n<\/div><\/div>\n\n\n\n<hr class=\"wp-block-separator has-alpha-channel-opacity\" \/>\n\n\n\n<div class=\"wp-block-media-text is-stacked-on-mobile\" style=\"grid-template-columns:27% auto\"><figure class=\"wp-block-media-text__media\"><img loading=\"lazy\" decoding=\"async\" width=\"731\" height=\"1024\" src=\"https:\/\/www.hsu-hh.de\/privatrecht3\/wp-content\/uploads\/sites\/792\/2023\/10\/Foto_Tim_Melhardt-731x1024.jpg\" data-credit=\"Tim Melhardt\" alt=\"\" class=\"wp-image-1750 size-full\" srcset=\"https:\/\/www.hsu-hh.de\/privatrecht3\/wp-content\/uploads\/sites\/792\/2023\/10\/Foto_Tim_Melhardt-731x1024.jpg 731w, https:\/\/www.hsu-hh.de\/privatrecht3\/wp-content\/uploads\/sites\/792\/2023\/10\/Foto_Tim_Melhardt-214x300.jpg 214w, https:\/\/www.hsu-hh.de\/privatrecht3\/wp-content\/uploads\/sites\/792\/2023\/10\/Foto_Tim_Melhardt-768x1075.jpg 768w, https:\/\/www.hsu-hh.de\/privatrecht3\/wp-content\/uploads\/sites\/792\/2023\/10\/Foto_Tim_Melhardt-1097x1536.jpg 1097w, https:\/\/www.hsu-hh.de\/privatrecht3\/wp-content\/uploads\/sites\/792\/2023\/10\/Foto_Tim_Melhardt-1463x2048.jpg 1463w, https:\/\/www.hsu-hh.de\/privatrecht3\/wp-content\/uploads\/sites\/792\/2023\/10\/Foto_Tim_Melhardt-1100x1540.jpg 1100w, https:\/\/www.hsu-hh.de\/privatrecht3\/wp-content\/uploads\/sites\/792\/2023\/10\/Foto_Tim_Melhardt-scaled.jpg 1828w\" sizes=\"auto, (max-width: 731px) 100vw, 731px\" \/><\/figure><div class=\"wp-block-media-text__content\">\n<p><strong>Tim Melhardt<\/strong><br>Tim studierte bis zum erfolgreichen Bestehen seiner ersten juristischen Pr\u00fcfung Rechtswissenschaften an der Universit\u00e4t Leipzig. Seinen universit\u00e4ren Schwerpunkt absolvierte er im Bank- und Kapitalmarktrecht. W\u00e4hrend dieser Zeit sammelte er als studentische Hilfskraft am Lehrstuhl f\u00fcr B\u00fcrgerliches Recht, Bank- und Kapitalmarktrecht bereits Erfahrungen in der wissenschaftlichen Arbeit. Nach seinem Abschluss zog es Tim nach Hamburg, wo er zun\u00e4chst f\u00fcr 1,5 Jahre als Wissenschaftlicher Mitarbeiter am Lehrstuhl f\u00fcr B\u00fcrgerliches Recht und Handelsrecht seines Doktorvaters <abbr title=\"Professor\">Prof.<\/abbr> <abbr title=\"Doktor\">Dr.<\/abbr> Wolfgang Wurmnest arbeitete, bevor er Mitarbeiter unseres Lehrstuhls wurde. Im Rahmen seines Promotionsvorhabens untersucht Tim Fragen der Anwendung und Durchsetzung des Kartellrechts auf Arbeitsm\u00e4rkten.<br>In seiner Freizeit ist Tim regelm\u00e4\u00dfig auf seinem Rennrad in den Vierlanden unterwegs. Au\u00dferdem trifft man ihn \u00f6fter in einer der Hamburger Boulderhallen an. Daneben engagiert sich Tim ehrenamtlich im Youthwork-Team der Hamburger Aidshilfe.<\/p>\n\n\n\n<p><a href=\"https:\/\/www.hsu-hh.de\/privatrecht3\/wp-content\/uploads\/sites\/792\/2026\/01\/Veroeffentlichungsverzeichnis_Website.pdf\">Ver\u00f6ffentlichungsverzeichnis<\/a><\/p>\n\n\n\n<p>Raum: 1E-054<br>Telefon: 040\/6541-4779<br>E-Mail: <a href=\"mailto:melhardt@hsu-hh.de\" rel='nofollow'>melhardt@hsu-hh.de<\/a><\/p>\n<\/div><\/div>\n\n\n\n<hr class=\"wp-block-separator has-css-opacity\" \/>\n\n\n\n<div class=\"wp-block-media-text is-stacked-on-mobile\" style=\"grid-template-columns:27% auto\"><figure class=\"wp-block-media-text__media\"><img loading=\"lazy\" decoding=\"async\" width=\"732\" height=\"1024\" src=\"https:\/\/www.hsu-hh.de\/privatrecht3\/wp-content\/uploads\/sites\/792\/2025\/07\/IMG_0904-732x1024.jpeg\" data-credit=\"Drouet, Malte\" alt=\"\" class=\"wp-image-2063 size-full\" srcset=\"https:\/\/www.hsu-hh.de\/privatrecht3\/wp-content\/uploads\/sites\/792\/2025\/07\/IMG_0904-732x1024.jpeg 732w, https:\/\/www.hsu-hh.de\/privatrecht3\/wp-content\/uploads\/sites\/792\/2025\/07\/IMG_0904-215x300.jpeg 215w, https:\/\/www.hsu-hh.de\/privatrecht3\/wp-content\/uploads\/sites\/792\/2025\/07\/IMG_0904-768x1074.jpeg 768w, https:\/\/www.hsu-hh.de\/privatrecht3\/wp-content\/uploads\/sites\/792\/2025\/07\/IMG_0904-1098x1536.jpeg 1098w, https:\/\/www.hsu-hh.de\/privatrecht3\/wp-content\/uploads\/sites\/792\/2025\/07\/IMG_0904-1464x2048.jpeg 1464w, https:\/\/www.hsu-hh.de\/privatrecht3\/wp-content\/uploads\/sites\/792\/2025\/07\/IMG_0904-1100x1538.jpeg 1100w, https:\/\/www.hsu-hh.de\/privatrecht3\/wp-content\/uploads\/sites\/792\/2025\/07\/IMG_0904-scaled.jpeg 1831w\" sizes=\"auto, (max-width: 732px) 100vw, 732px\" \/><\/figure><div class=\"wp-block-media-text__content\">\n<p><strong>Bent Simon<\/strong><br>Bent studierte von 2015 bis 2021 Rechtswissenschaften an der Bucerius Law School in Hamburg. Nach seinem Auslandstrimester an der National Taiwan University in Taipei besch\u00e4ftigte er sich im Schwerpunkt mit dem V\u00f6lker- und Europarecht und nahm am Philip C. Jessup Moot Court teil. Von 2021 bis 2023 absolvierte er das Referendariat am Hanseatischen Oberlandesgericht, unter anderem mit Stationen beim Bundeskartellamt und einer auf Schiedsverfahren spezialisierten Kanzlei. Sein Interessenschwerpunkt liegt im Bereich des Wettbewerbsrechts auf digitalen (Medien-)M\u00e4rkten. In seiner Freizeit probiert Bent die verschiedensten Sportarten \u2013 und Kochrezepte \u2013 aus oder verbringt die Zeit mit einem guten Buch.<br><br>Raum: 1E-041<br>Telefon: 040\/6541-3931<br>E-Mail: <a href=\"mailto:simonb@hsu-hh.de\" rel='nofollow'>simonb@hsu-hh.de<\/a><\/p>\n<\/div><\/div>\n\n\n\n<div class=\"wp-block-columns is-layout-flex wp-container-core-columns-is-layout-9d6595d7 wp-block-columns-is-layout-flex\">\n<div class=\"wp-block-column is-layout-flow wp-block-column-is-layout-flow\">\n<hr class=\"wp-block-separator has-alpha-channel-opacity\" \/>\n\n\n\n<div class=\"wp-block-media-text is-stacked-on-mobile\"><figure class=\"wp-block-media-text__media\"><\/figure><div class=\"wp-block-media-text__content\">\n<p><strong>Lana Henrike Tendahl<\/strong><br>Lana studierte von 2019 bis 2025 Rechtswissenschaften an den Universit\u00e4ten G\u00f6ttingen und Salamanca. Ihren Schwerpunkt absolvierte sie in den historischen und philosophischen Grundlagen des Rechts. Nach Abschluss der Ersten Pr\u00fcfung zog es sie nach Hamburg, wo sie sieben Monate lang als wissenschaftliche Mitarbeiterin bei einer international t\u00e4tigen Kanzlei erste Einblicke in die Praxis des Fachbereichs Kartellrecht gewinnen durfte. In ihrer Freizeit findet man sie auf dem Tennisplatz, dem Tanzparkett oder bei einer Joggingrunde durch den Stadtpark.<br><br>Raum: 1E-033<br>Telefon: 040\/6541-3928<br>E-Mail: tendahll@hsu-hh.de<\/p>\n<\/div><\/div>\n<\/div>\n<\/div>\n\n\n\n<hr class=\"wp-block-separator has-css-opacity\" \/>\n\n\n\n<div class=\"wp-block-media-text alignwide is-stacked-on-mobile\" style=\"grid-template-columns:27% auto\"><figure class=\"wp-block-media-text__media\"><img loading=\"lazy\" decoding=\"async\" width=\"576\" height=\"1024\" src=\"https:\/\/www.hsu-hh.de\/privatrecht3\/wp-content\/uploads\/sites\/792\/2022\/07\/90dbb905-b7dc-42b4-b4c0-4b8037ec3f6c-2-576x1024.jpg\" data-credit=\"Jasper Wode\" alt=\"Jasper Woder\" class=\"wp-image-1473 size-full\" srcset=\"https:\/\/www.hsu-hh.de\/privatrecht3\/wp-content\/uploads\/sites\/792\/2022\/07\/90dbb905-b7dc-42b4-b4c0-4b8037ec3f6c-2-576x1024.jpg 576w, https:\/\/www.hsu-hh.de\/privatrecht3\/wp-content\/uploads\/sites\/792\/2022\/07\/90dbb905-b7dc-42b4-b4c0-4b8037ec3f6c-2-169x300.jpg 169w, https:\/\/www.hsu-hh.de\/privatrecht3\/wp-content\/uploads\/sites\/792\/2022\/07\/90dbb905-b7dc-42b4-b4c0-4b8037ec3f6c-2-768x1365.jpg 768w, https:\/\/www.hsu-hh.de\/privatrecht3\/wp-content\/uploads\/sites\/792\/2022\/07\/90dbb905-b7dc-42b4-b4c0-4b8037ec3f6c-2-864x1536.jpg 864w, https:\/\/www.hsu-hh.de\/privatrecht3\/wp-content\/uploads\/sites\/792\/2022\/07\/90dbb905-b7dc-42b4-b4c0-4b8037ec3f6c-2-1100x1956.jpg 1100w, https:\/\/www.hsu-hh.de\/privatrecht3\/wp-content\/uploads\/sites\/792\/2022\/07\/90dbb905-b7dc-42b4-b4c0-4b8037ec3f6c-2.jpg 1152w\" sizes=\"auto, (max-width: 576px) 100vw, 576px\" \/><\/figure><div class=\"wp-block-media-text__content\">\n<p><strong>Jasper Wode<\/strong><br>Jasper studierte bis zu seinem ersten Staatsexamen im Januar 2021 Rechtswissenschaft an der Universit\u00e4t Hamburg. W\u00e4hrend seines Studiums befasste er sich schwerpunktm\u00e4\u00dfig mit dem Handels- und Gesellschaftsrecht. Au\u00dferdem arbeitete er als studentische Hilfskraft an einer Juniorprofessur f\u00fcr Zivilrecht und rechtswissenschaftliche Fachdidaktik. Bevor er Mitarbeiter unseres Lehrstuhls wurde, war er zudem noch anderthalb Jahre als Wissenschaftlicher Mitarbeiter in einer auf Kartellrecht spezialisierten Hamburger Boutique-Kanzlei besch\u00e4ftigt. Jasper forscht im Bereich Kartellrecht zu bestimmten Argumentationsmustern zur Rechtfertigung von Wettbewerbsbeschr\u00e4nkungen. <br>In seiner Freizeit wird man ihn h\u00e4ufig hinter seinem Schlagzeug im Probenraum seiner Band oder irgendwo n\u00f6rdlich von Hamburg im Sattel seines Rennrades finden.<\/p>\n\n\n\n<p>Raum: 1E-033<br>Telefon: 040\/6541-3929<br>E-Mail: <a href=\"mailto:wodej@hsu-hh.de\" rel='nofollow'>wodej@hsu-hh.de<\/a><\/p>\n<\/div><\/div>\n\n\n\n<hr class=\"wp-block-separator has-css-opacity\" \/>\n\n\n\n<h2 class=\"wp-block-heading\" style=\"font-size:30px\">Ehemalige Mitarbeiter:innen<\/h2>\n\n\n\n<hr class=\"wp-block-separator has-css-opacity\" \/>\n\n\n\n<div class=\"wp-block-media-text is-stacked-on-mobile\" style=\"grid-template-columns:15% auto\"><figure class=\"wp-block-media-text__media\"><img loading=\"lazy\" decoding=\"async\" width=\"789\" height=\"1024\" src=\"https:\/\/www.hsu-hh.de\/privatrecht3\/wp-content\/uploads\/sites\/792\/2023\/10\/Iman-789x1024.jpg\" data-credit=\"Iman Ahmed\" alt=\"\" class=\"wp-image-1751 size-full\" srcset=\"https:\/\/www.hsu-hh.de\/privatrecht3\/wp-content\/uploads\/sites\/792\/2023\/10\/Iman-789x1024.jpg 789w, https:\/\/www.hsu-hh.de\/privatrecht3\/wp-content\/uploads\/sites\/792\/2023\/10\/Iman-231x300.jpg 231w, https:\/\/www.hsu-hh.de\/privatrecht3\/wp-content\/uploads\/sites\/792\/2023\/10\/Iman-768x997.jpg 768w, https:\/\/www.hsu-hh.de\/privatrecht3\/wp-content\/uploads\/sites\/792\/2023\/10\/Iman.jpg 822w\" sizes=\"auto, (max-width: 789px) 100vw, 789px\" \/><\/figure><div class=\"wp-block-media-text__content\">\n<p><strong>Iman Ahmed<\/strong><\/p>\n<\/div><\/div>\n\n\n\n<hr class=\"wp-block-separator has-alpha-channel-opacity\" \/>\n\n\n\n<div class=\"wp-block-media-text alignwide is-stacked-on-mobile\" style=\"grid-template-columns:15% auto\"><figure class=\"wp-block-media-text__media\"><img loading=\"lazy\" decoding=\"async\" width=\"659\" height=\"899\" src=\"https:\/\/www.hsu-hh.de\/privatrecht3\/wp-content\/uploads\/sites\/792\/2022\/02\/Karsten.png\" data-credit=\"Karsten Kamps\" alt=\"Karsten\" class=\"wp-image-1287 size-full\" srcset=\"https:\/\/www.hsu-hh.de\/privatrecht3\/wp-content\/uploads\/sites\/792\/2022\/02\/Karsten.png 659w, https:\/\/www.hsu-hh.de\/privatrecht3\/wp-content\/uploads\/sites\/792\/2022\/02\/Karsten-220x300.png 220w\" sizes=\"auto, (max-width: 659px) 100vw, 659px\" \/><\/figure><div class=\"wp-block-media-text__content\">\n<p><strong>Karsten Kamps<\/strong><\/p>\n<\/div><\/div>\n\n\n\n<hr class=\"wp-block-separator has-alpha-channel-opacity\" \/>\n\n\n\n<div class=\"wp-block-media-text alignwide is-stacked-on-mobile\" style=\"grid-template-columns:15% auto\"><figure class=\"wp-block-media-text__media\"><img loading=\"lazy\" decoding=\"async\" width=\"421\" height=\"498\" src=\"https:\/\/www.hsu-hh.de\/privatrecht3\/wp-content\/uploads\/sites\/792\/2021\/12\/Bild-Lehrstuhl-Paul.jpg\" data-credit=\"Paul Voges\" alt=\"Paul\" class=\"wp-image-864 size-full\" srcset=\"https:\/\/www.hsu-hh.de\/privatrecht3\/wp-content\/uploads\/sites\/792\/2021\/12\/Bild-Lehrstuhl-Paul.jpg 421w, https:\/\/www.hsu-hh.de\/privatrecht3\/wp-content\/uploads\/sites\/792\/2021\/12\/Bild-Lehrstuhl-Paul-254x300.jpg 254w\" sizes=\"auto, (max-width: 421px) 100vw, 421px\" \/><\/figure><div class=\"wp-block-media-text__content\">\n<p><strong><abbr title=\"Doktor\">Dr.<\/abbr> Paul Voges<\/strong><br>Aktuell ist Paul Rechtsanwalt bei Hausfeld LLP.<\/p>\n<\/div><\/div>\n\n\n\n<hr class=\"wp-block-separator has-css-opacity\" \/>\n\n\n\n<div class=\"wp-block-media-text is-stacked-on-mobile\" style=\"grid-template-columns:15% auto\"><figure class=\"wp-block-media-text__media\"><img loading=\"lazy\" decoding=\"async\" width=\"664\" height=\"1058\" src=\"https:\/\/www.hsu-hh.de\/privatrecht3\/wp-content\/uploads\/sites\/792\/2025\/07\/DSC00208-edited.jpg\" data-credit=\"Anna-Sophie Klimke\" alt=\"Anna-Sophie Klimke\" class=\"wp-image-2035 size-full\" srcset=\"https:\/\/www.hsu-hh.de\/privatrecht3\/wp-content\/uploads\/sites\/792\/2025\/07\/DSC00208-edited.jpg 664w, https:\/\/www.hsu-hh.de\/privatrecht3\/wp-content\/uploads\/sites\/792\/2025\/07\/DSC00208-edited-188x300.jpg 188w, https:\/\/www.hsu-hh.de\/privatrecht3\/wp-content\/uploads\/sites\/792\/2025\/07\/DSC00208-edited-643x1024.jpg 643w\" sizes=\"auto, (max-width: 664px) 100vw, 664px\" \/><\/figure><div class=\"wp-block-media-text__content\">\n<p><strong><abbr title=\"Doktor\">Dr.<\/abbr> Anna-Sophie Klimke<\/strong><\/p>\n<\/div><\/div>\n\n\n\n<hr class=\"wp-block-separator has-css-opacity\" \/>\n\n\n\n<div class=\"wp-block-media-text alignwide is-stacked-on-mobile is-vertically-aligned-center\" style=\"grid-template-columns:15% auto\"><figure class=\"wp-block-media-text__media\"><img loading=\"lazy\" decoding=\"async\" width=\"691\" height=\"1024\" src=\"https:\/\/www.hsu-hh.de\/privatrecht3\/wp-content\/uploads\/sites\/792\/2021\/12\/Charlotte-Bild-691x1024.jpeg\" data-credit=\"Charlotte Hermann\" alt=\"Charlotte Hermann\" class=\"wp-image-846 size-full\" srcset=\"https:\/\/www.hsu-hh.de\/privatrecht3\/wp-content\/uploads\/sites\/792\/2021\/12\/Charlotte-Bild-691x1024.jpeg 691w, https:\/\/www.hsu-hh.de\/privatrecht3\/wp-content\/uploads\/sites\/792\/2021\/12\/Charlotte-Bild-202x300.jpeg 202w, https:\/\/www.hsu-hh.de\/privatrecht3\/wp-content\/uploads\/sites\/792\/2021\/12\/Charlotte-Bild-768x1138.jpeg 768w, https:\/\/www.hsu-hh.de\/privatrecht3\/wp-content\/uploads\/sites\/792\/2021\/12\/Charlotte-Bild-1037x1536.jpeg 1037w, https:\/\/www.hsu-hh.de\/privatrecht3\/wp-content\/uploads\/sites\/792\/2021\/12\/Charlotte-Bild-1382x2048.jpeg 1382w, https:\/\/www.hsu-hh.de\/privatrecht3\/wp-content\/uploads\/sites\/792\/2021\/12\/Charlotte-Bild-1100x1630.jpeg 1100w, https:\/\/www.hsu-hh.de\/privatrecht3\/wp-content\/uploads\/sites\/792\/2021\/12\/Charlotte-Bild-scaled.jpeg 1728w\" sizes=\"auto, (max-width: 691px) 100vw, 691px\" \/><\/figure><div class=\"wp-block-media-text__content\">\n<p><strong>Charlotte Hermann<\/strong><br>Aktuell ist Charlotte Rechtsanw\u00e4ltin bei Schalast Law I Tax.<\/p>\n<\/div><\/div>\n\n\n\n<hr class=\"wp-block-separator has-alpha-channel-opacity\" \/>\n\n\n\n<div class=\"wp-block-media-text alignwide is-stacked-on-mobile\" style=\"grid-template-columns:15% auto\"><figure class=\"wp-block-media-text__media\"><img loading=\"lazy\" decoding=\"async\" width=\"768\" height=\"1024\" src=\"https:\/\/www.hsu-hh.de\/privatrecht3\/wp-content\/uploads\/sites\/792\/2022\/02\/ela-Kopie.png-Datei-768x1024.jpg\" data-credit=\"Picasa\" alt=\"Ingrid Michaela D\u00e4hne\" class=\"wp-image-1307 size-full\" srcset=\"https:\/\/www.hsu-hh.de\/privatrecht3\/wp-content\/uploads\/sites\/792\/2022\/02\/ela-Kopie.png-Datei-768x1024.jpg 768w, https:\/\/www.hsu-hh.de\/privatrecht3\/wp-content\/uploads\/sites\/792\/2022\/02\/ela-Kopie.png-Datei-225x300.jpg 225w, https:\/\/www.hsu-hh.de\/privatrecht3\/wp-content\/uploads\/sites\/792\/2022\/02\/ela-Kopie.png-Datei-1152x1536.jpg 1152w, https:\/\/www.hsu-hh.de\/privatrecht3\/wp-content\/uploads\/sites\/792\/2022\/02\/ela-Kopie.png-Datei-1100x1467.jpg 1100w, https:\/\/www.hsu-hh.de\/privatrecht3\/wp-content\/uploads\/sites\/792\/2022\/02\/ela-Kopie.png-Datei.jpg 1200w\" sizes=\"auto, (max-width: 768px) 100vw, 768px\" \/><\/figure><div class=\"wp-block-media-text__content\">\n<p><strong>Ingrid Michaela D\u00e4hne<\/strong><br>Aktuell ist Ingrid Syndikusrechtsanw\u00e4ltin \/ Senior Legal Counsel bei KRONGAARD und studiert Medizinrecht (LL.M.) in M\u00fcnster.<\/p>\n<\/div><\/div>\n\n\n\n<hr class=\"wp-block-separator has-alpha-channel-opacity\" \/>\n\n\n\n<p><strong>Postanschrift:<br><\/strong>Postfach 700822<br>22008 Hamburg<\/p>\n\n\n\n<p><strong>Besucheranschrift:<\/strong><br>Campus&nbsp;Nord&nbsp;(Rentenversicherung)<br>Friedrich-Ebert-Damm&nbsp;245&nbsp;(Eingang&nbsp;Charlie-Mills-Stra\u00dfe)<br>22159&nbsp;Hamburg<\/p>\n\n\n\n<p><\/p>\n","protected":false},"excerpt":{"rendered":"<p>Malte DrouetMalte studierte von 2015 bis 2021 Rechtswissenschaften an der Universit\u00e4t Osnabr\u00fcck. Seinen Schwerpunkt absolvierte er im deutschen und europ\u00e4ischen Recht des Wettbewerbs und des geistigen Eigentums. Nach Abschluss der [&hellip;]<\/p>\n","protected":false},"author":2788,"featured_media":0,"parent":0,"menu_order":0,"comment_status":"closed","ping_status":"closed","template":"","meta":{"footnotes":""},"categories":[114],"tags":[],"class_list":["post-554","page","type-page","status-publish","hentry","category-wissenschaftliche-mitarbeiter"],"_links":{"self":[{"href":"https:\/\/www.hsu-hh.de\/privatrecht3\/wp-json\/wp\/v2\/pages\/554","targetHints":{"allow":["GET"]}}],"collection":[{"href":"https:\/\/www.hsu-hh.de\/privatrecht3\/wp-json\/wp\/v2\/pages"}],"about":[{"href":"https:\/\/www.hsu-hh.de\/privatrecht3\/wp-json\/wp\/v2\/types\/page"}],"author":[{"embeddable":true,"href":"https:\/\/www.hsu-hh.de\/privatrecht3\/wp-json\/wp\/v2\/users\/2788"}],"replies":[{"embeddable":true,"href":"https:\/\/www.hsu-hh.de\/privatrecht3\/wp-json\/wp\/v2\/comments?post=554"}],"version-history":[{"count":158,"href":"https:\/\/www.hsu-hh.de\/privatrecht3\/wp-json\/wp\/v2\/pages\/554\/revisions"}],"predecessor-version":[{"id":2142,"href":"https:\/\/www.hsu-hh.de\/privatrecht3\/wp-json\/wp\/v2\/pages\/554\/revisions\/2142"}],"wp:attachment":[{"href":"https:\/\/www.hsu-hh.de\/privatrecht3\/wp-json\/wp\/v2\/media?parent=554"}],"wp:term":[{"taxonomy":"category","embeddable":true,"href":"https:\/\/www.hsu-hh.de\/privatrecht3\/wp-json\/wp\/v2\/categories?post=554"},{"taxonomy":"post_tag","embeddable":true,"href":"https:\/\/www.hsu-hh.de\/privatrecht3\/wp-json\/wp\/v2\/tags?post=554"}],"curies":[{"name":"wp","href":"https:\/\/api.w.org\/{rel}","templated":true}]}}