{"id":550,"date":"2021-11-25T14:12:46","date_gmt":"2021-11-25T13:12:46","guid":{"rendered":"https:\/\/www.hsu-hh.de\/privatrecht3\/?page_id=550"},"modified":"2025-07-18T11:49:28","modified_gmt":"2025-07-18T09:49:28","slug":"prof-dr-wagner-von-papp","status":"publish","type":"page","link":"https:\/\/www.hsu-hh.de\/privatrecht3\/prof-dr-wagner-von-papp","title":{"rendered":"Prof. Dr. Wagner-von Papp"},"content":{"rendered":"\n<div class=\"wp-block-media-text alignwide is-stacked-on-mobile\" style=\"grid-template-columns:52% auto\"><figure class=\"wp-block-media-text__media\"><img loading=\"lazy\" decoding=\"async\" width=\"768\" height=\"512\" src=\"https:\/\/www.hsu-hh.de\/privatrecht3\/wp-content\/uploads\/sites\/792\/2021\/11\/BildvonPapp-1024x683-1-768x512-1.jpg\" data-credit=\"Ulrike Schr\u00f6der\" alt=\"Bild Wagner-von Papp\" class=\"wp-image-731 size-full\" srcset=\"https:\/\/www.hsu-hh.de\/privatrecht3\/wp-content\/uploads\/sites\/792\/2021\/11\/BildvonPapp-1024x683-1-768x512-1.jpg 768w, https:\/\/www.hsu-hh.de\/privatrecht3\/wp-content\/uploads\/sites\/792\/2021\/11\/BildvonPapp-1024x683-1-768x512-1-300x200.jpg 300w\" sizes=\"auto, (max-width: 768px) 100vw, 768px\" \/><\/figure><div class=\"wp-block-media-text__content\">\n<p class=\"has-large-font-size\"><\/p>\n<\/div><\/div>\n\n\n\n<p><strong>Professur f\u00fcr B\u00fcrgerliches Recht und Wirtschaftsrecht (einschlie\u00dflich Vertragsgestaltung) <\/strong><\/p>\n\n\n<p style=\"text-align: left\">Florian Wagner-von Papp studierte von 1993 bis 1998 Rechtswissenschaften an der Eberhard-Karls-Universit\u00e4t T\u00fcbingen. Nach Absolvieren des Ersten Juristischen Staatsexamens (1998), seiner Referendarzeit und des Zweiten Juristischen Staatsexamens (2000) war er als Wissenschaftlicher Assistent am Lehrstuhl Professor M\u00f6schel in T\u00fcbingen t\u00e4tig.<\/p>\n<p style=\"text-align: left\">2001\/2002 absolvierte er ein Master (LL. M.) Studium an der Columbia Law School in New York, bevor er auf die Assistentenstelle am Lehrstuhl M\u00f6schel zur\u00fcckkehrte und dort mit einer kartellrechtlichen Dissertation promoviert wurde (2004).<\/p>\n<p style=\"text-align: left\">2005 nahm er eine Stelle als DAAD-Fachlektor am University College London im Vereinigten K\u00f6nigreich an. 2007 wurde er dort auf eine unbefristete Stelle als regul\u00e4rer Lecturer in Law berufen. Neben seiner Stelle am University College London hielt er seit 2008 (bis 2017) Tutorien an der University of Oxford ab. 2011\/12 verbrachte er ein Forschungsfreijahr als Visiting Researcher an der Harvard Law School in Cambridge, MA.<\/p>\n<p style=\"text-align: left\">Am University College London wurde er im Jahr 2012 zum Associate Professor\/Reader in Law und im Jahr 2017 zum (full) Professor for Antitrust and Comparative Law &amp; Economics bef\u00f6rdert. Im akademischen Jahr 2017\/18 hatte er ein weiteres Forschungsfreijahr, in dem er als Gastprofessor an der Universit\u00e4t Osaka, Japan, und der Universit\u00e4t W\u00fcrzburg t\u00e4tig war und au\u00dferdem als Professurvertreter die neu eingerichtete Professur f\u00fcr B\u00fcrgerliches Recht und Wirtschaftsrecht (einschlie\u00dflich Vertragsgestaltung) an der Helmut-Schmidt-Universit\u00e4t vertrat. Nachdem er zun\u00e4chst f\u00fcr das akademische Jahr 2018\/19 auf seine Professur am University College London zur\u00fcckgekehrt war, hat er zum 01.07.2019 die Stelle als Professor f\u00fcr B\u00fcrgerliches Recht und Wirtschaftsrecht (einschlie\u00dflich Vertragsgestaltung) angetreten.<\/p>\n\n\n<hr class=\"wp-block-separator has-alpha-channel-opacity\" \/>\n\n\n\n<ul class=\"wp-block-list\">\n<li><a href=\"https:\/\/www.hsu-hh.de\/privatrecht3\/wp-content\/uploads\/sites\/792\/2025\/07\/Lebenslauf_Wagner-von-Papp-v.-16.7.2025.pdf\">Lebenslauf<\/a><\/li>\n\n\n\n<li><a href=\"https:\/\/www.hsu-hh.de\/privatrecht3\/wp-content\/uploads\/sites\/792\/2025\/07\/Schriftenverzeichnis_Wagner-von-Papp-v.-16.7.2025.pdf\">Publikationen<\/a><\/li>\n\n\n\n<li><a href=\"https:\/\/www.hsu-hh.de\/privatrecht3\/wp-content\/uploads\/sites\/792\/2025\/07\/Vortragsverzeichnis_Wagner-von-Papp-v.-16.7.2025.pdf\">Vortragsverzeichnis (einschl. Lehrveranstaltungen)<\/a><\/li>\n\n\n\n<li><a href=\"https:\/\/scholar.google.de\/citations?hl=de&amp;user=x0E5KO4AAAAJ&amp;view_op=list_works&amp;sortby=pubdate\" rel='nofollow'>GoogleScholar-Seite<\/a><\/li>\n\n\n\n<li><a href=\"https:\/\/papers.ssrn.com\/sol3\/cf_dev\/AbsByAuth.cfm?per_id=565620\" rel='nofollow'>SSRN-Autorenseite<\/a><\/li>\n<\/ul>\n\n\n\n<hr class=\"wp-block-separator has-alpha-channel-opacity\" \/>\n\n\n\n<p>Raum: 1E 035<br>Tel.: 040\/6541-3098<br>E-Mail:&nbsp;<a href=\"mailto:wagnervf@hsu-hh.de\" rel='nofollow'>wagnervf@hsu-hh.de<\/a><\/p>\n\n\n\n<hr class=\"wp-block-separator has-css-opacity\" \/>\n\n\n\n<p><strong>Postanschrift:<br><\/strong>Postfach 700822<br>22008 Hamburg<\/p>\n\n\n\n<p><strong>Besucheranschrift:<\/strong><br>Campus&nbsp;Nord&nbsp;(Rentenversicherung)<br>Friedrich-Ebert-Damm&nbsp;245&nbsp;(Eingang&nbsp;Charlie-Mills-Stra\u00dfe)<br>22159&nbsp;Hamburg<\/p>\n","protected":false},"excerpt":{"rendered":"<p>Professur f\u00fcr B\u00fcrgerliches Recht und Wirtschaftsrecht (einschlie\u00dflich Vertragsgestaltung) Florian Wagner-von Papp studierte von 1993 bis 1998 Rechtswissenschaften an der Eberhard-Karls-Universit\u00e4t T\u00fcbingen. Nach Absolvieren des Ersten Juristischen Staatsexamens (1998), seiner Referendarzeit [&hellip;]<\/p>\n","protected":false},"author":2788,"featured_media":0,"parent":0,"menu_order":0,"comment_status":"closed","ping_status":"closed","template":"","meta":{"footnotes":""},"categories":[88],"tags":[],"class_list":["post-550","page","type-page","status-publish","hentry","category-professur"],"_links":{"self":[{"href":"https:\/\/www.hsu-hh.de\/privatrecht3\/wp-json\/wp\/v2\/pages\/550","targetHints":{"allow":["GET"]}}],"collection":[{"href":"https:\/\/www.hsu-hh.de\/privatrecht3\/wp-json\/wp\/v2\/pages"}],"about":[{"href":"https:\/\/www.hsu-hh.de\/privatrecht3\/wp-json\/wp\/v2\/types\/page"}],"author":[{"embeddable":true,"href":"https:\/\/www.hsu-hh.de\/privatrecht3\/wp-json\/wp\/v2\/users\/2788"}],"replies":[{"embeddable":true,"href":"https:\/\/www.hsu-hh.de\/privatrecht3\/wp-json\/wp\/v2\/comments?post=550"}],"version-history":[{"count":47,"href":"https:\/\/www.hsu-hh.de\/privatrecht3\/wp-json\/wp\/v2\/pages\/550\/revisions"}],"predecessor-version":[{"id":2052,"href":"https:\/\/www.hsu-hh.de\/privatrecht3\/wp-json\/wp\/v2\/pages\/550\/revisions\/2052"}],"wp:attachment":[{"href":"https:\/\/www.hsu-hh.de\/privatrecht3\/wp-json\/wp\/v2\/media?parent=550"}],"wp:term":[{"taxonomy":"category","embeddable":true,"href":"https:\/\/www.hsu-hh.de\/privatrecht3\/wp-json\/wp\/v2\/categories?post=550"},{"taxonomy":"post_tag","embeddable":true,"href":"https:\/\/www.hsu-hh.de\/privatrecht3\/wp-json\/wp\/v2\/tags?post=550"}],"curies":[{"name":"wp","href":"https:\/\/api.w.org\/{rel}","templated":true}]}}