{"id":73,"date":"2017-07-03T15:52:08","date_gmt":"2017-07-03T13:52:08","guid":{"rendered":"https:\/\/www.hsu-hh.de\/vorlage\/?page_id=73"},"modified":"2024-08-01T14:20:49","modified_gmt":"2024-08-01T12:20:49","slug":"startseite","status":"publish","type":"page","link":"https:\/\/www.hsu-hh.de\/prfgawiso\/","title":{"rendered":"Startseite"},"content":{"rendered":"\n<p><\/p>\n\n\n<div>\n<h3><strong>Herzlich willkommen auf den Seiten des Pr\u00fcfungsausschusses <abbr title=\"Wirtschafts- und Sozialwissenschaften\">WiSo<\/abbr><\/strong><\/h3>\n<p>Den Pr\u00fcfungsausschuss <abbr title=\"Wirtschafts- und Sozialwissenschaften\">WiSo<\/abbr> k\u00f6nnen Sie unter unter folgender E-Mailadresse kontaktieren: <a href=\"mailto:pruefungsausschuss_wiso@hsu-hh.de\" rel='nofollow'>pruefungsausschuss_wiso@hsu-hh.de<\/a><\/p>\n<p>Der Pr\u00fcfungsausschuss <abbr title=\"Wirtschafts- und Sozialwissenschaften\">WiSo<\/abbr> ist jetzt im Intranet unter folgendem <a href=\"https:\/\/ilias.hsu-hh.de\/goto.php?target=cat_536120&amp;client_id=unibw\" rel='nofollow'>Link<\/a> zu finden<\/p>\n<\/div>\n<div>\u00a0<\/div>\n\n\n<p><\/p>\n\n\n\n<p><\/p>\n","protected":false},"excerpt":{"rendered":"<p>Herzlich willkommen auf den Seiten des Pr\u00fcfungsausschusses WiSo Den Pr\u00fcfungsausschuss WiSo k\u00f6nnen Sie unter unter folgender E-Mailadresse kontaktieren: pruefungsausschuss_wiso@hsu-hh.de Der Pr\u00fcfungsausschuss WiSo ist jetzt im Intranet unter folgendem Link zu [&hellip;]<\/p>\n","protected":false},"author":2788,"featured_media":0,"parent":0,"menu_order":0,"comment_status":"closed","ping_status":"closed","template":"","meta":{"footnotes":""},"categories":[35],"tags":[38],"class_list":["post-73","page","type-page","status-publish","hentry","category-startseite","tag-startseite-pruefausschuss"],"_links":{"self":[{"href":"https:\/\/www.hsu-hh.de\/prfgawiso\/wp-json\/wp\/v2\/pages\/73","targetHints":{"allow":["GET"]}}],"collection":[{"href":"https:\/\/www.hsu-hh.de\/prfgawiso\/wp-json\/wp\/v2\/pages"}],"about":[{"href":"https:\/\/www.hsu-hh.de\/prfgawiso\/wp-json\/wp\/v2\/types\/page"}],"author":[{"embeddable":true,"href":"https:\/\/www.hsu-hh.de\/prfgawiso\/wp-json\/wp\/v2\/users\/2788"}],"replies":[{"embeddable":true,"href":"https:\/\/www.hsu-hh.de\/prfgawiso\/wp-json\/wp\/v2\/comments?post=73"}],"version-history":[{"count":78,"href":"https:\/\/www.hsu-hh.de\/prfgawiso\/wp-json\/wp\/v2\/pages\/73\/revisions"}],"predecessor-version":[{"id":460,"href":"https:\/\/www.hsu-hh.de\/prfgawiso\/wp-json\/wp\/v2\/pages\/73\/revisions\/460"}],"wp:attachment":[{"href":"https:\/\/www.hsu-hh.de\/prfgawiso\/wp-json\/wp\/v2\/media?parent=73"}],"wp:term":[{"taxonomy":"category","embeddable":true,"href":"https:\/\/www.hsu-hh.de\/prfgawiso\/wp-json\/wp\/v2\/categories?post=73"},{"taxonomy":"post_tag","embeddable":true,"href":"https:\/\/www.hsu-hh.de\/prfgawiso\/wp-json\/wp\/v2\/tags?post=73"}],"curies":[{"name":"wp","href":"https:\/\/api.w.org\/{rel}","templated":true}]}}