{"id":118,"date":"2018-02-02T12:04:29","date_gmt":"2018-02-02T11:04:29","guid":{"rendered":"https:\/\/www.hsu-hh.de\/prfgawiso\/?page_id=118"},"modified":"2024-08-01T14:25:33","modified_gmt":"2024-08-01T12:25:33","slug":"allgemeines","status":"publish","type":"page","link":"https:\/\/www.hsu-hh.de\/prfgawiso\/allgemeines","title":{"rendered":"Informationen"},"content":{"rendered":"\n<p>Alle Studierenden k\u00f6nnen sich mit Fragen und Anliegen an den Pr\u00fcfungsausschuss <abbr title=\"Wirtschafts- und Sozialwissenschaften\">WiSo<\/abbr> wenden. Das Studium an der Helmut-Schmidt-Universit\u00e4t ist in Trimestern aufgeteilt und ist ein eng getaktetes Intensivstudium. Geregelt wird das Studium durch die  Allgemeine Pr\u00fcfungsordnung (APO), diese wird erg\u00e4nzt durch die fachspezifischen Pr\u00fcfungsordnungen (FSPO), Immatrikulations- und Exmatrikulationsordnung, Modulhandb\u00fccher, Regelungen f\u00fcr Klausuren und anderes. Durch verschiedene Anl\u00e4sse k\u00f6nnen die <strong>ineinander verzahnten Abl\u00e4ufe ins Stocken<\/strong> geraten, daher ist es sinnvoll, sich <strong>fr\u00fchzeitig<\/strong> mit dem Pr\u00fcfungsausschuss <abbr title=\"Wirtschafts- und Sozialwissenschaften\">WiSo<\/abbr> in Verbindung zu setzen um die Folgen abzukl\u00e4ren. Der Pr\u00fcfungsausschuss kann unter anderem zu folgenden Themen beratend t\u00e4tig werden:<\/p>\n\n\n\n<p>&#8211; Abgabe Ihrer Abschlussarbeiten <br>&#8211; \u00dcberdenken einer Pr\u00fcfungsleistung<br>&#8211; Anerkennung\/Anrechnungen von Studier- und Pr\u00fcfungsleistungen<br>&#8211; Auslandssemester<br>&#8211; Beurlaubung<br>&#8211; Deutsch ist Fremdsprache<br>&#8211; endg\u00fcltig nicht bestanden (ENB)<br>&#8211; H\u00f6chststudiendauer (HSD)<br>&#8211; individueller Studienplan (ISP)<br>&#8211; Krankheit<br>&#8211; Mutterschutz &#8211; Geburt &#8211; Elternzeit<br>&#8211; m\u00fcndliche Erg\u00e4nzungspr\u00fcfung (MEP)<br>&#8211; Nachteilsausgleich<br>&#8211; Pr\u00fcfungsformen und Pr\u00fcfungsformwechsel<br>&#8211; Pr\u00fcfungsrechtsverh\u00e4ltnis<br>&#8211; Qualifizierungsgespr\u00e4ch<br>&#8211; R\u00fccktritt von Pr\u00fcfungen<br>&#8211; \u00dcbertritt in den Master<br>&#8211; Verl\u00e4ngerungen, Ruhen, Hemmen<br>&#8211; Ordnungsversto\u00df, T\u00e4uschung und Plagiat<\/p>\n\n\n\n<p>Der Pr\u00fcfungsausschuss <abbr title=\"Wirtschafts- und Sozialwissenschaften\">WiSo<\/abbr> ist jetzt im Intranet unter folgendem <a href=\"https:\/\/ilias.hsu-hh.de\/goto.php?target=cat_536120&amp;client_id=unibw\" rel='nofollow'>Link<\/a> zu finden.<\/p>\n","protected":false},"excerpt":{"rendered":"<p>Alle Studierenden k\u00f6nnen sich mit Fragen und Anliegen an den Pr\u00fcfungsausschuss WiSo wenden. Das Studium an der Helmut-Schmidt-Universit\u00e4t ist in Trimestern aufgeteilt und ist ein eng getaktetes Intensivstudium. Geregelt wird [&hellip;]<\/p>\n","protected":false},"author":64,"featured_media":0,"parent":0,"menu_order":0,"comment_status":"closed","ping_status":"closed","template":"","meta":{"footnotes":""},"categories":[4],"tags":[],"class_list":["post-118","page","type-page","status-publish","hentry","category-forschung"],"_links":{"self":[{"href":"https:\/\/www.hsu-hh.de\/prfgawiso\/wp-json\/wp\/v2\/pages\/118","targetHints":{"allow":["GET"]}}],"collection":[{"href":"https:\/\/www.hsu-hh.de\/prfgawiso\/wp-json\/wp\/v2\/pages"}],"about":[{"href":"https:\/\/www.hsu-hh.de\/prfgawiso\/wp-json\/wp\/v2\/types\/page"}],"author":[{"embeddable":true,"href":"https:\/\/www.hsu-hh.de\/prfgawiso\/wp-json\/wp\/v2\/users\/64"}],"replies":[{"embeddable":true,"href":"https:\/\/www.hsu-hh.de\/prfgawiso\/wp-json\/wp\/v2\/comments?post=118"}],"version-history":[{"count":14,"href":"https:\/\/www.hsu-hh.de\/prfgawiso\/wp-json\/wp\/v2\/pages\/118\/revisions"}],"predecessor-version":[{"id":462,"href":"https:\/\/www.hsu-hh.de\/prfgawiso\/wp-json\/wp\/v2\/pages\/118\/revisions\/462"}],"wp:attachment":[{"href":"https:\/\/www.hsu-hh.de\/prfgawiso\/wp-json\/wp\/v2\/media?parent=118"}],"wp:term":[{"taxonomy":"category","embeddable":true,"href":"https:\/\/www.hsu-hh.de\/prfgawiso\/wp-json\/wp\/v2\/categories?post=118"},{"taxonomy":"post_tag","embeddable":true,"href":"https:\/\/www.hsu-hh.de\/prfgawiso\/wp-json\/wp\/v2\/tags?post=118"}],"curies":[{"name":"wp","href":"https:\/\/api.w.org\/{rel}","templated":true}]}}