{"id":113,"date":"2018-02-02T11:59:31","date_gmt":"2018-02-02T10:59:31","guid":{"rendered":"https:\/\/www.hsu-hh.de\/prfgawiso\/?page_id=113"},"modified":"2022-04-08T14:39:55","modified_gmt":"2022-04-08T12:39:55","slug":"aktuelles","status":"publish","type":"page","link":"https:\/\/www.hsu-hh.de\/prfgawiso\/aktuelles","title":{"rendered":"Kontakt"},"content":{"rendered":"\n<p><\/p>\n\n\n<div>\n<div>\n<div>\n<p><strong>KONTAKT<\/strong><\/p>\n<p>Bitte wenden Sie sich in pr\u00fcfungsrechtlichen Angelegenheiten an den Vorsitzenden des Pr\u00fcfungsausschuss, Prof. Dr. Stefan M\u00fcller und seine Mitarbeiterin Frau Gabriele Ellerbeck \u00fcber folgende Mailadresse:<\/p>\n<p>pruefungsausschuss_wiso@hsu-hh.de <br \/>oder telefonisch unter 040 6541 2509<\/p>\n<p><strong>ANTR\u00c4GE<br \/><\/strong><\/p>\n<p>F\u00fcr Antr\u00e4ge an den Pr\u00fcfungsausschuss verwenden Sie bitte die daf\u00fcr vorgesehenen Formulare. Alle Antr\u00e4ge k\u00f6nnen Sie per Mail einreichen, per Post oder auch \u00fcber die Hauspost.<\/p>\n<p>Helmut-Schmidt-Universit\u00e4t\/Universit\u00e4t der Bundeswehr Hamburg <br \/>Fakult\u00e4t f\u00fcr Wirtschafts- und Sozialwissenschaften <br \/>Pr\u00fcfungsausschuss <br \/>Postfach 70 08 22 <br \/>22008 Hamburg <br \/>pruefungsausschuss_wiso@hsu-hh.de<\/p>\nEinige Antr\u00e4ge (<abbr title=\"zum Beispiel\">z.B.<\/abbr> Verl\u00e4ngerungen sowie Anerkennung von Leistungen) k\u00f6nnen Sie auf den Seiten des Pr\u00fcfungsausschusses <abbr title=\"Wirtschafts- und Sozialwissenschaften\">WiSo<\/abbr> im Intranet als Formular finden.<\/div>\n<\/div>\n<\/div>","protected":false},"excerpt":{"rendered":"<p>KONTAKT Bitte wenden Sie sich in pr\u00fcfungsrechtlichen Angelegenheiten an den Vorsitzenden des Pr\u00fcfungsausschuss, Prof. Dr. Stefan M\u00fcller und seine Mitarbeiterin Frau Gabriele Ellerbeck \u00fcber folgende Mailadresse: pruefungsausschuss_wiso@hsu-hh.de oder telefonisch unter [&hellip;]<\/p>\n","protected":false},"author":64,"featured_media":0,"parent":0,"menu_order":4,"comment_status":"closed","ping_status":"closed","template":"","meta":{"footnotes":""},"categories":[4],"tags":[],"class_list":["post-113","page","type-page","status-publish","hentry","category-forschung"],"_links":{"self":[{"href":"https:\/\/www.hsu-hh.de\/prfgawiso\/wp-json\/wp\/v2\/pages\/113","targetHints":{"allow":["GET"]}}],"collection":[{"href":"https:\/\/www.hsu-hh.de\/prfgawiso\/wp-json\/wp\/v2\/pages"}],"about":[{"href":"https:\/\/www.hsu-hh.de\/prfgawiso\/wp-json\/wp\/v2\/types\/page"}],"author":[{"embeddable":true,"href":"https:\/\/www.hsu-hh.de\/prfgawiso\/wp-json\/wp\/v2\/users\/64"}],"replies":[{"embeddable":true,"href":"https:\/\/www.hsu-hh.de\/prfgawiso\/wp-json\/wp\/v2\/comments?post=113"}],"version-history":[{"count":28,"href":"https:\/\/www.hsu-hh.de\/prfgawiso\/wp-json\/wp\/v2\/pages\/113\/revisions"}],"predecessor-version":[{"id":380,"href":"https:\/\/www.hsu-hh.de\/prfgawiso\/wp-json\/wp\/v2\/pages\/113\/revisions\/380"}],"wp:attachment":[{"href":"https:\/\/www.hsu-hh.de\/prfgawiso\/wp-json\/wp\/v2\/media?parent=113"}],"wp:term":[{"taxonomy":"category","embeddable":true,"href":"https:\/\/www.hsu-hh.de\/prfgawiso\/wp-json\/wp\/v2\/categories?post=113"},{"taxonomy":"post_tag","embeddable":true,"href":"https:\/\/www.hsu-hh.de\/prfgawiso\/wp-json\/wp\/v2\/tags?post=113"}],"curies":[{"name":"wp","href":"https:\/\/api.w.org\/{rel}","templated":true}]}}