{"id":73,"date":"2017-07-03T15:52:08","date_gmt":"2017-07-03T13:52:08","guid":{"rendered":"https:\/\/www.hsu-hh.de\/vorlage\/?page_id=73"},"modified":"2026-01-14T12:42:05","modified_gmt":"2026-01-14T11:42:05","slug":"startseite","status":"publish","type":"page","link":"https:\/\/www.hsu-hh.de\/politiktheorie\/","title":{"rendered":"Professur f\u00fcr Politikwissenschaft, insbesondere Politische Theorie"},"content":{"rendered":"\n<hr class=\"wp-block-separator has-css-opacity is-style-wide\" \/>\n\n\n\n<div class=\"wp-block-columns is-layout-flex wp-container-core-columns-is-layout-9d6595d7 wp-block-columns-is-layout-flex\">\n<div class=\"wp-block-column is-layout-flow wp-block-column-is-layout-flow\">\n<figure class=\"wp-block-image size-large\"><img loading=\"lazy\" decoding=\"async\" width=\"1024\" height=\"768\" src=\"https:\/\/www.hsu-hh.de\/politiktheorie\/wp-content\/uploads\/sites\/726\/2018\/11\/IMG_7032-e1542124426125-1024x768.jpg\" data-credit=\"Campus\" alt=\"Campus\" class=\"wp-image-960\" srcset=\"https:\/\/www.hsu-hh.de\/politiktheorie\/wp-content\/uploads\/sites\/726\/2018\/11\/IMG_7032-e1542124426125-1024x768.jpg 1024w, https:\/\/www.hsu-hh.de\/politiktheorie\/wp-content\/uploads\/sites\/726\/2018\/11\/IMG_7032-e1542124426125-300x225.jpg 300w, https:\/\/www.hsu-hh.de\/politiktheorie\/wp-content\/uploads\/sites\/726\/2018\/11\/IMG_7032-e1542124426125-768x576.jpg 768w\" sizes=\"auto, (max-width: 1024px) 100vw, 1024px\" \/><\/figure>\n<\/div>\n\n\n\n<div class=\"wp-block-column is-layout-flow wp-block-column-is-layout-flow\">\n<figure class=\"wp-block-image size-large\"><img loading=\"lazy\" decoding=\"async\" width=\"1024\" height=\"768\" src=\"https:\/\/www.hsu-hh.de\/politiktheorie\/wp-content\/uploads\/sites\/726\/2018\/04\/Bilde-19.04.2018-12-38-18-1024x768.jpg\" data-credit=\"HSU\" alt=\"HSU\" class=\"wp-image-749\" srcset=\"https:\/\/www.hsu-hh.de\/politiktheorie\/wp-content\/uploads\/sites\/726\/2018\/04\/Bilde-19.04.2018-12-38-18-1024x768.jpg 1024w, https:\/\/www.hsu-hh.de\/politiktheorie\/wp-content\/uploads\/sites\/726\/2018\/04\/Bilde-19.04.2018-12-38-18-300x225.jpg 300w, https:\/\/www.hsu-hh.de\/politiktheorie\/wp-content\/uploads\/sites\/726\/2018\/04\/Bilde-19.04.2018-12-38-18-768x576.jpg 768w\" sizes=\"auto, (max-width: 1024px) 100vw, 1024px\" \/><\/figure>\n<\/div>\n<\/div>\n\n\n\n<p>Herzlich Willkommen auf den Seiten des Lehrstuhls f\u00fcr Politikwissenschaft, insbesondere Politische Theorie<\/p>\n\n\n\n<p>an der Helmut-Schmidt-Universit\u00e4t \/ Universit\u00e4t der Bundeswehr Hamburg.<\/p>\n\n\n\n<hr class=\"wp-block-separator has-css-opacity is-style-wide\" \/>\n\n\n\n<h2 class=\"wp-block-heading\"><a href=\"https:\/\/www.hsu-hh.de\/politiktheorie\/category\/nachrichtenslider\">Aktuelles <\/a><\/h2>\n\n\n\n<hr class=\"wp-block-separator has-css-opacity is-style-wide\" \/>\n\n\n\n<div id=\"category_content_erLbg3oF\" class=\"hsu_category archive-page\"><article  id=\"post-3552\" class=\"category-list-item post-3552 post type-post status-publish format-standard hentry \"><a href=\"https:\/\/www.hsu-hh.de\/politiktheorie\/tagung-digitalisierung-der-kommunalverwaltung\" title=\"Tagung \"Digitalisierung der Kommunalverwaltung\"\" ><div class=\"hsu_category_article-content-wrap\"><div class=\"hsu_category_article-content-wrap-inner\"><div>\t<header class=\"entry-header\">\t\t<h3 class=\"entry-title\">Tagung \"Digitalisierung der Kommunalverwaltung\"\t\t<\/h3>\t<\/header><div class=\"entry-content-excerpt\">Wie k\u00f6nnen Kommunen ihre Verwaltung b\u00fcrgernah, sicher und zukunftsorientiert digitalisieren? Welche Governance-Strukturen beg\u00fcnstigen die Koordination zwischen Bund, L\u00e4ndern und Kommunen? Wie kann die zivil-milit\u00e4rische Kommunikation im Digitalen Raum besser vernetzt werden? Mit diesen und weiteren Fragen richtete sich die Tagung am 6. November 2025 in Berlin an Experten und Expertinnen und F\u00fchrungskr\u00e4ften aus Politik, Verwaltung...<\/div> <\/div><\/div><\/div><\/a><\/article><article  id=\"post-3531\" class=\"category-list-item post-3531 post type-post status-publish format-standard hentry \"><a href=\"https:\/\/www.hsu-hh.de\/politiktheorie\/in-stillem-gedenken\" title=\"In stillem Gedenken\" ><div class=\"hsu_category_article-content-wrap\"><div class=\"hsu_category_article-content-wrap-inner\"><div>\t<header class=\"entry-header\">\t\t<h3 class=\"entry-title\">In stillem Gedenken\t\t<\/h3>\t<\/header><div class=\"entry-content-excerpt\">Wir trauern um unseren Kollegen, Kameraden und Freund Hauptmann Severin Pleyer. Die Nachricht seines pl\u00f6tzlichen Todes hat uns tief getroffen.Severin war seit 2020 wissenschaftlicher Mitarbeiter am Lehrstuhl f\u00fcr Politische Theorie und dem German Institute for Defence Studies, GIDS. Soeben hatte er seine Dissertation fertiggestellt und arbeitete bereits an einem neuen Buchprojekt.Severins Forschungsschwerpunkt war nukleare Abschreckung....<\/div> <\/div><\/div><\/div><\/a><\/article><\/div><div class=\"col-xs-12 col-md-3 col-md-push-4\"><span class=\"link no-arrow\"><button class=\"categorymore hsu_btn\" id=\"erLbg3oF\"  data-category=\"Startseite\" data-categoryid=\"29\" data-posts_per_page=\"2\" data-order=\"DESC\" data-paged=\"2\" data-more_posts=\"1\" data-nocontent=\"1\" data-noimg=\"1\" data-nometa=\"1\" data-uid=\"erLbg3oF\">Mehr Beitr\u00e4ge<\/button><\/span><\/div><div class=\"clearfix\"><\/div>\n\n\n\n<hr class=\"wp-block-separator has-css-opacity is-style-wide\" \/>\n\n\n\n<h2 class=\"wp-block-heading\"> <a href=\"https:\/\/www.hsu-hh.de\/politiktheorie\/prof-dr-gary-s-schaal\/\"><abbr title=\"Professor\">Prof.<\/abbr> <abbr title=\"Doktor\">Dr.<\/abbr> Gary S. Schaal<\/a><\/h2>\n\n\n\n<hr class=\"wp-block-separator has-css-opacity is-style-wide\" \/>\n\n\n\n<div class=\"wp-block-columns is-layout-flex wp-container-core-columns-is-layout-9d6595d7 wp-block-columns-is-layout-flex\">\n<div class=\"wp-block-column is-layout-flow wp-block-column-is-layout-flow\">\n<div class=\"wp-block-columns is-layout-flex wp-container-core-columns-is-layout-9d6595d7 wp-block-columns-is-layout-flex\">\n<div class=\"wp-block-column is-layout-flow wp-block-column-is-layout-flow\">\n<h2 class=\"wp-block-heading\">Wichtigstes auf einen Blick<\/h2>\n\n\n\n<p><a href=\"https:\/\/www.hsu-hh.de\/politiktheorie\/prof-dr-gary-s-schaal\/publikationen\/\">Publikationen<\/a><\/p>\n\n\n\n<p><a href=\"https:\/\/www.hsu-hh.de\/politiktheorie\/prof-dr-gary-s-schaal\/lebenslauf\/\">Lebenslauf<\/a><\/p>\n\n\n\n<p><a href=\"https:\/\/www.hsu-hh.de\/politiktheorie\/prof-dr-gary-s-schaal\/journal-boards\/\">Journal Boards<\/a><\/p>\n\n\n\n<p><a href=\"https:\/\/www.hsu-hh.de\/politiktheorie\/prof-dr-gary-s-schaal\/vortraege\">Vortr\u00e4ge<\/a><\/p>\n<\/div>\n\n\n\n<div class=\"wp-block-column is-layout-flow wp-block-column-is-layout-flow\">\n<h2 class=\"wp-block-heading\"><a href=\"https:\/\/www.hsu-hh.de\/politiktheorie\/forschungsschwerpunkte-projekte\/\">Forschungsinteresse<\/a>n<\/h2>\n\n\n\n<p>Zeitgen\u00f6ssische Politische Theorie<\/p>\n\n\n\n<p>(Deliberative) Demokratietheorie<\/p>\n\n\n\n<p>Verfassungsrecht und Verfassungstheorie<\/p>\n\n\n\n<p>Institutionentheorie<\/p>\n\n\n\n<p>Emotionsforschung<\/p>\n\n\n\n<p>Politische Kulturforschung<\/p>\n\n\n\n<p>Empirische Demokratie- und Deliberationsforschung<\/p>\n<\/div>\n<\/div>\n<\/div>\n<\/div>\n\n\n\n<hr class=\"wp-block-separator has-css-opacity is-style-wide\" \/>\n\n\n\n<h2 class=\"wp-block-heading\"><a href=\"https:\/\/www.hsu-hh.de\/politiktheorie\/team\/\">Das Team <\/a><\/h2>\n\n\n\n<hr class=\"wp-block-separator has-css-opacity is-style-wide\" \/>\n\n\n\n<div class=\"wp-block-columns is-layout-flex wp-container-core-columns-is-layout-9d6595d7 wp-block-columns-is-layout-flex\">\n<div class=\"wp-block-column is-layout-flow wp-block-column-is-layout-flow\">\n<p><a href=\"https:\/\/www.hsu-hh.de\/politiktheorie\/team\/babisck\" data-type=\"page\" data-id=\"2017\"><abbr title=\"Doktor\">Dr.<\/abbr> Charalampos (Babis) Karpouchtsis<\/a><\/p>\n\n\n\n<p><a href=\"https:\/\/www.hsu-hh.de\/politiktheorie\/team\/dr-dagmar-schulze-heuling\" data-type=\"page\" data-id=\"2455\"><abbr title=\"Privatdozent\">PD<\/abbr> <abbr title=\"Doktor\">Dr.<\/abbr> Dagmar Schulze Heuling<\/a><\/p>\n\n\n\n<p><a href=\"https:\/\/www.hsu-hh.de\/politiktheorie\/deniz-kocak\"><abbr title=\"Doktor\">Dr.<\/abbr> Deniz Kocak<\/a><\/p>\n\n\n\n<p><a href=\"https:\/\/www.hsu-hh.de\/politiktheorie\/team\/dr-philip-jan-schaefer\" data-type=\"page\" data-id=\"3095\"><abbr title=\"Doktor\">Dr.<\/abbr> Philip Jan Sch\u00e4fer<\/a><\/p>\n\n\n\n<p><a href=\"https:\/\/www.hsu-hh.de\/politiktheorie\/team\/dr-sebastian-dumm\/\"><abbr title=\"Doktor\">Dr.<\/abbr> Sebastian Dumm<\/a><\/p>\n\n\n\n<p><a href=\"https:\/\/www.hsu-hh.de\/politiktheorie\/team\/jill-long\" data-type=\"page\" data-id=\"3093\"><abbr title=\"Doktor\">Dr.<\/abbr> Jill Long<\/a><\/p>\n\n\n\n<p><a href=\"https:\/\/www.hsu-hh.de\/politiktheorie\/joseph-verbovszky\"><abbr title=\"Doktor\">Dr.<\/abbr> Joseph Verbovszky<\/a><\/p>\n\n\n\n<p><a href=\"https:\/\/www.hsu-hh.de\/politiktheorie\/dr-phil-martina-philippi\" data-type=\"page\" data-id=\"3445\"><abbr title=\"Doktor\">Dr.<\/abbr> phil. Martina Philippi<\/a><\/p>\n\n\n\n<p id=\"block-adbcba3c-3083-4bb0-ab69-4b11c07b98b4\"><a href=\"https:\/\/www.hsu-hh.de\/politiktheorie\/team\/christoph-deppe-m-a\/\">Christoph Deppe, M.A.<\/a><\/p>\n<\/div>\n\n\n\n<div class=\"wp-block-column is-layout-flow wp-block-column-is-layout-flow\">\n<p><a href=\"https:\/\/www.hsu-hh.de\/politiktheorie\/julian-pawlak\"><abbr title=\"Doktor\">Dr.<\/abbr> Julian Pawlak<\/a><\/p>\n\n\n\n<p><a href=\"https:\/\/www.hsu-hh.de\/politiktheorie\/niklas-masuhr\">Niklas Masuhr, M.A.<\/a><\/p>\n\n\n\n<p><a href=\"https:\/\/www.hsu-hh.de\/politiktheorie\/?page_id=3263\">Karl Hufnagl, M.A.<\/a><\/p>\n\n\n\n<p><a href=\"https:\/\/www.hsu-hh.de\/politiktheorie\/team\/bastian-manteuffel-m-a\" data-type=\"page\" data-id=\"2913\">Bastian Manteuffel, M.A.<\/a><\/p>\n\n\n\n<p><a href=\"https:\/\/www.hsu-hh.de\/politiktheorie\/team\/lilly-neugebauer\" data-type=\"page\" data-id=\"3635\">Lilly Neugebauer, <abbr title=\"Master of Science\">M.Sc.<\/abbr><\/a><\/p>\n\n\n\n<p><a href=\"https:\/\/www.hsu-hh.de\/politiktheorie\/sekretariat\">Sekretariat<\/a><\/p>\n\n\n\n<p><a href=\"https:\/\/www.hsu-hh.de\/politiktheorie\/team\/soldatische-hilfskraefte\">Soldatische Hilfskr\u00e4fte<\/a><\/p>\n\n\n\n<p><a href=\"https:\/\/www.hsu-hh.de\/politiktheorie\/team\/ehemalige-mitarbeiter\">Ehemalige Mitarbeiter<\/a><\/p>\n<\/div>\n<\/div>\n\n\n\n<hr class=\"wp-block-separator has-css-opacity is-style-wide\" \/>\n\n\n\n<h2 class=\"wp-block-heading\"><a href=\"https:\/\/www.hsu-hh.de\/politiktheorie\/lehre\/\">Die Lehre <\/a><\/h2>\n\n\n\n<hr class=\"wp-block-separator has-css-opacity is-style-wide\" \/>\n\n\n\n<div class=\"wp-block-media-text alignwide has-media-on-the-right is-stacked-on-mobile\"><div class=\"wp-block-media-text__content\">\n<p class=\"has-text-align-left\">Die Professur f\u00fcr Politikwissenschaft, insbesondere Politische Theorie bietet mehrere Lehrveranstaltungen im Bachelorstudiengang Politikwissenschaft sowie im Masterstudiengang Vergleichende Demokratieforschung an.<\/p>\n\n\n\n<p class=\"has-text-align-left\"><em>Unter folgendem Link sind n\u00e4here Informationen zur Lehre zu finden:<\/em> <a href=\"https:\/\/www.hsu-hh.de\/politiktheorie\/lehre\/\">https:\/\/www.hsu-hh.de\/politiktheorie\/lehre\/<\/a><\/p>\n<\/div><figure class=\"wp-block-media-text__media\"><img loading=\"lazy\" decoding=\"async\" width=\"1024\" height=\"682\" src=\"https:\/\/www.hsu-hh.de\/politiktheorie\/wp-content\/uploads\/sites\/726\/2017\/11\/hoersaal_9443-1024x682.jpg\" data-credit=\"ddd\" alt=\"H\u00f6rsaal\" class=\"wp-image-294 size-full\" srcset=\"https:\/\/www.hsu-hh.de\/politiktheorie\/wp-content\/uploads\/sites\/726\/2017\/11\/hoersaal_9443-1024x682.jpg 1024w, https:\/\/www.hsu-hh.de\/politiktheorie\/wp-content\/uploads\/sites\/726\/2017\/11\/hoersaal_9443-300x200.jpg 300w, https:\/\/www.hsu-hh.de\/politiktheorie\/wp-content\/uploads\/sites\/726\/2017\/11\/hoersaal_9443-768x511.jpg 768w\" sizes=\"auto, (max-width: 1024px) 100vw, 1024px\" \/><\/figure><\/div>\n\n\n\n<hr class=\"wp-block-separator has-css-opacity is-style-wide\" \/>\n\n\n\n<p><\/p>\n","protected":false},"excerpt":{"rendered":"<p>Herzlich Willkommen auf den Seiten des Lehrstuhls f\u00fcr Politikwissenschaft, insbesondere Politische Theorie an der Helmut-Schmidt-Universit\u00e4t \/ Universit\u00e4t der Bundeswehr Hamburg. Aktuelles Prof. Dr. Gary S. Schaal Wichtigstes auf einen Blick [&hellip;]<\/p>\n","protected":false},"author":1,"featured_media":0,"parent":0,"menu_order":0,"comment_status":"closed","ping_status":"closed","template":"","meta":{"footnotes":""},"categories":[4,35],"tags":[],"class_list":["post-73","page","type-page","status-publish","hentry","category-forschung","category-startseite"],"_links":{"self":[{"href":"https:\/\/www.hsu-hh.de\/politiktheorie\/wp-json\/wp\/v2\/pages\/73","targetHints":{"allow":["GET"]}}],"collection":[{"href":"https:\/\/www.hsu-hh.de\/politiktheorie\/wp-json\/wp\/v2\/pages"}],"about":[{"href":"https:\/\/www.hsu-hh.de\/politiktheorie\/wp-json\/wp\/v2\/types\/page"}],"author":[{"embeddable":true,"href":"https:\/\/www.hsu-hh.de\/politiktheorie\/wp-json\/wp\/v2\/users\/1"}],"replies":[{"embeddable":true,"href":"https:\/\/www.hsu-hh.de\/politiktheorie\/wp-json\/wp\/v2\/comments?post=73"}],"version-history":[{"count":90,"href":"https:\/\/www.hsu-hh.de\/politiktheorie\/wp-json\/wp\/v2\/pages\/73\/revisions"}],"predecessor-version":[{"id":3645,"href":"https:\/\/www.hsu-hh.de\/politiktheorie\/wp-json\/wp\/v2\/pages\/73\/revisions\/3645"}],"wp:attachment":[{"href":"https:\/\/www.hsu-hh.de\/politiktheorie\/wp-json\/wp\/v2\/media?parent=73"}],"wp:term":[{"taxonomy":"category","embeddable":true,"href":"https:\/\/www.hsu-hh.de\/politiktheorie\/wp-json\/wp\/v2\/categories?post=73"},{"taxonomy":"post_tag","embeddable":true,"href":"https:\/\/www.hsu-hh.de\/politiktheorie\/wp-json\/wp\/v2\/tags?post=73"}],"curies":[{"name":"wp","href":"https:\/\/api.w.org\/{rel}","templated":true}]}}