{"id":609,"date":"2018-01-11T13:42:49","date_gmt":"2018-01-11T12:42:49","guid":{"rendered":"https:\/\/www.hsu-hh.de\/politiktheorie\/?page_id=609"},"modified":"2025-09-22T13:32:16","modified_gmt":"2025-09-22T11:32:16","slug":"soldatische-hilfskraefte","status":"publish","type":"page","link":"https:\/\/www.hsu-hh.de\/politiktheorie\/team\/soldatische-hilfskraefte","title":{"rendered":"Studentische Hilfskr\u00e4fte"},"content":{"rendered":"\n<hr class=\"wp-block-separator has-alpha-channel-opacity is-style-wide\" \/>\n\n\n\n<p class=\"has-white-background-color has-background has-medium-font-size\"><a href=\"https:\/\/www.hsu-hh.de\/politiktheorie\/fabian-maassen\" data-type=\"URL\" data-id=\"https:\/\/www.hsu-hh.de\/politiktheorie\/fabian-maassen\">Fabian Maa\u00dfen<\/a><\/p>\n\n\n\n<p class=\"has-grey-background-color has-background has-medium-font-size\"><a href=\"https:\/\/www.hsu-hh.de\/politiktheorie\/alexander-koch\" data-type=\"URL\" data-id=\"https:\/\/www.hsu-hh.de\/politiktheorie\/alexander-koch\">Christian&nbsp;Alexander Koch<\/a><\/p>\n\n\n\n<p class=\"has-white-background-color has-background has-medium-font-size\"><a href=\"https:\/\/www.hsu-hh.de\/politiktheorie\/team\/soldatische-hilfskraefte\/johanna-braun\" data-type=\"link\" data-id=\"https:\/\/www.hsu-hh.de\/politiktheorie\/team\/soldatische-hilfskraefte\/johanna-braun\">Johanna Braun<\/a><\/p>\n\n\n\n<p class=\"has-grey-background-color has-background has-medium-font-size\"><a href=\"https:\/\/www.hsu-hh.de\/politiktheorie\/?page_id=3133\" data-type=\"page\" data-id=\"3133\"><a href=\"https:\/\/www.hsu-hh.de\/politiktheorie\/?page_id=3143\" data-type=\"page\" data-id=\"3143\">Mats Poul Pagers<\/a><\/a><\/p>\n\n\n\n<p class=\"has-white-background-color has-background has-medium-font-size\"><a href=\"https:\/\/www.hsu-hh.de\/politiktheorie\/?page_id=3145\" data-type=\"page\" data-id=\"3145\">Anna Gossing<\/a><\/p>\n\n\n\n<div class=\"wp-block-columns is-layout-flex wp-container-core-columns-is-layout-9d6595d7 wp-block-columns-is-layout-flex\">\n<div class=\"wp-block-column is-layout-flow wp-block-column-is-layout-flow\"><\/div>\n\n\n\n<div class=\"wp-block-column is-layout-flow wp-block-column-is-layout-flow\"><\/div>\n<\/div>\n\n\n\n<hr class=\"wp-block-separator has-text-color has-grey-color has-alpha-channel-opacity has-grey-background-color has-background is-style-wide\" \/>\n\n\n\n<h2 class=\"wp-block-heading has-text-align-left has-white-background-color has-background\" style=\"font-style:normal;font-weight:200\">Ehemalige Studentische Hilfskr\u00e4fte<\/h2>\n\n\n\n<p class=\"has-grey-background-color has-background\"><strong>2024 &#8211; 2025<\/strong><br><em>Celina Rieck<\/em><\/p>\n\n\n\n<p class=\"has-white-background-color has-background\"><strong>2021 &#8211; 2024<\/strong><br><em>Erik Ensminger<\/em><\/p>\n\n\n\n<p class=\"has-grey-background-color has-background\"><strong>2021 &#8211; 2023<\/strong><br><em>Hermann Koppenh\u00f6le<\/em><\/p>\n\n\n\n<p class=\"has-white-background-color has-background\"><strong>2021 &#8211; 2022<\/strong><br><em>Patrick Taube<\/em><\/p>\n\n\n\n<p class=\"has-grey-background-color has-background\"><strong>2020 &#8211; 2022<\/strong><br><em>Mikkeline Brill<\/em><\/p>\n\n\n\n<p class=\"has-white-background-color has-background\"><strong>2020<\/strong><br><em>Frederike Uhl<\/em><\/p>\n\n\n\n<p class=\"has-background\" style=\"background-color:#f9f9f9\"><strong>2018 &#8211; 2021<\/strong><br><em>Antonia Hillekes<\/em><\/p>\n","protected":false},"excerpt":{"rendered":"<p>Fabian Maa\u00dfen Christian&nbsp;Alexander Koch Johanna Braun Mats Poul Pagers Anna Gossing Ehemalige Studentische Hilfskr\u00e4fte 2024 &#8211; 2025Celina Rieck 2021 &#8211; 2024Erik Ensminger 2021 &#8211; 2023Hermann Koppenh\u00f6le 2021 &#8211; 2022Patrick Taube [&hellip;]<\/p>\n","protected":false},"author":181,"featured_media":0,"parent":124,"menu_order":0,"comment_status":"closed","ping_status":"closed","template":"","meta":{"footnotes":""},"categories":[8],"tags":[],"class_list":["post-609","page","type-page","status-publish","hentry","category-team"],"_links":{"self":[{"href":"https:\/\/www.hsu-hh.de\/politiktheorie\/wp-json\/wp\/v2\/pages\/609","targetHints":{"allow":["GET"]}}],"collection":[{"href":"https:\/\/www.hsu-hh.de\/politiktheorie\/wp-json\/wp\/v2\/pages"}],"about":[{"href":"https:\/\/www.hsu-hh.de\/politiktheorie\/wp-json\/wp\/v2\/types\/page"}],"author":[{"embeddable":true,"href":"https:\/\/www.hsu-hh.de\/politiktheorie\/wp-json\/wp\/v2\/users\/181"}],"replies":[{"embeddable":true,"href":"https:\/\/www.hsu-hh.de\/politiktheorie\/wp-json\/wp\/v2\/comments?post=609"}],"version-history":[{"count":66,"href":"https:\/\/www.hsu-hh.de\/politiktheorie\/wp-json\/wp\/v2\/pages\/609\/revisions"}],"predecessor-version":[{"id":3482,"href":"https:\/\/www.hsu-hh.de\/politiktheorie\/wp-json\/wp\/v2\/pages\/609\/revisions\/3482"}],"up":[{"embeddable":true,"href":"https:\/\/www.hsu-hh.de\/politiktheorie\/wp-json\/wp\/v2\/pages\/124"}],"wp:attachment":[{"href":"https:\/\/www.hsu-hh.de\/politiktheorie\/wp-json\/wp\/v2\/media?parent=609"}],"wp:term":[{"taxonomy":"category","embeddable":true,"href":"https:\/\/www.hsu-hh.de\/politiktheorie\/wp-json\/wp\/v2\/categories?post=609"},{"taxonomy":"post_tag","embeddable":true,"href":"https:\/\/www.hsu-hh.de\/politiktheorie\/wp-json\/wp\/v2\/tags?post=609"}],"curies":[{"name":"wp","href":"https:\/\/api.w.org\/{rel}","templated":true}]}}