{"id":537,"date":"2017-12-15T17:19:44","date_gmt":"2017-12-15T16:19:44","guid":{"rendered":"https:\/\/www.hsu-hh.de\/politiktheorie\/?page_id=537"},"modified":"2017-12-18T13:40:14","modified_gmt":"2017-12-18T12:40:14","slug":"interdisziplinaere-projektgruppe-digitalisierung-und-demokratie-an-der-nationalen-akademie-der-wissenschaften-leopoldina","status":"publish","type":"page","link":"https:\/\/www.hsu-hh.de\/politiktheorie\/forschungsschwerpunkte-projekte\/interdisziplinaere-projektgruppe-digitalisierung-und-demokratie-an-der-nationalen-akademie-der-wissenschaften-leopoldina","title":{"rendered":"Interdisziplin\u00e4re Projektgruppe \u201eDigitalisierung und Demokratie\u201c an der Nationalen Akademie der Wissenschaften, Leopoldina"},"content":{"rendered":"<p>Gary S. Schaal ist Mitglied der Projektgruppe \u201eDigitalisierung und Demokratie\u201c, die in interdisziplin\u00e4rer Perspektive politische Handlungsempfehlungen f\u00fcr Herausforderungen entwickeln soll, die aus Prozessen der Digitalisierungen f\u00fcr die Demokratie in Deutschland und Europa resultieren.<\/p>\n<p>Geleitet wird die Projektgruppe von Prof. <abbr title=\"Doktor\">Dr.<\/abbr> Jeanette Hoffmann (WZB) und Prof. <abbr title=\"Doktor\">Dr.<\/abbr> Dirk Helbing (ETH Z\u00fcrich).<\/p>\n<p>&nbsp;<\/p>\n","protected":false},"excerpt":{"rendered":"<p>Gary S. Schaal ist Mitglied der Projektgruppe \u201eDigitalisierung und Demokratie\u201c, die in interdisziplin\u00e4rer Perspektive politische Handlungsempfehlungen f\u00fcr Herausforderungen entwickeln soll, die aus Prozessen der Digitalisierungen f\u00fcr die Demokratie in Deutschland [&hellip;]<\/p>\n","protected":false},"author":181,"featured_media":0,"parent":128,"menu_order":0,"comment_status":"closed","ping_status":"closed","template":"","meta":{"footnotes":""},"categories":[4],"tags":[],"class_list":["post-537","page","type-page","status-publish","hentry","category-forschung"],"_links":{"self":[{"href":"https:\/\/www.hsu-hh.de\/politiktheorie\/wp-json\/wp\/v2\/pages\/537","targetHints":{"allow":["GET"]}}],"collection":[{"href":"https:\/\/www.hsu-hh.de\/politiktheorie\/wp-json\/wp\/v2\/pages"}],"about":[{"href":"https:\/\/www.hsu-hh.de\/politiktheorie\/wp-json\/wp\/v2\/types\/page"}],"author":[{"embeddable":true,"href":"https:\/\/www.hsu-hh.de\/politiktheorie\/wp-json\/wp\/v2\/users\/181"}],"replies":[{"embeddable":true,"href":"https:\/\/www.hsu-hh.de\/politiktheorie\/wp-json\/wp\/v2\/comments?post=537"}],"version-history":[{"count":3,"href":"https:\/\/www.hsu-hh.de\/politiktheorie\/wp-json\/wp\/v2\/pages\/537\/revisions"}],"predecessor-version":[{"id":590,"href":"https:\/\/www.hsu-hh.de\/politiktheorie\/wp-json\/wp\/v2\/pages\/537\/revisions\/590"}],"up":[{"embeddable":true,"href":"https:\/\/www.hsu-hh.de\/politiktheorie\/wp-json\/wp\/v2\/pages\/128"}],"wp:attachment":[{"href":"https:\/\/www.hsu-hh.de\/politiktheorie\/wp-json\/wp\/v2\/media?parent=537"}],"wp:term":[{"taxonomy":"category","embeddable":true,"href":"https:\/\/www.hsu-hh.de\/politiktheorie\/wp-json\/wp\/v2\/categories?post=537"},{"taxonomy":"post_tag","embeddable":true,"href":"https:\/\/www.hsu-hh.de\/politiktheorie\/wp-json\/wp\/v2\/tags?post=537"}],"curies":[{"name":"wp","href":"https:\/\/api.w.org\/{rel}","templated":true}]}}