{"id":535,"date":"2017-12-15T17:18:30","date_gmt":"2017-12-15T16:18:30","guid":{"rendered":"https:\/\/www.hsu-hh.de\/politiktheorie\/?page_id=535"},"modified":"2018-04-05T11:57:35","modified_gmt":"2018-04-05T09:57:35","slug":"die-bedeutung-von-emotionen-in-der-politischen-theorie-und-in-der-demokratischen-politik","status":"publish","type":"page","link":"https:\/\/www.hsu-hh.de\/politiktheorie\/forschungsschwerpunkte-projekte\/die-bedeutung-von-emotionen-in-der-politischen-theorie-und-in-der-demokratischen-politik","title":{"rendered":"Die Bedeutung von Emotionen in der Politischen Theorie und in der demokratischen Politik"},"content":{"rendered":"<p>Emotionen besitzen herausragende Bedeutung im demokratischen Prozess. Insbesondere durch die Fortschritte in den Neurowissenschaften verstehen wir heute sehr viel mehr \u00fcber die biologischen Grundlagen von Emotionen als noch von 15 Jahren.<\/p>\n<p>Der Forschungsschwerpunkt \u201eDie Bedeutung von Emotionen in der Politischen Theorie und in der demokratischen Politik\u201c versucht, normative \u00dcberlegungen zum Status von Emotionen im demokratischen Prozess mit gesellschaftstheoretischen \u00dcberlegungen zu verbinden. Beides wir fundiert durch die Rezeption neurowissenschaftlicher Forschung und Erg\u00e4nzt durch die Integration empirischer Einstellungsforschung.<\/p>\n<hr \/>\n<h3>Publikationen<\/h3>\n<p>Die Bedeutung der Life Sciences f\u00fcr die politikwissenschaftliche Emotionsforschung. Exemplifiziert anhand der Psychoanalyse und der Neurowissenschaften, in: Zeitschrift f\u00fcr Politik, 2018, i.E. (Gary. Schaal \/ Antonia Schmid)<\/p>\n<p>Die Wahrheit \u00fcber Postfaktizit\u00e4t. Aus Politik und Zeitgeschichte. 44-45\/2017, http:\/\/www.bpb.de\/apuz\/258506\/die-wahrheit-ueber-postfaktizitaet?p=all (Gary S. Schaal zusammen mit Dannica Fleu\u00df und Sebastian Dumm)<\/p>\n<p>Politik der Gef\u00fchle. In: Korte, Karl-Rudolf (<abbr title=\"Herausgeber\">Hrsg.<\/abbr>): Emotionen und Politik, Baden-Baden, 67-90 (Gary S. Schaal zusammen mit Rebekka Fleiner).<\/p>\n<p>Vertrauen und Kontrolle im Prozess der Verfassungsgenese. In: Bos, Ellen\/P\u00f3cza, K\u00e1lm\u00e1n (<abbr title=\"Herausgeber\">Hrsg.<\/abbr>): Verfassungsgebung in konsolidierten Demokratien. Neubeginn oder Verfall eines politischen Systems? Baden-Baden: Nomos, 59-77 (Gary S. Schaal).<\/p>\n<p>Politik der Gef\u00fchle. Zur Rolle von Emotionen in der Demokratie. In: APuZ 32-33\/2013, 3-11 (Gary S. Schaal zusammen mit Felix Heidenreich)<\/p>\n<p>Politische Theorie und Emotion, Baden-Baden: Nomos (<abbr title=\"Herausgeber\">Hrsg.<\/abbr> Gary S. Schaal zusammen mit Felix Heidenreich), 2012.<\/p>\n<p>Zwischen Vetrauens- und Misstrauensintermedi\u00e4ren: Emotionsmanagement als policy-objective, Erw\u00e4gen, Wissen, Ethik, 22\/2011, (2), 298-300 (Gary S. Schaal).<\/p>\n<hr \/>\n<h3>Mitarbeiterin<\/h3>\n<p><a href=\"https:\/\/www.hsu-hh.de\/politiktheorie\/team\/dannica-fleuss\"><abbr title=\"Doktor\">Dr.<\/abbr> Dannica Fleu\u00df<\/a><\/p>\n<p><a href=\"https:\/\/www.hsu-hh.de\/politiktheorie\/team\/dr-antonia-schmid\"><abbr title=\"Doktor\">Dr.<\/abbr> Antonia Schmid<\/a><\/p>\n","protected":false},"excerpt":{"rendered":"<p>Emotionen besitzen herausragende Bedeutung im demokratischen Prozess. Insbesondere durch die Fortschritte in den Neurowissenschaften verstehen wir heute sehr viel mehr \u00fcber die biologischen Grundlagen von Emotionen als noch von 15 [&hellip;]<\/p>\n","protected":false},"author":181,"featured_media":0,"parent":128,"menu_order":0,"comment_status":"closed","ping_status":"closed","template":"","meta":{"footnotes":""},"categories":[4],"tags":[],"class_list":["post-535","page","type-page","status-publish","hentry","category-forschung"],"_links":{"self":[{"href":"https:\/\/www.hsu-hh.de\/politiktheorie\/wp-json\/wp\/v2\/pages\/535","targetHints":{"allow":["GET"]}}],"collection":[{"href":"https:\/\/www.hsu-hh.de\/politiktheorie\/wp-json\/wp\/v2\/pages"}],"about":[{"href":"https:\/\/www.hsu-hh.de\/politiktheorie\/wp-json\/wp\/v2\/types\/page"}],"author":[{"embeddable":true,"href":"https:\/\/www.hsu-hh.de\/politiktheorie\/wp-json\/wp\/v2\/users\/181"}],"replies":[{"embeddable":true,"href":"https:\/\/www.hsu-hh.de\/politiktheorie\/wp-json\/wp\/v2\/comments?post=535"}],"version-history":[{"count":4,"href":"https:\/\/www.hsu-hh.de\/politiktheorie\/wp-json\/wp\/v2\/pages\/535\/revisions"}],"predecessor-version":[{"id":587,"href":"https:\/\/www.hsu-hh.de\/politiktheorie\/wp-json\/wp\/v2\/pages\/535\/revisions\/587"}],"up":[{"embeddable":true,"href":"https:\/\/www.hsu-hh.de\/politiktheorie\/wp-json\/wp\/v2\/pages\/128"}],"wp:attachment":[{"href":"https:\/\/www.hsu-hh.de\/politiktheorie\/wp-json\/wp\/v2\/media?parent=535"}],"wp:term":[{"taxonomy":"category","embeddable":true,"href":"https:\/\/www.hsu-hh.de\/politiktheorie\/wp-json\/wp\/v2\/categories?post=535"},{"taxonomy":"post_tag","embeddable":true,"href":"https:\/\/www.hsu-hh.de\/politiktheorie\/wp-json\/wp\/v2\/tags?post=535"}],"curies":[{"name":"wp","href":"https:\/\/api.w.org\/{rel}","templated":true}]}}