{"id":486,"date":"2017-12-15T12:52:53","date_gmt":"2017-12-15T11:52:53","guid":{"rendered":"https:\/\/www.hsu-hh.de\/politiktheorie\/?page_id=486"},"modified":"2022-02-17T16:27:18","modified_gmt":"2022-02-17T15:27:18","slug":"philipp-weinmann","status":"publish","type":"page","link":"https:\/\/www.hsu-hh.de\/politiktheorie\/team\/philipp-weinmann","title":{"rendered":"Dr. Philipp Weinmann"},"content":{"rendered":"\n<h2 class=\"wp-block-heading\">Wissenschaftlicher Mitarbeiter am Lehrstuhl f\u00fcr Politikwissenschaft, insbesondere Politische Theorie<\/h2>\n\n\n\n<hr class=\"wp-block-separator is-style-wide\" \/>\n\n\n\n<div class=\"wp-block-media-text alignwide has-media-on-the-right is-stacked-on-mobile\" style=\"grid-template-columns:auto 34%\"><figure class=\"wp-block-media-text__media\"><img loading=\"lazy\" decoding=\"async\" width=\"1024\" height=\"683\" src=\"https:\/\/www.hsu-hh.de\/politiktheorie\/wp-content\/uploads\/sites\/726\/2021\/07\/Weinmann-1024x683.jpg\" data-credit=\"Weinmann\" alt=\"Weinmann\" class=\"wp-image-1561 size-full\" srcset=\"https:\/\/www.hsu-hh.de\/politiktheorie\/wp-content\/uploads\/sites\/726\/2021\/07\/Weinmann-1024x683.jpg 1024w, https:\/\/www.hsu-hh.de\/politiktheorie\/wp-content\/uploads\/sites\/726\/2021\/07\/Weinmann-300x200.jpg 300w, https:\/\/www.hsu-hh.de\/politiktheorie\/wp-content\/uploads\/sites\/726\/2021\/07\/Weinmann-768x512.jpg 768w, https:\/\/www.hsu-hh.de\/politiktheorie\/wp-content\/uploads\/sites\/726\/2021\/07\/Weinmann-1536x1024.jpg 1536w, https:\/\/www.hsu-hh.de\/politiktheorie\/wp-content\/uploads\/sites\/726\/2021\/07\/Weinmann-1100x733.jpg 1100w, https:\/\/www.hsu-hh.de\/politiktheorie\/wp-content\/uploads\/sites\/726\/2021\/07\/Weinmann.jpg 1920w\" sizes=\"auto, (max-width: 1024px) 100vw, 1024px\" \/><\/figure><div class=\"wp-block-media-text__content\">\n<p>Helmut-Schmidt-Universit\u00e4t<br>Geb\u00e4ude H1, Raum 1165<br>Holstenhofweg 85<br>22043 Hamburg<\/p>\n\n\n\n<p>E-Mail: <a href=\"mailto:weinmann@hsu-hh.de\" rel='nofollow'>weinmann@hsu-hh.de<\/a><br>Telefon: +49-40-6541-3471<br>Fax: +49-40-6541-3370<\/p>\n<\/div><\/div>\n\n\n\n<hr class=\"wp-block-separator is-style-wide\" \/>\n\n\n\n<h2 class=\"wp-block-heading\"><a href=\"https:\/\/www.hsu-hh.de\/politiktheorie\/lebenslauf-weinmann-deutsch\" data-type=\"URL\" data-id=\"https:\/\/www.hsu-hh.de\/politiktheorie\/lebenslauf-weinmann-deutsch\">Lebenslauf<\/a><\/h2>\n\n\n\n<hr class=\"wp-block-separator is-style-wide\" \/>\n\n\n\n<h2 class=\"wp-block-heading\"><a href=\"https:\/\/www.hsu-hh.de\/politiktheorie\/forschungsinteresse-weinmann-deutsch\" data-type=\"URL\" data-id=\"https:\/\/www.hsu-hh.de\/politiktheorie\/forschungsinteresse-weinmann-deutsch\">Forschungsinteresse<\/a><\/h2>\n\n\n\n<hr class=\"wp-block-separator is-style-wide\" \/>\n\n\n\n<h2 class=\"wp-block-heading\"><a href=\"https:\/\/www.hsu-hh.de\/politiktheorie\/publikationen-vortraege-und-lehrtaetigkeiten-2\" data-type=\"URL\" data-id=\"https:\/\/www.hsu-hh.de\/politiktheorie\/publikationen-vortraege-und-lehrtaetigkeiten-2\">Publikationen, Vortr\u00e4ge und Lehrt\u00e4tigkeiten<\/a><\/h2>\n\n\n\n<hr class=\"wp-block-separator is-style-wide\" \/>\n\n\n\n<h2 class=\"wp-block-heading\"><a href=\"https:\/\/www.hsu-hh.de\/politiktheorie\/daten-2\" data-type=\"URL\" data-id=\"https:\/\/www.hsu-hh.de\/politiktheorie\/daten-2\">Daten<\/a><\/h2>\n\n\n\n<hr class=\"wp-block-separator is-style-wide\" \/>\n","protected":false},"excerpt":{"rendered":"<p>Wissenschaftlicher Mitarbeiter am Lehrstuhl f\u00fcr Politikwissenschaft, insbesondere Politische Theorie Helmut-Schmidt-Universit\u00e4tGeb\u00e4ude H1, Raum 1165Holstenhofweg 8522043 Hamburg E-Mail: weinmann@hsu-hh.deTelefon: +49-40-6541-3471Fax: +49-40-6541-3370 Lebenslauf Forschungsinteresse Publikationen, Vortr\u00e4ge und Lehrt\u00e4tigkeiten Daten<\/p>\n","protected":false},"author":181,"featured_media":0,"parent":124,"menu_order":0,"comment_status":"closed","ping_status":"closed","template":"","meta":{"footnotes":""},"categories":[8],"tags":[],"class_list":["post-486","page","type-page","status-publish","hentry","category-team"],"_links":{"self":[{"href":"https:\/\/www.hsu-hh.de\/politiktheorie\/wp-json\/wp\/v2\/pages\/486","targetHints":{"allow":["GET"]}}],"collection":[{"href":"https:\/\/www.hsu-hh.de\/politiktheorie\/wp-json\/wp\/v2\/pages"}],"about":[{"href":"https:\/\/www.hsu-hh.de\/politiktheorie\/wp-json\/wp\/v2\/types\/page"}],"author":[{"embeddable":true,"href":"https:\/\/www.hsu-hh.de\/politiktheorie\/wp-json\/wp\/v2\/users\/181"}],"replies":[{"embeddable":true,"href":"https:\/\/www.hsu-hh.de\/politiktheorie\/wp-json\/wp\/v2\/comments?post=486"}],"version-history":[{"count":34,"href":"https:\/\/www.hsu-hh.de\/politiktheorie\/wp-json\/wp\/v2\/pages\/486\/revisions"}],"predecessor-version":[{"id":1895,"href":"https:\/\/www.hsu-hh.de\/politiktheorie\/wp-json\/wp\/v2\/pages\/486\/revisions\/1895"}],"up":[{"embeddable":true,"href":"https:\/\/www.hsu-hh.de\/politiktheorie\/wp-json\/wp\/v2\/pages\/124"}],"wp:attachment":[{"href":"https:\/\/www.hsu-hh.de\/politiktheorie\/wp-json\/wp\/v2\/media?parent=486"}],"wp:term":[{"taxonomy":"category","embeddable":true,"href":"https:\/\/www.hsu-hh.de\/politiktheorie\/wp-json\/wp\/v2\/categories?post=486"},{"taxonomy":"post_tag","embeddable":true,"href":"https:\/\/www.hsu-hh.de\/politiktheorie\/wp-json\/wp\/v2\/tags?post=486"}],"curies":[{"name":"wp","href":"https:\/\/api.w.org\/{rel}","templated":true}]}}